{"id":20113,"date":"2018-12-06T20:15:27","date_gmt":"2018-12-06T20:15:27","guid":{"rendered":"https:\/\/www.spa.hr\/?page_id=20113"},"modified":"2019-08-06T15:49:28","modified_gmt":"2019-08-06T15:49:28","slug":"hvala-vam","status":"publish","type":"page","link":"https:\/\/www.spa-pools.eu\/si\/hvala-vam\/","title":{"rendered":"Hvala Vam!"},"content":{"rendered":"<p><div class=\"fusion-fullwidth fullwidth-box fusion-builder-row-1 nonhundred-percent-fullwidth non-hundred-percent-height-scrolling\" style=\"--awb-border-radius-top-left:0px;--awb-border-radius-top-right:0px;--awb-border-radius-bottom-right:0px;--awb-border-radius-bottom-left:0px;--awb-flex-wrap:wrap;\" ><div class=\"fusion-builder-row fusion-row\"><div class=\"fusion-layout-column fusion_builder_column fusion-builder-column-0 fusion_builder_column_1_1 1_1 fusion-one-full fusion-column-first fusion-column-last\" style=\"--awb-bg-size:cover;--awb-margin-top:0px;--awb-margin-bottom:0px;\"><div class=\"fusion-column-wrapper fusion-flex-column-wrapper-legacy\"><div class=\"fusion-text fusion-text-1\"><h2>Hvala za va\u0161e povpra\u0161evanje!<\/h2>\n<h2>Va\u0161e sporo\u010dilo je prejeto.<\/h2>\n<h2>Odgovorili vam bomo v najkraj\u0161em mo\u017enem \u010dasu.<\/h2>\n<\/div><div class=\"fusion-clearfix\"><\/div><\/div><\/div><\/div><\/div><div class=\"fusion-fullwidth fullwidth-box fusion-builder-row-2 nonhundred-percent-fullwidth non-hundred-percent-height-scrolling\" style=\"--awb-background-position:left top;--awb-border-radius-top-left:0px;--awb-border-radius-top-right:0px;--awb-border-radius-bottom-right:0px;--awb-border-radius-bottom-left:0px;--awb-padding-top:40px;--awb-padding-bottom:90px;--awb-border-sizes-top:0px;--awb-border-sizes-bottom:0px;--awb-flex-wrap:wrap;\" ><div class=\"fusion-builder-row fusion-row\"><div class=\"fusion-layout-column fusion_builder_column fusion-builder-column-1 fusion_builder_column_1_1 1_1 fusion-one-full fusion-column-first fusion-column-last fusion-column-no-min-height\" style=\"--awb-bg-size:cover;--awb-margin-top:0px;--awb-margin-bottom:0px;\"><div class=\"fusion-column-wrapper fusion-flex-column-wrapper-legacy\"><div class=\"fusion-tabs fusion-tabs-1 clean nav-not-justified horizontal-tabs icon-position-left mobile-mode-accordion\" style=\"--awb-title-border-radius-top-left:0px;--awb-title-border-radius-top-right:0px;--awb-title-border-radius-bottom-right:0px;--awb-title-border-radius-bottom-left:0px;--awb-inactive-color:#f6f6f6;--awb-background-color:#ffffff;--awb-border-color:#eaeaea;--awb-active-border-color:#427ed1;\"><div class=\"nav\"><ul class=\"nav-tabs\" role=\"tablist\"><li class=\"active\" role=\"presentation\"><a class=\"tab-link\" data-toggle=\"tab\" role=\"tab\" aria-controls=\"tab-077f177c300eeefd4f6\" aria-selected=\"true\" id=\"fusion-tab-masa\u017enibazeni-spa\" href=\"#tab-077f177c300eeefd4f6\"><h4 class=\"fusion-tab-heading\">Masa\u017eni bazeni - Spa<\/h4><\/a><\/li><\/ul><\/div><div class=\"tab-content\"><div class=\"nav fusion-mobile-tab-nav\"><ul class=\"nav-tabs\" role=\"tablist\"><li class=\"active\" role=\"presentation\"><a class=\"tab-link\" data-toggle=\"tab\" role=\"tab\" aria-controls=\"tab-077f177c300eeefd4f6\" aria-selected=\"true\" id=\"mobile-fusion-tab-masa\u017enibazeni-spa\" href=\"#tab-077f177c300eeefd4f6\"><h4 class=\"fusion-tab-heading\">Masa\u017eni bazeni - Spa<\/h4><\/a><\/li><\/ul><\/div><div class=\"tab-pane fade fusion-clearfix in active\" role=\"tabpanel\" tabindex=\"0\" aria-labelledby=\"fusion-tab-masa\u017enibazeni-spa\" id=\"tab-077f177c300eeefd4f6\">\n<div class=\"fusion-woo-product-slider fusion-woo-slider\"><div class=\"awb-carousel awb-swiper awb-swiper-carousel fusion-carousel-title-below-image\" style=\"--awb-columns:4;--awb-column-spacing:10px;\" data-metacontent=\"yes\" data-autoplay=\"yes\" data-columns=\"4\" data-itemmargin=\"10\" data-itemwidth=\"180\" data-touchscroll=\"no\" data-imagesize=\"auto\" data-scrollitems=\"1\"><div class=\"swiper-wrapper\"><div class=\"swiper-slide\"><div class=\"fusion-classic-product-image-wrapper\"><div class=\"fusion-carousel-item-wrapper\"><div  class=\"fusion-image-wrapper\" aria-haspopup=\"true\">\n\t\t\t\t<div class=\"fusion-woo-badges-wrapper\">\n<\/div><img decoding=\"async\" width=\"384\" height=\"288\" src=\"https:\/\/www.spa-pools.eu\/si\/wp-content\/uploads\/2023\/04\/spa-Sora_ECO_1.jpg\" class=\"attachment-full size-full wp-post-image\" alt=\"\" srcset=\"https:\/\/www.spa-pools.eu\/si\/wp-content\/uploads\/2023\/04\/spa-Sora_ECO_1-200x150.jpg 200w, https:\/\/www.spa-pools.eu\/si\/wp-content\/uploads\/2023\/04\/spa-Sora_ECO_1.jpg 384w\" sizes=\"(min-width: 2200px) 100vw, (min-width: 915px) 285px, (min-width: 824px) 380px, (min-width: 732px) 570px, (min-width: 640px) 732px, \" \/><div class=\"fusion-rollover\">\n\t<div class=\"fusion-rollover-content\">\n\n\t\t\t\t\n\t\t\n\t\t\t\t\t\t\t\t\n\t\t\t\t\t\t\t\t\n\t\t\n\t\t\t\t\t\t\t\t\n\t\t\t\t\t\t\n\t\t\t\t\t\t\t\t\t\t<div class=\"fusion-product-buttons\">\n\t\t\t\t\t<a href=\"\/si\/wp-json\/wp\/v2\/pages\/20113?add-to-cart=23812\" aria-describedby=\"woocommerce_loop_add_to_cart_link_describedby_23812\" data-quantity=\"1\" class=\"button product_type_simple add_to_cart_button ajax_add_to_cart\" data-product_id=\"23812\" data-product_sku=\"LO_ZR805\" aria-label=\"Add to cart: &ldquo;Masa\u017eni bazen SPA Sora - 195 x 195 x 82 cm za 5 oseb - serija ECO&rdquo;\" rel=\"nofollow\">Add to cart<\/a>\t<span id=\"woocommerce_loop_add_to_cart_link_describedby_23812\" class=\"screen-reader-text\">\n\t\t\t<\/span>\n<span class=\"fusion-rollover-linebreak\">\n\t<\/span>\n\n<a href=\"https:\/\/www.spa-pools.eu\/si\/product\/masazni-bazen-spa-sora-210-x-210-x-82-cm-5-oseb-eco-serija\/\" class=\"show_details_button\">\n\tDetails<\/a>\n\n\t\t\t\t<\/div>\n\t\t\t\t\t\t\t\t\t<a class=\"fusion-link-wrapper\" href=\"https:\/\/www.spa-pools.eu\/si\/product\/masazni-bazen-spa-sora-210-x-210-x-82-cm-5-oseb-eco-serija\/\" aria-label=\"Masa\u017eni bazen SPA Sora &#8211; 195 x 195 x 82 cm za 5 oseb &#8211; serija ECO\"><\/a>\n\t<\/div>\n<\/div>\n<\/div>\n<h4 class=\"fusion-carousel-title product-title\"><a href=\"https:\/\/www.spa-pools.eu\/si\/product\/masazni-bazen-spa-sora-210-x-210-x-82-cm-5-oseb-eco-serija\/\" target=\"_self\">Masa\u017eni bazen SPA Sora &#8211; 195 x 195 x 82 cm za 5 oseb &#8211; serija ECO<\/a><\/h4><div class=\"fusion-carousel-meta\"><a href=\"https:\/\/www.spa-pools.eu\/si\/product-category\/masazni-bazeni-spa\/\" rel=\"tag\">Masa\u017eni bazeni - Spa<\/a>, <a href=\"https:\/\/www.spa-pools.eu\/si\/product-category\/masazni-bazeni-spa\/masazni-bazeni-za-4-5-osebi\/\" rel=\"tag\">Masa\u017eni bazeni za 4-5 osebi<\/a><span class=\"gtm4wp_productdata\" style=\"display:none; visibility:hidden;\" data-gtm4wp_product_data=\"{&quot;internal_id&quot;:23812,&quot;item_id&quot;:23812,&quot;item_name&quot;:&quot;Masa\\u017eni bazen SPA Sora - 195 x 195 x 82 cm za 5 oseb - serija ECO&quot;,&quot;sku&quot;:&quot;LO_ZR805&quot;,&quot;price&quot;:4295,&quot;stocklevel&quot;:null,&quot;stockstatus&quot;:&quot;instock&quot;,&quot;google_business_vertical&quot;:&quot;retail&quot;,&quot;item_category&quot;:&quot;Masa\\u017eni bazeni - Spa&quot;,&quot;id&quot;:23812,&quot;item_brand&quot;:&quot;Masa\\u017eni bazeni - Spa&quot;,&quot;productlink&quot;:&quot;https:\\\/\\\/www.spa-pools.eu\\\/si\\\/product\\\/masazni-bazen-spa-sora-210-x-210-x-82-cm-5-oseb-eco-serija\\\/&quot;,&quot;item_list_name&quot;:&quot;General Product List&quot;,&quot;index&quot;:0,&quot;product_type&quot;:&quot;simple&quot;}\"><\/span><div class=\"fusion-carousel-price\">\n\t<span class=\"price\"><del aria-hidden=\"true\"><span class=\"woocommerce-Price-amount amount\"><bdi>4.995,00&nbsp;<span class=\"woocommerce-Price-currencySymbol\">&euro;<\/span><\/bdi><\/span><\/del> <span class=\"screen-reader-text\">Original price was: 4.995,00&nbsp;&euro;.<\/span><ins aria-hidden=\"true\"><span class=\"woocommerce-Price-amount amount\"><bdi>4.295,00&nbsp;<span class=\"woocommerce-Price-currencySymbol\">&euro;<\/span><\/bdi><\/span><\/ins><span class=\"screen-reader-text\">Current price is: 4.295,00&nbsp;&euro;.<\/span><\/span>\n<\/div><\/div><\/div><\/div><\/div><div class=\"swiper-slide\"><div class=\"fusion-classic-product-image-wrapper\"><div class=\"fusion-carousel-item-wrapper\"><div  class=\"fusion-image-wrapper\" aria-haspopup=\"true\">\n\t\t\t\t<div class=\"fusion-woo-badges-wrapper\">\n<\/div><img decoding=\"async\" width=\"618\" height=\"412\" src=\"https:\/\/www.spa-pools.eu\/si\/wp-content\/uploads\/2021\/07\/spa.hr-masazni-bazen-EDEN.jpg\" class=\"attachment-full size-full wp-post-image\" alt=\"\" srcset=\"https:\/\/www.spa-pools.eu\/si\/wp-content\/uploads\/2021\/07\/spa.hr-masazni-bazen-EDEN-200x133.jpg 200w, https:\/\/www.spa-pools.eu\/si\/wp-content\/uploads\/2021\/07\/spa.hr-masazni-bazen-EDEN-400x267.jpg 400w, https:\/\/www.spa-pools.eu\/si\/wp-content\/uploads\/2021\/07\/spa.hr-masazni-bazen-EDEN-600x400.jpg 600w, https:\/\/www.spa-pools.eu\/si\/wp-content\/uploads\/2021\/07\/spa.hr-masazni-bazen-EDEN.jpg 618w\" sizes=\"(min-width: 2200px) 100vw, (min-width: 915px) 285px, (min-width: 824px) 380px, (min-width: 732px) 570px, (min-width: 640px) 732px, \" \/><div class=\"fusion-rollover\">\n\t<div class=\"fusion-rollover-content\">\n\n\t\t\t\t\n\t\t\n\t\t\t\t\t\t\t\t\n\t\t\t\t\t\t\t\t\n\t\t\n\t\t\t\t\t\t\t\t\n\t\t\t\t\t\t\n\t\t\t\t\t\t\t\t\t\t<div class=\"fusion-product-buttons\">\n\t\t\t\t\t<a href=\"\/si\/wp-json\/wp\/v2\/pages\/20113?add-to-cart=23339\" aria-describedby=\"woocommerce_loop_add_to_cart_link_describedby_23339\" data-quantity=\"1\" class=\"button product_type_simple add_to_cart_button ajax_add_to_cart\" data-product_id=\"23339\" data-product_sku=\"SPRLX - 3S00\" aria-label=\"Add to cart: &ldquo;Masa\u017eni bazen SPA Eden - 225 x 155 x 79 cm - 3 oseb - ECO serija&rdquo;\" rel=\"nofollow\">Add to cart<\/a>\t<span id=\"woocommerce_loop_add_to_cart_link_describedby_23339\" class=\"screen-reader-text\">\n\t\t\t<\/span>\n<span class=\"fusion-rollover-linebreak\">\n\t<\/span>\n\n<a href=\"https:\/\/www.spa-pools.eu\/si\/product\/masazni-bazen-spa-eden-225-x-155-x-79-cm-3-oseb-eco-serija\/\" class=\"show_details_button\">\n\tDetails<\/a>\n\n\t\t\t\t<\/div>\n\t\t\t\t\t\t\t\t\t<a class=\"fusion-link-wrapper\" href=\"https:\/\/www.spa-pools.eu\/si\/product\/masazni-bazen-spa-eden-225-x-155-x-79-cm-3-oseb-eco-serija\/\" aria-label=\"Masa\u017eni bazen SPA Eden &#8211; 225 x 155 x 79 cm &#8211; 3 oseb &#8211; ECO serija\"><\/a>\n\t<\/div>\n<\/div>\n<\/div>\n<h4 class=\"fusion-carousel-title product-title\"><a href=\"https:\/\/www.spa-pools.eu\/si\/product\/masazni-bazen-spa-eden-225-x-155-x-79-cm-3-oseb-eco-serija\/\" target=\"_self\">Masa\u017eni bazen SPA Eden &#8211; 225 x 155 x 79 cm &#8211; 3 oseb &#8211; ECO serija<\/a><\/h4><div class=\"fusion-carousel-meta\"><a href=\"https:\/\/www.spa-pools.eu\/si\/product-category\/masazni-bazeni-spa\/\" rel=\"tag\">Masa\u017eni bazeni - Spa<\/a>, <a href=\"https:\/\/www.spa-pools.eu\/si\/product-category\/masazni-bazeni-spa\/masazni-bazeni-za-2-3-osebi\/\" rel=\"tag\">Masa\u017eni bazeni za 2-3 osebi<\/a><span class=\"gtm4wp_productdata\" style=\"display:none; visibility:hidden;\" data-gtm4wp_product_data=\"{&quot;internal_id&quot;:23339,&quot;item_id&quot;:23339,&quot;item_name&quot;:&quot;Masa\\u017eni bazen SPA Eden - 225 x 155 x 79 cm - 3 oseb - ECO serija&quot;,&quot;sku&quot;:&quot;SPRLX - 3S00&quot;,&quot;price&quot;:4295,&quot;stocklevel&quot;:null,&quot;stockstatus&quot;:&quot;instock&quot;,&quot;google_business_vertical&quot;:&quot;retail&quot;,&quot;item_category&quot;:&quot;Masa\\u017eni bazeni - Spa&quot;,&quot;id&quot;:23339,&quot;item_brand&quot;:&quot;Masa\\u017eni bazeni - Spa&quot;,&quot;productlink&quot;:&quot;https:\\\/\\\/www.spa-pools.eu\\\/si\\\/product\\\/masazni-bazen-spa-eden-225-x-155-x-79-cm-3-oseb-eco-serija\\\/&quot;,&quot;item_list_name&quot;:&quot;General Product List&quot;,&quot;index&quot;:0,&quot;product_type&quot;:&quot;simple&quot;}\"><\/span><div class=\"fusion-carousel-price\">\n\t<span class=\"price\"><del aria-hidden=\"true\"><span class=\"woocommerce-Price-amount amount\"><bdi>4.995,00&nbsp;<span class=\"woocommerce-Price-currencySymbol\">&euro;<\/span><\/bdi><\/span><\/del> <span class=\"screen-reader-text\">Original price was: 4.995,00&nbsp;&euro;.<\/span><ins aria-hidden=\"true\"><span class=\"woocommerce-Price-amount amount\"><bdi>4.295,00&nbsp;<span class=\"woocommerce-Price-currencySymbol\">&euro;<\/span><\/bdi><\/span><\/ins><span class=\"screen-reader-text\">Current price is: 4.295,00&nbsp;&euro;.<\/span><\/span>\n<\/div><\/div><\/div><\/div><\/div><div class=\"swiper-slide\"><div class=\"fusion-classic-product-image-wrapper\"><div class=\"fusion-carousel-item-wrapper\"><div  class=\"fusion-image-wrapper\" aria-haspopup=\"true\">\n\t\t\t\t<div class=\"fusion-woo-badges-wrapper\">\n<\/div><img decoding=\"async\" width=\"1200\" height=\"800\" src=\"https:\/\/www.spa-pools.eu\/si\/wp-content\/uploads\/2021\/03\/spa.hr-masazni-bazen-ORION-1.jpg\" class=\"attachment-full size-full wp-post-image\" alt=\"\" srcset=\"https:\/\/www.spa-pools.eu\/si\/wp-content\/uploads\/2021\/03\/spa.hr-masazni-bazen-ORION-1-200x133.jpg 200w, https:\/\/www.spa-pools.eu\/si\/wp-content\/uploads\/2021\/03\/spa.hr-masazni-bazen-ORION-1-400x267.jpg 400w, https:\/\/www.spa-pools.eu\/si\/wp-content\/uploads\/2021\/03\/spa.hr-masazni-bazen-ORION-1-600x400.jpg 600w, https:\/\/www.spa-pools.eu\/si\/wp-content\/uploads\/2021\/03\/spa.hr-masazni-bazen-ORION-1-800x533.jpg 800w, https:\/\/www.spa-pools.eu\/si\/wp-content\/uploads\/2021\/03\/spa.hr-masazni-bazen-ORION-1.jpg 1200w\" sizes=\"(min-width: 2200px) 100vw, (min-width: 915px) 285px, (min-width: 824px) 380px, (min-width: 732px) 570px, (min-width: 640px) 732px, \" \/><div class=\"fusion-rollover\">\n\t<div class=\"fusion-rollover-content\">\n\n\t\t\t\t\n\t\t\n\t\t\t\t\t\t\t\t\n\t\t\t\t\t\t\t\t\n\t\t\n\t\t\t\t\t\t\t\t\n\t\t\t\t\t\t\n\t\t\t\t\t\t\t\t\t\t<div class=\"fusion-product-buttons\">\n\t\t\t\t\t<a href=\"\/si\/wp-json\/wp\/v2\/pages\/20113?add-to-cart=23081\" aria-describedby=\"woocommerce_loop_add_to_cart_link_describedby_23081\" data-quantity=\"1\" class=\"button product_type_simple add_to_cart_button ajax_add_to_cart\" data-product_id=\"23081\" data-product_sku=\"MEX-598S\" aria-label=\"Add to cart: &ldquo;Masa\u017eni bazen, SPA ORION - 235 x 235 x 92 cm - za 6 oseb - BUDGET serija&rdquo;\" rel=\"nofollow\">Add to cart<\/a>\t<span id=\"woocommerce_loop_add_to_cart_link_describedby_23081\" class=\"screen-reader-text\">\n\t\t\t<\/span>\n<span class=\"fusion-rollover-linebreak\">\n\t<\/span>\n\n<a href=\"https:\/\/www.spa-pools.eu\/si\/product\/masazni-bazen-orion-spa-za-6-oseb-budget\/\" class=\"show_details_button\">\n\tDetails<\/a>\n\n\t\t\t\t<\/div>\n\t\t\t\t\t\t\t\t\t<a class=\"fusion-link-wrapper\" href=\"https:\/\/www.spa-pools.eu\/si\/product\/masazni-bazen-orion-spa-za-6-oseb-budget\/\" aria-label=\"Masa\u017eni bazen, SPA ORION &#8211; 235 x 235 x 92 cm &#8211; za 6 oseb &#8211; BUDGET serija\"><\/a>\n\t<\/div>\n<\/div>\n<\/div>\n<h4 class=\"fusion-carousel-title product-title\"><a href=\"https:\/\/www.spa-pools.eu\/si\/product\/masazni-bazen-orion-spa-za-6-oseb-budget\/\" target=\"_self\">Masa\u017eni bazen, SPA ORION &#8211; 235 x 235 x 92 cm &#8211; za 6 oseb &#8211; BUDGET serija<\/a><\/h4><div class=\"fusion-carousel-meta\"><a href=\"https:\/\/www.spa-pools.eu\/si\/product-category\/masazni-bazeni-spa\/\" rel=\"tag\">Masa\u017eni bazeni - Spa<\/a>, <a href=\"https:\/\/www.spa-pools.eu\/si\/product-category\/masazni-bazeni-spa\/masazni-bazeni-za-6-in-vec-ljudi\/\" rel=\"tag\">Masa\u017eni bazeni za 6 in ve\u010d ljudi<\/a><span class=\"gtm4wp_productdata\" style=\"display:none; visibility:hidden;\" data-gtm4wp_product_data=\"{&quot;internal_id&quot;:23081,&quot;item_id&quot;:23081,&quot;item_name&quot;:&quot;Masa\\u017eni bazen, SPA ORION - 235 x 235 x 92 cm - za 6 oseb - BUDGET serija&quot;,&quot;sku&quot;:&quot;MEX-598S&quot;,&quot;price&quot;:4995,&quot;stocklevel&quot;:null,&quot;stockstatus&quot;:&quot;instock&quot;,&quot;google_business_vertical&quot;:&quot;retail&quot;,&quot;item_category&quot;:&quot;Masa\\u017eni bazeni za 6 in ve\\u010d ljudi&quot;,&quot;id&quot;:23081,&quot;item_brand&quot;:&quot;Masa\\u017eni bazeni - Spa&quot;,&quot;productlink&quot;:&quot;https:\\\/\\\/www.spa-pools.eu\\\/si\\\/product\\\/masazni-bazen-orion-spa-za-6-oseb-budget\\\/&quot;,&quot;item_list_name&quot;:&quot;General Product List&quot;,&quot;index&quot;:0,&quot;product_type&quot;:&quot;simple&quot;}\"><\/span><div class=\"fusion-carousel-price\">\n\t<span class=\"price\"><del aria-hidden=\"true\"><span class=\"woocommerce-Price-amount amount\"><bdi>7.299,00&nbsp;<span class=\"woocommerce-Price-currencySymbol\">&euro;<\/span><\/bdi><\/span><\/del> <span class=\"screen-reader-text\">Original price was: 7.299,00&nbsp;&euro;.<\/span><ins aria-hidden=\"true\"><span class=\"woocommerce-Price-amount amount\"><bdi>4.995,00&nbsp;<span class=\"woocommerce-Price-currencySymbol\">&euro;<\/span><\/bdi><\/span><\/ins><span class=\"screen-reader-text\">Current price is: 4.995,00&nbsp;&euro;.<\/span><\/span>\n<\/div><\/div><\/div><\/div><\/div><div class=\"swiper-slide\"><div class=\"fusion-classic-product-image-wrapper\"><div class=\"fusion-carousel-item-wrapper\"><div  class=\"fusion-image-wrapper\" aria-haspopup=\"true\">\n\t\t\t\t<div class=\"fusion-woo-badges-wrapper\">\n<\/div><img decoding=\"async\" width=\"800\" height=\"600\" src=\"https:\/\/www.spa-pools.eu\/si\/wp-content\/uploads\/2021\/03\/spa.hr-masazni-bazen-za-8-osoba-14.jpg\" class=\"attachment-full size-full wp-post-image\" alt=\"\" srcset=\"https:\/\/www.spa-pools.eu\/si\/wp-content\/uploads\/2021\/03\/spa.hr-masazni-bazen-za-8-osoba-14-200x150.jpg 200w, https:\/\/www.spa-pools.eu\/si\/wp-content\/uploads\/2021\/03\/spa.hr-masazni-bazen-za-8-osoba-14-400x300.jpg 400w, https:\/\/www.spa-pools.eu\/si\/wp-content\/uploads\/2021\/03\/spa.hr-masazni-bazen-za-8-osoba-14-600x450.jpg 600w, https:\/\/www.spa-pools.eu\/si\/wp-content\/uploads\/2021\/03\/spa.hr-masazni-bazen-za-8-osoba-14.jpg 800w\" sizes=\"(min-width: 2200px) 100vw, (min-width: 915px) 285px, (min-width: 824px) 380px, (min-width: 732px) 570px, (min-width: 640px) 732px, \" \/><div class=\"fusion-rollover\">\n\t<div class=\"fusion-rollover-content\">\n\n\t\t\t\t\n\t\t\n\t\t\t\t\t\t\t\t\n\t\t\t\t\t\t\t\t\n\t\t\n\t\t\t\t\t\t\t\t\n\t\t\t\t\t\t\n\t\t\t\t\t\t\t\t\t\t<div class=\"fusion-product-buttons\">\n\t\t\t\t\t<a href=\"\/si\/wp-json\/wp\/v2\/pages\/20113?add-to-cart=22965\" aria-describedby=\"woocommerce_loop_add_to_cart_link_describedby_22965\" data-quantity=\"1\" class=\"button product_type_simple add_to_cart_button ajax_add_to_cart\" data-product_id=\"22965\" data-product_sku=\"SU8118BJET\" aria-label=\"Add to cart: &ldquo;Masa\u017eni bazen STAR - SPA za 6-8 oseb - 230 x 230 x 92 cm - JET serija&rdquo;\" rel=\"nofollow\">Add to cart<\/a>\t<span id=\"woocommerce_loop_add_to_cart_link_describedby_22965\" class=\"screen-reader-text\">\n\t\t\t<\/span>\n<span class=\"fusion-rollover-linebreak\">\n\t<\/span>\n\n<a href=\"https:\/\/www.spa-pools.eu\/si\/product\/masazni-bazen-spa-star-6-8-oseb\/\" class=\"show_details_button\">\n\tDetails<\/a>\n\n\t\t\t\t<\/div>\n\t\t\t\t\t\t\t\t\t<a class=\"fusion-link-wrapper\" href=\"https:\/\/www.spa-pools.eu\/si\/product\/masazni-bazen-spa-star-6-8-oseb\/\" aria-label=\"Masa\u017eni bazen STAR &#8211; SPA za 6-8 oseb &#8211; 230 x 230 x 92 cm &#8211; JET serija\"><\/a>\n\t<\/div>\n<\/div>\n<\/div>\n<h4 class=\"fusion-carousel-title product-title\"><a href=\"https:\/\/www.spa-pools.eu\/si\/product\/masazni-bazen-spa-star-6-8-oseb\/\" target=\"_self\">Masa\u017eni bazen STAR &#8211; SPA za 6-8 oseb &#8211; 230 x 230 x 92 cm &#8211; JET serija<\/a><\/h4><div class=\"fusion-carousel-meta\"><a href=\"https:\/\/www.spa-pools.eu\/si\/product-category\/masazni-bazeni-spa\/\" rel=\"tag\">Masa\u017eni bazeni - Spa<\/a>, <a href=\"https:\/\/www.spa-pools.eu\/si\/product-category\/masazni-bazeni-spa\/masazni-bazeni-za-6-in-vec-ljudi\/\" rel=\"tag\">Masa\u017eni bazeni za 6 in ve\u010d ljudi<\/a><span class=\"gtm4wp_productdata\" style=\"display:none; visibility:hidden;\" data-gtm4wp_product_data=\"{&quot;internal_id&quot;:22965,&quot;item_id&quot;:22965,&quot;item_name&quot;:&quot;Masa\\u017eni bazen STAR - SPA za 6-8 oseb - 230 x 230 x 92 cm - JET serija&quot;,&quot;sku&quot;:&quot;SU8118BJET&quot;,&quot;price&quot;:7495,&quot;stocklevel&quot;:null,&quot;stockstatus&quot;:&quot;instock&quot;,&quot;google_business_vertical&quot;:&quot;retail&quot;,&quot;item_category&quot;:&quot;Masa\\u017eni bazeni za 6 in ve\\u010d ljudi&quot;,&quot;id&quot;:22965,&quot;item_brand&quot;:&quot;Masa\\u017eni bazeni - Spa&quot;,&quot;productlink&quot;:&quot;https:\\\/\\\/www.spa-pools.eu\\\/si\\\/product\\\/masazni-bazen-spa-star-6-8-oseb\\\/&quot;,&quot;item_list_name&quot;:&quot;General Product List&quot;,&quot;index&quot;:0,&quot;product_type&quot;:&quot;simple&quot;}\"><\/span><div class=\"fusion-carousel-price\">\n\t<span class=\"price\"><span class=\"woocommerce-Price-amount amount\"><bdi>7.495,00&nbsp;<span class=\"woocommerce-Price-currencySymbol\">&euro;<\/span><\/bdi><\/span><\/span>\n<\/div><\/div><\/div><\/div><\/div><\/div><\/div><\/div>\n<\/div><\/div><\/div><div class=\"fusion-clearfix\"><\/div><\/div><\/div><\/div><\/div><\/p>\n","protected":false},"excerpt":{"rendered":"","protected":false},"author":1,"featured_media":0,"parent":0,"menu_order":0,"comment_status":"closed","ping_status":"closed","template":"","meta":{"_acf_changed":false,"footnotes":""},"yst_prominent_words":[],"class_list":["post-20113","page","type-page","status-publish","hentry","tm-no-options"],"acf":[],"yoast_head":"<!-- This site is optimized with the Yoast SEO Premium plugin v14.0.4 - https:\/\/yoast.com\/wordpress\/plugins\/seo\/ -->\n<title>Hvala Vam! | NIVETO Bazeni<\/title>\n<meta name=\"robots\" content=\"index, follow\" \/>\n<meta name=\"googlebot\" content=\"index, follow, max-snippet:-1, max-image-preview:large, max-video-preview:-1\" \/>\n<meta name=\"bingbot\" content=\"index, follow, max-snippet:-1, max-image-preview:large, max-video-preview:-1\" \/>\n<link rel=\"canonical\" href=\"https:\/\/www.spa-pools.eu\/si\/hvala-vam\/\" \/>\n<meta property=\"og:locale\" content=\"en_US\" \/>\n<meta property=\"og:type\" content=\"article\" \/>\n<meta property=\"og:title\" content=\"Hvala Vam! | NIVETO Bazeni\" \/>\n<meta property=\"og:url\" content=\"https:\/\/www.spa-pools.eu\/si\/hvala-vam\/\" \/>\n<meta property=\"og:site_name\" content=\"NIVETO Bazeni\" \/>\n<meta property=\"article:publisher\" content=\"https:\/\/www.facebook.com\/Nivetobazeniifontane\/\" \/>\n<meta property=\"article:modified_time\" content=\"2019-08-06T15:49:28+00:00\" \/>\n<meta property=\"og:image\" content=\"https:\/\/www.spa-pools.eu\/si\/wp-content\/uploads\/2020\/01\/nivetologo.jpg\" \/>\n\t<meta property=\"og:image:width\" content=\"800\" \/>\n\t<meta property=\"og:image:height\" content=\"236\" \/>\n<meta name=\"twitter:card\" content=\"summary_large_image\" \/>\n<script type=\"application\/ld+json\" class=\"yoast-schema-graph\">{\"@context\":\"https:\/\/schema.org\",\"@graph\":[{\"@type\":\"Organization\",\"@id\":\"https:\/\/www.spa-pools.eu\/si\/#organization\",\"name\":\"Niveto d.o.o. - Spa bazeni\",\"url\":\"https:\/\/www.spa-pools.eu\/si\/\",\"sameAs\":[\"https:\/\/www.facebook.com\/Nivetobazeniifontane\/\"],\"logo\":{\"@type\":\"ImageObject\",\"@id\":\"https:\/\/www.spa-pools.eu\/si\/#logo\",\"inLanguage\":\"en-US\",\"url\":\"https:\/\/www.spa-pools.eu\/si\/wp-content\/uploads\/revslider\/home3-rs1\/logo.png\",\"width\":203,\"height\":60,\"caption\":\"Niveto d.o.o. - Spa bazeni\"},\"image\":{\"@id\":\"https:\/\/www.spa-pools.eu\/si\/#logo\"}},{\"@type\":\"WebSite\",\"@id\":\"https:\/\/www.spa-pools.eu\/si\/#website\",\"url\":\"https:\/\/www.spa-pools.eu\/si\/\",\"name\":\"NIVETO Bazeni\",\"description\":\"Spa masa\\u017eni bazeni\",\"publisher\":{\"@id\":\"https:\/\/www.spa-pools.eu\/si\/#organization\"},\"potentialAction\":[{\"@type\":\"SearchAction\",\"target\":\"https:\/\/www.spa-pools.eu\/si\/?s={search_term_string}\",\"query-input\":\"required name=search_term_string\"}],\"inLanguage\":\"en-US\"},{\"@type\":\"WebPage\",\"@id\":\"https:\/\/www.spa-pools.eu\/si\/hvala-vam\/#webpage\",\"url\":\"https:\/\/www.spa-pools.eu\/si\/hvala-vam\/\",\"name\":\"Hvala Vam! | NIVETO Bazeni\",\"isPartOf\":{\"@id\":\"https:\/\/www.spa-pools.eu\/si\/#website\"},\"datePublished\":\"2018-12-06T20:15:27+00:00\",\"dateModified\":\"2019-08-06T15:49:28+00:00\",\"inLanguage\":\"en-US\",\"potentialAction\":[{\"@type\":\"ReadAction\",\"target\":[\"https:\/\/www.spa-pools.eu\/si\/hvala-vam\/\"]}]}]}<\/script>\n<!-- \/ Yoast SEO Premium plugin. -->","_links":{"self":[{"href":"https:\/\/www.spa-pools.eu\/si\/wp-json\/wp\/v2\/pages\/20113","targetHints":{"allow":["GET"]}}],"collection":[{"href":"https:\/\/www.spa-pools.eu\/si\/wp-json\/wp\/v2\/pages"}],"about":[{"href":"https:\/\/www.spa-pools.eu\/si\/wp-json\/wp\/v2\/types\/page"}],"author":[{"embeddable":true,"href":"https:\/\/www.spa-pools.eu\/si\/wp-json\/wp\/v2\/users\/1"}],"replies":[{"embeddable":true,"href":"https:\/\/www.spa-pools.eu\/si\/wp-json\/wp\/v2\/comments?post=20113"}],"version-history":[{"count":5,"href":"https:\/\/www.spa-pools.eu\/si\/wp-json\/wp\/v2\/pages\/20113\/revisions"}],"predecessor-version":[{"id":21194,"href":"https:\/\/www.spa-pools.eu\/si\/wp-json\/wp\/v2\/pages\/20113\/revisions\/21194"}],"wp:attachment":[{"href":"https:\/\/www.spa-pools.eu\/si\/wp-json\/wp\/v2\/media?parent=20113"}],"wp:term":[{"taxonomy":"yst_prominent_words","embeddable":true,"href":"https:\/\/www.spa-pools.eu\/si\/wp-json\/wp\/v2\/yst_prominent_words?post=20113"}],"curies":[{"name":"wp","href":"https:\/\/api.w.org\/{rel}","templated":true}]}}