{"id":19817,"date":"2018-06-23T19:07:03","date_gmt":"2018-06-23T19:07:03","guid":{"rendered":"https:\/\/www.spa.hr\/?post_type=product&#038;p=19817"},"modified":"2025-12-02T07:41:29","modified_gmt":"2025-12-02T07:41:29","slug":"masazni-bazen-spa-diamond","status":"publish","type":"product","link":"https:\/\/www.spa-pools.eu\/si\/product\/masazni-bazen-spa-diamond\/","title":{"rendered":"Masa\u017eni bazen SPA Diamond 213 x 165 x 87 cm -3 osebe &#8211; PREMIUM serija"},"content":{"rendered":"<p><strong>OPIS:<\/strong><br \/>\ndimenzije: 2130mm x 1650mm x 875mm<br \/>\ndimenzije pakirane: 2230mm x 1750mm x 975mm<br \/>\nte\u017ea &#8211; brez vode \/ z vodo: 295KG\/1090KG<br \/>\nkoli\u010dino vode: 795L<\/p>\n<p><strong>\u0160TEVILO MASA\u017dNIH MEST:<\/strong><br \/>\n\u0160tevilo oseb : 3<br \/>\nLe\u017ealna mesta : 2<br \/>\nSede\u017ei : 1<\/p>\n<p><strong>KONSTRUKCIJA :\u00a0<\/strong><br \/>\n<span style=\"color: #008000;\">material lupine:\u00a0 akril US Aristech Acrylic &#8211; Na voljo 6 barv &#8211; toplotno izolirane<\/span><\/p>\n<p><img decoding=\"async\" class=\"\" src=\"https:\/\/www.spa.hr\/wp-content\/uploads\/2018\/06\/Boje-Akrila-page-001.jpg\" width=\"548\" height=\"152\" \/><\/p>\n<p><span style=\"color: #008000;\">obloga in stopnice &#8211; PREMIUM<\/span><\/p>\n<p><img decoding=\"async\" class=\"wp-image-20956 alignleft\" src=\"https:\/\/www.spa.hr\/wp-content\/uploads\/2018\/06\/Pic-4.png\" alt=\"\" width=\"436\" height=\"260\" srcset=\"https:\/\/www.spa-pools.eu\/si\/wp-content\/uploads\/2018\/06\/Pic-4-200x119.png 200w, https:\/\/www.spa-pools.eu\/si\/wp-content\/uploads\/2018\/06\/Pic-4-300x179.png 300w, https:\/\/www.spa-pools.eu\/si\/wp-content\/uploads\/2018\/06\/Pic-4-400x238.png 400w, https:\/\/www.spa-pools.eu\/si\/wp-content\/uploads\/2018\/06\/Pic-4-500x298.png 500w, https:\/\/www.spa-pools.eu\/si\/wp-content\/uploads\/2018\/06\/Pic-4-600x358.png 600w, https:\/\/www.spa-pools.eu\/si\/wp-content\/uploads\/2018\/06\/Pic-4-700x417.png 700w, https:\/\/www.spa-pools.eu\/si\/wp-content\/uploads\/2018\/06\/Pic-4-768x458.png 768w, https:\/\/www.spa-pools.eu\/si\/wp-content\/uploads\/2018\/06\/Pic-4-800x477.png 800w, https:\/\/www.spa-pools.eu\/si\/wp-content\/uploads\/2018\/06\/Pic-4.png 923w\" sizes=\"(max-width: 436px) 100vw, 436px\" \/><\/p>\n<p>&nbsp;<\/p>\n<p>&nbsp;<\/p>\n<p>&nbsp;<\/p>\n<p>&nbsp;<\/p>\n<p>&nbsp;<\/p>\n<p>&nbsp;<\/p>\n<p>&nbsp;<\/p>\n<p>&nbsp;<\/p>\n<p><span style=\"color: #339966;\">termi\u010dni pokrov<\/span><\/p>\n<p><img decoding=\"async\" class=\"wp-image-20957 alignleft\" src=\"https:\/\/www.spa.hr\/wp-content\/uploads\/2018\/06\/20180808154300.jpg\" alt=\"\" width=\"347\" height=\"146\" srcset=\"https:\/\/www.spa-pools.eu\/si\/wp-content\/uploads\/2018\/06\/20180808154300-200x84.jpg 200w, https:\/\/www.spa-pools.eu\/si\/wp-content\/uploads\/2018\/06\/20180808154300-300x126.jpg 300w, https:\/\/www.spa-pools.eu\/si\/wp-content\/uploads\/2018\/06\/20180808154300-400x168.jpg 400w, https:\/\/www.spa-pools.eu\/si\/wp-content\/uploads\/2018\/06\/20180808154300-500x210.jpg 500w, https:\/\/www.spa-pools.eu\/si\/wp-content\/uploads\/2018\/06\/20180808154300.jpg 587w\" sizes=\"(max-width: 347px) 100vw, 347px\" \/><\/p>\n<p>&nbsp;<\/p>\n<p>&nbsp;<\/p>\n<p>&nbsp;<\/p>\n<p>&nbsp;<\/p>\n<p>&nbsp;<\/p>\n<p>nosilni okvir: nerjave\u010de jeklo AISI 304<br \/>\n<span style=\"color: #000000;\">baza : ABS<\/span><\/p>\n<p><strong>\u010cRPALKE IN PUHALA: Proizvajalec \u010drpalk vrhunskih svetovnih znamk<\/strong><br \/>\nobto\u010dna \u010drpalka: 0,37kW<br \/>\nmasa\u017ena \u010drpalka: 2 x 1,5 kW<br \/>\nzra\u010dni turbo puhalec: 700 w<\/p>\n<p><strong>ELEKTRONIKA: GECKO &#8211; Kanada<\/strong><br \/>\nkrmilna enota: in.Ye5<br \/>\nnadzorni zaslon: Gecko In.k 800<br \/>\ngrelec: INOX 3 kw<\/p>\n<p><strong>ELEKTRI\u010cNA POVEZAVA:<\/strong><br \/>\nmax: 7,5 kW\/35A\/230V\/400V<br \/>\nmin: 3,5 kW\/16A\/230V\/400V<br \/>\nStandarni priklju\u010dak\u00a0 25A\/230V, 2,5 m kabla 3 x 4 mm2<\/p>\n<p><em><strong>MOGO\u010cE RAZLIKE, PREVERJANJE Z DOBAVITELJEM.<\/strong><\/em><\/p>\n<p>OPOMBA: \u010ce \u017eelite druga\u010dno nastavitev, kot je trifazna povezava ali pove\u010danje omejitve na 35A, upo\u0161tevajte pri nakupu<\/p>\n<p><strong>MASA\u017dNE \u0160OBE :<\/strong><strong> 53 kom &#8211; INOX<\/strong><br \/>\n4 kom x 3,5&#8243; (6,5 cm)(2 kom D-jet,2 kom Rotiraju\u0107ih mlaznica)<br \/>\n39 kom x 1\u201d (2,5 cm)<br \/>\nzra\u010dne \u0161obe: 10 kom<\/p>\n<p><strong>SVETLOBA &#8211; 39 svetil<\/strong><br \/>\nINOX LED RGB podvodna razsvetljava velika: 1 kos<br \/>\nLED RGB podvodna osvetlitev vodne linije: 15 kosov<br \/>\nLED RGB osvetlitev zunanjih vogalov bazena: 3 kos x 4 vogali = 12 kosov<br \/>\nLED RGB osvetlitev slapov: 1 kos<br \/>\nLED RGB osvetlitev vodnjaka: 3 kos<br \/>\nLED RGB osvetlitev ventila: 4 kos<br \/>\nLED RGB logotip: 1 kos<\/p>\n<p><strong>FILTRACIJA IN VZDR\u017dEVANJE V KAKOVOSTI VODE<\/strong><br \/>\nkartridni filter: 3 kos<br \/>\npovr\u0161ina filtracije: 10m2<br \/>\ngenerator ozona: 50 mg \/ h<br \/>\nU.V. sterilizator: da<\/p>\n<p><strong>DRUGA OPREMA &#8211; vsi vgrajeni elementi iz INOX-a<\/strong><br \/>\n<strong><span class=\"VIiyi\" lang=\"sl\" style=\"color: #0000ff;\"><span class=\"JLqJ4b ChMk0b\" data-language-for-alternatives=\"sl\" data-language-to-translate-into=\"hr\" data-phrase-index=\"0\">bluetooth \u0161katla na oblogi z dvema INOX zvo\u010dnikoma in nizkotoncem<\/span> <\/span><\/strong><br \/>\nToplotna izolacija \u0161koljke bazena iz PU pene: DA<br \/>\naromaterapija: DA<br \/>\nINOX vodnjak: 3 kos<br \/>\nINOX slap: 1 kos<br \/>\nprelivni ventil: 2 kos<br \/>\nregulator zraka: 2 kos<br \/>\nINOX 2 \u201dsesanje vode: 4 kos<br \/>\nodvodni ventil: 1 kos<br \/>\nBlazine za glavo EVA: 3 kos<br \/>\nskimmer: da<br \/>\nABS osnova: da<br \/>\nTermi\u010dni pokrov: vklju\u010deno v ceno<br \/>\nStopnice: vklju\u010dene v ceno<\/p>\n<p><strong>OSTALI DODATKI<\/strong> &#8211; kupite po \u017eelji:<br \/>\n<span style=\"color: #0000ff;\">https:\/\/www.spa-pools.eu\/si\/product-category\/dodatna-oprema\/<\/span><\/p>\n<p><strong>OPOMBA<\/strong>:<br \/>\nSlike so samo za ilustracijo in ne prikazujejo nujno identi\u010dnega bazena za prodajo.<br \/>\nVeljavni so samo opisi v prilogi.<br \/>\nBazen je kot Plug &amp; Play z navodili za namestitev, zagon, programiranje in vzdr\u017eevanje v angle\u0161\u010dini.<\/p>\n<p><strong>GARANCIJA<\/strong>:<br \/>\ngradnja: 10 let<br \/>\npovr\u0161ina lupine &#8211; akril: 5 let<br \/>\nostala oprema: 2 leti<\/p>\n","protected":false},"excerpt":{"rendered":"<p>\u017delite vrhunski masa\u017eni bazen za 3 osebe z dvema posteljama in enim sede\u017enim polo\u017eajem, ki vam nudi najve\u010djo izbiro vodnih in zra\u010dnih masa\u017e, kromoterapije, aromaterapije, vodnih atrakcij in modernega z visoko kakovostjo vode.<\/p>\n<p><strong>DIAMOND, najbolj\u0161a izbira za vas.<\/strong><\/p>\n<p>https:\/\/youtu.be\/mD4pQU0cmK4<\/p>\n<p>&nbsp;<\/p>\n","protected":false},"featured_media":23022,"comment_status":"open","ping_status":"closed","template":"","meta":{"_acf_changed":false},"product_brand":[],"product_cat":[92,540],"product_tag":[],"specifikacije":[121,126,109],"pumpe__elektronika__mlaznice":[122,123,125],"filtracija":[117,118],"oprema":[127],"yst_prominent_words":[206,243,287,307,651,309,249,214,211,210,215,427,220,219,655,426,423,362,825],"class_list":{"0":"post-19817","1":"product","2":"type-product","3":"status-publish","4":"has-post-thumbnail","6":"product_cat-masazni-bazeni-spa","7":"product_cat-masazni-bazeni-za-2-3-osebi","8":"product_shipping_class-cena-na-povprasevanje","9":"specifikacije-dimenzije-2130mm-x-1650mm-x-875mm-dimenzije-zapakiranog-2230mm-x-1750mm-x-975mm-tezina-bez-vode-s-vodom-295kg-1090kg-kapacitet-vode-795-litre","10":"specifikacije-masazna-mjesta-broj-osoba-3-lezeca-mjesta-2-sjedeca-mjesta-1","11":"specifikacije-skoljka-boje-skoljke-10-boja-dostupno-materijal-skoljke-akril-us-aristech-acrylic-nosivi-okvir-aisi-304-nehrdajuci-celik","12":"pumpe__elektronika__mlaznice-pumpe-masazna-pumpa-2-x-1-5-kw-2-0-hp-cirkulacijska-pumpa-400w-turbo-puhalo-700-w","13":"pumpe__elektronika__mlaznice-elektronika-gecko-kanada-kontrolna-jedinica-in-yj2-upravljacka-jedinica-gecko-in-k-500-grijac-inox-3-kw-230-vac-led-rgb-podvodna-rasvjeta-16-kom","14":"pumpe__elektronika__mlaznice-konfiguracija-mlaznica-ukupan-broj-mlaznica-53-kom-4-kom-x-3-5-6-5-cm-2-kom-d-jet-2-kom-rotirajucih-mlaznica-39-kom-x-1-2-5-cm-zracne-mlaznice-10-k","15":"filtracija-filtracija-filter-kartusa-1-kom-filtracijska-povrsina-10m2","16":"filtracija-odrzavanje-vode-ozone-generator-50mg-h","17":"oprema-oprema-aromatherapy-da-prestrujni-ventil-2-kom-regulator-zraka-2-kom-2-usis-4-kom-ispusni-ventil-1-kom-eva-jastuci-za-glavu-2-kom-skimer-da-abs-podnozje","18":"tm-no-options","20":"first","21":"instock","22":"taxable","23":"shipping-taxable","24":"purchasable","25":"product-type-simple"},"acf":[],"yoast_head":"<!-- This site is optimized with the Yoast SEO Premium plugin v14.0.4 - https:\/\/yoast.com\/wordpress\/plugins\/seo\/ -->\n<title>Masa\u017eni bazen SPA Diamond PREMIUM - 3 osebe | NIVETO Bazeni<\/title>\n<meta name=\"description\" content=\"\u017delite vrhunski masa\u017eni bazen za 3 osebe z dvema posteljama in enim sede\u017enim polo\u017eajem, ki vam nudi najve\u010djo izbiro vodnih in zra\u010dnih masa\u017e, kromoterapije, aromaterapije, vodnih atrakcij in modernega z visoko kakovostjo vode.  DIAMOND, najbolj\u0161a izbira za vas.  https:\/\/youtu.be\/mD4pQU0cmK4  &nbsp;\" \/>\n<meta name=\"robots\" content=\"index, follow\" \/>\n<meta name=\"googlebot\" content=\"index, follow, max-snippet:-1, max-image-preview:large, max-video-preview:-1\" \/>\n<meta name=\"bingbot\" content=\"index, follow, max-snippet:-1, max-image-preview:large, max-video-preview:-1\" \/>\n<link rel=\"canonical\" href=\"https:\/\/www.spa-pools.eu\/si\/product\/masazni-bazen-spa-diamond\/\" \/>\n<meta property=\"og:locale\" content=\"en_US\" \/>\n<meta property=\"og:type\" content=\"article\" \/>\n<meta property=\"og:title\" content=\"Masa\u017eni bazen SPA Diamond PREMIUM - 3 osebe | NIVETO Bazeni\" \/>\n<meta property=\"og:description\" content=\"\u017delite vrhunski masa\u017eni bazen za 3 osebe z dvema posteljama in enim sede\u017enim polo\u017eajem, ki vam nudi najve\u010djo izbiro vodnih in zra\u010dnih masa\u017e, kromoterapije, aromaterapije, vodnih atrakcij in modernega z visoko kakovostjo vode.  DIAMOND, najbolj\u0161a izbira za vas.  https:\/\/youtu.be\/mD4pQU0cmK4  &nbsp;\" \/>\n<meta property=\"og:url\" content=\"https:\/\/www.spa-pools.eu\/si\/product\/masazni-bazen-spa-diamond\/\" \/>\n<meta property=\"og:site_name\" content=\"NIVETO Bazeni\" \/>\n<meta property=\"article:publisher\" content=\"https:\/\/www.facebook.com\/Nivetobazeniifontane\/\" \/>\n<meta property=\"article:modified_time\" content=\"2025-12-02T07:41:29+00:00\" \/>\n<meta property=\"og:image\" content=\"https:\/\/www.spa-pools.eu\/si\/wp-content\/uploads\/2018\/06\/spa.hr-Diamond-11.jpg\" \/>\n\t<meta property=\"og:image:width\" content=\"1200\" \/>\n\t<meta property=\"og:image:height\" content=\"800\" \/>\n<meta name=\"twitter:card\" content=\"summary_large_image\" \/>\n<script type=\"application\/ld+json\" class=\"yoast-schema-graph\">{\"@context\":\"https:\/\/schema.org\",\"@graph\":[{\"@type\":\"Organization\",\"@id\":\"https:\/\/www.spa-pools.eu\/si\/#organization\",\"name\":\"Niveto d.o.o. - Spa bazeni\",\"url\":\"https:\/\/www.spa-pools.eu\/si\/\",\"sameAs\":[\"https:\/\/www.facebook.com\/Nivetobazeniifontane\/\"],\"logo\":{\"@type\":\"ImageObject\",\"@id\":\"https:\/\/www.spa-pools.eu\/si\/#logo\",\"inLanguage\":\"en-US\",\"url\":\"https:\/\/www.spa-pools.eu\/si\/wp-content\/uploads\/revslider\/home3-rs1\/logo.png\",\"width\":203,\"height\":60,\"caption\":\"Niveto d.o.o. - Spa bazeni\"},\"image\":{\"@id\":\"https:\/\/www.spa-pools.eu\/si\/#logo\"}},{\"@type\":\"WebSite\",\"@id\":\"https:\/\/www.spa-pools.eu\/si\/#website\",\"url\":\"https:\/\/www.spa-pools.eu\/si\/\",\"name\":\"NIVETO Bazeni\",\"description\":\"Spa masa\\u017eni bazeni\",\"publisher\":{\"@id\":\"https:\/\/www.spa-pools.eu\/si\/#organization\"},\"potentialAction\":[{\"@type\":\"SearchAction\",\"target\":\"https:\/\/www.spa-pools.eu\/si\/?s={search_term_string}\",\"query-input\":\"required name=search_term_string\"}],\"inLanguage\":\"en-US\"},{\"@type\":\"ImageObject\",\"@id\":\"https:\/\/www.spa-pools.eu\/si\/product\/masazni-bazen-spa-diamond\/#primaryimage\",\"inLanguage\":\"en-US\",\"url\":\"https:\/\/www.spa-pools.eu\/si\/wp-content\/uploads\/2018\/06\/spa.hr-Diamond-11.jpg\",\"width\":1200,\"height\":800},{\"@type\":\"WebPage\",\"@id\":\"https:\/\/www.spa-pools.eu\/si\/product\/masazni-bazen-spa-diamond\/#webpage\",\"url\":\"https:\/\/www.spa-pools.eu\/si\/product\/masazni-bazen-spa-diamond\/\",\"name\":\"Masa\\u017eni bazen SPA Diamond PREMIUM - 3 osebe | NIVETO Bazeni\",\"isPartOf\":{\"@id\":\"https:\/\/www.spa-pools.eu\/si\/#website\"},\"primaryImageOfPage\":{\"@id\":\"https:\/\/www.spa-pools.eu\/si\/product\/masazni-bazen-spa-diamond\/#primaryimage\"},\"datePublished\":\"2018-06-23T19:07:03+00:00\",\"dateModified\":\"2025-12-02T07:41:29+00:00\",\"description\":\"\\u017delite vrhunski masa\\u017eni bazen za 3 osebe z dvema posteljama in enim sede\\u017enim polo\\u017eajem, ki vam nudi najve\\u010djo izbiro vodnih in zra\\u010dnih masa\\u017e, kromoterapije, aromaterapije, vodnih atrakcij in modernega z visoko kakovostjo vode. DIAMOND, najbolj\\u0161a izbira za vas. https:\/\/youtu.be\/mD4pQU0cmK4 &nbsp;\",\"inLanguage\":\"en-US\",\"potentialAction\":[{\"@type\":\"ReadAction\",\"target\":[\"https:\/\/www.spa-pools.eu\/si\/product\/masazni-bazen-spa-diamond\/\"]}]}]}<\/script>\n<!-- \/ Yoast SEO Premium plugin. -->","_links":{"self":[{"href":"https:\/\/www.spa-pools.eu\/si\/wp-json\/wp\/v2\/product\/19817","targetHints":{"allow":["GET"]}}],"collection":[{"href":"https:\/\/www.spa-pools.eu\/si\/wp-json\/wp\/v2\/product"}],"about":[{"href":"https:\/\/www.spa-pools.eu\/si\/wp-json\/wp\/v2\/types\/product"}],"replies":[{"embeddable":true,"href":"https:\/\/www.spa-pools.eu\/si\/wp-json\/wp\/v2\/comments?post=19817"}],"wp:featuredmedia":[{"embeddable":true,"href":"https:\/\/www.spa-pools.eu\/si\/wp-json\/wp\/v2\/media\/23022"}],"wp:attachment":[{"href":"https:\/\/www.spa-pools.eu\/si\/wp-json\/wp\/v2\/media?parent=19817"}],"wp:term":[{"taxonomy":"product_brand","embeddable":true,"href":"https:\/\/www.spa-pools.eu\/si\/wp-json\/wp\/v2\/product_brand?post=19817"},{"taxonomy":"product_cat","embeddable":true,"href":"https:\/\/www.spa-pools.eu\/si\/wp-json\/wp\/v2\/product_cat?post=19817"},{"taxonomy":"product_tag","embeddable":true,"href":"https:\/\/www.spa-pools.eu\/si\/wp-json\/wp\/v2\/product_tag?post=19817"},{"taxonomy":"specifikacije","embeddable":true,"href":"https:\/\/www.spa-pools.eu\/si\/wp-json\/wp\/v2\/specifikacije?post=19817"},{"taxonomy":"pumpe__elektronika__mlaznice","embeddable":true,"href":"https:\/\/www.spa-pools.eu\/si\/wp-json\/wp\/v2\/pumpe__elektronika__mlaznice?post=19817"},{"taxonomy":"filtracija","embeddable":true,"href":"https:\/\/www.spa-pools.eu\/si\/wp-json\/wp\/v2\/filtracija?post=19817"},{"taxonomy":"oprema","embeddable":true,"href":"https:\/\/www.spa-pools.eu\/si\/wp-json\/wp\/v2\/oprema?post=19817"},{"taxonomy":"yst_prominent_words","embeddable":true,"href":"https:\/\/www.spa-pools.eu\/si\/wp-json\/wp\/v2\/yst_prominent_words?post=19817"}],"curies":[{"name":"wp","href":"https:\/\/api.w.org\/{rel}","templated":true}]}}