{"id":19831,"date":"2018-06-23T19:21:06","date_gmt":"2018-06-23T19:21:06","guid":{"rendered":"https:\/\/www.spa.hr\/?post_type=product&#038;p=19831"},"modified":"2026-04-10T08:02:43","modified_gmt":"2026-04-10T08:02:43","slug":"masazni-bazen-spa-crystal","status":"publish","type":"product","link":"https:\/\/www.spa-pools.eu\/si\/product\/masazni-bazen-spa-crystal\/","title":{"rendered":"Masa\u017eni bazen SPA Crystal &#8211; Budget serija- 218 x 158 x 85 cm &#8211; 3 oseb"},"content":{"rendered":"<pre class=\"tw-data-text tw-text-large tw-ta\" dir=\"ltr\" data-placeholder=\"Prijevod\"><span class=\"Y2IQFc\" lang=\"sl\"><strong>SPECIFIKACIJA:<\/strong>\r\ndimenzije: 2180 mm x 1580 mm x 850 mm\r\ndimenzije paketa: 2288 mm x 950 mm x 1700 mm\r\nte\u017ea - brez vode \/ z vodo: 325KG \/ 1425KG\r\nKapaciteta vode: 1100L\r\n\r\n<strong>\u0160TEVILO MASA\u017dNIH MEST:<\/strong>\r\n\u0160tevilo oseb: 3\r\nLe\u017ee\u010da mesta: 1\r\nSede\u017ei: 2\r\n\r\n<strong>GRADNJA:<\/strong>\r\n\r\nmaterial lupine: akril US Aristech Acrylic - Beli marmor\r\npremaz: siva\r\nPokrov: siv\r\nnosilni okvir: drvo\r\nosnova: ABS\r\n<\/span><\/pre>\n<pre id=\"tw-target-text\" class=\"tw-data-text tw-text-large tw-ta\" dir=\"ltr\" tabindex=\"-1\" role=\"text\" data-placeholder=\"Prijevod\" data-ved=\"2ahUKEwi2iYHJ6OKTAxUn3AIHHdX9DJIQ3ewLegQIDBAV\" aria-label=\"Prevedeni tekst: Tla: masivna ABS podlaga\"><span class=\"Y2IQFc\" lang=\"sl\">Tla: masivna ABS podlaga<\/span><\/pre>\n<pre id=\"tw-target-text\" class=\"tw-data-text tw-text-large tw-ta\" dir=\"ltr\" data-placeholder=\"Prijevod\"><span class=\"Y2IQFc\" lang=\"sl\"><strong>PUMP:<\/strong> proizvajalec \u010drpalk TOP svetovnih premium znamk masa\u017ena vodna \u010drpalka: 2,2 kW obto\u010dna \u010drpalka: 0,37 kW <strong>ELEKTRONIKA<\/strong>: Joyonway P25B37 + PB557 grelec: INOX 2 kw \/ 230 VAC <strong>ELEKTRI\u010cNI PRIKLJU\u010cEK:<\/strong> Standardni priklju\u010dek 16A \/ 230V 2,5 m kabel 3 x 2,5 mm2 https:\/\/www.spa.hr\/wp-content\/uploads\/2021\/03\/PRESJECI-KABELA-I-OSIGURACI-1.pdf ODSTOPANJA SO MO\u017dNA, ZATO SE PROSIMO ZA POGOVOR PRI DOBAVITELJU. <strong>KONFIGURACIJA \u0160OBE<\/strong> skupno \u0161tevilo \u0161ob: 29 kos 6 kosov x 4\" 4 kos x 3\" 15 kosov x 2,5\" 4 kos x 1\" <strong>Material \u0161obe:<\/strong> INOX RASVET - 9 svetil LED RGB podvodna osvetlitev velika: 1 kos LED RGB podvodna osvetlitev ob robu bazena: 8 kos <strong>FILTRACIJA:<\/strong> filtrirni vlo\u017eek: 1 kos povr\u0161ina filtracije: 10m2 VZDR\u017dEVANJE VODE: Generator ozona: 50 mg \/ h <strong>DRUGA OPREMA:<\/strong> Toplotna izolacija lupine iz PU pene: DA prelivni ventil: 3 kos izpustni ventil: 1 kos EVA blazine za glavo: 3 kos skimer: da ABS osnova: da termalni pokrov in SPA stopnice komplet za kemijo: 1 kg klorove tablete, 1 kg PH minus, 1l \u010distilo, 50 \u017eag <strong>DRUGA DODATNA OPREMA:<\/strong> SPA torba, dr\u017ealo za prevleko <a href=\"https:\/\/www.spa.hr\/product-category\/dodatna-oprema\/\">https:\/\/www.spa.hr\/product-category\/dodatna-oprema\/<\/a> <strong>OPOMBA:<\/strong> Slike so samo ilustrativne in ne prikazujejo nujno enakega bazena za prodajo. Velja le opis v priponki. Bazen je urejen kot Plug &amp; Play z navodili za namestitev, zagon, programiranje in vzdr\u017eevanje v hrva\u0161kem jeziku. <strong>GARANCIJA:<\/strong> gradnja: 5 let povr\u0161ina lupine - akril: 2,5 leta ostala oprema: 1 leto <\/span><\/pre>\n","protected":false},"excerpt":{"rendered":"<p>\u017delite cenovno dostopen masa\u017eni bazen za 3 osebe z minimalno porabo elektri\u010dne energije<\/p>\n<p><strong>Crystal ECO, je najbolj\u0161a izbira za vas<\/strong>.<\/p>\n<p>&nbsp;<\/p>\n","protected":false},"featured_media":23629,"comment_status":"open","ping_status":"closed","template":"","meta":{"_acf_changed":false},"product_brand":[],"product_cat":[92,540],"product_tag":[],"specifikacije":[105,114,109],"pumpe__elektronika__mlaznice":[115,112,116],"filtracija":[117,118],"oprema":[119],"yst_prominent_words":[179],"class_list":{"0":"post-19831","1":"product","2":"type-product","3":"status-publish","4":"has-post-thumbnail","6":"product_cat-masazni-bazeni-spa","7":"product_cat-masazni-bazeni-za-2-3-osebi","8":"product_shipping_class-cena-na-povprasevanje","9":"specifikacije-dimenzije-2130mm-x-1650mm-x-795mmdimenzije-zapakiranog-2230mm-x-1750mm-x-895mmtezina-bez-vode-s-vodom-225kg-1020kgkapacitet-vode-795l","10":"specifikacije-masazna-mjesta-broj-osoba-3-lezeca-mjesta-1-sjedeca-mjesta-2","11":"specifikacije-skoljka-boje-skoljke-10-boja-dostupno-materijal-skoljke-akril-us-aristech-acrylic-nosivi-okvir-aisi-304-nehrdajuci-celik","12":"pumpe__elektronika__mlaznice-pumpe-masazna-pumpa-1-5-kw-2-0-hp-dvobrzinska-turbo-puhalo","13":"pumpe__elektronika__mlaznice-elektronika-gecko-kanada-kontrolna-jedinica-in-yj2-upravljacka-jedinica-gecko-in-k-300-grijac-inox-2-kw-230-vac-led-rgb-podvodna-rasvjeta-1-kom","14":"pumpe__elektronika__mlaznice-konfiguracija-mlaznica-ukupan-broj-mlaznica-23-kom-1-kom-x-5-12-5-cm-11-kom-x-3-5-9-cm-11-kom-x-1-2-5-cm-materijal-mlaznica-abs","15":"filtracija-filtracija-filter-kartusa-1-kom-filtracijska-povrsina-10m2","16":"filtracija-odrzavanje-vode-ozone-generator-50mg-h","17":"oprema-oprema-prestrujni-ventil-1-kom-regulator-zraka-2-kom-2-usis-2-kom-ispusni-ventil-1-kom-eva-jastuci-za-glavu-3-kom-skimer-da-abs-podnozje-da","18":"tm-no-options","20":"first","21":"instock","22":"sale","23":"taxable","24":"shipping-taxable","25":"purchasable","26":"product-type-simple"},"acf":[],"yoast_head":"<!-- This site is optimized with the Yoast SEO Premium plugin v14.0.4 - https:\/\/yoast.com\/wordpress\/plugins\/seo\/ -->\n<title>Masa\u017eni bazen SPA Crystal - ECO II - 3 oseb | NIVETO Bazeni<\/title>\n<meta name=\"description\" content=\"\u017delite cenovno dostopen masa\u017eni bazen za 3 osebe z minimalno porabo elektri\u010dne energije  Crystal ECO, je najbolj\u0161a izbira za vas.  &nbsp;\" \/>\n<meta name=\"robots\" content=\"index, follow\" \/>\n<meta name=\"googlebot\" content=\"index, follow, max-snippet:-1, max-image-preview:large, max-video-preview:-1\" \/>\n<meta name=\"bingbot\" content=\"index, follow, max-snippet:-1, max-image-preview:large, max-video-preview:-1\" \/>\n<link rel=\"canonical\" href=\"https:\/\/www.spa-pools.eu\/si\/product\/masazni-bazen-spa-crystal\/\" \/>\n<meta property=\"og:locale\" content=\"en_US\" \/>\n<meta property=\"og:type\" content=\"article\" \/>\n<meta property=\"og:title\" content=\"Masa\u017eni bazen SPA Crystal - ECO II - 3 oseb | NIVETO Bazeni\" \/>\n<meta property=\"og:description\" content=\"\u017delite cenovno dostopen masa\u017eni bazen za 3 osebe z minimalno porabo elektri\u010dne energije  Crystal ECO, je najbolj\u0161a izbira za vas.  &nbsp;\" \/>\n<meta property=\"og:url\" content=\"https:\/\/www.spa-pools.eu\/si\/product\/masazni-bazen-spa-crystal\/\" \/>\n<meta property=\"og:site_name\" content=\"NIVETO Bazeni\" \/>\n<meta property=\"article:publisher\" content=\"https:\/\/www.facebook.com\/Nivetobazeniifontane\/\" \/>\n<meta property=\"article:modified_time\" content=\"2026-04-10T08:02:43+00:00\" \/>\n<meta property=\"og:image\" content=\"https:\/\/www.spa-pools.eu\/si\/wp-content\/uploads\/2018\/06\/7011Se\u00a6E-scaled.jpg\" \/>\n\t<meta property=\"og:image:width\" content=\"2560\" \/>\n\t<meta property=\"og:image:height\" content=\"1920\" \/>\n<meta name=\"twitter:card\" content=\"summary_large_image\" \/>\n<script type=\"application\/ld+json\" class=\"yoast-schema-graph\">{\"@context\":\"https:\/\/schema.org\",\"@graph\":[{\"@type\":\"Organization\",\"@id\":\"https:\/\/www.spa-pools.eu\/si\/#organization\",\"name\":\"Niveto d.o.o. - Spa bazeni\",\"url\":\"https:\/\/www.spa-pools.eu\/si\/\",\"sameAs\":[\"https:\/\/www.facebook.com\/Nivetobazeniifontane\/\"],\"logo\":{\"@type\":\"ImageObject\",\"@id\":\"https:\/\/www.spa-pools.eu\/si\/#logo\",\"inLanguage\":\"en-US\",\"url\":\"https:\/\/www.spa-pools.eu\/si\/wp-content\/uploads\/revslider\/home3-rs1\/logo.png\",\"width\":203,\"height\":60,\"caption\":\"Niveto d.o.o. - Spa bazeni\"},\"image\":{\"@id\":\"https:\/\/www.spa-pools.eu\/si\/#logo\"}},{\"@type\":\"WebSite\",\"@id\":\"https:\/\/www.spa-pools.eu\/si\/#website\",\"url\":\"https:\/\/www.spa-pools.eu\/si\/\",\"name\":\"NIVETO Bazeni\",\"description\":\"Spa masa\\u017eni bazeni\",\"publisher\":{\"@id\":\"https:\/\/www.spa-pools.eu\/si\/#organization\"},\"potentialAction\":[{\"@type\":\"SearchAction\",\"target\":\"https:\/\/www.spa-pools.eu\/si\/?s={search_term_string}\",\"query-input\":\"required name=search_term_string\"}],\"inLanguage\":\"en-US\"},{\"@type\":\"ImageObject\",\"@id\":\"https:\/\/www.spa-pools.eu\/si\/product\/masazni-bazen-spa-crystal\/#primaryimage\",\"inLanguage\":\"en-US\",\"url\":\"https:\/\/www.spa-pools.eu\/si\/wp-content\/uploads\/2018\/06\/7011Se\\u00a6E-scaled.jpg\",\"width\":2560,\"height\":1920},{\"@type\":\"WebPage\",\"@id\":\"https:\/\/www.spa-pools.eu\/si\/product\/masazni-bazen-spa-crystal\/#webpage\",\"url\":\"https:\/\/www.spa-pools.eu\/si\/product\/masazni-bazen-spa-crystal\/\",\"name\":\"Masa\\u017eni bazen SPA Crystal - ECO II - 3 oseb | NIVETO Bazeni\",\"isPartOf\":{\"@id\":\"https:\/\/www.spa-pools.eu\/si\/#website\"},\"primaryImageOfPage\":{\"@id\":\"https:\/\/www.spa-pools.eu\/si\/product\/masazni-bazen-spa-crystal\/#primaryimage\"},\"datePublished\":\"2018-06-23T19:21:06+00:00\",\"dateModified\":\"2026-04-10T08:02:43+00:00\",\"description\":\"\\u017delite cenovno dostopen masa\\u017eni bazen za 3 osebe z minimalno porabo elektri\\u010dne energije Crystal ECO, je najbolj\\u0161a izbira za vas. &nbsp;\",\"inLanguage\":\"en-US\",\"potentialAction\":[{\"@type\":\"ReadAction\",\"target\":[\"https:\/\/www.spa-pools.eu\/si\/product\/masazni-bazen-spa-crystal\/\"]}]}]}<\/script>\n<!-- \/ Yoast SEO Premium plugin. -->","_links":{"self":[{"href":"https:\/\/www.spa-pools.eu\/si\/wp-json\/wp\/v2\/product\/19831","targetHints":{"allow":["GET"]}}],"collection":[{"href":"https:\/\/www.spa-pools.eu\/si\/wp-json\/wp\/v2\/product"}],"about":[{"href":"https:\/\/www.spa-pools.eu\/si\/wp-json\/wp\/v2\/types\/product"}],"replies":[{"embeddable":true,"href":"https:\/\/www.spa-pools.eu\/si\/wp-json\/wp\/v2\/comments?post=19831"}],"wp:featuredmedia":[{"embeddable":true,"href":"https:\/\/www.spa-pools.eu\/si\/wp-json\/wp\/v2\/media\/23629"}],"wp:attachment":[{"href":"https:\/\/www.spa-pools.eu\/si\/wp-json\/wp\/v2\/media?parent=19831"}],"wp:term":[{"taxonomy":"product_brand","embeddable":true,"href":"https:\/\/www.spa-pools.eu\/si\/wp-json\/wp\/v2\/product_brand?post=19831"},{"taxonomy":"product_cat","embeddable":true,"href":"https:\/\/www.spa-pools.eu\/si\/wp-json\/wp\/v2\/product_cat?post=19831"},{"taxonomy":"product_tag","embeddable":true,"href":"https:\/\/www.spa-pools.eu\/si\/wp-json\/wp\/v2\/product_tag?post=19831"},{"taxonomy":"specifikacije","embeddable":true,"href":"https:\/\/www.spa-pools.eu\/si\/wp-json\/wp\/v2\/specifikacije?post=19831"},{"taxonomy":"pumpe__elektronika__mlaznice","embeddable":true,"href":"https:\/\/www.spa-pools.eu\/si\/wp-json\/wp\/v2\/pumpe__elektronika__mlaznice?post=19831"},{"taxonomy":"filtracija","embeddable":true,"href":"https:\/\/www.spa-pools.eu\/si\/wp-json\/wp\/v2\/filtracija?post=19831"},{"taxonomy":"oprema","embeddable":true,"href":"https:\/\/www.spa-pools.eu\/si\/wp-json\/wp\/v2\/oprema?post=19831"},{"taxonomy":"yst_prominent_words","embeddable":true,"href":"https:\/\/www.spa-pools.eu\/si\/wp-json\/wp\/v2\/yst_prominent_words?post=19831"}],"curies":[{"name":"wp","href":"https:\/\/api.w.org\/{rel}","templated":true}]}}