{"id":19843,"date":"2018-06-23T19:43:28","date_gmt":"2018-06-23T19:43:28","guid":{"rendered":"https:\/\/www.spa.hr\/?post_type=product&#038;p=19843"},"modified":"2026-04-02T06:21:07","modified_gmt":"2026-04-02T06:21:07","slug":"masazni-bazen-spa-sunset","status":"publish","type":"product","link":"https:\/\/www.spa-pools.eu\/si\/product\/masazni-bazen-spa-sunset\/","title":{"rendered":"Masa\u017eni bazen SPA Sunset &#8211; 200 x 200 x 90 cm &#8211; 5 oseb &#8211; ECO serija"},"content":{"rendered":"<p><strong>OPIS:<\/strong><br \/>\ndimenzije: 2000mm x 2000mm x 900mm<br \/>\ndimenzije pakirane: 2100mm x 2100mm x 1000mm<br \/>\nte\u017ea &#8211; suha \/ z vodo: 295KG \/ 1169KG<br \/>\nkoli\u010dino vode: 874 litrov<\/p>\n<p><strong>\u0160TEVILO MASA\u017dNIH MEST:<\/strong><br \/>\n\u0160tevilo oseb: 5<br \/>\nle\u017ealna mesta: 2<br \/>\nSede\u017ei: 3<\/p>\n<p><strong>KONSTRUKCIJA :\u00a0<\/strong><\/p>\n<p><span style=\"color: #008000;\">material lupine: akril US Aristech akril &#8211; na voljo 6 barv &#8211; toplotno izoliran<\/span><\/p>\n<p><img decoding=\"async\" class=\"wp-image-20959 alignleft\" src=\"https:\/\/www.spa.hr\/wp-content\/uploads\/2018\/06\/Boje-Akrila-page-001.jpg\" alt=\"\" width=\"559\" height=\"155\" srcset=\"https:\/\/www.spa-pools.eu\/si\/wp-content\/uploads\/2018\/06\/Boje-Akrila-page-001-200x55.jpg 200w, https:\/\/www.spa-pools.eu\/si\/wp-content\/uploads\/2018\/06\/Boje-Akrila-page-001-300x83.jpg 300w, https:\/\/www.spa-pools.eu\/si\/wp-content\/uploads\/2018\/06\/Boje-Akrila-page-001-400x111.jpg 400w, https:\/\/www.spa-pools.eu\/si\/wp-content\/uploads\/2018\/06\/Boje-Akrila-page-001-500x139.jpg 500w, https:\/\/www.spa-pools.eu\/si\/wp-content\/uploads\/2018\/06\/Boje-Akrila-page-001-600x166.jpg 600w, https:\/\/www.spa-pools.eu\/si\/wp-content\/uploads\/2018\/06\/Boje-Akrila-page-001-700x194.jpg 700w, https:\/\/www.spa-pools.eu\/si\/wp-content\/uploads\/2018\/06\/Boje-Akrila-page-001-768x213.jpg 768w, https:\/\/www.spa-pools.eu\/si\/wp-content\/uploads\/2018\/06\/Boje-Akrila-page-001-800x222.jpg 800w, https:\/\/www.spa-pools.eu\/si\/wp-content\/uploads\/2018\/06\/Boje-Akrila-page-001-1024x284.jpg 1024w, https:\/\/www.spa-pools.eu\/si\/wp-content\/uploads\/2018\/06\/Boje-Akrila-page-001-1200x333.jpg 1200w, https:\/\/www.spa-pools.eu\/si\/wp-content\/uploads\/2018\/06\/Boje-Akrila-page-001.jpg 2175w\" sizes=\"(max-width: 559px) 100vw, 559px\" \/><\/p>\n<p>&nbsp;<\/p>\n<p>&nbsp;<\/p>\n<p>&nbsp;<\/p>\n<p>&nbsp;<\/p>\n<p>&nbsp;<\/p>\n<p>obloga: na voljo 3 barve<\/p>\n<p><img decoding=\"async\" class=\"wp-image-20937 alignleft\" src=\"https:\/\/www.spa.hr\/wp-content\/uploads\/2018\/06\/Color-options-1.jpg\" alt=\"\" width=\"514\" height=\"119\" srcset=\"https:\/\/www.spa-pools.eu\/si\/wp-content\/uploads\/2018\/06\/Color-options-1-200x46.jpg 200w, https:\/\/www.spa-pools.eu\/si\/wp-content\/uploads\/2018\/06\/Color-options-1-300x69.jpg 300w, https:\/\/www.spa-pools.eu\/si\/wp-content\/uploads\/2018\/06\/Color-options-1-400x93.jpg 400w, https:\/\/www.spa-pools.eu\/si\/wp-content\/uploads\/2018\/06\/Color-options-1-500x116.jpg 500w, https:\/\/www.spa-pools.eu\/si\/wp-content\/uploads\/2018\/06\/Color-options-1-600x139.jpg 600w, https:\/\/www.spa-pools.eu\/si\/wp-content\/uploads\/2018\/06\/Color-options-1-700x162.jpg 700w, https:\/\/www.spa-pools.eu\/si\/wp-content\/uploads\/2018\/06\/Color-options-1-768x178.jpg 768w, https:\/\/www.spa-pools.eu\/si\/wp-content\/uploads\/2018\/06\/Color-options-1-800x185.jpg 800w, https:\/\/www.spa-pools.eu\/si\/wp-content\/uploads\/2018\/06\/Color-options-1.jpg 859w\" sizes=\"(max-width: 514px) 100vw, 514px\" \/><\/p>\n<p>&nbsp;<\/p>\n<p>&nbsp;<\/p>\n<p>&nbsp;<\/p>\n<p>&nbsp;<\/p>\n<p>Grey &#8211; H03B\u00a0 \u00a0 \u00a0 \u00a0 \u00a0 \u00a0 \u00a0 \u00a0 \u00a0 \u00a0 \u00a0 \u00a0 \u00a0 \u00a0 \u00a0 \u00a0 \u00a0 \u00a0Teak H03\u00a0 \u00a0 \u00a0 \u00a0 \u00a0 \u00a0 \u00a0 \u00a0 \u00a0 \u00a0 \u00a0 \u00a0 \u00a0 \u00a0 Black &#8211; H06<\/p>\n<p>nosilni okvir: nerjave\u010de jeklo AISI 304<br \/>\nbaza: poliester<\/p>\n<p><strong>\u010cRPALKA: proizvajalec \u010drpalk najbolj\u0161ih svetovnih premium znamk<\/strong><br \/>\nobto\u010dna \/ masa\u017ena vodna \u010drpalka: dve hitrosti 0,45-2,2 kW<\/p>\n<p><strong>ELEKTRONIKA: Gecko &#8211; Kanada<\/strong><br \/>\nkrmilna enota: in.Yj2<br \/>\nnadzorni zaslon: Gecko In.k 300<br \/>\ngrelec: INOX 2 kw \/ 230 VAC<\/p>\n<p><strong>ELEKTRI\u010cNA POVEZAVA:<\/strong><br \/>\nmax: 4,3 kW \/ 21A \/ 230V<br \/>\nmin: 2,4 kW \/ 12A \/ 230V<br \/>\nStandardni priklju\u010dak 16A \/ 230V, 2,5 m kabla 3 x 4 mm2<\/p>\n<p><em><strong>MOGO\u010cE RAZLIKE, PREVERJANJE Z DOBAVITELJEM.<\/strong><\/em><\/p>\n<p><strong>MASA\u017dNE \u0160OBE &#8211; skupaj \u0161obe: 40 kosov<\/strong><br \/>\n2 kos x 5 \u201d(12,5 cm)<br \/>\n7 kos x 1,5 &#8220;(6,5 cm)<br \/>\n31 kos x 1 \u201d(2,5 cm), od tega 8 vrtljivih \u0161ob<br \/>\nmaterial za \u0161obe: INOX<\/p>\n<p><strong>SVETLOBA &#8211; 19 svetilk<\/strong><br \/>\nLED RGB podvodna razsvetljava velika: 1 kos<br \/>\nLED RGB podvodna osvetlitev vodne linije: 16 kosov<br \/>\nLED RGB osvetlitev stojala za skodelice: 3 kos<\/p>\n<p><strong>FILTRACIJA IN VZDR\u017dEVANJE VODE:<\/strong><br \/>\nkartridni filter: 1 kos<br \/>\npovr\u0161ina filtracije: 10m2<br \/>\nGenerator ozona: 50 mg \/ h<\/p>\n<p><strong>DRUGA OPREMA:<\/strong><br \/>\nToplotna izolacija \u0161koljke bazena iz PU pene: DA<br \/>\nprelivni ventil: 1 kos<br \/>\nregulator zraka: 2 kos<br \/>\n2&#8221; sesanje vode: 2 kos<br \/>\nodvodni ventil: 1 kos<br \/>\nblazine za glavo EVA: 3 kos<br \/>\nskimmer: da<br \/>\nABS osnova: DA<br \/>\nDr\u017ealo za skodelico z LED osvetlitvijo: 3 kos<br \/>\ntermi\u010dni pokrov: vklju\u010deno v ceno<br \/>\nSPA stopnice: vklju\u010deno v ceno<\/p>\n<p><strong>OSTALI DODATKI<\/strong> &#8211; kupite po \u017eelji:<\/p>\n<p><a href=\"https:\/\/www.spa-pools.eu\/si\/product-category\/dodatna-oprema\/\">https:\/\/www.spa-pools.eu\/si\/product-category\/dodatna-oprema\/<\/a><\/p>\n<p><strong>OPOMBA<\/strong>:<br \/>\nSlike so samo za ilustracijo in ne prikazujejo nujno identi\u010dnega bazena za prodajo.<br \/>\nVeljavni so samo opisi v prilogi.<br \/>\nBazen je kot Plug &amp; Play z navodili za namestitev, zagon, programiranje in vzdr\u017eevanje v sloven\u0161\u010dini.<\/p>\n<p><strong>GARANCIJA<\/strong>:<br \/>\ngradnja: 10 let<br \/>\npovr\u0161ina lupine &#8211; akril: 5 let<br \/>\nostala oprema: 2 leti<\/p>\n<ul>\n<li style=\"list-style-type: none;\"><\/li>\n<\/ul>\n<ul>\n<li style=\"list-style-type: none;\">\n<ul>\n<li>cene so za enkratno pla\u010dilo z\u00a0<strong>debetnimi in kreditnimi karticami\u00a0<\/strong><\/li>\n<\/ul>\n<\/li>\n<\/ul>\n","protected":false},"excerpt":{"rendered":"<p>&nbsp;<\/p>\n<ul>\n<li style=\"list-style-type: none;\">Ali \u017eelite dostopni masa\u017eni bazen za 5 oseb z minimalno porabo energije in mo\u017enostmi zaklepanja, ki jih drugi ne \u017eelite uporabljati?<\/li>\n<li style=\"list-style-type: none;\"><strong>Sunset ECO je najbolj\u0161a izbira za vas.<\/strong><\/li>\n<li><\/li>\n<\/ul>\n","protected":false},"featured_media":21934,"comment_status":"open","ping_status":"closed","template":"","meta":{"_acf_changed":false},"product_brand":[],"product_cat":[92,541],"product_tag":[],"specifikacije":[106,110,109],"pumpe__elektronika__mlaznice":[111,112,113],"filtracija":[117,118],"oprema":[120],"yst_prominent_words":[206,243,374,288,287,361,223,249,214,210,215,237,219,426,221,212,653,418,380,179],"class_list":{"0":"post-19843","1":"product","2":"type-product","3":"status-publish","4":"has-post-thumbnail","6":"product_cat-masazni-bazeni-spa","7":"product_cat-masazni-bazeni-za-4-5-osebi","8":"product_shipping_class-cena-na-povprasevanje","9":"specifikacije-dimenzije-2000mm-x-2000mm-x-900mm-dimenzije-zapakiranog-2100mm-x-2100mm-x-1000mm-tezina-suha-sa-vodom-295kg-1169kg-kapacitet-vode-874-litre","10":"specifikacije-masazna-mjesta-broj-osoba-5-lezeca-mjesta-2-sjedeca-mjesta","11":"specifikacije-skoljka-boje-skoljke-10-boja-dostupno-materijal-skoljke-akril-us-aristech-acrylic-nosivi-okvir-aisi-304-nehrdajuci-celik","12":"pumpe__elektronika__mlaznice-pumpe-masazna-pumpa-22-kw-3-0-hp-dvo-brzinska-turbo-puhalo-n-a","13":"pumpe__elektronika__mlaznice-elektronika-gecko-kanada-kontrolna-jedinica-in-yj2-upravljacka-jedinica-gecko-in-k-300-grijac-inox-2-kw-230-vac-led-rgb-podvodna-rasvjeta-1-kom","14":"pumpe__elektronika__mlaznice-konfiguracija-mlaznica-ukupan-broj-mlaznica-40-kom-2-kom-x-5-125-cm-7-kom-x-15-65-cm-31-kom-x-1-25-cm-od-cega-8-rotirajucih-mlaznica-zracne-mlaznice-n-a-materij","15":"filtracija-filtracija-filter-kartusa-1-kom-filtracijska-povrsina-10m2","16":"filtracija-odrzavanje-vode-ozone-generator-50mg-h","17":"oprema-oprema-prestrujni-ventil-1-kom-regulator-zraka-2-kom-usis-2-kom-odvodni-ventil-1-kom-jastuci-za-glavu-3-kom-skimer-da-abs-podnozje-da-drzac-case-s-led-rasvjetom","18":"tm-no-options","20":"first","21":"instock","22":"sale","23":"taxable","24":"shipping-taxable","25":"purchasable","26":"product-type-simple"},"acf":[],"yoast_head":"<!-- This site is optimized with the Yoast SEO Premium plugin v14.0.4 - https:\/\/yoast.com\/wordpress\/plugins\/seo\/ -->\n<title>Masa\u017eni bazen SPA Sunset - 200 x 200 x 90 cm - 5 oseb - ECO serija | NIVETO Bazeni<\/title>\n<meta name=\"description\" content=\"&nbsp;   Ali \u017eelite dostopni masa\u017eni bazen za 5 oseb z minimalno porabo energije in mo\u017enostmi zaklepanja, ki jih drugi ne \u017eelite uporabljati?  Sunset ECO je najbolj\u0161a izbira za vas.\" \/>\n<meta name=\"robots\" content=\"index, follow\" \/>\n<meta name=\"googlebot\" content=\"index, follow, max-snippet:-1, max-image-preview:large, max-video-preview:-1\" \/>\n<meta name=\"bingbot\" content=\"index, follow, max-snippet:-1, max-image-preview:large, max-video-preview:-1\" \/>\n<link rel=\"canonical\" href=\"https:\/\/www.spa-pools.eu\/si\/product\/masazni-bazen-spa-sunset\/\" \/>\n<meta property=\"og:locale\" content=\"en_US\" \/>\n<meta property=\"og:type\" content=\"article\" \/>\n<meta property=\"og:title\" content=\"Masa\u017eni bazen SPA Sunset - 200 x 200 x 90 cm - 5 oseb - ECO serija | NIVETO Bazeni\" \/>\n<meta property=\"og:description\" content=\"&nbsp;   Ali \u017eelite dostopni masa\u017eni bazen za 5 oseb z minimalno porabo energije in mo\u017enostmi zaklepanja, ki jih drugi ne \u017eelite uporabljati?  Sunset ECO je najbolj\u0161a izbira za vas.\" \/>\n<meta property=\"og:url\" content=\"https:\/\/www.spa-pools.eu\/si\/product\/masazni-bazen-spa-sunset\/\" \/>\n<meta property=\"og:site_name\" content=\"NIVETO Bazeni\" \/>\n<meta property=\"article:publisher\" content=\"https:\/\/www.facebook.com\/Nivetobazeniifontane\/\" \/>\n<meta property=\"article:modified_time\" content=\"2026-04-02T06:21:07+00:00\" \/>\n<meta property=\"og:image\" content=\"https:\/\/www.spa-pools.eu\/si\/wp-content\/uploads\/2018\/06\/spa-pools-eu-masa\u017eni-bazen-sunset-12.jpg\" \/>\n\t<meta property=\"og:image:width\" content=\"1152\" \/>\n\t<meta property=\"og:image:height\" content=\"768\" \/>\n<meta name=\"twitter:card\" content=\"summary_large_image\" \/>\n<script type=\"application\/ld+json\" class=\"yoast-schema-graph\">{\"@context\":\"https:\/\/schema.org\",\"@graph\":[{\"@type\":\"Organization\",\"@id\":\"https:\/\/www.spa-pools.eu\/si\/#organization\",\"name\":\"Niveto d.o.o. - Spa bazeni\",\"url\":\"https:\/\/www.spa-pools.eu\/si\/\",\"sameAs\":[\"https:\/\/www.facebook.com\/Nivetobazeniifontane\/\"],\"logo\":{\"@type\":\"ImageObject\",\"@id\":\"https:\/\/www.spa-pools.eu\/si\/#logo\",\"inLanguage\":\"en-US\",\"url\":\"https:\/\/www.spa-pools.eu\/si\/wp-content\/uploads\/revslider\/home3-rs1\/logo.png\",\"width\":203,\"height\":60,\"caption\":\"Niveto d.o.o. - Spa bazeni\"},\"image\":{\"@id\":\"https:\/\/www.spa-pools.eu\/si\/#logo\"}},{\"@type\":\"WebSite\",\"@id\":\"https:\/\/www.spa-pools.eu\/si\/#website\",\"url\":\"https:\/\/www.spa-pools.eu\/si\/\",\"name\":\"NIVETO Bazeni\",\"description\":\"Spa masa\\u017eni bazeni\",\"publisher\":{\"@id\":\"https:\/\/www.spa-pools.eu\/si\/#organization\"},\"potentialAction\":[{\"@type\":\"SearchAction\",\"target\":\"https:\/\/www.spa-pools.eu\/si\/?s={search_term_string}\",\"query-input\":\"required name=search_term_string\"}],\"inLanguage\":\"en-US\"},{\"@type\":\"ImageObject\",\"@id\":\"https:\/\/www.spa-pools.eu\/si\/product\/masazni-bazen-spa-sunset\/#primaryimage\",\"inLanguage\":\"en-US\",\"url\":\"https:\/\/www.spa-pools.eu\/si\/wp-content\/uploads\/2018\/06\/spa-pools-eu-masa\\u017eni-bazen-sunset-12.jpg\",\"width\":1152,\"height\":768},{\"@type\":\"WebPage\",\"@id\":\"https:\/\/www.spa-pools.eu\/si\/product\/masazni-bazen-spa-sunset\/#webpage\",\"url\":\"https:\/\/www.spa-pools.eu\/si\/product\/masazni-bazen-spa-sunset\/\",\"name\":\"Masa\\u017eni bazen SPA Sunset - 200 x 200 x 90 cm - 5 oseb - ECO serija | NIVETO Bazeni\",\"isPartOf\":{\"@id\":\"https:\/\/www.spa-pools.eu\/si\/#website\"},\"primaryImageOfPage\":{\"@id\":\"https:\/\/www.spa-pools.eu\/si\/product\/masazni-bazen-spa-sunset\/#primaryimage\"},\"datePublished\":\"2018-06-23T19:43:28+00:00\",\"dateModified\":\"2026-04-02T06:21:07+00:00\",\"description\":\"&nbsp; Ali \\u017eelite dostopni masa\\u017eni bazen za 5 oseb z minimalno porabo energije in mo\\u017enostmi zaklepanja, ki jih drugi ne \\u017eelite uporabljati? Sunset ECO je najbolj\\u0161a izbira za vas.\",\"inLanguage\":\"en-US\",\"potentialAction\":[{\"@type\":\"ReadAction\",\"target\":[\"https:\/\/www.spa-pools.eu\/si\/product\/masazni-bazen-spa-sunset\/\"]}]}]}<\/script>\n<!-- \/ Yoast SEO Premium plugin. -->","_links":{"self":[{"href":"https:\/\/www.spa-pools.eu\/si\/wp-json\/wp\/v2\/product\/19843","targetHints":{"allow":["GET"]}}],"collection":[{"href":"https:\/\/www.spa-pools.eu\/si\/wp-json\/wp\/v2\/product"}],"about":[{"href":"https:\/\/www.spa-pools.eu\/si\/wp-json\/wp\/v2\/types\/product"}],"replies":[{"embeddable":true,"href":"https:\/\/www.spa-pools.eu\/si\/wp-json\/wp\/v2\/comments?post=19843"}],"wp:featuredmedia":[{"embeddable":true,"href":"https:\/\/www.spa-pools.eu\/si\/wp-json\/wp\/v2\/media\/21934"}],"wp:attachment":[{"href":"https:\/\/www.spa-pools.eu\/si\/wp-json\/wp\/v2\/media?parent=19843"}],"wp:term":[{"taxonomy":"product_brand","embeddable":true,"href":"https:\/\/www.spa-pools.eu\/si\/wp-json\/wp\/v2\/product_brand?post=19843"},{"taxonomy":"product_cat","embeddable":true,"href":"https:\/\/www.spa-pools.eu\/si\/wp-json\/wp\/v2\/product_cat?post=19843"},{"taxonomy":"product_tag","embeddable":true,"href":"https:\/\/www.spa-pools.eu\/si\/wp-json\/wp\/v2\/product_tag?post=19843"},{"taxonomy":"specifikacije","embeddable":true,"href":"https:\/\/www.spa-pools.eu\/si\/wp-json\/wp\/v2\/specifikacije?post=19843"},{"taxonomy":"pumpe__elektronika__mlaznice","embeddable":true,"href":"https:\/\/www.spa-pools.eu\/si\/wp-json\/wp\/v2\/pumpe__elektronika__mlaznice?post=19843"},{"taxonomy":"filtracija","embeddable":true,"href":"https:\/\/www.spa-pools.eu\/si\/wp-json\/wp\/v2\/filtracija?post=19843"},{"taxonomy":"oprema","embeddable":true,"href":"https:\/\/www.spa-pools.eu\/si\/wp-json\/wp\/v2\/oprema?post=19843"},{"taxonomy":"yst_prominent_words","embeddable":true,"href":"https:\/\/www.spa-pools.eu\/si\/wp-json\/wp\/v2\/yst_prominent_words?post=19843"}],"curies":[{"name":"wp","href":"https:\/\/api.w.org\/{rel}","templated":true}]}}