{"id":20096,"date":"2018-11-29T07:45:41","date_gmt":"2018-11-29T07:45:41","guid":{"rendered":"https:\/\/www.spa.hr\/?post_type=product&#038;p=20096"},"modified":"2025-03-06T13:31:06","modified_gmt":"2025-03-06T13:31:06","slug":"ph-minus-granule-za-bazene-spa","status":"publish","type":"product","link":"https:\/\/www.spa-pools.eu\/si\/product\/ph-minus-granule-za-bazene-spa\/","title":{"rendered":"Ph Minus Bazen zrnca 1kg"},"content":{"rendered":"<p>Pra\u0161ek za zni\u017eanje pH.<\/p>\n<p>Uporablja se za zni\u017eanje Ph iz alkalnega obmo\u010dja pH nad 8 do optimalnega pH 7,2-7,6.<\/p>\n<p>Primerno za ro\u010dno in samodejno odmerjanje, vendar ga je treba najprej raztopiti v vodi.<\/p>\n<p>Za zni\u017eanje pH za 0,1 dodamo 80 do 100 g PH minus zrnca na 10 m3 vode.<\/p>\n<p>V praksi lahko pride do odstopanj zaradi razli\u010dne kakovosti vode.<\/p>\n<p>Pakiranje za 1 kilogram.<\/p>\n","protected":false},"excerpt":{"rendered":"<p>cene so za enkratno pla\u010dilo z\u00a0<strong>debetnimi in kreditnimi karticami<\/strong><\/p>\n","protected":false},"featured_media":20097,"comment_status":"open","ping_status":"closed","template":"","meta":{"_acf_changed":false},"product_brand":[],"product_cat":[93],"product_tag":[],"specifikacije":[],"pumpe__elektronika__mlaznice":[],"filtracija":[],"oprema":[],"yst_prominent_words":[387,380,179,381,377,390,383],"class_list":{"0":"post-20096","1":"product","2":"type-product","3":"status-publish","4":"has-post-thumbnail","6":"product_cat-bazenska-kemija","7":"tm-no-options","9":"first","10":"instock","11":"taxable","12":"shipping-taxable","13":"purchasable","14":"product-type-simple"},"acf":[],"yoast_head":"<!-- This site is optimized with the Yoast SEO Premium plugin v14.0.4 - https:\/\/yoast.com\/wordpress\/plugins\/seo\/ -->\n<title>Ph Minus Bazen zrnca 1kg - Pra\u0161ek za zni\u017eanje pH. | NIVETO Bazeni<\/title>\n<meta name=\"description\" content=\"Pra\u0161ek za zni\u017eanje pH.Uporablja se za zni\u017eanje Ph iz alkalnega obmo\u010dja pH nad 8 do optimalnega pH 7,2-7,6. rimerno za ro\u010dno in samodejno odmerjanje\" \/>\n<meta name=\"robots\" content=\"index, follow\" \/>\n<meta name=\"googlebot\" content=\"index, follow, max-snippet:-1, max-image-preview:large, max-video-preview:-1\" \/>\n<meta name=\"bingbot\" content=\"index, follow, max-snippet:-1, max-image-preview:large, max-video-preview:-1\" \/>\n<link rel=\"canonical\" href=\"https:\/\/www.spa-pools.eu\/si\/product\/ph-minus-granule-za-bazene-spa\/\" \/>\n<meta property=\"og:locale\" content=\"en_US\" \/>\n<meta property=\"og:type\" content=\"article\" \/>\n<meta property=\"og:title\" content=\"Ph Minus Bazen zrnca 1kg - Pra\u0161ek za zni\u017eanje pH. | NIVETO Bazeni\" \/>\n<meta property=\"og:description\" content=\"Pra\u0161ek za zni\u017eanje pH.Uporablja se za zni\u017eanje Ph iz alkalnega obmo\u010dja pH nad 8 do optimalnega pH 7,2-7,6. rimerno za ro\u010dno in samodejno odmerjanje\" \/>\n<meta property=\"og:url\" content=\"https:\/\/www.spa-pools.eu\/si\/product\/ph-minus-granule-za-bazene-spa\/\" \/>\n<meta property=\"og:site_name\" content=\"NIVETO Bazeni\" \/>\n<meta property=\"article:publisher\" content=\"https:\/\/www.facebook.com\/Nivetobazeniifontane\/\" \/>\n<meta property=\"article:modified_time\" content=\"2025-03-06T13:31:06+00:00\" \/>\n<meta property=\"og:image\" content=\"https:\/\/www.spa-pools.eu\/si\/wp-content\/uploads\/2018\/11\/ph-minus-granule-1-kg.jpg\" \/>\n\t<meta property=\"og:image:width\" content=\"250\" \/>\n\t<meta property=\"og:image:height\" content=\"165\" \/>\n<meta name=\"twitter:card\" content=\"summary_large_image\" \/>\n<script type=\"application\/ld+json\" class=\"yoast-schema-graph\">{\"@context\":\"https:\/\/schema.org\",\"@graph\":[{\"@type\":\"Organization\",\"@id\":\"https:\/\/www.spa-pools.eu\/si\/#organization\",\"name\":\"Niveto d.o.o. - Spa bazeni\",\"url\":\"https:\/\/www.spa-pools.eu\/si\/\",\"sameAs\":[\"https:\/\/www.facebook.com\/Nivetobazeniifontane\/\"],\"logo\":{\"@type\":\"ImageObject\",\"@id\":\"https:\/\/www.spa-pools.eu\/si\/#logo\",\"inLanguage\":\"en-US\",\"url\":\"https:\/\/www.spa-pools.eu\/si\/wp-content\/uploads\/revslider\/home3-rs1\/logo.png\",\"width\":203,\"height\":60,\"caption\":\"Niveto d.o.o. - Spa bazeni\"},\"image\":{\"@id\":\"https:\/\/www.spa-pools.eu\/si\/#logo\"}},{\"@type\":\"WebSite\",\"@id\":\"https:\/\/www.spa-pools.eu\/si\/#website\",\"url\":\"https:\/\/www.spa-pools.eu\/si\/\",\"name\":\"NIVETO Bazeni\",\"description\":\"Spa masa\\u017eni bazeni\",\"publisher\":{\"@id\":\"https:\/\/www.spa-pools.eu\/si\/#organization\"},\"potentialAction\":[{\"@type\":\"SearchAction\",\"target\":\"https:\/\/www.spa-pools.eu\/si\/?s={search_term_string}\",\"query-input\":\"required name=search_term_string\"}],\"inLanguage\":\"en-US\"},{\"@type\":\"ImageObject\",\"@id\":\"https:\/\/www.spa-pools.eu\/si\/product\/ph-minus-granule-za-bazene-spa\/#primaryimage\",\"inLanguage\":\"en-US\",\"url\":\"https:\/\/www.spa-pools.eu\/si\/wp-content\/uploads\/2018\/11\/ph-minus-granule-1-kg.jpg\",\"width\":250,\"height\":165},{\"@type\":\"WebPage\",\"@id\":\"https:\/\/www.spa-pools.eu\/si\/product\/ph-minus-granule-za-bazene-spa\/#webpage\",\"url\":\"https:\/\/www.spa-pools.eu\/si\/product\/ph-minus-granule-za-bazene-spa\/\",\"name\":\"Ph Minus Bazen zrnca 1kg - Pra\\u0161ek za zni\\u017eanje pH. | NIVETO Bazeni\",\"isPartOf\":{\"@id\":\"https:\/\/www.spa-pools.eu\/si\/#website\"},\"primaryImageOfPage\":{\"@id\":\"https:\/\/www.spa-pools.eu\/si\/product\/ph-minus-granule-za-bazene-spa\/#primaryimage\"},\"datePublished\":\"2018-11-29T07:45:41+00:00\",\"dateModified\":\"2025-03-06T13:31:06+00:00\",\"description\":\"Pra\\u0161ek za zni\\u017eanje pH.Uporablja se za zni\\u017eanje Ph iz alkalnega obmo\\u010dja pH nad 8 do optimalnega pH 7,2-7,6. rimerno za ro\\u010dno in samodejno odmerjanje\",\"inLanguage\":\"en-US\",\"potentialAction\":[{\"@type\":\"ReadAction\",\"target\":[\"https:\/\/www.spa-pools.eu\/si\/product\/ph-minus-granule-za-bazene-spa\/\"]}]}]}<\/script>\n<!-- \/ Yoast SEO Premium plugin. -->","_links":{"self":[{"href":"https:\/\/www.spa-pools.eu\/si\/wp-json\/wp\/v2\/product\/20096","targetHints":{"allow":["GET"]}}],"collection":[{"href":"https:\/\/www.spa-pools.eu\/si\/wp-json\/wp\/v2\/product"}],"about":[{"href":"https:\/\/www.spa-pools.eu\/si\/wp-json\/wp\/v2\/types\/product"}],"replies":[{"embeddable":true,"href":"https:\/\/www.spa-pools.eu\/si\/wp-json\/wp\/v2\/comments?post=20096"}],"wp:featuredmedia":[{"embeddable":true,"href":"https:\/\/www.spa-pools.eu\/si\/wp-json\/wp\/v2\/media\/20097"}],"wp:attachment":[{"href":"https:\/\/www.spa-pools.eu\/si\/wp-json\/wp\/v2\/media?parent=20096"}],"wp:term":[{"taxonomy":"product_brand","embeddable":true,"href":"https:\/\/www.spa-pools.eu\/si\/wp-json\/wp\/v2\/product_brand?post=20096"},{"taxonomy":"product_cat","embeddable":true,"href":"https:\/\/www.spa-pools.eu\/si\/wp-json\/wp\/v2\/product_cat?post=20096"},{"taxonomy":"product_tag","embeddable":true,"href":"https:\/\/www.spa-pools.eu\/si\/wp-json\/wp\/v2\/product_tag?post=20096"},{"taxonomy":"specifikacije","embeddable":true,"href":"https:\/\/www.spa-pools.eu\/si\/wp-json\/wp\/v2\/specifikacije?post=20096"},{"taxonomy":"pumpe__elektronika__mlaznice","embeddable":true,"href":"https:\/\/www.spa-pools.eu\/si\/wp-json\/wp\/v2\/pumpe__elektronika__mlaznice?post=20096"},{"taxonomy":"filtracija","embeddable":true,"href":"https:\/\/www.spa-pools.eu\/si\/wp-json\/wp\/v2\/filtracija?post=20096"},{"taxonomy":"oprema","embeddable":true,"href":"https:\/\/www.spa-pools.eu\/si\/wp-json\/wp\/v2\/oprema?post=20096"},{"taxonomy":"yst_prominent_words","embeddable":true,"href":"https:\/\/www.spa-pools.eu\/si\/wp-json\/wp\/v2\/yst_prominent_words?post=20096"}],"curies":[{"name":"wp","href":"https:\/\/api.w.org\/{rel}","templated":true}]}}