{"id":20108,"date":"2018-11-29T09:38:11","date_gmt":"2018-11-29T09:38:11","guid":{"rendered":"https:\/\/www.spa.hr\/?post_type=product&#038;p=20108"},"modified":"2023-03-02T11:12:53","modified_gmt":"2023-03-02T11:12:53","slug":"mts-james-podvodni-usisavac","status":"publish","type":"product","link":"https:\/\/www.spa-pools.eu\/si\/product\/mts-james-podvodni-usisavac\/","title":{"rendered":"Podvodni sesalnik MTS James za bazene in SPA"},"content":{"rendered":"<p>James Podvodni sesalnik za bazen.<\/p>\n<p>Ro\u010dni sesalnik z integrirano potopno \u010drpalko za sesanje grobih delcev z dna in sten bazena.<\/p>\n<p>Primerno za vse vrste bazenov.<\/p>\n<p>Tehni\u010dni podatki:<\/p>\n<ul>\n<li>sesalna \u010drpalka z zmogljivostjo 6m3 \/ h, 350W, 230V<\/li>\n<li>pralna vre\u010dka z gostoto 100 mikronov<\/li>\n<li>krta\u010da za \u010di\u0161\u010denje z vzmetjo, krta\u010de za neprekinjeno \u010di\u0161\u010denje z gumijastimi ustnicami in dvema vrtljivima stranskima \u0161\u010detkama<\/li>\n<li>Sesalna odprtina: dolga 35 cm, \u0161irina 7,5 cm<\/li>\n<li>15-metrski kabel z gumijastim \u0161\u010ditom<\/li>\n<\/ul>\n<p>OPOMBA: Za uporabo je potreben teleskopski dvig, ki ni vklju\u010den v ceno.<\/p>\n<p>&nbsp;<\/p>\n","protected":false},"excerpt":{"rendered":"<p>cene so za enkratno pla\u010dilo z\u00a0<strong>debetnimi in kreditnimi karticami<\/strong><\/p>\n","protected":false},"featured_media":20109,"comment_status":"open","ping_status":"closed","template":"","meta":{"_acf_changed":false},"product_brand":[],"product_cat":[96],"product_tag":[],"specifikacije":[],"pumpe__elektronika__mlaznice":[],"filtracija":[],"oprema":[],"yst_prominent_words":[370,366,224,368,367,179],"class_list":{"0":"post-20108","1":"product","2":"type-product","3":"status-publish","4":"has-post-thumbnail","6":"product_cat-dodatna-oprema","7":"tm-no-options","9":"first","10":"instock","11":"taxable","12":"shipping-taxable","13":"purchasable","14":"product-type-simple"},"acf":[],"yoast_head":"<!-- This site is optimized with the Yoast SEO Premium plugin v14.0.4 - https:\/\/yoast.com\/wordpress\/plugins\/seo\/ -->\n<title>Podvodni sesalnik MTS James za bazene in SPA | NIVETO Bazeni<\/title>\n<meta name=\"description\" content=\"James Podvodni sesalnik za bazen.Ro\u010dni sesalnik z integrirano potopno \u010drpalko za sesanje grobih delcev z dna in sten bazena.cene so za enkratno pla\u010dilo z\u00a0debetnimi in kreditnimi karticami\" \/>\n<meta name=\"robots\" content=\"index, follow\" \/>\n<meta name=\"googlebot\" content=\"index, follow, max-snippet:-1, max-image-preview:large, max-video-preview:-1\" \/>\n<meta name=\"bingbot\" content=\"index, follow, max-snippet:-1, max-image-preview:large, max-video-preview:-1\" \/>\n<link rel=\"canonical\" href=\"https:\/\/www.spa-pools.eu\/si\/product\/mts-james-podvodni-usisavac\/\" \/>\n<meta property=\"og:locale\" content=\"en_US\" \/>\n<meta property=\"og:type\" content=\"article\" \/>\n<meta property=\"og:title\" content=\"Podvodni sesalnik MTS James za bazene in SPA | NIVETO Bazeni\" \/>\n<meta property=\"og:description\" content=\"James Podvodni sesalnik za bazen.Ro\u010dni sesalnik z integrirano potopno \u010drpalko za sesanje grobih delcev z dna in sten bazena.cene so za enkratno pla\u010dilo z\u00a0debetnimi in kreditnimi karticami\" \/>\n<meta property=\"og:url\" content=\"https:\/\/www.spa-pools.eu\/si\/product\/mts-james-podvodni-usisavac\/\" \/>\n<meta property=\"og:site_name\" content=\"NIVETO Bazeni\" \/>\n<meta property=\"article:publisher\" content=\"https:\/\/www.facebook.com\/Nivetobazeniifontane\/\" \/>\n<meta property=\"article:modified_time\" content=\"2023-03-02T11:12:53+00:00\" \/>\n<meta property=\"og:image\" content=\"https:\/\/www.spa-pools.eu\/si\/wp-content\/uploads\/2018\/11\/james.jpg\" \/>\n\t<meta property=\"og:image:width\" content=\"500\" \/>\n\t<meta property=\"og:image:height\" content=\"500\" \/>\n<meta name=\"twitter:card\" content=\"summary_large_image\" \/>\n<script type=\"application\/ld+json\" class=\"yoast-schema-graph\">{\"@context\":\"https:\/\/schema.org\",\"@graph\":[{\"@type\":\"Organization\",\"@id\":\"https:\/\/www.spa-pools.eu\/si\/#organization\",\"name\":\"Niveto d.o.o. - Spa bazeni\",\"url\":\"https:\/\/www.spa-pools.eu\/si\/\",\"sameAs\":[\"https:\/\/www.facebook.com\/Nivetobazeniifontane\/\"],\"logo\":{\"@type\":\"ImageObject\",\"@id\":\"https:\/\/www.spa-pools.eu\/si\/#logo\",\"inLanguage\":\"en-US\",\"url\":\"https:\/\/www.spa-pools.eu\/si\/wp-content\/uploads\/revslider\/home3-rs1\/logo.png\",\"width\":203,\"height\":60,\"caption\":\"Niveto d.o.o. - Spa bazeni\"},\"image\":{\"@id\":\"https:\/\/www.spa-pools.eu\/si\/#logo\"}},{\"@type\":\"WebSite\",\"@id\":\"https:\/\/www.spa-pools.eu\/si\/#website\",\"url\":\"https:\/\/www.spa-pools.eu\/si\/\",\"name\":\"NIVETO Bazeni\",\"description\":\"Spa masa\\u017eni bazeni\",\"publisher\":{\"@id\":\"https:\/\/www.spa-pools.eu\/si\/#organization\"},\"potentialAction\":[{\"@type\":\"SearchAction\",\"target\":\"https:\/\/www.spa-pools.eu\/si\/?s={search_term_string}\",\"query-input\":\"required name=search_term_string\"}],\"inLanguage\":\"en-US\"},{\"@type\":\"ImageObject\",\"@id\":\"https:\/\/www.spa-pools.eu\/si\/product\/mts-james-podvodni-usisavac\/#primaryimage\",\"inLanguage\":\"en-US\",\"url\":\"https:\/\/www.spa-pools.eu\/si\/wp-content\/uploads\/2018\/11\/james.jpg\",\"width\":500,\"height\":500},{\"@type\":\"WebPage\",\"@id\":\"https:\/\/www.spa-pools.eu\/si\/product\/mts-james-podvodni-usisavac\/#webpage\",\"url\":\"https:\/\/www.spa-pools.eu\/si\/product\/mts-james-podvodni-usisavac\/\",\"name\":\"Podvodni sesalnik MTS James za bazene in SPA | NIVETO Bazeni\",\"isPartOf\":{\"@id\":\"https:\/\/www.spa-pools.eu\/si\/#website\"},\"primaryImageOfPage\":{\"@id\":\"https:\/\/www.spa-pools.eu\/si\/product\/mts-james-podvodni-usisavac\/#primaryimage\"},\"datePublished\":\"2018-11-29T09:38:11+00:00\",\"dateModified\":\"2023-03-02T11:12:53+00:00\",\"description\":\"James Podvodni sesalnik za bazen.Ro\\u010dni sesalnik z integrirano potopno \\u010drpalko za sesanje grobih delcev z dna in sten bazena.cene so za enkratno pla\\u010dilo z\\u00a0debetnimi in kreditnimi karticami\",\"inLanguage\":\"en-US\",\"potentialAction\":[{\"@type\":\"ReadAction\",\"target\":[\"https:\/\/www.spa-pools.eu\/si\/product\/mts-james-podvodni-usisavac\/\"]}]}]}<\/script>\n<!-- \/ Yoast SEO Premium plugin. -->","_links":{"self":[{"href":"https:\/\/www.spa-pools.eu\/si\/wp-json\/wp\/v2\/product\/20108","targetHints":{"allow":["GET"]}}],"collection":[{"href":"https:\/\/www.spa-pools.eu\/si\/wp-json\/wp\/v2\/product"}],"about":[{"href":"https:\/\/www.spa-pools.eu\/si\/wp-json\/wp\/v2\/types\/product"}],"replies":[{"embeddable":true,"href":"https:\/\/www.spa-pools.eu\/si\/wp-json\/wp\/v2\/comments?post=20108"}],"wp:featuredmedia":[{"embeddable":true,"href":"https:\/\/www.spa-pools.eu\/si\/wp-json\/wp\/v2\/media\/20109"}],"wp:attachment":[{"href":"https:\/\/www.spa-pools.eu\/si\/wp-json\/wp\/v2\/media?parent=20108"}],"wp:term":[{"taxonomy":"product_brand","embeddable":true,"href":"https:\/\/www.spa-pools.eu\/si\/wp-json\/wp\/v2\/product_brand?post=20108"},{"taxonomy":"product_cat","embeddable":true,"href":"https:\/\/www.spa-pools.eu\/si\/wp-json\/wp\/v2\/product_cat?post=20108"},{"taxonomy":"product_tag","embeddable":true,"href":"https:\/\/www.spa-pools.eu\/si\/wp-json\/wp\/v2\/product_tag?post=20108"},{"taxonomy":"specifikacije","embeddable":true,"href":"https:\/\/www.spa-pools.eu\/si\/wp-json\/wp\/v2\/specifikacije?post=20108"},{"taxonomy":"pumpe__elektronika__mlaznice","embeddable":true,"href":"https:\/\/www.spa-pools.eu\/si\/wp-json\/wp\/v2\/pumpe__elektronika__mlaznice?post=20108"},{"taxonomy":"filtracija","embeddable":true,"href":"https:\/\/www.spa-pools.eu\/si\/wp-json\/wp\/v2\/filtracija?post=20108"},{"taxonomy":"oprema","embeddable":true,"href":"https:\/\/www.spa-pools.eu\/si\/wp-json\/wp\/v2\/oprema?post=20108"},{"taxonomy":"yst_prominent_words","embeddable":true,"href":"https:\/\/www.spa-pools.eu\/si\/wp-json\/wp\/v2\/yst_prominent_words?post=20108"}],"curies":[{"name":"wp","href":"https:\/\/api.w.org\/{rel}","templated":true}]}}