{"id":20173,"date":"2019-01-11T13:31:08","date_gmt":"2019-01-11T13:31:08","guid":{"rendered":"https:\/\/www.spa.hr\/?post_type=product&#038;p=20173"},"modified":"2025-05-02T07:44:12","modified_gmt":"2025-05-02T07:44:12","slug":"masazni-bazen-spa-summer","status":"publish","type":"product","link":"https:\/\/www.spa-pools.eu\/si\/product\/masazni-bazen-spa-summer\/","title":{"rendered":"Masa\u017eni bazen, SPA Summer 190 x 190 x 78 cm &#8211; BUDGET serija"},"content":{"rendered":"<p><strong>SPECIFIKACIJE<\/strong>:<br \/>\ndimenzije: 1900mm x 1900mm x 780mm<br \/>\nDimenzije pakirane: 2000mm x 2000mm x 950mm<br \/>\nte\u017ea &#8211; suha \/ z vodo: 295 kg \/ 1169 kg<br \/>\nkoli\u010dino vode: 874 litrov<\/p>\n<p><strong>\u0160TEVILO MASA\u017dNIH MEST:<\/strong><br \/>\n\u0160tevilo oseb: 5<br \/>\nle\u017ealna mesta: 1<br \/>\nSede\u017ei: 4<\/p>\n<p><strong>KONSTRUKCIJA :\u00a0<\/strong><\/p>\n<p><span style=\"color: #008000;\">material lupine: akril US Aristech akril &#8211; na voljo 6 barv &#8211; toplotno izoliran<\/span><\/p>\n<p><img decoding=\"async\" class=\"wp-image-20959 alignleft\" src=\"https:\/\/www.spa.hr\/wp-content\/uploads\/2018\/06\/Boje-Akrila-page-001.jpg\" alt=\"\" width=\"559\" height=\"155\" srcset=\"https:\/\/www.spa-pools.eu\/si\/wp-content\/uploads\/2018\/06\/Boje-Akrila-page-001-200x55.jpg 200w, https:\/\/www.spa-pools.eu\/si\/wp-content\/uploads\/2018\/06\/Boje-Akrila-page-001-300x83.jpg 300w, https:\/\/www.spa-pools.eu\/si\/wp-content\/uploads\/2018\/06\/Boje-Akrila-page-001-400x111.jpg 400w, https:\/\/www.spa-pools.eu\/si\/wp-content\/uploads\/2018\/06\/Boje-Akrila-page-001-500x139.jpg 500w, https:\/\/www.spa-pools.eu\/si\/wp-content\/uploads\/2018\/06\/Boje-Akrila-page-001-600x166.jpg 600w, https:\/\/www.spa-pools.eu\/si\/wp-content\/uploads\/2018\/06\/Boje-Akrila-page-001-700x194.jpg 700w, https:\/\/www.spa-pools.eu\/si\/wp-content\/uploads\/2018\/06\/Boje-Akrila-page-001-768x213.jpg 768w, https:\/\/www.spa-pools.eu\/si\/wp-content\/uploads\/2018\/06\/Boje-Akrila-page-001-800x222.jpg 800w, https:\/\/www.spa-pools.eu\/si\/wp-content\/uploads\/2018\/06\/Boje-Akrila-page-001-1024x284.jpg 1024w, https:\/\/www.spa-pools.eu\/si\/wp-content\/uploads\/2018\/06\/Boje-Akrila-page-001-1200x333.jpg 1200w, https:\/\/www.spa-pools.eu\/si\/wp-content\/uploads\/2018\/06\/Boje-Akrila-page-001.jpg 2175w\" sizes=\"(max-width: 559px) 100vw, 559px\" \/><\/p>\n<p>&nbsp;<\/p>\n<p>&nbsp;<\/p>\n<p>&nbsp;<\/p>\n<p>&nbsp;<\/p>\n<p>&nbsp;<\/p>\n<p><span style=\"color: #008000;\">obloga: na voljo 3 barve :<\/span><\/p>\n<p><img decoding=\"async\" class=\"wp-image-20937 alignleft\" src=\"https:\/\/www.spa.hr\/wp-content\/uploads\/2018\/06\/Color-options-1.jpg\" alt=\"\" width=\"514\" height=\"119\" srcset=\"https:\/\/www.spa-pools.eu\/si\/wp-content\/uploads\/2018\/06\/Color-options-1-200x46.jpg 200w, https:\/\/www.spa-pools.eu\/si\/wp-content\/uploads\/2018\/06\/Color-options-1-300x69.jpg 300w, https:\/\/www.spa-pools.eu\/si\/wp-content\/uploads\/2018\/06\/Color-options-1-400x93.jpg 400w, https:\/\/www.spa-pools.eu\/si\/wp-content\/uploads\/2018\/06\/Color-options-1-500x116.jpg 500w, https:\/\/www.spa-pools.eu\/si\/wp-content\/uploads\/2018\/06\/Color-options-1-600x139.jpg 600w, https:\/\/www.spa-pools.eu\/si\/wp-content\/uploads\/2018\/06\/Color-options-1-700x162.jpg 700w, https:\/\/www.spa-pools.eu\/si\/wp-content\/uploads\/2018\/06\/Color-options-1-768x178.jpg 768w, https:\/\/www.spa-pools.eu\/si\/wp-content\/uploads\/2018\/06\/Color-options-1-800x185.jpg 800w, https:\/\/www.spa-pools.eu\/si\/wp-content\/uploads\/2018\/06\/Color-options-1.jpg 859w\" sizes=\"(max-width: 514px) 100vw, 514px\" \/><\/p>\n<p>&nbsp;<\/p>\n<p>&nbsp;<\/p>\n<p>&nbsp;<\/p>\n<p>&nbsp;<\/p>\n<p>Grey &#8211; H03B\u00a0 \u00a0 \u00a0 \u00a0 \u00a0 \u00a0 \u00a0 \u00a0 \u00a0 \u00a0 \u00a0 \u00a0 \u00a0 \u00a0 \u00a0 \u00a0 \u00a0 \u00a0Teak H03\u00a0 \u00a0 \u00a0 \u00a0 \u00a0 \u00a0 \u00a0 \u00a0 \u00a0 \u00a0 \u00a0 \u00a0 \u00a0 \u00a0 Black &#8211; H06<\/p>\n<p>nosilni okvir: nerjave\u010de jeklo AISI 304<br \/>\nbaza: poliester<\/p>\n<p><strong>\u010cRPALKE: proizvajalec \u010drpalk najbolj\u0161ih blagovnih znamk na svetu<\/strong><br \/>\n<span class=\"VIiyi\" lang=\"sl\"><span class=\"JLqJ4b ChMk0b\" data-language-for-alternatives=\"sl\" data-language-to-translate-into=\"hr\" data-phrase-index=\"0\">masa\u017ena \u010drpalka &#8211; dve hitrosti: 2,2 kW<\/span><\/span><\/p>\n<p><strong>ELECTRONICS<\/strong>:<br \/>\nkrmilna enota: Joyonway P25B37<br \/>\nnadzorni zaslon: Joyonway PB554<br \/>\ngrelec: INOX 2 kw \/ 230 VAC<\/p>\n<p><strong>ELEKTRI\u010cNA POVEZAVA:<\/strong><br \/>\nmax: 4,7 kW \/ 22A \/ 230V<br \/>\nmin: 2,4 kW \/ 12A \/ 230V<br \/>\nStandardni 16A \/ 230V priklju\u010dek, 2,5 m kabel 3 x 2,5 mm2<\/p>\n<p><strong>MASA\u017dNE \u0160OBE: skupaj \u0161obe 39 kosov<\/strong><br \/>\n12 kos x 3 \u201d(7,5 cm)<br \/>\n27 kos x 1 \u201d(2,5 cm)<\/p>\n<p><strong>SVETLOBA \u2013 14 svetil<\/strong><br \/>\nLED RGB podvodna razsvetljava velika : 1 kos<br \/>\nLED RGB podvodna osvetlitev vodne linije : 10 kos<br \/>\nLED RGB osvetlitev stojala za skodelice : 2 kos<br \/>\nLED RGB INOX slap : 1 kos<\/p>\n<p><strong>FILTRACIJA IN VZDR\u017dEVANJE VODE:<\/strong><br \/>\nkartridni filter: 1 kos<br \/>\npovr\u0161ina filtracije: 10m2<br \/>\nGenerator ozona: 50 mg \/ h<\/p>\n<p><strong>DRUGA OPREMA:<\/strong><br \/>\nToplotna izolacija \u0161koljke bazena iz PU pene: 10 mm<br \/>\nprelivni ventil: 2 kos<br \/>\nregulator zraka: 2 kos<br \/>\n2&#8221; sesanje vode: 3 kos<br \/>\nodvodni ventil: 1 kos<br \/>\nblazine za glavo EVA: 3 kos<br \/>\nskimmer: da<br \/>\npoliestrska osnova: DA<br \/>\nINOX LED slap &#8211; da<br \/>\nLED dr\u017eala za skodelice &#8211; 3 kos<br \/>\ntermi\u010dni pokrov &#8211; vklju\u010den v ceno<br \/>\nstopnice : &#8211; vklju\u010den v ceno<br \/>\nkomplet za kemijo:<br \/>\ntester insta test 4 plus, pH minus 1kg, brom tablete 1kg,ivekor 1l<\/p>\n<p><span style=\"color: #0000ff;\"><strong>INOX LED slap<\/strong><\/span><br \/>\n<span style=\"color: #0000ff;\"><strong>LED dr\u017eala za kozarce<\/strong><\/span><\/p>\n<p><strong>OSTALI DODATKI &#8211;<\/strong> kupite po \u017eelji<\/p>\n<p><a href=\"https:\/\/www.spa-pools.eu\/si\/product-category\/dodatna-oprema\/\">https:\/\/www.spa-pools.eu\/si\/product-category\/dodatna-oprema\/<\/a><\/p>\n<p><strong>OPOMBA<\/strong>:<br \/>\nSlike so samo za ilustracijo in ne prikazujejo nujno identi\u010dnega bazena za prodajo.<br \/>\nVeljavni so samo opisi v prilogi.<br \/>\nBazen je kot Plug &amp; Play z navodili za namestitev, zagon, programiranje in vzdr\u017eevanje v angle\u0161\u010dini.<\/p>\n<p><strong>GARANCIJA<\/strong>:<br \/>\ngradnja: 10 let<br \/>\npovr\u0161ina lupine &#8211; akril: 5 let<br \/>\nostala oprema: 2 leti<\/p>\n","protected":false},"excerpt":{"rendered":"<p>https:\/\/www.youtube.com\/watch?v=kP4XZOjLOrk&amp;t=8s<\/p>\n","protected":false},"featured_media":22473,"comment_status":"open","ping_status":"closed","template":"","meta":{"_acf_changed":false},"product_brand":[],"product_cat":[92,541],"product_tag":[],"specifikacije":[],"pumpe__elektronika__mlaznice":[],"filtracija":[],"oprema":[],"yst_prominent_words":[206,373,243,374,287,361,214,210,215,237,219,660],"class_list":{"0":"post-20173","1":"product","2":"type-product","3":"status-publish","4":"has-post-thumbnail","6":"product_cat-masazni-bazeni-spa","7":"product_cat-masazni-bazeni-za-4-5-osebi","8":"product_shipping_class-cena-na-povprasevanje","9":"tm-no-options","11":"first","12":"outofstock","13":"sale","14":"taxable","15":"shipping-taxable","16":"purchasable","17":"product-type-simple"},"acf":[],"yoast_head":"<!-- This site is optimized with the Yoast SEO Premium plugin v14.0.4 - https:\/\/yoast.com\/wordpress\/plugins\/seo\/ -->\n<title>Masa\u017eni bazen, SPA Summer 190 x 190 x 78 cm - BUDGET serija | NIVETO Bazeni<\/title>\n<meta name=\"description\" content=\"https:\/\/www.youtube.com\/watch?v=kP4XZOjLOrk&amp;t=8s\" \/>\n<meta name=\"robots\" content=\"index, follow\" \/>\n<meta name=\"googlebot\" content=\"index, follow, max-snippet:-1, max-image-preview:large, max-video-preview:-1\" \/>\n<meta name=\"bingbot\" content=\"index, follow, max-snippet:-1, max-image-preview:large, max-video-preview:-1\" \/>\n<link rel=\"canonical\" href=\"https:\/\/www.spa-pools.eu\/si\/product\/masazni-bazen-spa-summer\/\" \/>\n<meta property=\"og:locale\" content=\"en_US\" \/>\n<meta property=\"og:type\" content=\"article\" \/>\n<meta property=\"og:title\" content=\"Masa\u017eni bazen, SPA Summer 190 x 190 x 78 cm - BUDGET serija | NIVETO Bazeni\" \/>\n<meta property=\"og:description\" content=\"https:\/\/www.youtube.com\/watch?v=kP4XZOjLOrk&amp;t=8s\" \/>\n<meta property=\"og:url\" content=\"https:\/\/www.spa-pools.eu\/si\/product\/masazni-bazen-spa-summer\/\" \/>\n<meta property=\"og:site_name\" content=\"NIVETO Bazeni\" \/>\n<meta property=\"article:publisher\" content=\"https:\/\/www.facebook.com\/Nivetobazeniifontane\/\" \/>\n<meta property=\"article:modified_time\" content=\"2025-05-02T07:44:12+00:00\" \/>\n<meta property=\"og:image\" content=\"https:\/\/www.spa-pools.eu\/si\/wp-content\/uploads\/2019\/01\/spa_hr_masa\u017eni_bazen_sumer.jpg\" \/>\n\t<meta property=\"og:image:width\" content=\"1200\" \/>\n\t<meta property=\"og:image:height\" content=\"800\" \/>\n<meta name=\"twitter:card\" content=\"summary_large_image\" \/>\n<script type=\"application\/ld+json\" class=\"yoast-schema-graph\">{\"@context\":\"https:\/\/schema.org\",\"@graph\":[{\"@type\":\"Organization\",\"@id\":\"https:\/\/www.spa-pools.eu\/si\/#organization\",\"name\":\"Niveto d.o.o. - Spa bazeni\",\"url\":\"https:\/\/www.spa-pools.eu\/si\/\",\"sameAs\":[\"https:\/\/www.facebook.com\/Nivetobazeniifontane\/\"],\"logo\":{\"@type\":\"ImageObject\",\"@id\":\"https:\/\/www.spa-pools.eu\/si\/#logo\",\"inLanguage\":\"en-US\",\"url\":\"https:\/\/www.spa-pools.eu\/si\/wp-content\/uploads\/revslider\/home3-rs1\/logo.png\",\"width\":203,\"height\":60,\"caption\":\"Niveto d.o.o. - Spa bazeni\"},\"image\":{\"@id\":\"https:\/\/www.spa-pools.eu\/si\/#logo\"}},{\"@type\":\"WebSite\",\"@id\":\"https:\/\/www.spa-pools.eu\/si\/#website\",\"url\":\"https:\/\/www.spa-pools.eu\/si\/\",\"name\":\"NIVETO Bazeni\",\"description\":\"Spa masa\\u017eni bazeni\",\"publisher\":{\"@id\":\"https:\/\/www.spa-pools.eu\/si\/#organization\"},\"potentialAction\":[{\"@type\":\"SearchAction\",\"target\":\"https:\/\/www.spa-pools.eu\/si\/?s={search_term_string}\",\"query-input\":\"required name=search_term_string\"}],\"inLanguage\":\"en-US\"},{\"@type\":\"ImageObject\",\"@id\":\"https:\/\/www.spa-pools.eu\/si\/product\/masazni-bazen-spa-summer\/#primaryimage\",\"inLanguage\":\"en-US\",\"url\":\"https:\/\/www.spa-pools.eu\/si\/wp-content\/uploads\/2019\/01\/spa_hr_masa\\u017eni_bazen_sumer.jpg\",\"width\":1200,\"height\":800},{\"@type\":\"WebPage\",\"@id\":\"https:\/\/www.spa-pools.eu\/si\/product\/masazni-bazen-spa-summer\/#webpage\",\"url\":\"https:\/\/www.spa-pools.eu\/si\/product\/masazni-bazen-spa-summer\/\",\"name\":\"Masa\\u017eni bazen, SPA Summer 190 x 190 x 78 cm - BUDGET serija | NIVETO Bazeni\",\"isPartOf\":{\"@id\":\"https:\/\/www.spa-pools.eu\/si\/#website\"},\"primaryImageOfPage\":{\"@id\":\"https:\/\/www.spa-pools.eu\/si\/product\/masazni-bazen-spa-summer\/#primaryimage\"},\"datePublished\":\"2019-01-11T13:31:08+00:00\",\"dateModified\":\"2025-05-02T07:44:12+00:00\",\"description\":\"https:\/\/www.youtube.com\/watch?v=kP4XZOjLOrk&amp;t=8s\",\"inLanguage\":\"en-US\",\"potentialAction\":[{\"@type\":\"ReadAction\",\"target\":[\"https:\/\/www.spa-pools.eu\/si\/product\/masazni-bazen-spa-summer\/\"]}]}]}<\/script>\n<!-- \/ Yoast SEO Premium plugin. -->","_links":{"self":[{"href":"https:\/\/www.spa-pools.eu\/si\/wp-json\/wp\/v2\/product\/20173","targetHints":{"allow":["GET"]}}],"collection":[{"href":"https:\/\/www.spa-pools.eu\/si\/wp-json\/wp\/v2\/product"}],"about":[{"href":"https:\/\/www.spa-pools.eu\/si\/wp-json\/wp\/v2\/types\/product"}],"replies":[{"embeddable":true,"href":"https:\/\/www.spa-pools.eu\/si\/wp-json\/wp\/v2\/comments?post=20173"}],"wp:featuredmedia":[{"embeddable":true,"href":"https:\/\/www.spa-pools.eu\/si\/wp-json\/wp\/v2\/media\/22473"}],"wp:attachment":[{"href":"https:\/\/www.spa-pools.eu\/si\/wp-json\/wp\/v2\/media?parent=20173"}],"wp:term":[{"taxonomy":"product_brand","embeddable":true,"href":"https:\/\/www.spa-pools.eu\/si\/wp-json\/wp\/v2\/product_brand?post=20173"},{"taxonomy":"product_cat","embeddable":true,"href":"https:\/\/www.spa-pools.eu\/si\/wp-json\/wp\/v2\/product_cat?post=20173"},{"taxonomy":"product_tag","embeddable":true,"href":"https:\/\/www.spa-pools.eu\/si\/wp-json\/wp\/v2\/product_tag?post=20173"},{"taxonomy":"specifikacije","embeddable":true,"href":"https:\/\/www.spa-pools.eu\/si\/wp-json\/wp\/v2\/specifikacije?post=20173"},{"taxonomy":"pumpe__elektronika__mlaznice","embeddable":true,"href":"https:\/\/www.spa-pools.eu\/si\/wp-json\/wp\/v2\/pumpe__elektronika__mlaznice?post=20173"},{"taxonomy":"filtracija","embeddable":true,"href":"https:\/\/www.spa-pools.eu\/si\/wp-json\/wp\/v2\/filtracija?post=20173"},{"taxonomy":"oprema","embeddable":true,"href":"https:\/\/www.spa-pools.eu\/si\/wp-json\/wp\/v2\/oprema?post=20173"},{"taxonomy":"yst_prominent_words","embeddable":true,"href":"https:\/\/www.spa-pools.eu\/si\/wp-json\/wp\/v2\/yst_prominent_words?post=20173"}],"curies":[{"name":"wp","href":"https:\/\/api.w.org\/{rel}","templated":true}]}}