{"id":20605,"date":"2019-04-08T21:18:34","date_gmt":"2019-04-08T21:18:34","guid":{"rendered":"https:\/\/www.spa.hr\/?post_type=product&#038;p=20605"},"modified":"2025-04-15T13:23:38","modified_gmt":"2025-04-15T13:23:38","slug":"ir-infrardeca-savna-eco-90-90-190-cm-ena-oseba","status":"publish","type":"product","link":"https:\/\/www.spa-pools.eu\/si\/product\/ir-infrardeca-savna-eco-90-90-190-cm-ena-oseba\/","title":{"rendered":"IR infrarde\u010da SAVNA &#8211; ECO &#8211; 90 x 90 x 190 cm &#8211; ena oseba"},"content":{"rendered":"<p><strong><span style=\"vertical-align: inherit;\"><span style=\"vertical-align: inherit;\">Dimenzija: 900 mm x 904 mm x 1905 mm &#8211; za eno osebo<\/span><\/span><\/strong><\/p>\n<p><strong><span style=\"vertical-align: inherit;\"><span style=\"vertical-align: inherit;\">STANDARDNA OPREMA:<\/span><\/span><\/strong><\/p>\n<p><span style=\"vertical-align: inherit;\"><span style=\"vertical-align: inherit;\">\u2022 Les: kanadski je\u017eek (Tsuga canadensis) <\/span><\/span><br \/>\n<span style=\"vertical-align: inherit;\"><span style=\"vertical-align: inherit;\">\u2022 Debelina plo\u010da: 48 mm <\/span><\/span><br \/>\n<span style=\"vertical-align: inherit;\"><span style=\"vertical-align: inherit;\">\u2022 nadzorna plo\u010da <\/span><\/span><br \/>\n<span style=\"vertical-align: inherit;\"><span style=\"vertical-align: inherit;\">\u2022 6 mm vrata iz kaljenog stekla s ro\u010dajem u te\u010dajima, <\/span><\/span><br \/>\n<span style=\"vertical-align: inherit;\"><span style=\"vertical-align: inherit;\">\u2022 USB, Bluetooth u radiju s dva zvonika, <\/span><\/span><br \/>\n<span style=\"vertical-align: inherit;\"><span style=\"vertical-align: inherit;\">\u2022 Temperaturni senzor, <\/span><\/span><br \/>\n<span style=\"vertical-align: inherit;\"><span style=\"vertical-align: inherit;\">\u2022 prezra\u010divanje <\/span><\/span><br \/>\n<span style=\"vertical-align: inherit;\"><span style=\"vertical-align: inherit;\">\u2022 notranja razsvetljava <\/span><\/span><br \/>\n<span style=\"vertical-align: inherit;\"><span style=\"vertical-align: inherit;\">\u2022 Navodila za smje\u0161taj i odr\u017eavanje. <\/span><\/span><br \/>\n<span style=\"vertical-align: inherit;\"><span style=\"vertical-align: inherit;\">\u2022 Temperaturno podru\u010dje: 0-60 \u00b0<\/span><\/span><\/p>\n<p style=\"padding-left: 40px;\"><span style=\"vertical-align: inherit;\"><span style=\"vertical-align: inherit;\">Halogeni FAR Ruby grelniki: 1550W \/ 230V <\/span><\/span><br \/>\n<span style=\"vertical-align: inherit;\"><span style=\"vertical-align: inherit;\">zadaj: 1 x 350W <\/span><\/span><br \/>\n<span style=\"vertical-align: inherit;\"><span style=\"vertical-align: inherit;\">Bo\u010dno: 2 x 350W <\/span><\/span><br \/>\n<span style=\"vertical-align: inherit;\"><span style=\"vertical-align: inherit;\">listi: 1 x 500W<\/span><\/span><\/p>\n<p><strong><span style=\"vertical-align: inherit;\"><span style=\"vertical-align: inherit;\">Prednost uporabe savne:<\/span><\/span><\/strong><br \/>\n<span style=\"vertical-align: inherit;\"><span style=\"vertical-align: inherit;\"> \u2022 bolji \u0161panec <\/span><\/span><br \/>\n<span style=\"vertical-align: inherit;\"><span style=\"vertical-align: inherit;\">\u2022 postavljanje <\/span><\/span><br \/>\n<span style=\"vertical-align: inherit;\"><span style=\"vertical-align: inherit;\">\u2022 razstrupljanje <\/span><\/span><br \/>\n<span style=\"vertical-align: inherit;\"><span style=\"vertical-align: inherit;\">\u2022 izguba te\u017ee <\/span><\/span><br \/>\n<span style=\"vertical-align: inherit;\"><span style=\"vertical-align: inherit;\">\u2022 smanjenje vnetih mi\u0161i\u0107a <\/span><\/span><br \/>\n<span style=\"vertical-align: inherit;\"><span style=\"vertical-align: inherit;\">\u2022 smanjenje bolova u sklepu, kao \u0161to je artritis <\/span><\/span><br \/>\n<span style=\"vertical-align: inherit;\"><span style=\"vertical-align: inherit;\">\u2022 \u010cista i bolja \u010dvrsta ko\u017ea <\/span><\/span><br \/>\n<span style=\"vertical-align: inherit;\"><span style=\"vertical-align: inherit;\">\u2022 pobolj\u0161ana cirkulacija <\/span><\/span><br \/>\n<span style=\"vertical-align: inherit;\"><span style=\"vertical-align: inherit;\">\u2022 podr\u0161ka osobama sindromom kroni\u010dne utro\u0161enosti<\/span><\/span><\/p>\n<p><strong><span style=\"vertical-align: inherit;\"><span style=\"vertical-align: inherit;\">Ljudje so stoletje koriste savne za sve vrste zdravstvenih stanja:<\/span><\/span><\/strong><\/p>\n<p><span style=\"vertical-align: inherit;\"><span style=\"vertical-align: inherit;\">Pokazana je glavna studija 10, tako da su ljudi sindromom kroni\u010dne utro\u0161enosti imali koristi od upotrebe infracrvenog zra\u010denja kao dio njihove cjelokupne zdravstvene za\u0161tite. <\/span><\/span><br \/>\n<span style=\"vertical-align: inherit;\"><span style=\"vertical-align: inherit;\">Druga istra\u017eivanja na 10 osoba pokazala su se da \u0107e se infracrno pomo\u0107i u smanjenju bolova u mi\u0161ima i pove\u0107ati okretanje od treninga. <\/span><\/span><br \/>\n<span style=\"vertical-align: inherit;\"><span style=\"vertical-align: inherit;\">Na temelju vi\u0161e raziskova tako ugotovili, da infrarde\u010de savne mo\u017eete zni\u017eajo krvni tlak.<\/span><\/span><\/p>\n<p><strong><span style=\"vertical-align: inherit;\"><span style=\"vertical-align: inherit;\">Nasveti za upotrebu savn:<\/span><\/span><\/strong><\/p>\n<p><strong><span style=\"vertical-align: inherit;\"><span style=\"vertical-align: inherit;\">PIJO VODO<\/span><\/span><\/strong><span style=\"vertical-align: inherit;\"><span style=\"vertical-align: inherit;\"> : Pred uporabu upi\u0161ite kozare\u010dke vode. <\/span><span style=\"vertical-align: inherit;\">V savno mo\u017eete prinesete i vodo, jo\u0161 posebno, ako ste osjetljivi na vi\u0161e toplo.<\/span><\/span><\/p>\n<p><strong><span style=\"vertical-align: inherit;\"><span style=\"vertical-align: inherit;\">IZBERITE PRIMERNO TEMPERATURO<\/span><\/span><\/strong><span style=\"vertical-align: inherit;\"><span style=\"vertical-align: inherit;\"> : Povratna temperatura za infracrveno zamah od 40 \u00b0 C do 60 \u00b0.<\/span><\/span><\/p>\n<p><strong><span style=\"vertical-align: inherit;\"><span style=\"vertical-align: inherit;\">IZBERITE PRAVI \u010cAS<\/span><\/span><\/strong><span style=\"vertical-align: inherit;\"><span style=\"vertical-align: inherit;\"> : Za one po\u010detnike zapo\u010dnite od 10 do 15 minuta. <\/span><span style=\"vertical-align: inherit;\">Svako vrijeme mo\u017ee trajati du\u017ee, dok se ne preporu\u010de preporu\u010deni sati, od 20 do 30 minuta. &#8216;<\/span><\/span><\/p>\n<p><strong><span style=\"vertical-align: inherit;\"><span style=\"vertical-align: inherit;\">OBLA\u010cILO<\/span><\/span><\/strong><span style=\"vertical-align: inherit;\"><span style=\"vertical-align: inherit;\"> : Kako se obla\u010dite va\u0161im odabirom. <\/span><span style=\"vertical-align: inherit;\">Nekateri bodo nosili brisa\u010de, dok drugi raje hodijo goli. <\/span><span style=\"vertical-align: inherit;\">Ni preporu\u010dljivo iti u kopalke.Medtem ko ste u Savni: sprostite se, berete, meditirajte, izgovor glasbo ali se pogovarjajte s prijateljima. <\/span><span style=\"vertical-align: inherit;\">Samo ne spi!<\/span><\/span><\/p>\n<p><strong><span style=\"vertical-align: inherit;\"><span style=\"vertical-align: inherit;\">PO ZASEDNEM KRAJU<\/span><\/span><\/strong><span style=\"vertical-align: inherit;\"><span style=\"vertical-align: inherit;\"> : Ko seansa kon\u010da, preporu\u010damo, da uzmemo nekoliko sati, da se telo ohladi. <\/span><span style=\"vertical-align: inherit;\">Ko se ohladi, se mo\u017ee tu\u0161iraj ali kadi. <\/span><span style=\"vertical-align: inherit;\">Pazite le, da pijete velike vode. <\/span><\/span><br \/>\n<span style=\"vertical-align: inherit;\"><span style=\"vertical-align: inherit;\">Kako se \u010desto koriste savno: tri do \u010detiri dana u tjednu. <\/span><span style=\"vertical-align: inherit;\">Ako ste zdravi u \u010detiri dana, mo\u017eete se svakodnevno koristiti.<\/span><\/span><\/p>\n<p><strong><span style=\"vertical-align: inherit;\"><span style=\"vertical-align: inherit;\">FIR<\/span><\/span><\/strong><span style=\"vertical-align: inherit;\"><span style=\"vertical-align: inherit;\"> (udaljena infrarde\u010da crvena)<\/span><\/span><\/p>\n<p><strong><span style=\"vertical-align: inherit;\"><span style=\"vertical-align: inherit;\">FAR<\/span><\/span><\/strong><span style=\"vertical-align: inherit;\"><span style=\"vertical-align: inherit;\"> je najdalj\u0161a valovna dolina (100 \u00b5m), koja je sada najgloblje u tijelu, gdje se zadr\u017ei toksini.<\/span><\/span><\/p>\n<p><span style=\"vertical-align: inherit;\"><span style=\"vertical-align: inherit;\">S pove\u010danjem telesne temperature FAR stimulira znojne \u017eleze, kar ima za posledico globok, detox znoj, ki vas pusti, da se po\u017eivite. <\/span><span style=\"vertical-align: inherit;\">Osim toga, pove\u0107ajte sr\u010dni utrip u presnovu, a \u010dim poraste vi\u0161e kalorija.<\/span><\/span><\/p>\n<p><strong><span style=\"vertical-align: inherit;\"><span style=\"vertical-align: inherit;\">GARANCIJA: 2 leta<\/span><\/span><\/strong><\/p>\n<p><span style=\"vertical-align: inherit;\"><span style=\"vertical-align: inherit;\">pri\u010dakovana \u017eivotna doba grelca: 10.000 najranijih ur<\/span><\/span><\/p>\n","protected":false},"excerpt":{"rendered":"<p style=\"text-align: center;\">\n<p style=\"text-align: center;\"><span style=\"color: #3366ff;\"><strong><span style=\"vertical-align: inherit;\"><span style=\"vertical-align: inherit;\">cijene tako za jednokratno pla\u010dilo s debetnim i kreditnim karticama\u00a0<\/span><\/span><\/strong><\/span><\/p>\n","protected":false},"featured_media":22697,"comment_status":"open","ping_status":"closed","template":"","meta":{"_acf_changed":false},"product_brand":[],"product_cat":[537,161],"product_tag":[],"specifikacije":[],"pumpe__elektronika__mlaznice":[],"filtracija":[],"oprema":[],"yst_prominent_words":[312,250,1027,183,331,173,449,329,266,982,328,178,318,1140,179],"class_list":{"0":"post-20605","1":"product","2":"type-product","3":"status-publish","4":"has-post-thumbnail","6":"product_cat-ir-infrardece-savne","7":"product_cat-saune-infra-crvene-ir-karbon-finske-full-spectrum","8":"tm-no-options","10":"first","11":"instock","12":"taxable","13":"shipping-taxable","14":"purchasable","15":"product-type-simple"},"acf":[],"yoast_head":"<!-- This site is optimized with the Yoast SEO Premium plugin v14.0.4 - https:\/\/yoast.com\/wordpress\/plugins\/seo\/ -->\n<title>IR infrarde\u010da SAUNA - ECO - ena oseba | NIVETO Bazeni<\/title>\n<meta name=\"description\" content=\"cijene tako za jednokratno pla\u010dilo s debetnim i kreditnim karticama\u00a0\" \/>\n<meta name=\"robots\" content=\"index, follow\" \/>\n<meta name=\"googlebot\" content=\"index, follow, max-snippet:-1, max-image-preview:large, max-video-preview:-1\" \/>\n<meta name=\"bingbot\" content=\"index, follow, max-snippet:-1, max-image-preview:large, max-video-preview:-1\" \/>\n<link rel=\"canonical\" href=\"https:\/\/www.spa-pools.eu\/si\/product\/ir-infrardeca-savna-eco-90-90-190-cm-ena-oseba\/\" \/>\n<meta property=\"og:locale\" content=\"en_US\" \/>\n<meta property=\"og:type\" content=\"article\" \/>\n<meta property=\"og:title\" content=\"IR infrarde\u010da SAUNA - ECO - ena oseba | NIVETO Bazeni\" \/>\n<meta property=\"og:description\" content=\"cijene tako za jednokratno pla\u010dilo s debetnim i kreditnim karticama\u00a0\" \/>\n<meta property=\"og:url\" content=\"https:\/\/www.spa-pools.eu\/si\/product\/ir-infrardeca-savna-eco-90-90-190-cm-ena-oseba\/\" \/>\n<meta property=\"og:site_name\" content=\"NIVETO Bazeni\" \/>\n<meta property=\"article:publisher\" content=\"https:\/\/www.facebook.com\/Nivetobazeniifontane\/\" \/>\n<meta property=\"article:modified_time\" content=\"2025-04-15T13:23:38+00:00\" \/>\n<meta property=\"og:image\" content=\"https:\/\/www.spa-pools.eu\/si\/wp-content\/uploads\/2019\/04\/spa.hr-Infrarvena-sauna-90x90x190-1.jpg\" \/>\n\t<meta property=\"og:image:width\" content=\"1200\" \/>\n\t<meta property=\"og:image:height\" content=\"800\" \/>\n<meta name=\"twitter:card\" content=\"summary_large_image\" \/>\n<script type=\"application\/ld+json\" class=\"yoast-schema-graph\">{\"@context\":\"https:\/\/schema.org\",\"@graph\":[{\"@type\":\"Organization\",\"@id\":\"https:\/\/www.spa-pools.eu\/si\/#organization\",\"name\":\"Niveto d.o.o. - Spa bazeni\",\"url\":\"https:\/\/www.spa-pools.eu\/si\/\",\"sameAs\":[\"https:\/\/www.facebook.com\/Nivetobazeniifontane\/\"],\"logo\":{\"@type\":\"ImageObject\",\"@id\":\"https:\/\/www.spa-pools.eu\/si\/#logo\",\"inLanguage\":\"en-US\",\"url\":\"https:\/\/www.spa-pools.eu\/si\/wp-content\/uploads\/revslider\/home3-rs1\/logo.png\",\"width\":203,\"height\":60,\"caption\":\"Niveto d.o.o. - Spa bazeni\"},\"image\":{\"@id\":\"https:\/\/www.spa-pools.eu\/si\/#logo\"}},{\"@type\":\"WebSite\",\"@id\":\"https:\/\/www.spa-pools.eu\/si\/#website\",\"url\":\"https:\/\/www.spa-pools.eu\/si\/\",\"name\":\"NIVETO Bazeni\",\"description\":\"Spa masa\\u017eni bazeni\",\"publisher\":{\"@id\":\"https:\/\/www.spa-pools.eu\/si\/#organization\"},\"potentialAction\":[{\"@type\":\"SearchAction\",\"target\":\"https:\/\/www.spa-pools.eu\/si\/?s={search_term_string}\",\"query-input\":\"required name=search_term_string\"}],\"inLanguage\":\"en-US\"},{\"@type\":\"ImageObject\",\"@id\":\"https:\/\/www.spa-pools.eu\/si\/product\/ir-infrardeca-savna-eco-90-90-190-cm-ena-oseba\/#primaryimage\",\"inLanguage\":\"en-US\",\"url\":\"https:\/\/www.spa-pools.eu\/si\/wp-content\/uploads\/2019\/04\/spa.hr-Infrarvena-sauna-90x90x190-1.jpg\",\"width\":1200,\"height\":800},{\"@type\":\"WebPage\",\"@id\":\"https:\/\/www.spa-pools.eu\/si\/product\/ir-infrardeca-savna-eco-90-90-190-cm-ena-oseba\/#webpage\",\"url\":\"https:\/\/www.spa-pools.eu\/si\/product\/ir-infrardeca-savna-eco-90-90-190-cm-ena-oseba\/\",\"name\":\"IR infrarde\\u010da SAUNA - ECO - ena oseba | NIVETO Bazeni\",\"isPartOf\":{\"@id\":\"https:\/\/www.spa-pools.eu\/si\/#website\"},\"primaryImageOfPage\":{\"@id\":\"https:\/\/www.spa-pools.eu\/si\/product\/ir-infrardeca-savna-eco-90-90-190-cm-ena-oseba\/#primaryimage\"},\"datePublished\":\"2019-04-08T21:18:34+00:00\",\"dateModified\":\"2025-04-15T13:23:38+00:00\",\"description\":\"cijene tako za jednokratno pla\\u010dilo s debetnim i kreditnim karticama\\u00a0\",\"inLanguage\":\"en-US\",\"potentialAction\":[{\"@type\":\"ReadAction\",\"target\":[\"https:\/\/www.spa-pools.eu\/si\/product\/ir-infrardeca-savna-eco-90-90-190-cm-ena-oseba\/\"]}]}]}<\/script>\n<!-- \/ Yoast SEO Premium plugin. -->","_links":{"self":[{"href":"https:\/\/www.spa-pools.eu\/si\/wp-json\/wp\/v2\/product\/20605","targetHints":{"allow":["GET"]}}],"collection":[{"href":"https:\/\/www.spa-pools.eu\/si\/wp-json\/wp\/v2\/product"}],"about":[{"href":"https:\/\/www.spa-pools.eu\/si\/wp-json\/wp\/v2\/types\/product"}],"replies":[{"embeddable":true,"href":"https:\/\/www.spa-pools.eu\/si\/wp-json\/wp\/v2\/comments?post=20605"}],"wp:featuredmedia":[{"embeddable":true,"href":"https:\/\/www.spa-pools.eu\/si\/wp-json\/wp\/v2\/media\/22697"}],"wp:attachment":[{"href":"https:\/\/www.spa-pools.eu\/si\/wp-json\/wp\/v2\/media?parent=20605"}],"wp:term":[{"taxonomy":"product_brand","embeddable":true,"href":"https:\/\/www.spa-pools.eu\/si\/wp-json\/wp\/v2\/product_brand?post=20605"},{"taxonomy":"product_cat","embeddable":true,"href":"https:\/\/www.spa-pools.eu\/si\/wp-json\/wp\/v2\/product_cat?post=20605"},{"taxonomy":"product_tag","embeddable":true,"href":"https:\/\/www.spa-pools.eu\/si\/wp-json\/wp\/v2\/product_tag?post=20605"},{"taxonomy":"specifikacije","embeddable":true,"href":"https:\/\/www.spa-pools.eu\/si\/wp-json\/wp\/v2\/specifikacije?post=20605"},{"taxonomy":"pumpe__elektronika__mlaznice","embeddable":true,"href":"https:\/\/www.spa-pools.eu\/si\/wp-json\/wp\/v2\/pumpe__elektronika__mlaznice?post=20605"},{"taxonomy":"filtracija","embeddable":true,"href":"https:\/\/www.spa-pools.eu\/si\/wp-json\/wp\/v2\/filtracija?post=20605"},{"taxonomy":"oprema","embeddable":true,"href":"https:\/\/www.spa-pools.eu\/si\/wp-json\/wp\/v2\/oprema?post=20605"},{"taxonomy":"yst_prominent_words","embeddable":true,"href":"https:\/\/www.spa-pools.eu\/si\/wp-json\/wp\/v2\/yst_prominent_words?post=20605"}],"curies":[{"name":"wp","href":"https:\/\/api.w.org\/{rel}","templated":true}]}}