{"id":20910,"date":"2019-05-26T12:12:42","date_gmt":"2019-05-26T12:12:42","guid":{"rendered":"https:\/\/www.spa.hr\/?post_type=product&#038;p=20910"},"modified":"2026-03-27T07:16:29","modified_gmt":"2026-03-27T07:16:29","slug":"masazni-bazen-spa-lounge-5-standard","status":"publish","type":"product","link":"https:\/\/www.spa-pools.eu\/si\/product\/masazni-bazen-spa-lounge-5-standard\/","title":{"rendered":"Masa\u017eni bazen SPA Lounge 5 &#8211; 210 x 210 x 88 cm &#8211; STANDARD serija"},"content":{"rendered":"<p><strong>SPECIFIKACIJE<\/strong>:<br \/>\ndimenzije: 2100mm x 2100mm x 880mm<br \/>\ndimenzije pakirane: 2230mm x 2230mm x 1040mm<br \/>\nte\u017ea &#8211; brez vode \/ z vodo: 360KG\/1960KG<br \/>\nkoli\u010dino vode: 1600L<\/p>\n<p><strong>\u0160TEVILO MASA\u017dNIH MEST:<\/strong><br \/>\n\u0160tevilo oseb: 5<br \/>\nle\u017ealna mesta: 2<br \/>\nSede\u017ei: 3<\/p>\n<p><strong>KONSTRUKCIJA :\u00a0<\/strong><br \/>\n<span style=\"color: #008000;\">material lupine: akril US Aristech akril &#8211; na voljo 6 barv &#8211; toplotno izolirano<\/span><\/p>\n<p><img decoding=\"async\" class=\"wp-image-20959 alignleft\" src=\"https:\/\/www.spa.hr\/wp-content\/uploads\/2018\/06\/Boje-Akrila-page-001.jpg\" alt=\"\" width=\"534\" height=\"148\" srcset=\"https:\/\/www.spa-pools.eu\/si\/wp-content\/uploads\/2018\/06\/Boje-Akrila-page-001-200x55.jpg 200w, https:\/\/www.spa-pools.eu\/si\/wp-content\/uploads\/2018\/06\/Boje-Akrila-page-001-300x83.jpg 300w, https:\/\/www.spa-pools.eu\/si\/wp-content\/uploads\/2018\/06\/Boje-Akrila-page-001-400x111.jpg 400w, https:\/\/www.spa-pools.eu\/si\/wp-content\/uploads\/2018\/06\/Boje-Akrila-page-001-500x139.jpg 500w, https:\/\/www.spa-pools.eu\/si\/wp-content\/uploads\/2018\/06\/Boje-Akrila-page-001-600x166.jpg 600w, https:\/\/www.spa-pools.eu\/si\/wp-content\/uploads\/2018\/06\/Boje-Akrila-page-001-700x194.jpg 700w, https:\/\/www.spa-pools.eu\/si\/wp-content\/uploads\/2018\/06\/Boje-Akrila-page-001-768x213.jpg 768w, https:\/\/www.spa-pools.eu\/si\/wp-content\/uploads\/2018\/06\/Boje-Akrila-page-001-800x222.jpg 800w, https:\/\/www.spa-pools.eu\/si\/wp-content\/uploads\/2018\/06\/Boje-Akrila-page-001-1024x284.jpg 1024w, https:\/\/www.spa-pools.eu\/si\/wp-content\/uploads\/2018\/06\/Boje-Akrila-page-001-1200x333.jpg 1200w, https:\/\/www.spa-pools.eu\/si\/wp-content\/uploads\/2018\/06\/Boje-Akrila-page-001.jpg 2175w\" sizes=\"(max-width: 534px) 100vw, 534px\" \/><\/p>\n<p>&nbsp;<\/p>\n<p>&nbsp;<\/p>\n<p>&nbsp;<\/p>\n<p>&nbsp;<\/p>\n<p>&nbsp;<\/p>\n<p>okvir: na voljo 3 barve<\/p>\n<p><img decoding=\"async\" class=\"wp-image-20897 alignleft\" src=\"https:\/\/www.spa.hr\/wp-content\/uploads\/2019\/05\/Coffee.jpg\" alt=\"\" width=\"100\" height=\"103\" \/><\/p>\n<p><img decoding=\"async\" class=\"wp-image-20899 alignleft\" src=\"https:\/\/www.spa.hr\/wp-content\/uploads\/2019\/05\/Light-Brown.jpg\" alt=\"\" width=\"92\" height=\"101\" \/><\/p>\n<p><img decoding=\"async\" class=\" wp-image-20898 alignleft\" src=\"https:\/\/www.spa.hr\/wp-content\/uploads\/2019\/05\/Grey.jpg\" alt=\"\" width=\"96\" height=\"105\" \/><\/p>\n<p>&nbsp;<\/p>\n<p>&nbsp;<\/p>\n<p>&nbsp;<\/p>\n<p>&nbsp;<\/p>\n<p style=\"text-align: left;\">\u00a0 \u00a0 Coffee\u00a0 \u00a0 \u00a0 \u00a0 \u00a0 \u00a0 \u00a0 Light Brown\u00a0 \u00a0 \u00a0 \u00a0 \u00a0 \u00a0Grey<\/p>\n<p>nosilni okvir: aluminij<br \/>\nbaza: <span style=\"color: #000000;\">ABS<\/span><\/p>\n<p><strong>\u010cRPALKE IN PUHALA<\/strong>: proizvajalec \u010drpalk svetovnih premium znamk<br \/>\nobto\u010dna \u010drpalka: 0,35 kW<br \/>\nmasa\u017ena \u010drpalka: 2,2 kW<br \/>\nzra\u010dni turbo puhalo: 400 w<\/p>\n<p><strong>ELEKTRONIKA &#8211; Balboa ZDA<\/strong><br \/>\nkrmilna enota: BP200G2 + TP500S<br \/>\ngrelec: INOX 3 kw \/ 230 VAC<\/p>\n<p><strong>ELEKTRONIKA :<\/strong>\u00a0<strong>GECKO \u2013 Kanada<\/strong><br \/>\nkrmilna enota: YJ3<br \/>\nenota upravljanja: Gecko In.k 300<br \/>\ngrelec: INOX 3 kw<\/p>\n<p><strong>ELEKTRI\u010cNA POVEZAVA:<\/strong><br \/>\nmax: 6,00 kW \/ 230V<br \/>\nmin: 3 kW \/ 230V<br \/>\nStandardna povezava: 20A, 2,5 m kabel 3 x 2,5 mm2<\/p>\n<p><strong>KONFIGURACIJA \u0160OB:<\/strong><br \/>\n<em><strong>skupno \u0161tevilo \u0161ob: 43 kos<\/strong><\/em><br \/>\nusmerjeni vodni curki z regulacijo pretoka \u00d895 mm: 3 kos<br \/>\nusmerjeni vodni curki z regulacijo pretoka \u00d865 mm: 3 kos<br \/>\nvrtljiva vodna \u0161oba z regulacijo pretoka \u00d845 mm: 2 kos<br \/>\nvrtljiva vodna \u0161oba \u00d838 mm: 4 kos<br \/>\nusmerjene vodne \u0161obe \u00d838 mm: 21 kos<br \/>\nzra\u010dne \u0161obe: 10 kos<\/p>\n<p><strong>RASVET &#8211; 16 svetil<\/strong><br \/>\nLED RGB podvodna osvetlitev velika: 1 kos<br \/>\nLED RGB podvodna osvetlitev na vodno linijo: 8 kos<br \/>\nLED osvetlitev kota: 4 vogali<br \/>\nLED stojala za skodelice: 3 kos<\/p>\n<p><strong>GLASBA:<\/strong><br \/>\nBluetooth<br \/>\n2 vodoodporna zvo\u010dnika na ohi\u0161ju bazena + nizkotonec<\/p>\n<p><strong>FILTRACIJA:<\/strong><br \/>\nfiltrirni vlo\u017eek<br \/>\npovr\u0161ina filtracije: 10m2<\/p>\n<p><strong>VZDR\u017dEVANJE VODE:<\/strong><br \/>\nGenerator ozona 50 mg \/ h<\/p>\n<p><strong>DRUGA OPREMA:<\/strong><br \/>\naromaterapija: da<br \/>\nLED stojala za skodelice: 3<br \/>\nzra\u010dni regulator: 2 kom<br \/>\nprelivni ventil: 1 kos<br \/>\nsesalna \u010drpalka: 2 kos<br \/>\nizpustni ventil: 1 kos<br \/>\nEVA blazine za glavo: 3 kos<\/p>\n<p><strong>Stopnice: premium sive<\/strong><\/p>\n<p><strong>OSTALI DODATKI<\/strong> &#8211; kupite po \u017eelji:<\/p>\n<p><a href=\"https:\/\/www.spa-pools.eu\/si\/product-category\/dodatna-oprema\/\">https:\/\/www.spa-pools.eu\/si\/product-category\/dodatna-oprema\/<\/a><\/p>\n<p><strong>OPOMBA<\/strong>:<br \/>\nSlike so samo za ilustracijo in ne prikazujejo nujno identi\u010dnega bazena za prodajo.<br \/>\nVeljavni so samo opisi v prilogi.<br \/>\nBazen je kompleksen kot Plug &amp; Play z navodili za namestitev, zagon, programiranje in vzdr\u017eevanje v sloven\u0161\u010dini.<\/p>\n<p><strong>GARANCIJA<\/strong>:<br \/>\ngradnja: 10 let<br \/>\npovr\u0161ina lupine &#8211; akril: 5 let<br \/>\nostala oprema: 2 leti<\/p>\n","protected":false},"excerpt":{"rendered":"<p>Lounge 5 je ocenjen s 5, lahko pa tudi za 5 oseb.<\/p>\n<p>Z dvema posteljama in tremi sede\u017ei je eden ve\u010djih masa\u017enih bazenov.<\/p>\n<p>43 dobro uravnote\u017eenih \u0161ob v bazenu za pet je ve\u010d kot dovolj.<\/p>\n<p>Upo\u0161tevajte, da Lounge 5 ponuja tako vodno kot zra\u010dno masa\u017eo, kot tudi spro\u0161\u010dujo\u010do aromaterapijo, kromoterapijo, u\u017eivanje v osvetlitvi bazena in u\u010dinkovit dodatek k osvetlitvi va\u0161e steklene stojnice, vse z glasbo po va\u0161i izbiri, ki jo lahko poslu\u0161ate prek dveh vodnih zvo\u010dniko.<\/p>\n","protected":false},"featured_media":23590,"comment_status":"open","ping_status":"closed","template":"","meta":{"_acf_changed":false},"product_brand":[],"product_cat":[92,541],"product_tag":[],"specifikacije":[],"pumpe__elektronika__mlaznice":[],"filtracija":[],"oprema":[],"yst_prominent_words":[210,588],"class_list":{"0":"post-20910","1":"product","2":"type-product","3":"status-publish","4":"has-post-thumbnail","6":"product_cat-masazni-bazeni-spa","7":"product_cat-masazni-bazeni-za-4-5-osebi","8":"product_shipping_class-cena-na-povprasevanje","9":"tm-no-options","11":"first","12":"outofstock","13":"sale","14":"sold-individually","15":"taxable","16":"shipping-taxable","17":"purchasable","18":"product-type-simple"},"acf":[],"yoast_head":"<!-- This site is optimized with the Yoast SEO Premium plugin v14.0.4 - https:\/\/yoast.com\/wordpress\/plugins\/seo\/ -->\n<title>Masa\u017eni bazen SPA Lounge 5 - 210 x 210 x 88 cm - STANDARD serija | NIVETO Bazeni<\/title>\n<meta name=\"description\" content=\"Masa\u017eni Bazen | Lounge 5 je ocenjen s 5, lahko pa tudi za 5 oseb.  Z dvema posteljama in tremi sede\u017ei je eden ve\u010djih masa\u017enih bazenov.  43 dobro uravnote\u017eenih \u0161ob v bazenu za pet je ve\u010d kot dovolj.  Upo\u0161tevajte, da Lounge 5 ponuja tako vodno kot zra\u010dno masa\u017eo, kot tudi spro\u0161\u010dujo\u010do aromaterapijo, kromoterapijo, u\u017eivanje v osvetlitvi bazena in u\u010dinkovit dodatek k osvetlitvi va\u0161e steklene stojnice, vse z glasbo po va\u0161i izbiri, ki jo lahko poslu\u0161ate prek dveh vodnih zvo\u010dniko.\" \/>\n<meta name=\"robots\" content=\"index, follow\" \/>\n<meta name=\"googlebot\" content=\"index, follow, max-snippet:-1, max-image-preview:large, max-video-preview:-1\" \/>\n<meta name=\"bingbot\" content=\"index, follow, max-snippet:-1, max-image-preview:large, max-video-preview:-1\" \/>\n<link rel=\"canonical\" href=\"https:\/\/www.spa-pools.eu\/si\/product\/masazni-bazen-spa-lounge-5-standard\/\" \/>\n<meta property=\"og:locale\" content=\"en_US\" \/>\n<meta property=\"og:type\" content=\"article\" \/>\n<meta property=\"og:title\" content=\"Masa\u017eni bazen SPA Lounge 5 - 210 x 210 x 88 cm - STANDARD serija | NIVETO Bazeni\" \/>\n<meta property=\"og:description\" content=\"Masa\u017eni Bazen | Lounge 5 je ocenjen s 5, lahko pa tudi za 5 oseb.  Z dvema posteljama in tremi sede\u017ei je eden ve\u010djih masa\u017enih bazenov.  43 dobro uravnote\u017eenih \u0161ob v bazenu za pet je ve\u010d kot dovolj.  Upo\u0161tevajte, da Lounge 5 ponuja tako vodno kot zra\u010dno masa\u017eo, kot tudi spro\u0161\u010dujo\u010do aromaterapijo, kromoterapijo, u\u017eivanje v osvetlitvi bazena in u\u010dinkovit dodatek k osvetlitvi va\u0161e steklene stojnice, vse z glasbo po va\u0161i izbiri, ki jo lahko poslu\u0161ate prek dveh vodnih zvo\u010dniko.\" \/>\n<meta property=\"og:url\" content=\"https:\/\/www.spa-pools.eu\/si\/product\/masazni-bazen-spa-lounge-5-standard\/\" \/>\n<meta property=\"og:site_name\" content=\"NIVETO Bazeni\" \/>\n<meta property=\"article:publisher\" content=\"https:\/\/www.facebook.com\/Nivetobazeniifontane\/\" \/>\n<meta property=\"article:modified_time\" content=\"2026-03-27T07:16:29+00:00\" \/>\n<meta property=\"og:image\" content=\"https:\/\/www.spa-pools.eu\/si\/wp-content\/uploads\/2019\/05\/spa.hr-masazni-bazen-Lounge-5-8-1.jpg\" \/>\n\t<meta property=\"og:image:width\" content=\"1200\" \/>\n\t<meta property=\"og:image:height\" content=\"763\" \/>\n<meta name=\"twitter:card\" content=\"summary_large_image\" \/>\n<script type=\"application\/ld+json\" class=\"yoast-schema-graph\">{\"@context\":\"https:\/\/schema.org\",\"@graph\":[{\"@type\":\"Organization\",\"@id\":\"https:\/\/www.spa-pools.eu\/si\/#organization\",\"name\":\"Niveto d.o.o. - Spa bazeni\",\"url\":\"https:\/\/www.spa-pools.eu\/si\/\",\"sameAs\":[\"https:\/\/www.facebook.com\/Nivetobazeniifontane\/\"],\"logo\":{\"@type\":\"ImageObject\",\"@id\":\"https:\/\/www.spa-pools.eu\/si\/#logo\",\"inLanguage\":\"en-US\",\"url\":\"https:\/\/www.spa-pools.eu\/si\/wp-content\/uploads\/revslider\/home3-rs1\/logo.png\",\"width\":203,\"height\":60,\"caption\":\"Niveto d.o.o. - Spa bazeni\"},\"image\":{\"@id\":\"https:\/\/www.spa-pools.eu\/si\/#logo\"}},{\"@type\":\"WebSite\",\"@id\":\"https:\/\/www.spa-pools.eu\/si\/#website\",\"url\":\"https:\/\/www.spa-pools.eu\/si\/\",\"name\":\"NIVETO Bazeni\",\"description\":\"Spa masa\\u017eni bazeni\",\"publisher\":{\"@id\":\"https:\/\/www.spa-pools.eu\/si\/#organization\"},\"potentialAction\":[{\"@type\":\"SearchAction\",\"target\":\"https:\/\/www.spa-pools.eu\/si\/?s={search_term_string}\",\"query-input\":\"required name=search_term_string\"}],\"inLanguage\":\"en-US\"},{\"@type\":\"ImageObject\",\"@id\":\"https:\/\/www.spa-pools.eu\/si\/product\/masazni-bazen-spa-lounge-5-standard\/#primaryimage\",\"inLanguage\":\"en-US\",\"url\":\"https:\/\/www.spa-pools.eu\/si\/wp-content\/uploads\/2019\/05\/spa.hr-masazni-bazen-Lounge-5-8-1.jpg\",\"width\":1200,\"height\":763},{\"@type\":\"WebPage\",\"@id\":\"https:\/\/www.spa-pools.eu\/si\/product\/masazni-bazen-spa-lounge-5-standard\/#webpage\",\"url\":\"https:\/\/www.spa-pools.eu\/si\/product\/masazni-bazen-spa-lounge-5-standard\/\",\"name\":\"Masa\\u017eni bazen SPA Lounge 5 - 210 x 210 x 88 cm - STANDARD serija | NIVETO Bazeni\",\"isPartOf\":{\"@id\":\"https:\/\/www.spa-pools.eu\/si\/#website\"},\"primaryImageOfPage\":{\"@id\":\"https:\/\/www.spa-pools.eu\/si\/product\/masazni-bazen-spa-lounge-5-standard\/#primaryimage\"},\"datePublished\":\"2019-05-26T12:12:42+00:00\",\"dateModified\":\"2026-03-27T07:16:29+00:00\",\"description\":\"Masa\\u017eni Bazen | Lounge 5 je ocenjen s 5, lahko pa tudi za 5 oseb. Z dvema posteljama in tremi sede\\u017ei je eden ve\\u010djih masa\\u017enih bazenov. 43 dobro uravnote\\u017eenih \\u0161ob v bazenu za pet je ve\\u010d kot dovolj. Upo\\u0161tevajte, da Lounge 5 ponuja tako vodno kot zra\\u010dno masa\\u017eo, kot tudi spro\\u0161\\u010dujo\\u010do aromaterapijo, kromoterapijo, u\\u017eivanje v osvetlitvi bazena in u\\u010dinkovit dodatek k osvetlitvi va\\u0161e steklene stojnice, vse z glasbo po va\\u0161i izbiri, ki jo lahko poslu\\u0161ate prek dveh vodnih zvo\\u010dniko.\",\"inLanguage\":\"en-US\",\"potentialAction\":[{\"@type\":\"ReadAction\",\"target\":[\"https:\/\/www.spa-pools.eu\/si\/product\/masazni-bazen-spa-lounge-5-standard\/\"]}]}]}<\/script>\n<!-- \/ Yoast SEO Premium plugin. -->","_links":{"self":[{"href":"https:\/\/www.spa-pools.eu\/si\/wp-json\/wp\/v2\/product\/20910","targetHints":{"allow":["GET"]}}],"collection":[{"href":"https:\/\/www.spa-pools.eu\/si\/wp-json\/wp\/v2\/product"}],"about":[{"href":"https:\/\/www.spa-pools.eu\/si\/wp-json\/wp\/v2\/types\/product"}],"replies":[{"embeddable":true,"href":"https:\/\/www.spa-pools.eu\/si\/wp-json\/wp\/v2\/comments?post=20910"}],"wp:featuredmedia":[{"embeddable":true,"href":"https:\/\/www.spa-pools.eu\/si\/wp-json\/wp\/v2\/media\/23590"}],"wp:attachment":[{"href":"https:\/\/www.spa-pools.eu\/si\/wp-json\/wp\/v2\/media?parent=20910"}],"wp:term":[{"taxonomy":"product_brand","embeddable":true,"href":"https:\/\/www.spa-pools.eu\/si\/wp-json\/wp\/v2\/product_brand?post=20910"},{"taxonomy":"product_cat","embeddable":true,"href":"https:\/\/www.spa-pools.eu\/si\/wp-json\/wp\/v2\/product_cat?post=20910"},{"taxonomy":"product_tag","embeddable":true,"href":"https:\/\/www.spa-pools.eu\/si\/wp-json\/wp\/v2\/product_tag?post=20910"},{"taxonomy":"specifikacije","embeddable":true,"href":"https:\/\/www.spa-pools.eu\/si\/wp-json\/wp\/v2\/specifikacije?post=20910"},{"taxonomy":"pumpe__elektronika__mlaznice","embeddable":true,"href":"https:\/\/www.spa-pools.eu\/si\/wp-json\/wp\/v2\/pumpe__elektronika__mlaznice?post=20910"},{"taxonomy":"filtracija","embeddable":true,"href":"https:\/\/www.spa-pools.eu\/si\/wp-json\/wp\/v2\/filtracija?post=20910"},{"taxonomy":"oprema","embeddable":true,"href":"https:\/\/www.spa-pools.eu\/si\/wp-json\/wp\/v2\/oprema?post=20910"},{"taxonomy":"yst_prominent_words","embeddable":true,"href":"https:\/\/www.spa-pools.eu\/si\/wp-json\/wp\/v2\/yst_prominent_words?post=20910"}],"curies":[{"name":"wp","href":"https:\/\/api.w.org\/{rel}","templated":true}]}}