{"id":21152,"date":"2019-07-30T09:51:00","date_gmt":"2019-07-30T09:51:00","guid":{"rendered":"https:\/\/www.spa.hr\/?post_type=product&#038;p=21152"},"modified":"2025-07-04T08:46:27","modified_gmt":"2025-07-04T08:46:27","slug":"spa-upravljacka-tipkovnica-gecko-in-k-1000","status":"publish","type":"product","link":"https:\/\/www.spa-pools.eu\/si\/product\/spa-upravljacka-tipkovnica-gecko-in-k-1000\/","title":{"rendered":"Spa nadzorna tipkovnica GECKO in.k 1000"},"content":{"rendered":"<p>GECKO nadzorna spa tipkovnica in.k 1000 z zaslonom na dotik in barvo.<\/p>\n<p>in.k 1000 je najbolj\u0161a tipkovnica, ki jo lahko ima va\u0161e zdravili\u0161\u010de.<\/p>\n<p>Hitro in enostavno je mogo\u010de upravljati z vso opremo v va\u0161em masa\u017enem bazenu.<\/p>\n<p>Zdru\u017eljivo s krmilniki &#8221; Y &#8221; in &#8221; X &#8221;.<\/p>\n","protected":false},"excerpt":{"rendered":"<p>cene so za enkratno pla\u010dilo z\u00a0<strong>debetnimi in kreditnimi karticami<\/strong><\/p>\n","protected":false},"featured_media":21074,"comment_status":"open","ping_status":"closed","template":"","meta":{"_acf_changed":false},"product_brand":[],"product_cat":[95],"product_tag":[],"specifikacije":[],"pumpe__elektronika__mlaznice":[],"filtracija":[],"oprema":[],"yst_prominent_words":[258,259,257,173,254],"class_list":{"0":"post-21152","1":"product","2":"type-product","3":"status-publish","4":"has-post-thumbnail","6":"product_cat-potrosni-materijal","7":"tm-no-options","9":"first","10":"instock","11":"taxable","12":"shipping-taxable","13":"purchasable","14":"product-type-simple"},"acf":[],"yoast_head":"<!-- This site is optimized with the Yoast SEO Premium plugin v14.0.4 - https:\/\/yoast.com\/wordpress\/plugins\/seo\/ -->\n<title>Spa nadzorna tipkovnica GECKO in.k 1000 | NIVETO Bazeni<\/title>\n<meta name=\"description\" content=\"GECKO nadzorna spa tipkovnica in.k 1000 z zaslonom na dotik in barvo.in.k 1000 je najbolj\u0161a tipkovnica, ki jo lahko ima va\u0161e zdravili\u0161\u010de.\" \/>\n<meta name=\"robots\" content=\"index, follow\" \/>\n<meta name=\"googlebot\" content=\"index, follow, max-snippet:-1, max-image-preview:large, max-video-preview:-1\" \/>\n<meta name=\"bingbot\" content=\"index, follow, max-snippet:-1, max-image-preview:large, max-video-preview:-1\" \/>\n<link rel=\"canonical\" href=\"https:\/\/www.spa-pools.eu\/si\/product\/spa-upravljacka-tipkovnica-gecko-in-k-1000\/\" \/>\n<meta property=\"og:locale\" content=\"en_US\" \/>\n<meta property=\"og:type\" content=\"article\" \/>\n<meta property=\"og:title\" content=\"Spa nadzorna tipkovnica GECKO in.k 1000 | NIVETO Bazeni\" \/>\n<meta property=\"og:description\" content=\"GECKO nadzorna spa tipkovnica in.k 1000 z zaslonom na dotik in barvo.in.k 1000 je najbolj\u0161a tipkovnica, ki jo lahko ima va\u0161e zdravili\u0161\u010de.\" \/>\n<meta property=\"og:url\" content=\"https:\/\/www.spa-pools.eu\/si\/product\/spa-upravljacka-tipkovnica-gecko-in-k-1000\/\" \/>\n<meta property=\"og:site_name\" content=\"NIVETO Bazeni\" \/>\n<meta property=\"article:publisher\" content=\"https:\/\/www.facebook.com\/Nivetobazeniifontane\/\" \/>\n<meta property=\"article:modified_time\" content=\"2025-07-04T08:46:27+00:00\" \/>\n<meta property=\"og:image\" content=\"https:\/\/www.spa-pools.eu\/si\/wp-content\/uploads\/2019\/01\/DSC_2603-Custom.jpg\" \/>\n\t<meta property=\"og:image:width\" content=\"1200\" \/>\n\t<meta property=\"og:image:height\" content=\"800\" \/>\n<meta name=\"twitter:card\" content=\"summary_large_image\" \/>\n<script type=\"application\/ld+json\" class=\"yoast-schema-graph\">{\"@context\":\"https:\/\/schema.org\",\"@graph\":[{\"@type\":\"Organization\",\"@id\":\"https:\/\/www.spa-pools.eu\/si\/#organization\",\"name\":\"Niveto d.o.o. - Spa bazeni\",\"url\":\"https:\/\/www.spa-pools.eu\/si\/\",\"sameAs\":[\"https:\/\/www.facebook.com\/Nivetobazeniifontane\/\"],\"logo\":{\"@type\":\"ImageObject\",\"@id\":\"https:\/\/www.spa-pools.eu\/si\/#logo\",\"inLanguage\":\"en-US\",\"url\":\"https:\/\/www.spa-pools.eu\/si\/wp-content\/uploads\/revslider\/home3-rs1\/logo.png\",\"width\":203,\"height\":60,\"caption\":\"Niveto d.o.o. - Spa bazeni\"},\"image\":{\"@id\":\"https:\/\/www.spa-pools.eu\/si\/#logo\"}},{\"@type\":\"WebSite\",\"@id\":\"https:\/\/www.spa-pools.eu\/si\/#website\",\"url\":\"https:\/\/www.spa-pools.eu\/si\/\",\"name\":\"NIVETO Bazeni\",\"description\":\"Spa masa\\u017eni bazeni\",\"publisher\":{\"@id\":\"https:\/\/www.spa-pools.eu\/si\/#organization\"},\"potentialAction\":[{\"@type\":\"SearchAction\",\"target\":\"https:\/\/www.spa-pools.eu\/si\/?s={search_term_string}\",\"query-input\":\"required name=search_term_string\"}],\"inLanguage\":\"en-US\"},{\"@type\":\"ImageObject\",\"@id\":\"https:\/\/www.spa-pools.eu\/si\/product\/spa-upravljacka-tipkovnica-gecko-in-k-1000\/#primaryimage\",\"inLanguage\":\"en-US\",\"url\":\"https:\/\/www.spa-pools.eu\/si\/wp-content\/uploads\/2019\/01\/DSC_2603-Custom.jpg\",\"width\":1200,\"height\":800},{\"@type\":\"WebPage\",\"@id\":\"https:\/\/www.spa-pools.eu\/si\/product\/spa-upravljacka-tipkovnica-gecko-in-k-1000\/#webpage\",\"url\":\"https:\/\/www.spa-pools.eu\/si\/product\/spa-upravljacka-tipkovnica-gecko-in-k-1000\/\",\"name\":\"Spa nadzorna tipkovnica GECKO in.k 1000 | NIVETO Bazeni\",\"isPartOf\":{\"@id\":\"https:\/\/www.spa-pools.eu\/si\/#website\"},\"primaryImageOfPage\":{\"@id\":\"https:\/\/www.spa-pools.eu\/si\/product\/spa-upravljacka-tipkovnica-gecko-in-k-1000\/#primaryimage\"},\"datePublished\":\"2019-07-30T09:51:00+00:00\",\"dateModified\":\"2025-07-04T08:46:27+00:00\",\"description\":\"GECKO nadzorna spa tipkovnica in.k 1000 z zaslonom na dotik in barvo.in.k 1000 je najbolj\\u0161a tipkovnica, ki jo lahko ima va\\u0161e zdravili\\u0161\\u010de.\",\"inLanguage\":\"en-US\",\"potentialAction\":[{\"@type\":\"ReadAction\",\"target\":[\"https:\/\/www.spa-pools.eu\/si\/product\/spa-upravljacka-tipkovnica-gecko-in-k-1000\/\"]}]}]}<\/script>\n<!-- \/ Yoast SEO Premium plugin. -->","_links":{"self":[{"href":"https:\/\/www.spa-pools.eu\/si\/wp-json\/wp\/v2\/product\/21152","targetHints":{"allow":["GET"]}}],"collection":[{"href":"https:\/\/www.spa-pools.eu\/si\/wp-json\/wp\/v2\/product"}],"about":[{"href":"https:\/\/www.spa-pools.eu\/si\/wp-json\/wp\/v2\/types\/product"}],"replies":[{"embeddable":true,"href":"https:\/\/www.spa-pools.eu\/si\/wp-json\/wp\/v2\/comments?post=21152"}],"wp:featuredmedia":[{"embeddable":true,"href":"https:\/\/www.spa-pools.eu\/si\/wp-json\/wp\/v2\/media\/21074"}],"wp:attachment":[{"href":"https:\/\/www.spa-pools.eu\/si\/wp-json\/wp\/v2\/media?parent=21152"}],"wp:term":[{"taxonomy":"product_brand","embeddable":true,"href":"https:\/\/www.spa-pools.eu\/si\/wp-json\/wp\/v2\/product_brand?post=21152"},{"taxonomy":"product_cat","embeddable":true,"href":"https:\/\/www.spa-pools.eu\/si\/wp-json\/wp\/v2\/product_cat?post=21152"},{"taxonomy":"product_tag","embeddable":true,"href":"https:\/\/www.spa-pools.eu\/si\/wp-json\/wp\/v2\/product_tag?post=21152"},{"taxonomy":"specifikacije","embeddable":true,"href":"https:\/\/www.spa-pools.eu\/si\/wp-json\/wp\/v2\/specifikacije?post=21152"},{"taxonomy":"pumpe__elektronika__mlaznice","embeddable":true,"href":"https:\/\/www.spa-pools.eu\/si\/wp-json\/wp\/v2\/pumpe__elektronika__mlaznice?post=21152"},{"taxonomy":"filtracija","embeddable":true,"href":"https:\/\/www.spa-pools.eu\/si\/wp-json\/wp\/v2\/filtracija?post=21152"},{"taxonomy":"oprema","embeddable":true,"href":"https:\/\/www.spa-pools.eu\/si\/wp-json\/wp\/v2\/oprema?post=21152"},{"taxonomy":"yst_prominent_words","embeddable":true,"href":"https:\/\/www.spa-pools.eu\/si\/wp-json\/wp\/v2\/yst_prominent_words?post=21152"}],"curies":[{"name":"wp","href":"https:\/\/api.w.org\/{rel}","templated":true}]}}