{"id":21720,"date":"2020-04-06T10:17:05","date_gmt":"2020-04-06T10:17:05","guid":{"rendered":"https:\/\/www.spa-pools.eu\/si\/?post_type=product&#038;p=21720"},"modified":"2025-03-06T13:29:55","modified_gmt":"2025-03-06T13:29:55","slug":"vecnamenske-tablete-20g-za-bazen-1kg","status":"publish","type":"product","link":"https:\/\/www.spa-pools.eu\/si\/product\/vecnamenske-tablete-20g-za-bazen-1kg\/","title":{"rendered":"Ve\u010dnamenske tablete 20g za bazen 1kg"},"content":{"rendered":"<p>Visokozmogljivo razku\u017eilo s klorom v obliki 20 g tablet z dodatkom algicidov za odstranjevanje vseh vrst alg in flokulantov za \u010di\u0161\u010denje vode.<\/p>\n<p>Primeren je za popolno obdelavo manj\u0161ih bazenov.<\/p>\n<p>Odmerjanje: 1 tableta 20g na 1,5m3 vode na teden.<\/p>\n<p>Razdeljen je preko skimmerja ali plavajo\u010dega razpr\u0161ilnika.<\/p>\n<p>Pakiranje za 1 kilogram.<\/p>\n<p>&nbsp;<\/p>\n","protected":false},"excerpt":{"rendered":"<p>cene so za enkratno pla\u010dilo z\u00a0<strong>debetnimi in kreditnimi karticami<\/strong><\/p>\n","protected":false},"featured_media":20089,"comment_status":"open","ping_status":"closed","template":"","meta":{"_acf_changed":false},"product_brand":[],"product_cat":[93],"product_tag":[],"specifikacije":[],"pumpe__elektronika__mlaznice":[],"filtracija":[],"oprema":[],"yst_prominent_words":[173,266,380,179],"class_list":{"0":"post-21720","1":"product","2":"type-product","3":"status-publish","4":"has-post-thumbnail","6":"product_cat-bazenska-kemija","7":"tm-no-options","9":"first","10":"instock","11":"taxable","12":"shipping-taxable","13":"purchasable","14":"product-type-simple"},"acf":[],"yoast_head":"<!-- This site is optimized with the Yoast SEO Premium plugin v14.0.4 - https:\/\/yoast.com\/wordpress\/plugins\/seo\/ -->\n<title>Ve\u010dnamenske tablete 20g za bazen 1kg | NIVETO Bazeni<\/title>\n<meta name=\"description\" content=\"Visokozmogljivo razku\u017eilo s klorom v obliki 200 g tablet z dodatkom algicidov za odstranjevanje vseh vrst alg in flokulantov za \u010di\u0161\u010denje vode.\" \/>\n<meta name=\"robots\" content=\"index, follow\" \/>\n<meta name=\"googlebot\" content=\"index, follow, max-snippet:-1, max-image-preview:large, max-video-preview:-1\" \/>\n<meta name=\"bingbot\" content=\"index, follow, max-snippet:-1, max-image-preview:large, max-video-preview:-1\" \/>\n<link rel=\"canonical\" href=\"https:\/\/www.spa-pools.eu\/si\/product\/vecnamenske-tablete-20g-za-bazen-1kg\/\" \/>\n<meta property=\"og:locale\" content=\"en_US\" \/>\n<meta property=\"og:type\" content=\"article\" \/>\n<meta property=\"og:title\" content=\"Ve\u010dnamenske tablete 20g za bazen 1kg | NIVETO Bazeni\" \/>\n<meta property=\"og:description\" content=\"Visokozmogljivo razku\u017eilo s klorom v obliki 200 g tablet z dodatkom algicidov za odstranjevanje vseh vrst alg in flokulantov za \u010di\u0161\u010denje vode.\" \/>\n<meta property=\"og:url\" content=\"https:\/\/www.spa-pools.eu\/si\/product\/vecnamenske-tablete-20g-za-bazen-1kg\/\" \/>\n<meta property=\"og:site_name\" content=\"NIVETO Bazeni\" \/>\n<meta property=\"article:publisher\" content=\"https:\/\/www.facebook.com\/Nivetobazeniifontane\/\" \/>\n<meta property=\"article:modified_time\" content=\"2025-03-06T13:29:55+00:00\" \/>\n<meta property=\"og:image\" content=\"https:\/\/www.spa-pools.eu\/si\/wp-content\/uploads\/2018\/11\/multifunkcijske-tablete-1-kg.jpg\" \/>\n\t<meta property=\"og:image:width\" content=\"250\" \/>\n\t<meta property=\"og:image:height\" content=\"165\" \/>\n<meta name=\"twitter:card\" content=\"summary_large_image\" \/>\n<script type=\"application\/ld+json\" class=\"yoast-schema-graph\">{\"@context\":\"https:\/\/schema.org\",\"@graph\":[{\"@type\":\"Organization\",\"@id\":\"https:\/\/www.spa-pools.eu\/si\/#organization\",\"name\":\"Niveto d.o.o. - Spa bazeni\",\"url\":\"https:\/\/www.spa-pools.eu\/si\/\",\"sameAs\":[\"https:\/\/www.facebook.com\/Nivetobazeniifontane\/\"],\"logo\":{\"@type\":\"ImageObject\",\"@id\":\"https:\/\/www.spa-pools.eu\/si\/#logo\",\"inLanguage\":\"en-US\",\"url\":\"https:\/\/www.spa-pools.eu\/si\/wp-content\/uploads\/revslider\/home3-rs1\/logo.png\",\"width\":203,\"height\":60,\"caption\":\"Niveto d.o.o. - Spa bazeni\"},\"image\":{\"@id\":\"https:\/\/www.spa-pools.eu\/si\/#logo\"}},{\"@type\":\"WebSite\",\"@id\":\"https:\/\/www.spa-pools.eu\/si\/#website\",\"url\":\"https:\/\/www.spa-pools.eu\/si\/\",\"name\":\"NIVETO Bazeni\",\"description\":\"Spa masa\\u017eni bazeni\",\"publisher\":{\"@id\":\"https:\/\/www.spa-pools.eu\/si\/#organization\"},\"potentialAction\":[{\"@type\":\"SearchAction\",\"target\":\"https:\/\/www.spa-pools.eu\/si\/?s={search_term_string}\",\"query-input\":\"required name=search_term_string\"}],\"inLanguage\":\"en-US\"},{\"@type\":\"ImageObject\",\"@id\":\"https:\/\/www.spa-pools.eu\/si\/product\/vecnamenske-tablete-20g-za-bazen-1kg\/#primaryimage\",\"inLanguage\":\"en-US\",\"url\":\"https:\/\/www.spa-pools.eu\/si\/wp-content\/uploads\/2018\/11\/multifunkcijske-tablete-1-kg.jpg\",\"width\":250,\"height\":165},{\"@type\":\"WebPage\",\"@id\":\"https:\/\/www.spa-pools.eu\/si\/product\/vecnamenske-tablete-20g-za-bazen-1kg\/#webpage\",\"url\":\"https:\/\/www.spa-pools.eu\/si\/product\/vecnamenske-tablete-20g-za-bazen-1kg\/\",\"name\":\"Ve\\u010dnamenske tablete 20g za bazen 1kg | NIVETO Bazeni\",\"isPartOf\":{\"@id\":\"https:\/\/www.spa-pools.eu\/si\/#website\"},\"primaryImageOfPage\":{\"@id\":\"https:\/\/www.spa-pools.eu\/si\/product\/vecnamenske-tablete-20g-za-bazen-1kg\/#primaryimage\"},\"datePublished\":\"2020-04-06T10:17:05+00:00\",\"dateModified\":\"2025-03-06T13:29:55+00:00\",\"description\":\"Visokozmogljivo razku\\u017eilo s klorom v obliki 200 g tablet z dodatkom algicidov za odstranjevanje vseh vrst alg in flokulantov za \\u010di\\u0161\\u010denje vode.\",\"inLanguage\":\"en-US\",\"potentialAction\":[{\"@type\":\"ReadAction\",\"target\":[\"https:\/\/www.spa-pools.eu\/si\/product\/vecnamenske-tablete-20g-za-bazen-1kg\/\"]}]}]}<\/script>\n<!-- \/ Yoast SEO Premium plugin. -->","_links":{"self":[{"href":"https:\/\/www.spa-pools.eu\/si\/wp-json\/wp\/v2\/product\/21720","targetHints":{"allow":["GET"]}}],"collection":[{"href":"https:\/\/www.spa-pools.eu\/si\/wp-json\/wp\/v2\/product"}],"about":[{"href":"https:\/\/www.spa-pools.eu\/si\/wp-json\/wp\/v2\/types\/product"}],"replies":[{"embeddable":true,"href":"https:\/\/www.spa-pools.eu\/si\/wp-json\/wp\/v2\/comments?post=21720"}],"wp:featuredmedia":[{"embeddable":true,"href":"https:\/\/www.spa-pools.eu\/si\/wp-json\/wp\/v2\/media\/20089"}],"wp:attachment":[{"href":"https:\/\/www.spa-pools.eu\/si\/wp-json\/wp\/v2\/media?parent=21720"}],"wp:term":[{"taxonomy":"product_brand","embeddable":true,"href":"https:\/\/www.spa-pools.eu\/si\/wp-json\/wp\/v2\/product_brand?post=21720"},{"taxonomy":"product_cat","embeddable":true,"href":"https:\/\/www.spa-pools.eu\/si\/wp-json\/wp\/v2\/product_cat?post=21720"},{"taxonomy":"product_tag","embeddable":true,"href":"https:\/\/www.spa-pools.eu\/si\/wp-json\/wp\/v2\/product_tag?post=21720"},{"taxonomy":"specifikacije","embeddable":true,"href":"https:\/\/www.spa-pools.eu\/si\/wp-json\/wp\/v2\/specifikacije?post=21720"},{"taxonomy":"pumpe__elektronika__mlaznice","embeddable":true,"href":"https:\/\/www.spa-pools.eu\/si\/wp-json\/wp\/v2\/pumpe__elektronika__mlaznice?post=21720"},{"taxonomy":"filtracija","embeddable":true,"href":"https:\/\/www.spa-pools.eu\/si\/wp-json\/wp\/v2\/filtracija?post=21720"},{"taxonomy":"oprema","embeddable":true,"href":"https:\/\/www.spa-pools.eu\/si\/wp-json\/wp\/v2\/oprema?post=21720"},{"taxonomy":"yst_prominent_words","embeddable":true,"href":"https:\/\/www.spa-pools.eu\/si\/wp-json\/wp\/v2\/yst_prominent_words?post=21720"}],"curies":[{"name":"wp","href":"https:\/\/api.w.org\/{rel}","templated":true}]}}