{"id":21723,"date":"2020-04-06T10:27:45","date_gmt":"2020-04-06T10:27:45","guid":{"rendered":"https:\/\/www.spa-pools.eu\/si\/?post_type=product&#038;p=21723"},"modified":"2025-10-03T12:40:54","modified_gmt":"2025-10-03T12:40:54","slug":"bromicharge-nabr-2-5kg","status":"publish","type":"product","link":"https:\/\/www.spa-pools.eu\/si\/product\/bromicharge-nabr-2-5kg\/","title":{"rendered":"Natrijev bromid &#8211; 2,5kg"},"content":{"rendered":"<p>U\u010dinki broma<\/p>\n<p>Brom uni\u010duje vodne bakterije.<br \/>\nBrom uni\u010duje alge v praznino (\u010drna, zelena\u2026.).<br \/>\nBrom hitro odstrani prisotnost organske snovi, ki jo uporabniki pustijo (olje, znoj, odmrle ko\u017ene celice).<br \/>\nKer brom ne vsebuje kalcija, ga lahko uporabimo za \u010di\u0161\u010denje trde vode, ne da bi pove\u010dali trdoto kalcija.<br \/>\nIzdelek je sestavljen iz 98% zrnc natrijevega broma (NaBr) in se raztopi takoj, ko ga dodamo v vro\u010do vodo.<\/p>\n<p>Opis<\/p>\n<p>in.clear &#8211; Ta postopek spro\u0161\u010da bromidne ione nazaj v vodo za nenehno recikliranje. Pomembno je upo\u0161tevati, da se bo zahtevana koli\u010dina broma spreminjala neposredno sorazmerno s \u0161tevilom kopalcev (kopalna obremenitev).<\/p>\n<p>Kako deluje?<\/p>\n<p>Ko dodamo natrijev bromid (BromiCharge) vodi, jo lo\u010dimo na natrijeve in bromove ione. Ko voda prehaja skozi generator broma, nizkonapetostni vir napaja tok, ki elektroli\u010dno zmanj\u0161uje bromove ione v brom, ki reagira z molekulami vode in ustvarja prosti brom.<\/p>\n<p>Dodajte 0,143 kg natrijevega bromida na 100 L vode, da dose\u017eete TDS 1 400 ppm (skupno) Raztopljene trdne snovi).<\/p>\n<p>\u010ce imate na primer 1200 L vode, dodajte 1,72 kg natrijevega bromida (12 X 0,143 kg).<\/p>\n<p>https:\/\/gdeuro.com\/bromicharge\/bromicharge-bottle#!\/<\/p>\n<p>BROM proti \u010cLORU v masa\u017enih bazenih.<\/p>\n<p>PREDNOSTI:<br \/>\n1.) je stabilen pri povi\u0161anem PH in PH je vedno povi\u0161an v SPA bazenih<br \/>\n2.) Stabilen je pri povi\u0161ani temperaturi. Klor iz 32C razpada bistveno hitreje, medtem ko je brom \u0161e vedno aktiven.<br \/>\n3.) Kadar klor ali brom reagirajo z du\u0161ikom in amonijakom, proizvajajo kloramin, tj. bromamin. Kloramini so \u0161kodljivi in \u200b\u200bto je za\u010detek tvorbe trihalometana, kar vodi do dra\u017eenja ko\u017ee, &#8220;krvavih o\u010di&#8221;, slabega vonja in neu\u010dinkovitega klora kot razku\u017eila, medtem ko Brom ostaja aktivno razku\u017eilo brez dra\u017eenja in vonjav.<br \/>\n4.) Trichlor ima nizek PH, medtem ko ima brom popoln PH &#8211; 7,5<br \/>\n5.) Brom je veliko bolj\u0161e in u\u010dinkovitej\u0161e sredstvo za ubijanje virusov in bakterij v vodi<\/p>\n<p>NAVEDBE:<\/p>\n<p>1.) Brom je dra\u017eji od klora<br \/>\n2.) Brom je na soncu manj stabilen<\/p>\n<p>DRUGE OPOMBE:<br \/>\nPotrebuje veliko ve\u010d \u010dasa, da brom dose\u017ee tak\u0161no merilo, da ga preizku\u0161evalci lahko preberejo (prosti brom), \u010deprav ga je v vodi dovolj in u\u010dinkovito razku\u017ei vodo.<\/p>\n<p>Za novo napolnjeno vodo se priporo\u010da, da se SPA doda dvojni odmerek, da se raven prostega broma pove\u010da hitreje in po potrebi dodate ali odstranite eno tableto, dokler sistem ni stabilen.<\/p>\n<p>Klor hitreje reagira kot razku\u017eilo, medtem ko je molekula broma veliko ve\u010dja in ima ve\u010dji cikel delovanja na bakterije in viruse znotraj volumna vode<\/p>\n<p>ZAKLJU\u010cEK: Ponujamo vam najbolj\u0161e od obeh svetov, saj je brom tabletka z ni\u017ejo vsebnostjo klora in vi\u0161jo vsebnostjo broma<\/p>\n<p>DATUM IZTEKA ROKA:<br \/>\n2 leti<\/p>\n<p>UKREPI ZA\u0160\u010cITE:<br \/>\nOsebna za\u0161\u010ditna oprema: Pri ravnanju z izdelkom je treba uporabiti rokavice, o\u010dala in masko ter za\u0161\u010ditna obla\u010dila.<\/p>\n<p>POSTOPEK ODPADKOV:<br \/>\nNeuporabljeno kemi\u010dno in onesna\u017eeno embala\u017eo odstranite v podjetje za odstranjevanje nevarnih odpadkov.<\/p>\n<p>SKLADI\u0160\u010cENJE:<br \/>\nShranjujte v dobro zaprtih originalnih posodah, na hladnem, dobro prezra\u010denem mestu, za\u0161\u010ditenem pred vro\u010dino, iskricami in odprtim ognjem. Odtok v tleh ne sme biti usmerjen v kanalizacijo in vodotoke. Hranite lo\u010deno od hrane, pija\u010de in krme za \u017eivali. Shranjujte v skladu z zakonom o kemikalijah.<\/p>\n<p>&nbsp;<\/p>\n","protected":false},"excerpt":{"rendered":"<p>cene so za enkratno pla\u010dilo z\u00a0<strong>debetnimi in kreditnimi karticami<\/strong><\/p>\n","protected":false},"featured_media":24127,"comment_status":"open","ping_status":"closed","template":"","meta":{"_acf_changed":false},"product_brand":[],"product_cat":[93],"product_tag":[],"specifikacije":[],"pumpe__elektronika__mlaznice":[],"filtracija":[],"oprema":[],"yst_prominent_words":[602,372,608,371,183,331,173,604,609,603,181,601,266,615,614,178,616,369,380,179],"class_list":{"0":"post-21723","1":"product","2":"type-product","3":"status-publish","4":"has-post-thumbnail","6":"product_cat-bazenska-kemija","7":"tm-no-options","9":"first","10":"instock","11":"taxable","12":"shipping-taxable","13":"purchasable","14":"product-type-simple"},"acf":[],"yoast_head":"<!-- This site is optimized with the Yoast SEO Premium plugin v14.0.4 - https:\/\/yoast.com\/wordpress\/plugins\/seo\/ -->\n<title>Natrijev bromid - 2,5kg | NIVETO Bazeni<\/title>\n<meta name=\"description\" content=\"Visokozmogljivo razku\u017eilo s klorom v obliki 200 g tablet z dodatkom algicidov za odstranjevanje vseh vrst alg in flokulantov za \u010di\u0161\u010denje vode.\" \/>\n<meta name=\"robots\" content=\"index, follow\" \/>\n<meta name=\"googlebot\" content=\"index, follow, max-snippet:-1, max-image-preview:large, max-video-preview:-1\" \/>\n<meta name=\"bingbot\" content=\"index, follow, max-snippet:-1, max-image-preview:large, max-video-preview:-1\" \/>\n<link rel=\"canonical\" href=\"https:\/\/www.spa-pools.eu\/si\/product\/bromicharge-nabr-2-5kg\/\" \/>\n<meta property=\"og:locale\" content=\"en_US\" \/>\n<meta property=\"og:type\" content=\"article\" \/>\n<meta property=\"og:title\" content=\"Natrijev bromid - 2,5kg | NIVETO Bazeni\" \/>\n<meta property=\"og:description\" content=\"Visokozmogljivo razku\u017eilo s klorom v obliki 200 g tablet z dodatkom algicidov za odstranjevanje vseh vrst alg in flokulantov za \u010di\u0161\u010denje vode.\" \/>\n<meta property=\"og:url\" content=\"https:\/\/www.spa-pools.eu\/si\/product\/bromicharge-nabr-2-5kg\/\" \/>\n<meta property=\"og:site_name\" content=\"NIVETO Bazeni\" \/>\n<meta property=\"article:publisher\" content=\"https:\/\/www.facebook.com\/Nivetobazeniifontane\/\" \/>\n<meta property=\"article:modified_time\" content=\"2025-10-03T12:40:54+00:00\" \/>\n<meta property=\"og:image\" content=\"https:\/\/www.spa-pools.eu\/si\/wp-content\/uploads\/2020\/04\/WhatsApp-Image-2025-06-18-at-14.54.09-300x268-1.jpg\" \/>\n\t<meta property=\"og:image:width\" content=\"300\" \/>\n\t<meta property=\"og:image:height\" content=\"268\" \/>\n<meta name=\"twitter:card\" content=\"summary_large_image\" \/>\n<script type=\"application\/ld+json\" class=\"yoast-schema-graph\">{\"@context\":\"https:\/\/schema.org\",\"@graph\":[{\"@type\":\"Organization\",\"@id\":\"https:\/\/www.spa-pools.eu\/si\/#organization\",\"name\":\"Niveto d.o.o. - Spa bazeni\",\"url\":\"https:\/\/www.spa-pools.eu\/si\/\",\"sameAs\":[\"https:\/\/www.facebook.com\/Nivetobazeniifontane\/\"],\"logo\":{\"@type\":\"ImageObject\",\"@id\":\"https:\/\/www.spa-pools.eu\/si\/#logo\",\"inLanguage\":\"en-US\",\"url\":\"https:\/\/www.spa-pools.eu\/si\/wp-content\/uploads\/revslider\/home3-rs1\/logo.png\",\"width\":203,\"height\":60,\"caption\":\"Niveto d.o.o. - Spa bazeni\"},\"image\":{\"@id\":\"https:\/\/www.spa-pools.eu\/si\/#logo\"}},{\"@type\":\"WebSite\",\"@id\":\"https:\/\/www.spa-pools.eu\/si\/#website\",\"url\":\"https:\/\/www.spa-pools.eu\/si\/\",\"name\":\"NIVETO Bazeni\",\"description\":\"Spa masa\\u017eni bazeni\",\"publisher\":{\"@id\":\"https:\/\/www.spa-pools.eu\/si\/#organization\"},\"potentialAction\":[{\"@type\":\"SearchAction\",\"target\":\"https:\/\/www.spa-pools.eu\/si\/?s={search_term_string}\",\"query-input\":\"required name=search_term_string\"}],\"inLanguage\":\"en-US\"},{\"@type\":\"ImageObject\",\"@id\":\"https:\/\/www.spa-pools.eu\/si\/product\/bromicharge-nabr-2-5kg\/#primaryimage\",\"inLanguage\":\"en-US\",\"url\":\"https:\/\/www.spa-pools.eu\/si\/wp-content\/uploads\/2020\/04\/WhatsApp-Image-2025-06-18-at-14.54.09-300x268-1.jpg\",\"width\":300,\"height\":268},{\"@type\":\"WebPage\",\"@id\":\"https:\/\/www.spa-pools.eu\/si\/product\/bromicharge-nabr-2-5kg\/#webpage\",\"url\":\"https:\/\/www.spa-pools.eu\/si\/product\/bromicharge-nabr-2-5kg\/\",\"name\":\"Natrijev bromid - 2,5kg | NIVETO Bazeni\",\"isPartOf\":{\"@id\":\"https:\/\/www.spa-pools.eu\/si\/#website\"},\"primaryImageOfPage\":{\"@id\":\"https:\/\/www.spa-pools.eu\/si\/product\/bromicharge-nabr-2-5kg\/#primaryimage\"},\"datePublished\":\"2020-04-06T10:27:45+00:00\",\"dateModified\":\"2025-10-03T12:40:54+00:00\",\"description\":\"Visokozmogljivo razku\\u017eilo s klorom v obliki 200 g tablet z dodatkom algicidov za odstranjevanje vseh vrst alg in flokulantov za \\u010di\\u0161\\u010denje vode.\",\"inLanguage\":\"en-US\",\"potentialAction\":[{\"@type\":\"ReadAction\",\"target\":[\"https:\/\/www.spa-pools.eu\/si\/product\/bromicharge-nabr-2-5kg\/\"]}]}]}<\/script>\n<!-- \/ Yoast SEO Premium plugin. -->","_links":{"self":[{"href":"https:\/\/www.spa-pools.eu\/si\/wp-json\/wp\/v2\/product\/21723","targetHints":{"allow":["GET"]}}],"collection":[{"href":"https:\/\/www.spa-pools.eu\/si\/wp-json\/wp\/v2\/product"}],"about":[{"href":"https:\/\/www.spa-pools.eu\/si\/wp-json\/wp\/v2\/types\/product"}],"replies":[{"embeddable":true,"href":"https:\/\/www.spa-pools.eu\/si\/wp-json\/wp\/v2\/comments?post=21723"}],"wp:featuredmedia":[{"embeddable":true,"href":"https:\/\/www.spa-pools.eu\/si\/wp-json\/wp\/v2\/media\/24127"}],"wp:attachment":[{"href":"https:\/\/www.spa-pools.eu\/si\/wp-json\/wp\/v2\/media?parent=21723"}],"wp:term":[{"taxonomy":"product_brand","embeddable":true,"href":"https:\/\/www.spa-pools.eu\/si\/wp-json\/wp\/v2\/product_brand?post=21723"},{"taxonomy":"product_cat","embeddable":true,"href":"https:\/\/www.spa-pools.eu\/si\/wp-json\/wp\/v2\/product_cat?post=21723"},{"taxonomy":"product_tag","embeddable":true,"href":"https:\/\/www.spa-pools.eu\/si\/wp-json\/wp\/v2\/product_tag?post=21723"},{"taxonomy":"specifikacije","embeddable":true,"href":"https:\/\/www.spa-pools.eu\/si\/wp-json\/wp\/v2\/specifikacije?post=21723"},{"taxonomy":"pumpe__elektronika__mlaznice","embeddable":true,"href":"https:\/\/www.spa-pools.eu\/si\/wp-json\/wp\/v2\/pumpe__elektronika__mlaznice?post=21723"},{"taxonomy":"filtracija","embeddable":true,"href":"https:\/\/www.spa-pools.eu\/si\/wp-json\/wp\/v2\/filtracija?post=21723"},{"taxonomy":"oprema","embeddable":true,"href":"https:\/\/www.spa-pools.eu\/si\/wp-json\/wp\/v2\/oprema?post=21723"},{"taxonomy":"yst_prominent_words","embeddable":true,"href":"https:\/\/www.spa-pools.eu\/si\/wp-json\/wp\/v2\/yst_prominent_words?post=21723"}],"curies":[{"name":"wp","href":"https:\/\/api.w.org\/{rel}","templated":true}]}}