{"id":22104,"date":"2020-05-11T09:06:09","date_gmt":"2020-05-11T09:06:09","guid":{"rendered":"https:\/\/www.spa-pools.eu\/si\/?post_type=product&#038;p=22104"},"modified":"2025-11-06T12:58:42","modified_gmt":"2025-11-06T12:58:42","slug":"masazni-bazen-proti-tekoce-plavanje-swim-spa-mississippi-premium","status":"publish","type":"product","link":"https:\/\/www.spa-pools.eu\/si\/product\/masazni-bazen-proti-tekoce-plavanje-swim-spa-mississippi-premium\/","title":{"rendered":"Masa\u017eni bazen, Proti teko\u010de plavanje, Swim Spa Mississippi &#8211; PREMIUM"},"content":{"rendered":"<p><strong>SPECIFIKACIJE<\/strong>:<br \/>\ndimenzije: 3850mm x 2200mm x 1200mm<br \/>\ndimenzije pakirane: 3950mm x 2300mm x 1300mm<br \/>\nte\u017ea &#8211; suha \/ z vodo: 650kg \/ 5430kg<br \/>\nkoli\u010dino vode: 4780 l<\/p>\n<p><strong>konfiguracija<\/strong>:<br \/>\n5 x sede\u017eni masa\u017eni mest<br \/>\n1 x\u00a0 le\u017ealnih masa\u017enih mest<br \/>\n1 x plavalna steza<\/p>\n<p><strong>KONSTRUKCIJA :\u00a0<\/strong><\/p>\n<p><span style=\"color: #008000;\">material lupine: akril US Aristech akril &#8211; na voljo 3 barve &#8211; toplotno izolirane<\/span><\/p>\n<p><span style=\"color: #0000ff;\"><a style=\"color: #0000ff;\" href=\"https:\/\/aristechsurfaces.com\/aristech-acrylics?lang=en\">https:\/\/aristechsurfaces.com\/aristech-acrylics?lang=en<\/a><\/span><\/p>\n<p><img decoding=\"async\" class=\"wp-image-20894 alignnone\" src=\"https:\/\/www.spa.hr\/wp-content\/uploads\/2019\/05\/Acrylic-Silver-White-Marble.jpg\" alt=\"\" width=\"88\" height=\"96\" srcset=\"https:\/\/www.spa-pools.eu\/si\/wp-content\/uploads\/2019\/05\/Acrylic-Silver-White-Marble-200x220.jpg 200w, https:\/\/www.spa-pools.eu\/si\/wp-content\/uploads\/2019\/05\/Acrylic-Silver-White-Marble-273x300.jpg 273w, https:\/\/www.spa-pools.eu\/si\/wp-content\/uploads\/2019\/05\/Acrylic-Silver-White-Marble-400x439.jpg 400w, https:\/\/www.spa-pools.eu\/si\/wp-content\/uploads\/2019\/05\/Acrylic-Silver-White-Marble-500x549.jpg 500w, https:\/\/www.spa-pools.eu\/si\/wp-content\/uploads\/2019\/05\/Acrylic-Silver-White-Marble-600x659.jpg 600w, https:\/\/www.spa-pools.eu\/si\/wp-content\/uploads\/2019\/05\/Acrylic-Silver-White-Marble-700x769.jpg 700w, https:\/\/www.spa-pools.eu\/si\/wp-content\/uploads\/2019\/05\/Acrylic-Silver-White-Marble-768x844.jpg 768w, https:\/\/www.spa-pools.eu\/si\/wp-content\/uploads\/2019\/05\/Acrylic-Silver-White-Marble-800x879.jpg 800w, https:\/\/www.spa-pools.eu\/si\/wp-content\/uploads\/2019\/05\/Acrylic-Silver-White-Marble.jpg 801w\" sizes=\"(max-width: 88px) 100vw, 88px\" \/> <img decoding=\"async\" class=\"wp-image-20895 alignleft\" src=\"https:\/\/www.spa.hr\/wp-content\/uploads\/2019\/05\/Acrylic-White-Pearlescent.jpg\" alt=\"\" width=\"87\" height=\"96\" srcset=\"https:\/\/www.spa-pools.eu\/si\/wp-content\/uploads\/2019\/05\/Acrylic-White-Pearlescent-200x220.jpg 200w, https:\/\/www.spa-pools.eu\/si\/wp-content\/uploads\/2019\/05\/Acrylic-White-Pearlescent-273x300.jpg 273w, https:\/\/www.spa-pools.eu\/si\/wp-content\/uploads\/2019\/05\/Acrylic-White-Pearlescent-400x439.jpg 400w, https:\/\/www.spa-pools.eu\/si\/wp-content\/uploads\/2019\/05\/Acrylic-White-Pearlescent-500x549.jpg 500w, https:\/\/www.spa-pools.eu\/si\/wp-content\/uploads\/2019\/05\/Acrylic-White-Pearlescent-600x659.jpg 600w, https:\/\/www.spa-pools.eu\/si\/wp-content\/uploads\/2019\/05\/Acrylic-White-Pearlescent-700x769.jpg 700w, https:\/\/www.spa-pools.eu\/si\/wp-content\/uploads\/2019\/05\/Acrylic-White-Pearlescent-768x844.jpg 768w, https:\/\/www.spa-pools.eu\/si\/wp-content\/uploads\/2019\/05\/Acrylic-White-Pearlescent-800x879.jpg 800w, https:\/\/www.spa-pools.eu\/si\/wp-content\/uploads\/2019\/05\/Acrylic-White-Pearlescent.jpg 801w\" sizes=\"(max-width: 87px) 100vw, 87px\" \/><img decoding=\"async\" class=\"wp-image-20892 alignnone\" src=\"https:\/\/www.spa.hr\/wp-content\/uploads\/2019\/05\/Acrylic-Ocean-Wave.jpg\" alt=\"\" width=\"89\" height=\"97\" srcset=\"https:\/\/www.spa-pools.eu\/si\/wp-content\/uploads\/2019\/05\/Acrylic-Ocean-Wave-200x220.jpg 200w, https:\/\/www.spa-pools.eu\/si\/wp-content\/uploads\/2019\/05\/Acrylic-Ocean-Wave-273x300.jpg 273w, https:\/\/www.spa-pools.eu\/si\/wp-content\/uploads\/2019\/05\/Acrylic-Ocean-Wave-400x439.jpg 400w, https:\/\/www.spa-pools.eu\/si\/wp-content\/uploads\/2019\/05\/Acrylic-Ocean-Wave-500x549.jpg 500w, https:\/\/www.spa-pools.eu\/si\/wp-content\/uploads\/2019\/05\/Acrylic-Ocean-Wave-600x659.jpg 600w, https:\/\/www.spa-pools.eu\/si\/wp-content\/uploads\/2019\/05\/Acrylic-Ocean-Wave-700x769.jpg 700w, https:\/\/www.spa-pools.eu\/si\/wp-content\/uploads\/2019\/05\/Acrylic-Ocean-Wave-768x844.jpg 768w, https:\/\/www.spa-pools.eu\/si\/wp-content\/uploads\/2019\/05\/Acrylic-Ocean-Wave-800x879.jpg 800w, https:\/\/www.spa-pools.eu\/si\/wp-content\/uploads\/2019\/05\/Acrylic-Ocean-Wave.jpg 801w\" sizes=\"(max-width: 89px) 100vw, 89px\" \/><\/p>\n<p>Pearl\u00a0 \u00a0 \u00a0 \u00a0 \u00a0 \u00a0 \u00a0 \u00a0 \u00a0 \u00a0Marble\u00a0 \u00a0 \u00a0 \u00a0 \u00a0 \u00a0 \u00a0 \u00a0Ocean<br \/>\nT04\u00a0 \u00a0 \u00a0 \u00a0 \u00a0 \u00a0 \u00a0 \u00a0 \u00a0 \u00a0 \u00a0 T10\u00a0 \u00a0 \u00a0 \u00a0 \u00a0 \u00a0 \u00a0 \u00a0 \u00a0 \u00a0 \u00a0 \u00a0 T01<\/p>\n<div><span style=\"color: #339966;\">obloga in stopnice :\u00a0<\/span><\/div>\n<p><img decoding=\"async\" class=\" wp-image-20034 alignnone\" src=\"https:\/\/www.spa-pools.eu\/si\/wp-content\/uploads\/2018\/11\/H03.png\" alt=\"\" width=\"412\" height=\"152\" srcset=\"https:\/\/www.spa-pools.eu\/si\/wp-content\/uploads\/2018\/11\/H03-200x74.png 200w, https:\/\/www.spa-pools.eu\/si\/wp-content\/uploads\/2018\/11\/H03.png 233w\" sizes=\"(max-width: 412px) 100vw, 412px\" \/><\/p>\n<p>Grey\u00a0 \u00a0 \u00a0 \u00a0 \u00a0 \u00a0 \u00a0 \u00a0 \u00a0 \u00a0 \u00a0 \u00a0 \u00a0 \u00a0 \u00a0 Teak\u00a0 \u00a0 \u00a0 \u00a0 \u00a0 \u00a0 \u00a0 \u00a0 \u00a0 \u00a0 \u00a0 \u00a0 \u00a0 \u00a0Black<\/p>\n<p>nosilni okvir: nerjave\u010de jeklo AISI 304<br \/>\nbaza: Fiberglass<\/p>\n<p><strong>\u010cRPALKA: proizvajalec \u010drpalk TOP svetovnih premium znamk<\/strong><br \/>\nobto\u010dna \u010drpalka: 1x 0,70 kW<br \/>\nmasa\u017ena \u010drpalka: 1 x 1,5 kW<br \/>\nprotivto\u010dne \u010drpalke: 3 \u00d7 2,2 kW<br \/>\nzra\u010dni turbo puhalec: 1x 0,70 kW<\/p>\n<p><strong>ELEKTRONIKA: GECKO &#8211; Kanada<\/strong><br \/>\nkrmilna enota: in.Ye5<br \/>\n<a href=\"https:\/\/www.spa.hr\/product\/spa-kontroler-gecko-in-ye-5\/\">https:\/\/www.spa.hr\/product\/spa-kontroler-gecko-in-ye-5\/<\/a><br \/>\nnadzorni zaslon: Gecko In.k 800<br \/>\n<a href=\"https:\/\/gdeuro.com\/buykeypads\/ink800-clear-and-overlay-ge1\">https:\/\/gdeuro.com\/buykeypads\/ink800-clear-and-overlay-ge1<\/a><br \/>\ngrelec: INOX 3 kw<\/p>\n<p><strong>ELEKTRI\u010cNA POVEZAVA:<\/strong><br \/>\n1.) glavni elektri\u010dni priklju\u010dek: 4,7 kW \/ 25A \/ 230V &#8211; 2,5 m kabel 3 x 4 mm2<br \/>\n2.)\u00a0 protivto\u010dne \u010drpalke 2x 2,2 kW \/ 16A \/ 230V &#8211; 2,5 m kabel 3 x 2,5 mm2 &#8211; poganja prek lo\u010denega stikala<br \/>\n3.) protivto\u010dne \u010drpalka 1x 2,2 kW \/ 16A \/ 230V &#8211; 2,5 m kabel 3 x 2,5 mm2 &#8211; poganja prek lo\u010denega stikala<\/p>\n<p><strong>KONFIGURACIJA \u0160OBe &#8211; skupaj 59 kos &#8211; INOX<\/strong><br \/>\nPlavanje v nasprotnem toku: 5 kos<br \/>\nmasa\u017ene \u0161obe : 54 kosov<br \/>\n3&#8221; \u0161obe: 20 vrtljivih \u0161obi, 20 smernih \u0161obi<br \/>\n1&#8221; \u0161obe: 6 kos<br \/>\nzra\u010dne \u0161obe: 8 kos<\/p>\n<p><strong>LED SVETLOBA: 22 kos<\/strong><br \/>\nLED RGB podvodna razsvetljava velika: 1 kos<br \/>\nLED RGB podvodna razsvetljava na vodno linijo: 18 kosov<br \/>\nLED RGB osvetlitev vodnjaka: 3 kos<br \/>\nNadzor osvetlitve: GECKO in.mix<\/p>\n<div class=\"video-shortcode\"><iframe title=\"in.mix 300 video intro\" src=\"https:\/\/www.youtube.com\/embed\/FGDpqWhAOh4?feature=oembed&amp;enablejsapi=1&amp;origin=https:\/\/www.spa.hr\" width=\"1359\" height=\"764\" frameborder=\"0\" allowfullscreen=\"allowfullscreen\" data-mce-fragment=\"1\"><\/iframe><\/div>\n<p><strong>FILTACIJA IN VZDR\u017dEVANJE V KAKOVOSTI VODE<\/strong>:<br \/>\nkartridni filter: 2 kos<br \/>\nGenerator ozona: DA<br \/>\nU.V. sterilizator: DA<\/p>\n<p><strong>DRUGA OPREMA:<\/strong><\/p>\n<p>LED vodnjak : 2 kos<br \/>\nToplotna izolacija iz PU pene: DA<br \/>\nOdtok: 1 kos<br \/>\nAnti vakuum Vnos : 6 kos<br \/>\nPreto\u010dni ventil: 2 kos<br \/>\nBlazine za glavo EVA: 2 kos<br \/>\nTermi\u010dni pokrov z zaponkami<br \/>\nStopnice s tremi tekalnimi plastmi<\/p>\n<p><strong>OPOMBA<\/strong>:<br \/>\nSlike so samo za ilustracijo in ne prikazujejo nujno identi\u010dnega bazena za prodajo.<br \/>\nVeljavni so samo opisi v prilogi.<br \/>\nBazen je kompleksen kot Plug &amp; Play z navodili za namestitev, zagon, programiranje in vzdr\u017eevanje v sloven\u0161\u010dini.<\/p>\n<p><strong>GARANCIJA<\/strong>:<br \/>\ngradnja: 10 let<br \/>\npovr\u0161ina lupine &#8211; akril: 5 let<br \/>\nostala oprema: 2 leti<\/p>\n<ul>\n<li style=\"list-style-type: none;\">\n<ul>\n<li>cene so za enkratno pla\u010dilo z\u00a0<strong>debetnimi in kreditnimi karticami\u00a0<\/strong><\/li>\n<\/ul>\n<\/li>\n<\/ul>\n","protected":false},"excerpt":{"rendered":"<p>Kompakten, vsestranski in mo\u010dan!<\/p>\n<p>Bazen brez gradbenih del!<br \/>\nBazen z nasprotnim plavanjem!<br \/>\nMasa\u017eni bazen!<br \/>\nBazen z najbolj\u0161o vrednostjo za denar!<\/p>\n<p>SwimSpa je najbolj\u0161a izbira za vas!<\/p>\n<p>&nbsp;<\/p>\n","protected":false},"featured_media":22114,"comment_status":"open","ping_status":"closed","template":"","meta":{"_acf_changed":false},"product_brand":[],"product_cat":[91],"product_tag":[],"specifikacije":[],"pumpe__elektronika__mlaznice":[],"filtracija":[],"oprema":[],"yst_prominent_words":[737,722,720,733,728,736,721,719,731,726,730,725,272,723,724,734,729,735,732,727],"class_list":{"0":"post-22104","1":"product","2":"type-product","3":"status-publish","4":"has-post-thumbnail","6":"product_cat-swim-spa-masazni-bazeni","7":"tm-no-options","9":"first","10":"onbackorder","11":"sold-individually","12":"taxable","13":"shipping-taxable","14":"product-type-simple"},"acf":[],"yoast_head":"<!-- This site is optimized with the Yoast SEO Premium plugin v14.0.4 - https:\/\/yoast.com\/wordpress\/plugins\/seo\/ -->\n<title>Masa\u017eni bazen, Proti teko\u010de plavanje, 6m | NIVETO Bazeni<\/title>\n<meta name=\"description\" content=\"Kompakten, vsestranski in mo\u010dan!  Bazen brez gradbenih del! Bazen z nasprotnim plavanjem! Masa\u017eni bazen! Bazen z najbolj\u0161o vrednostjo za denar!  SwimSpa je najbolj\u0161a izbira za vas!  &nbsp;\" \/>\n<meta name=\"robots\" content=\"index, follow\" \/>\n<meta name=\"googlebot\" content=\"index, follow, max-snippet:-1, max-image-preview:large, max-video-preview:-1\" \/>\n<meta name=\"bingbot\" content=\"index, follow, max-snippet:-1, max-image-preview:large, max-video-preview:-1\" \/>\n<link rel=\"canonical\" href=\"https:\/\/www.spa-pools.eu\/si\/product\/masazni-bazen-proti-tekoce-plavanje-swim-spa-mississippi-premium\/\" \/>\n<meta property=\"og:locale\" content=\"en_US\" \/>\n<meta property=\"og:type\" content=\"article\" \/>\n<meta property=\"og:title\" content=\"Masa\u017eni bazen, Proti teko\u010de plavanje, 6m | NIVETO Bazeni\" \/>\n<meta property=\"og:description\" content=\"Kompakten, vsestranski in mo\u010dan!  Bazen brez gradbenih del! Bazen z nasprotnim plavanjem! Masa\u017eni bazen! Bazen z najbolj\u0161o vrednostjo za denar!  SwimSpa je najbolj\u0161a izbira za vas!  &nbsp;\" \/>\n<meta property=\"og:url\" content=\"https:\/\/www.spa-pools.eu\/si\/product\/masazni-bazen-proti-tekoce-plavanje-swim-spa-mississippi-premium\/\" \/>\n<meta property=\"og:site_name\" content=\"NIVETO Bazeni\" \/>\n<meta property=\"article:publisher\" content=\"https:\/\/www.facebook.com\/Nivetobazeniifontane\/\" \/>\n<meta property=\"article:modified_time\" content=\"2025-11-06T12:58:42+00:00\" \/>\n<meta property=\"og:image\" content=\"https:\/\/www.spa-pools.eu\/si\/wp-content\/uploads\/2020\/05\/spa-pools-eu-swim-spa-mississippi-1-10.jpg\" \/>\n\t<meta property=\"og:image:width\" content=\"1200\" \/>\n\t<meta property=\"og:image:height\" content=\"800\" \/>\n<meta name=\"twitter:card\" content=\"summary_large_image\" \/>\n<script type=\"application\/ld+json\" class=\"yoast-schema-graph\">{\"@context\":\"https:\/\/schema.org\",\"@graph\":[{\"@type\":\"Organization\",\"@id\":\"https:\/\/www.spa-pools.eu\/si\/#organization\",\"name\":\"Niveto d.o.o. - Spa bazeni\",\"url\":\"https:\/\/www.spa-pools.eu\/si\/\",\"sameAs\":[\"https:\/\/www.facebook.com\/Nivetobazeniifontane\/\"],\"logo\":{\"@type\":\"ImageObject\",\"@id\":\"https:\/\/www.spa-pools.eu\/si\/#logo\",\"inLanguage\":\"en-US\",\"url\":\"https:\/\/www.spa-pools.eu\/si\/wp-content\/uploads\/revslider\/home3-rs1\/logo.png\",\"width\":203,\"height\":60,\"caption\":\"Niveto d.o.o. - Spa bazeni\"},\"image\":{\"@id\":\"https:\/\/www.spa-pools.eu\/si\/#logo\"}},{\"@type\":\"WebSite\",\"@id\":\"https:\/\/www.spa-pools.eu\/si\/#website\",\"url\":\"https:\/\/www.spa-pools.eu\/si\/\",\"name\":\"NIVETO Bazeni\",\"description\":\"Spa masa\\u017eni bazeni\",\"publisher\":{\"@id\":\"https:\/\/www.spa-pools.eu\/si\/#organization\"},\"potentialAction\":[{\"@type\":\"SearchAction\",\"target\":\"https:\/\/www.spa-pools.eu\/si\/?s={search_term_string}\",\"query-input\":\"required name=search_term_string\"}],\"inLanguage\":\"en-US\"},{\"@type\":\"ImageObject\",\"@id\":\"https:\/\/www.spa-pools.eu\/si\/product\/masazni-bazen-proti-tekoce-plavanje-swim-spa-mississippi-premium\/#primaryimage\",\"inLanguage\":\"en-US\",\"url\":\"https:\/\/www.spa-pools.eu\/si\/wp-content\/uploads\/2020\/05\/spa-pools-eu-swim-spa-mississippi-1-10.jpg\",\"width\":1200,\"height\":800},{\"@type\":\"WebPage\",\"@id\":\"https:\/\/www.spa-pools.eu\/si\/product\/masazni-bazen-proti-tekoce-plavanje-swim-spa-mississippi-premium\/#webpage\",\"url\":\"https:\/\/www.spa-pools.eu\/si\/product\/masazni-bazen-proti-tekoce-plavanje-swim-spa-mississippi-premium\/\",\"name\":\"Masa\\u017eni bazen, Proti teko\\u010de plavanje, 6m | NIVETO Bazeni\",\"isPartOf\":{\"@id\":\"https:\/\/www.spa-pools.eu\/si\/#website\"},\"primaryImageOfPage\":{\"@id\":\"https:\/\/www.spa-pools.eu\/si\/product\/masazni-bazen-proti-tekoce-plavanje-swim-spa-mississippi-premium\/#primaryimage\"},\"datePublished\":\"2020-05-11T09:06:09+00:00\",\"dateModified\":\"2025-11-06T12:58:42+00:00\",\"description\":\"Kompakten, vsestranski in mo\\u010dan! Bazen brez gradbenih del! Bazen z nasprotnim plavanjem! Masa\\u017eni bazen! Bazen z najbolj\\u0161o vrednostjo za denar! SwimSpa je najbolj\\u0161a izbira za vas! &nbsp;\",\"inLanguage\":\"en-US\",\"potentialAction\":[{\"@type\":\"ReadAction\",\"target\":[\"https:\/\/www.spa-pools.eu\/si\/product\/masazni-bazen-proti-tekoce-plavanje-swim-spa-mississippi-premium\/\"]}]}]}<\/script>\n<!-- \/ Yoast SEO Premium plugin. -->","_links":{"self":[{"href":"https:\/\/www.spa-pools.eu\/si\/wp-json\/wp\/v2\/product\/22104","targetHints":{"allow":["GET"]}}],"collection":[{"href":"https:\/\/www.spa-pools.eu\/si\/wp-json\/wp\/v2\/product"}],"about":[{"href":"https:\/\/www.spa-pools.eu\/si\/wp-json\/wp\/v2\/types\/product"}],"replies":[{"embeddable":true,"href":"https:\/\/www.spa-pools.eu\/si\/wp-json\/wp\/v2\/comments?post=22104"}],"wp:featuredmedia":[{"embeddable":true,"href":"https:\/\/www.spa-pools.eu\/si\/wp-json\/wp\/v2\/media\/22114"}],"wp:attachment":[{"href":"https:\/\/www.spa-pools.eu\/si\/wp-json\/wp\/v2\/media?parent=22104"}],"wp:term":[{"taxonomy":"product_brand","embeddable":true,"href":"https:\/\/www.spa-pools.eu\/si\/wp-json\/wp\/v2\/product_brand?post=22104"},{"taxonomy":"product_cat","embeddable":true,"href":"https:\/\/www.spa-pools.eu\/si\/wp-json\/wp\/v2\/product_cat?post=22104"},{"taxonomy":"product_tag","embeddable":true,"href":"https:\/\/www.spa-pools.eu\/si\/wp-json\/wp\/v2\/product_tag?post=22104"},{"taxonomy":"specifikacije","embeddable":true,"href":"https:\/\/www.spa-pools.eu\/si\/wp-json\/wp\/v2\/specifikacije?post=22104"},{"taxonomy":"pumpe__elektronika__mlaznice","embeddable":true,"href":"https:\/\/www.spa-pools.eu\/si\/wp-json\/wp\/v2\/pumpe__elektronika__mlaznice?post=22104"},{"taxonomy":"filtracija","embeddable":true,"href":"https:\/\/www.spa-pools.eu\/si\/wp-json\/wp\/v2\/filtracija?post=22104"},{"taxonomy":"oprema","embeddable":true,"href":"https:\/\/www.spa-pools.eu\/si\/wp-json\/wp\/v2\/oprema?post=22104"},{"taxonomy":"yst_prominent_words","embeddable":true,"href":"https:\/\/www.spa-pools.eu\/si\/wp-json\/wp\/v2\/yst_prominent_words?post=22104"}],"curies":[{"name":"wp","href":"https:\/\/api.w.org\/{rel}","templated":true}]}}