{"id":22161,"date":"2020-05-14T06:36:15","date_gmt":"2020-05-14T06:36:15","guid":{"rendered":"https:\/\/www.spa-pools.eu\/si\/?post_type=product&#038;p=22161"},"modified":"2025-03-20T14:52:53","modified_gmt":"2025-03-20T14:52:53","slug":"masazni-bazen-spa-bella-210-x-210-x-88-cm-5-oseba-superior","status":"publish","type":"product","link":"https:\/\/www.spa-pools.eu\/si\/product\/masazni-bazen-spa-bella-210-x-210-x-88-cm-5-oseba-superior\/","title":{"rendered":"Masa\u017eni bazen SPA Bella 230 x 230 x 90 cm &#8211; 5 oseba &#8211; SUPERIOR serija"},"content":{"rendered":"<p>Opis<br \/>\nSPECIFIKACIJA:<br \/>\nmere: 2300mm x 2300mm x 900mm<br \/>\nmere pakiranja: 2400mm x 2400mm x 1000mm<br \/>\nte\u017ea &#8211; brez vode \/ z vodo: 420 kg \/ 2020kg<br \/>\nprostornina vode: 1600 L<\/p>\n<p>\u0160TEVILO MASA\u017dNIH MEST:<br \/>\n\u0160tevilo oseb: 5<br \/>\nLe\u017ealniki: 2<br \/>\nSede\u017ei: 3<\/p>\n<p>GRADNJA:<\/p>\n<p>material lupine: akril US Aristech Akril &#8211; na voljo 6 barv &#8211; toplotno izoliran<\/p>\n<p><img decoding=\"async\" class=\"wp-image-20959 alignleft\" src=\"https:\/\/www.spa.hr\/wp-content\/uploads\/2018\/06\/Boje-Akrila-page-001.jpg\" sizes=\"(max-width: 559px) 100vw, 559px\" srcset=\"https:\/\/www.spa.hr\/wp-content\/uploads\/2018\/06\/Boje-Akrila-page-001-200x55.jpg 200w, https:\/\/www.spa.hr\/wp-content\/uploads\/2018\/06\/Boje-Akrila-page-001-300x83.jpg 300w, https:\/\/www.spa.hr\/wp-content\/uploads\/2018\/06\/Boje-Akrila-page-001-400x111.jpg 400w, https:\/\/www.spa.hr\/wp-content\/uploads\/2018\/06\/Boje-Akrila-page-001-500x139.jpg 500w, https:\/\/www.spa.hr\/wp-content\/uploads\/2018\/06\/Boje-Akrila-page-001-600x166.jpg 600w, https:\/\/www.spa.hr\/wp-content\/uploads\/2018\/06\/Boje-Akrila-page-001-700x194.jpg 700w, https:\/\/www.spa.hr\/wp-content\/uploads\/2018\/06\/Boje-Akrila-page-001-768x213.jpg 768w, https:\/\/www.spa.hr\/wp-content\/uploads\/2018\/06\/Boje-Akrila-page-001-800x222.jpg 800w, https:\/\/www.spa.hr\/wp-content\/uploads\/2018\/06\/Boje-Akrila-page-001-1024x284.jpg 1024w, https:\/\/www.spa.hr\/wp-content\/uploads\/2018\/06\/Boje-Akrila-page-001-1200x333.jpg 1200w, https:\/\/www.spa.hr\/wp-content\/uploads\/2018\/06\/Boje-Akrila-page-001.jpg 2175w\" alt=\"\" width=\"559\" height=\"155\" \/><\/p>\n<p>&nbsp;<\/p>\n<p>&nbsp;<\/p>\n<p>&nbsp;<\/p>\n<p>&nbsp;<\/p>\n<p>&nbsp;<\/p>\n<p><span style=\"color: #3366ff;\">BLOG: PS + PVC<\/span><\/p>\n<p><span style=\"color: #3366ff;\">Tla: Aluminijasta konstrukcija z ABS podstavkom in PVC plo\u0161\u010do<\/span><\/p>\n<p><strong>\u010cRPALKE IN DUHALCI: proizvajalec \u010drpalk vrhunskih blagovnih znamk<\/strong><br \/>\nobto\u010dna \u010drpalka: 0,35 kW<br \/>\nmasa\u017ena \u010drpalka 1: 2,2 kW<br \/>\nmasa\u017ena \u010drpalka 2: 2,2 kW<br \/>\nmasa\u017ena \u010drpalka 3: 2,2 kW<br \/>\nzra\u010dni turbo puhalnik: 0,7 kw<\/p>\n<p><strong>ELEKTRONIKA: Balboa &#8211; SAD<\/strong><br \/>\nkrmilna enota: \u00a0Balboa BP6013G3+Touch 2T<br \/>\ngrelec: INOX 3 kw \/ 230 VAC<\/p>\n<p><strong>ELEKTRI\u010cNA POVEZAVA:<\/strong><br \/>\nStandardni priklju\u010dek 30A \/ 230V, 2,5 m kabel 3 x 6 mm2<\/p>\n<p>OPOMBA: \u010de \u017eelite drugo nastavitev, na primer trifazni konektor ali pove\u010danje omejitve na 35A, upo\u0161tevajte pri nakupu<\/p>\n<p><strong>KONFIGURACIJA \u0160OB: skupno \u0161tevilo \u0161ob 106 kosov<\/strong><br \/>\n10 kosov &#8211; \u00d822 mm &#8211; zra\u010dna \u0161oba<br \/>\n25 kosov &#8211; \u00d830 mm &#8211; vodni nastavek s fiksnim pretokom vode<br \/>\n5 kosov &#8211; \u00d841 mm &#8211; vodna \u0161oba z mo\u017enostjo regulacije pretoka<br \/>\n18 kosov &#8211; \u00d841 mm &#8211; vodna \u0161oba z mo\u017enostjo regulacije pretoka. vrtljivo ali z regulacijo smeri pretoka vode<br \/>\n19 kosov &#8211; \u00d846 &#8211; vodna \u0161oba z mo\u017enostjo regulacije pretoka<br \/>\n7 kosov &#8211; \u00d846 mm &#8211; vodna \u0161oba z mo\u017enostjo regulacije pretoka. vrtljivo ali z regulacijo smeri pretoka vode<br \/>\n4 kos &#8211; \u00d867 mm &#8211; vodna \u0161oba z mo\u017enostjo regulacije pretoka. vrtljivo ali z regulacijo smeri pretoka vode<br \/>\n2 kosa &#8211; \u00d867 mm &#8211; vodna \u0161oba z mo\u017enostjo regulacije pretoka. rotacijski<br \/>\n9 kosov &#8211; \u00d896 mm &#8211; vodna \u0161oba z mo\u017enostjo regulacije pretoka in z regulacijo smeri pretoka vode<br \/>\n1 kos &#8211; \u0161oba za filtracijo<br \/>\n6 kosov &#8211; vodnjak<\/p>\n<p><strong>OSVETLITEV &#8211; 40 svetilk<\/strong><br \/>\nLED RGB podvodna razsvetljava velika: 1 kos<br \/>\nLED RGB osvetljevalne \u0161obe: 16 kosov<br \/>\nLED RGB podvodna razsvetljava na vodno \u010drto: 16 kosov<br \/>\nLED RGB steklena razsvetljava za o\u010dala: 4 kos<br \/>\nZunanji koti LED RGB: 4 kos<\/p>\n<p><strong>FILTRACIJA IN VZDR\u017dEVANJE VODE<\/strong><br \/>\nfiltrirni vlo\u017eek: 2 kos<br \/>\npovr\u0161ina filtracije: 10m2<br \/>\nGenerator ozona: DA<br \/>\nU.V. sterilizator: da<\/p>\n<p><strong>DRUGA OPREMA:<\/strong><br \/>\nBluetoth z dvema pojavnima zvo\u010dnikoma in nizkotoncem<br \/>\nLED stojala za skodelice: 4 kos<br \/>\nToplotna izolacija lupine iz PU pene: 20 mm<br \/>\naromaterapija: da<br \/>\n2 \u201dsesanje: 6 kosov<br \/>\nodto\u010dni ventil: 1 kos<br \/>\nPrelivni ventili: 1 kos<br \/>\nVentili za me\u0161anje zraka: 4<br \/>\nVzglavniki EVA za glavo: 3 kos<\/p>\n<p>Termo prevleka &#8211; vklju\u010dena v ceno<\/p>\n<p><img decoding=\"async\" class=\"alignleft size-medium wp-image-22461\" src=\"https:\/\/www.spa.hr\/wp-content\/uploads\/2020\/05\/boje-pokrova-300x119.jpg\" alt=\"\" width=\"300\" height=\"119\" \/><\/p>\n<p>&nbsp;<\/p>\n<p>&nbsp;<\/p>\n<p>&nbsp;<\/p>\n<p>&nbsp;<\/p>\n<p>Premium stopnice: vklju\u010dene v ceno<\/p>\n<p><img decoding=\"async\" class=\"alignleft wp-image-22460\" src=\"https:\/\/www.spa.hr\/wp-content\/uploads\/2020\/05\/SPA-stepenice-Custom-300x108.jpg\" alt=\"\" width=\"397\" height=\"143\" \/><\/p>\n<p>&nbsp;<\/p>\n<p>&nbsp;<\/p>\n<p>&nbsp;<\/p>\n<p>&nbsp;<\/p>\n<p>&nbsp;<\/p>\n<p>KEMIJSKI SET: 1 kg PH minus, 2,2 kg Bromicharge, 1 l Ivekor, 1 l Stopnica kalcija, 50 preskusnih listov za PH, Brom, Alkalnost in trdoto vode.<\/p>\n<p class=\"product-title fusion-responsive-typography-calculated\" data-fontsize=\"16\" data-lineheight=\"30.08px\">SPA zimska odeja &#8211; vklju\u010dena v ceno<\/p>\n<p><strong>OSTALI DODATKI<\/strong>\u00a0\u2013 kupite po \u017eelji<\/p>\n<p><a href=\"https:\/\/www.spa-pools.eu\/si\/product-category\/dodatna-oprema\/\">https:\/\/www.spa-pools.eu\/si\/product-category\/dodatna-oprema\/<\/a><\/p>\n<p><strong>OPOMBA<\/strong>:<br \/>\nSlike so samo za ilustracijo in ne prikazujejo nujno identi\u010dnega bazena za prodajo.<br \/>\nVeljavni so samo opisi v prilogi.<br \/>\nBazen je kot Plug &amp; Play z navodili za namestitev, zagon, programiranje in vzdr\u017eevanje v sloven\u0161\u010dini.<\/p>\n<p><strong>GARANCIJA<\/strong>:<br \/>\ngradnja: 10 let<br \/>\npovr\u0161ina lupine &#8211; akril: 5 let<br \/>\nostala oprema: 3 leti<\/p>\n<ul>\n<li style=\"list-style-type: none;\">\n<ul>\n<li style=\"list-style-type: none;\">\n<ul>\n<li>cene so za enkratno pla\u010dilo z\u00a0<strong>debetnimi in kreditnimi karticami\u00a0<\/strong><\/li>\n<\/ul>\n<\/li>\n<\/ul>\n<\/li>\n<\/ul>\n","protected":false},"excerpt":{"rendered":"<p style=\"text-align: center;\">\n<p><span style=\"color: #0000ff;\">Predstavljamo vam najsodobnej\u0161i masa\u017eni bazen z najmo\u010dnej\u0161o vodno masa\u017eo na trgu: SPA BELLA.<\/span><\/p>\n<p>Kot \u017ee ime pove, je Bella sodoben, oblikovalski, visokotehnolo\u0161ki masa\u017eni bazen za tiste, ki ne \u017eelijo klasike.<\/p>\n<p>Osvetlitev iz \u0161ob, zaslona na dotik se prilega vsakemu sodobnemu oblikovalskemu prostoru.<\/p>\n<p>Naj bo sam ali s prijatelji, bo zvo\u010dni sistem z dvema pojavnima zvo\u010dnikoma in mo\u010dnim globokotoncem zadovoljil vse potrebe po poslu\u0161anju klasi\u010dne, spro\u0161\u010dujo\u010de ali moderne pop in tehno glasbe.<\/p>\n<p>https:\/\/youtu.be\/kP4XZOjLOrk<\/p>\n<p>&nbsp;<\/p>\n","protected":false},"featured_media":22874,"comment_status":"open","ping_status":"closed","template":"","meta":{"_acf_changed":false},"product_brand":[],"product_cat":[92,541],"product_tag":[],"specifikacije":[],"pumpe__elektronika__mlaznice":[],"filtracija":[],"oprema":[],"yst_prominent_words":[],"class_list":{"0":"post-22161","1":"product","2":"type-product","3":"status-publish","4":"has-post-thumbnail","6":"product_cat-masazni-bazeni-spa","7":"product_cat-masazni-bazeni-za-4-5-osebi","8":"product_shipping_class-cena-na-povprasevanje","9":"tm-no-options","11":"first","12":"instock","13":"featured","14":"sold-individually","15":"taxable","16":"shipping-taxable","17":"purchasable","18":"product-type-simple"},"acf":[],"yoast_head":"<!-- This site is optimized with the Yoast SEO Premium plugin v14.0.4 - https:\/\/yoast.com\/wordpress\/plugins\/seo\/ -->\n<title>Masa\u017eni bazen SPA Bella 230 x 230 x 90 cm - 5 oseba - SUPERIOR serija | NIVETO Bazeni<\/title>\n<meta name=\"description\" content=\"Masa\u017eni Bazen | Predstavljamo vam najsodobnej\u0161i masa\u017eni bazen z najmo\u010dnej\u0161o vodno masa\u017eo na trgu: SPA BELLA.  Kot \u017ee ime pove, je Bella sodoben, oblikovalski, visokotehnolo\u0161ki masa\u017eni bazen za tiste, ki ne \u017eelijo klasike.  Osvetlitev iz \u0161ob, zaslona na dotik se prilega vsakemu sodobnemu oblikovalskemu prostoru.  Naj bo sam ali s prijatelji, bo zvo\u010dni sistem z dvema pojavnima zvo\u010dnikoma in mo\u010dnim globokotoncem zadovoljil vse potrebe po poslu\u0161anju klasi\u010dne, spro\u0161\u010dujo\u010de ali moderne pop in tehno glasbe.  https:\/\/youtu.be\/kP4XZOjLOrk  &nbsp;\" \/>\n<meta name=\"robots\" content=\"index, follow\" \/>\n<meta name=\"googlebot\" content=\"index, follow, max-snippet:-1, max-image-preview:large, max-video-preview:-1\" \/>\n<meta name=\"bingbot\" content=\"index, follow, max-snippet:-1, max-image-preview:large, max-video-preview:-1\" \/>\n<link rel=\"canonical\" href=\"https:\/\/www.spa-pools.eu\/si\/product\/masazni-bazen-spa-bella-210-x-210-x-88-cm-5-oseba-superior\/\" \/>\n<meta property=\"og:locale\" content=\"en_US\" \/>\n<meta property=\"og:type\" content=\"article\" \/>\n<meta property=\"og:title\" content=\"Masa\u017eni bazen SPA Bella 230 x 230 x 90 cm - 5 oseba - SUPERIOR serija | NIVETO Bazeni\" \/>\n<meta property=\"og:description\" content=\"Masa\u017eni Bazen | Predstavljamo vam najsodobnej\u0161i masa\u017eni bazen z najmo\u010dnej\u0161o vodno masa\u017eo na trgu: SPA BELLA.  Kot \u017ee ime pove, je Bella sodoben, oblikovalski, visokotehnolo\u0161ki masa\u017eni bazen za tiste, ki ne \u017eelijo klasike.  Osvetlitev iz \u0161ob, zaslona na dotik se prilega vsakemu sodobnemu oblikovalskemu prostoru.  Naj bo sam ali s prijatelji, bo zvo\u010dni sistem z dvema pojavnima zvo\u010dnikoma in mo\u010dnim globokotoncem zadovoljil vse potrebe po poslu\u0161anju klasi\u010dne, spro\u0161\u010dujo\u010de ali moderne pop in tehno glasbe.  https:\/\/youtu.be\/kP4XZOjLOrk  &nbsp;\" \/>\n<meta property=\"og:url\" content=\"https:\/\/www.spa-pools.eu\/si\/product\/masazni-bazen-spa-bella-210-x-210-x-88-cm-5-oseba-superior\/\" \/>\n<meta property=\"og:site_name\" content=\"NIVETO Bazeni\" \/>\n<meta property=\"article:publisher\" content=\"https:\/\/www.facebook.com\/Nivetobazeniifontane\/\" \/>\n<meta property=\"article:modified_time\" content=\"2025-03-20T14:52:53+00:00\" \/>\n<meta property=\"og:image\" content=\"https:\/\/www.spa-pools.eu\/si\/wp-content\/uploads\/2020\/05\/spa.hr-Bella-7.jpg\" \/>\n\t<meta property=\"og:image:width\" content=\"800\" \/>\n\t<meta property=\"og:image:height\" content=\"600\" \/>\n<meta name=\"twitter:card\" content=\"summary_large_image\" \/>\n<script type=\"application\/ld+json\" class=\"yoast-schema-graph\">{\"@context\":\"https:\/\/schema.org\",\"@graph\":[{\"@type\":\"Organization\",\"@id\":\"https:\/\/www.spa-pools.eu\/si\/#organization\",\"name\":\"Niveto d.o.o. - Spa bazeni\",\"url\":\"https:\/\/www.spa-pools.eu\/si\/\",\"sameAs\":[\"https:\/\/www.facebook.com\/Nivetobazeniifontane\/\"],\"logo\":{\"@type\":\"ImageObject\",\"@id\":\"https:\/\/www.spa-pools.eu\/si\/#logo\",\"inLanguage\":\"en-US\",\"url\":\"https:\/\/www.spa-pools.eu\/si\/wp-content\/uploads\/revslider\/home3-rs1\/logo.png\",\"width\":203,\"height\":60,\"caption\":\"Niveto d.o.o. - Spa bazeni\"},\"image\":{\"@id\":\"https:\/\/www.spa-pools.eu\/si\/#logo\"}},{\"@type\":\"WebSite\",\"@id\":\"https:\/\/www.spa-pools.eu\/si\/#website\",\"url\":\"https:\/\/www.spa-pools.eu\/si\/\",\"name\":\"NIVETO Bazeni\",\"description\":\"Spa masa\\u017eni bazeni\",\"publisher\":{\"@id\":\"https:\/\/www.spa-pools.eu\/si\/#organization\"},\"potentialAction\":[{\"@type\":\"SearchAction\",\"target\":\"https:\/\/www.spa-pools.eu\/si\/?s={search_term_string}\",\"query-input\":\"required name=search_term_string\"}],\"inLanguage\":\"en-US\"},{\"@type\":\"ImageObject\",\"@id\":\"https:\/\/www.spa-pools.eu\/si\/product\/masazni-bazen-spa-bella-210-x-210-x-88-cm-5-oseba-superior\/#primaryimage\",\"inLanguage\":\"en-US\",\"url\":\"https:\/\/www.spa-pools.eu\/si\/wp-content\/uploads\/2020\/05\/spa.hr-Bella-7.jpg\",\"width\":800,\"height\":600},{\"@type\":\"WebPage\",\"@id\":\"https:\/\/www.spa-pools.eu\/si\/product\/masazni-bazen-spa-bella-210-x-210-x-88-cm-5-oseba-superior\/#webpage\",\"url\":\"https:\/\/www.spa-pools.eu\/si\/product\/masazni-bazen-spa-bella-210-x-210-x-88-cm-5-oseba-superior\/\",\"name\":\"Masa\\u017eni bazen SPA Bella 230 x 230 x 90 cm - 5 oseba - SUPERIOR serija | NIVETO Bazeni\",\"isPartOf\":{\"@id\":\"https:\/\/www.spa-pools.eu\/si\/#website\"},\"primaryImageOfPage\":{\"@id\":\"https:\/\/www.spa-pools.eu\/si\/product\/masazni-bazen-spa-bella-210-x-210-x-88-cm-5-oseba-superior\/#primaryimage\"},\"datePublished\":\"2020-05-14T06:36:15+00:00\",\"dateModified\":\"2025-03-20T14:52:53+00:00\",\"description\":\"Masa\\u017eni Bazen | Predstavljamo vam najsodobnej\\u0161i masa\\u017eni bazen z najmo\\u010dnej\\u0161o vodno masa\\u017eo na trgu: SPA BELLA. Kot \\u017ee ime pove, je Bella sodoben, oblikovalski, visokotehnolo\\u0161ki masa\\u017eni bazen za tiste, ki ne \\u017eelijo klasike. Osvetlitev iz \\u0161ob, zaslona na dotik se prilega vsakemu sodobnemu oblikovalskemu prostoru. Naj bo sam ali s prijatelji, bo zvo\\u010dni sistem z dvema pojavnima zvo\\u010dnikoma in mo\\u010dnim globokotoncem zadovoljil vse potrebe po poslu\\u0161anju klasi\\u010dne, spro\\u0161\\u010dujo\\u010de ali moderne pop in tehno glasbe. https:\/\/youtu.be\/kP4XZOjLOrk &nbsp;\",\"inLanguage\":\"en-US\",\"potentialAction\":[{\"@type\":\"ReadAction\",\"target\":[\"https:\/\/www.spa-pools.eu\/si\/product\/masazni-bazen-spa-bella-210-x-210-x-88-cm-5-oseba-superior\/\"]}]}]}<\/script>\n<!-- \/ Yoast SEO Premium plugin. -->","_links":{"self":[{"href":"https:\/\/www.spa-pools.eu\/si\/wp-json\/wp\/v2\/product\/22161","targetHints":{"allow":["GET"]}}],"collection":[{"href":"https:\/\/www.spa-pools.eu\/si\/wp-json\/wp\/v2\/product"}],"about":[{"href":"https:\/\/www.spa-pools.eu\/si\/wp-json\/wp\/v2\/types\/product"}],"replies":[{"embeddable":true,"href":"https:\/\/www.spa-pools.eu\/si\/wp-json\/wp\/v2\/comments?post=22161"}],"wp:featuredmedia":[{"embeddable":true,"href":"https:\/\/www.spa-pools.eu\/si\/wp-json\/wp\/v2\/media\/22874"}],"wp:attachment":[{"href":"https:\/\/www.spa-pools.eu\/si\/wp-json\/wp\/v2\/media?parent=22161"}],"wp:term":[{"taxonomy":"product_brand","embeddable":true,"href":"https:\/\/www.spa-pools.eu\/si\/wp-json\/wp\/v2\/product_brand?post=22161"},{"taxonomy":"product_cat","embeddable":true,"href":"https:\/\/www.spa-pools.eu\/si\/wp-json\/wp\/v2\/product_cat?post=22161"},{"taxonomy":"product_tag","embeddable":true,"href":"https:\/\/www.spa-pools.eu\/si\/wp-json\/wp\/v2\/product_tag?post=22161"},{"taxonomy":"specifikacije","embeddable":true,"href":"https:\/\/www.spa-pools.eu\/si\/wp-json\/wp\/v2\/specifikacije?post=22161"},{"taxonomy":"pumpe__elektronika__mlaznice","embeddable":true,"href":"https:\/\/www.spa-pools.eu\/si\/wp-json\/wp\/v2\/pumpe__elektronika__mlaznice?post=22161"},{"taxonomy":"filtracija","embeddable":true,"href":"https:\/\/www.spa-pools.eu\/si\/wp-json\/wp\/v2\/filtracija?post=22161"},{"taxonomy":"oprema","embeddable":true,"href":"https:\/\/www.spa-pools.eu\/si\/wp-json\/wp\/v2\/oprema?post=22161"},{"taxonomy":"yst_prominent_words","embeddable":true,"href":"https:\/\/www.spa-pools.eu\/si\/wp-json\/wp\/v2\/yst_prominent_words?post=22161"}],"curies":[{"name":"wp","href":"https:\/\/api.w.org\/{rel}","templated":true}]}}