{"id":22197,"date":"2020-05-18T13:01:21","date_gmt":"2020-05-18T13:01:21","guid":{"rendered":"https:\/\/www.spa-pools.eu\/si\/?post_type=product&#038;p=22197"},"modified":"2023-07-06T12:22:03","modified_gmt":"2023-07-06T12:22:03","slug":"potopna-crpalka-eden-130","status":"publish","type":"product","link":"https:\/\/www.spa-pools.eu\/si\/product\/potopna-crpalka-eden-130\/","title":{"rendered":"Potopna \u010drpalka za akvarij, fontanu, terarij EDEN 130"},"content":{"rendered":"<p>Te izjemno kompaktne \u010drpalke so idealne za ne\u0161teto uporab na podro\u010dju majhnih namiznih in vrtnih fontan ter za druge namene.<\/p>\n<p>Pretok najve\u010d 1150 l \/ h<br \/>\nPretok min 600 l \/ h<br \/>\nH 2,5 m<br \/>\nPoraba energije 32 W<br \/>\nDimenzije 74 x 54 x 89 mm<\/p>\n<p>Slike so samo ilustrativne narave in ne prikazujejo nujno identi\u010dnega izdelka, ki se prodaja.<\/p>\n<p>OPOMBA: nov izdelek, vendar morebitna embala\u017ea ni povsem \u010dedna<\/p>\n<p>Garancija: 1 let.<\/p>\n","protected":false},"excerpt":{"rendered":"<p><strong>cene so za enkratno pla\u010dilo z\u00a0debetnimi in kreditnimi karticami<\/strong><\/p>\n<p><strong>V ceno je vklju\u010dena brezpla\u010dna dostava na podro\u010dju Republike Slovenije.<\/strong><\/p>\n","protected":false},"featured_media":22198,"comment_status":"open","ping_status":"closed","template":"","meta":{"_acf_changed":false},"product_brand":[],"product_cat":[674,675,818],"product_tag":[],"specifikacije":[],"pumpe__elektronika__mlaznice":[],"filtracija":[],"oprema":[],"yst_prominent_words":[266,820,819],"class_list":{"0":"post-22197","1":"product","2":"type-product","3":"status-publish","4":"has-post-thumbnail","6":"product_cat-oprema-za-akvarije","7":"product_cat-oprema-za-vodnjake","8":"product_cat-posebna-ponudba","9":"tm-no-options","11":"first","12":"outofstock","13":"taxable","14":"shipping-taxable","15":"purchasable","16":"product-type-simple"},"acf":[],"yoast_head":"<!-- This site is optimized with the Yoast SEO Premium plugin v14.0.4 - https:\/\/yoast.com\/wordpress\/plugins\/seo\/ -->\n<title>Potopna \u010drpalka za akvarij, fontanu, terarij EDEN 130 | NIVETO Bazeni<\/title>\n<meta name=\"description\" content=\"cene so za enkratno pla\u010dilo z\u00a0debetnimi in kreditnimi karticami  V ceno je vklju\u010dena brezpla\u010dna dostava na podro\u010dju Republike Slovenije.\" \/>\n<meta name=\"robots\" content=\"index, follow\" \/>\n<meta name=\"googlebot\" content=\"index, follow, max-snippet:-1, max-image-preview:large, max-video-preview:-1\" \/>\n<meta name=\"bingbot\" content=\"index, follow, max-snippet:-1, max-image-preview:large, max-video-preview:-1\" \/>\n<link rel=\"canonical\" href=\"https:\/\/www.spa-pools.eu\/si\/product\/potopna-crpalka-eden-130\/\" \/>\n<meta property=\"og:locale\" content=\"en_US\" \/>\n<meta property=\"og:type\" content=\"article\" \/>\n<meta property=\"og:title\" content=\"Potopna \u010drpalka za akvarij, fontanu, terarij EDEN 130 | NIVETO Bazeni\" \/>\n<meta property=\"og:description\" content=\"cene so za enkratno pla\u010dilo z\u00a0debetnimi in kreditnimi karticami  V ceno je vklju\u010dena brezpla\u010dna dostava na podro\u010dju Republike Slovenije.\" \/>\n<meta property=\"og:url\" content=\"https:\/\/www.spa-pools.eu\/si\/product\/potopna-crpalka-eden-130\/\" \/>\n<meta property=\"og:site_name\" content=\"NIVETO Bazeni\" \/>\n<meta property=\"article:publisher\" content=\"https:\/\/www.facebook.com\/Nivetobazeniifontane\/\" \/>\n<meta property=\"article:modified_time\" content=\"2023-07-06T12:22:03+00:00\" \/>\n<meta property=\"og:image\" content=\"https:\/\/www.spa-pools.eu\/si\/wp-content\/uploads\/2020\/05\/135_140.jpg\" \/>\n\t<meta property=\"og:image:width\" content=\"297\" \/>\n\t<meta property=\"og:image:height\" content=\"276\" \/>\n<meta name=\"twitter:card\" content=\"summary_large_image\" \/>\n<script type=\"application\/ld+json\" class=\"yoast-schema-graph\">{\"@context\":\"https:\/\/schema.org\",\"@graph\":[{\"@type\":\"Organization\",\"@id\":\"https:\/\/www.spa-pools.eu\/si\/#organization\",\"name\":\"Niveto d.o.o. - Spa bazeni\",\"url\":\"https:\/\/www.spa-pools.eu\/si\/\",\"sameAs\":[\"https:\/\/www.facebook.com\/Nivetobazeniifontane\/\"],\"logo\":{\"@type\":\"ImageObject\",\"@id\":\"https:\/\/www.spa-pools.eu\/si\/#logo\",\"inLanguage\":\"en-US\",\"url\":\"https:\/\/www.spa-pools.eu\/si\/wp-content\/uploads\/revslider\/home3-rs1\/logo.png\",\"width\":203,\"height\":60,\"caption\":\"Niveto d.o.o. - Spa bazeni\"},\"image\":{\"@id\":\"https:\/\/www.spa-pools.eu\/si\/#logo\"}},{\"@type\":\"WebSite\",\"@id\":\"https:\/\/www.spa-pools.eu\/si\/#website\",\"url\":\"https:\/\/www.spa-pools.eu\/si\/\",\"name\":\"NIVETO Bazeni\",\"description\":\"Spa masa\\u017eni bazeni\",\"publisher\":{\"@id\":\"https:\/\/www.spa-pools.eu\/si\/#organization\"},\"potentialAction\":[{\"@type\":\"SearchAction\",\"target\":\"https:\/\/www.spa-pools.eu\/si\/?s={search_term_string}\",\"query-input\":\"required name=search_term_string\"}],\"inLanguage\":\"en-US\"},{\"@type\":\"ImageObject\",\"@id\":\"https:\/\/www.spa-pools.eu\/si\/product\/potopna-crpalka-eden-130\/#primaryimage\",\"inLanguage\":\"en-US\",\"url\":\"https:\/\/www.spa-pools.eu\/si\/wp-content\/uploads\/2020\/05\/135_140.jpg\",\"width\":297,\"height\":276},{\"@type\":\"WebPage\",\"@id\":\"https:\/\/www.spa-pools.eu\/si\/product\/potopna-crpalka-eden-130\/#webpage\",\"url\":\"https:\/\/www.spa-pools.eu\/si\/product\/potopna-crpalka-eden-130\/\",\"name\":\"Potopna \\u010drpalka za akvarij, fontanu, terarij EDEN 130 | NIVETO Bazeni\",\"isPartOf\":{\"@id\":\"https:\/\/www.spa-pools.eu\/si\/#website\"},\"primaryImageOfPage\":{\"@id\":\"https:\/\/www.spa-pools.eu\/si\/product\/potopna-crpalka-eden-130\/#primaryimage\"},\"datePublished\":\"2020-05-18T13:01:21+00:00\",\"dateModified\":\"2023-07-06T12:22:03+00:00\",\"description\":\"cene so za enkratno pla\\u010dilo z\\u00a0debetnimi in kreditnimi karticami V ceno je vklju\\u010dena brezpla\\u010dna dostava na podro\\u010dju Republike Slovenije.\",\"inLanguage\":\"en-US\",\"potentialAction\":[{\"@type\":\"ReadAction\",\"target\":[\"https:\/\/www.spa-pools.eu\/si\/product\/potopna-crpalka-eden-130\/\"]}]}]}<\/script>\n<!-- \/ Yoast SEO Premium plugin. -->","_links":{"self":[{"href":"https:\/\/www.spa-pools.eu\/si\/wp-json\/wp\/v2\/product\/22197","targetHints":{"allow":["GET"]}}],"collection":[{"href":"https:\/\/www.spa-pools.eu\/si\/wp-json\/wp\/v2\/product"}],"about":[{"href":"https:\/\/www.spa-pools.eu\/si\/wp-json\/wp\/v2\/types\/product"}],"replies":[{"embeddable":true,"href":"https:\/\/www.spa-pools.eu\/si\/wp-json\/wp\/v2\/comments?post=22197"}],"wp:featuredmedia":[{"embeddable":true,"href":"https:\/\/www.spa-pools.eu\/si\/wp-json\/wp\/v2\/media\/22198"}],"wp:attachment":[{"href":"https:\/\/www.spa-pools.eu\/si\/wp-json\/wp\/v2\/media?parent=22197"}],"wp:term":[{"taxonomy":"product_brand","embeddable":true,"href":"https:\/\/www.spa-pools.eu\/si\/wp-json\/wp\/v2\/product_brand?post=22197"},{"taxonomy":"product_cat","embeddable":true,"href":"https:\/\/www.spa-pools.eu\/si\/wp-json\/wp\/v2\/product_cat?post=22197"},{"taxonomy":"product_tag","embeddable":true,"href":"https:\/\/www.spa-pools.eu\/si\/wp-json\/wp\/v2\/product_tag?post=22197"},{"taxonomy":"specifikacije","embeddable":true,"href":"https:\/\/www.spa-pools.eu\/si\/wp-json\/wp\/v2\/specifikacije?post=22197"},{"taxonomy":"pumpe__elektronika__mlaznice","embeddable":true,"href":"https:\/\/www.spa-pools.eu\/si\/wp-json\/wp\/v2\/pumpe__elektronika__mlaznice?post=22197"},{"taxonomy":"filtracija","embeddable":true,"href":"https:\/\/www.spa-pools.eu\/si\/wp-json\/wp\/v2\/filtracija?post=22197"},{"taxonomy":"oprema","embeddable":true,"href":"https:\/\/www.spa-pools.eu\/si\/wp-json\/wp\/v2\/oprema?post=22197"},{"taxonomy":"yst_prominent_words","embeddable":true,"href":"https:\/\/www.spa-pools.eu\/si\/wp-json\/wp\/v2\/yst_prominent_words?post=22197"}],"curies":[{"name":"wp","href":"https:\/\/api.w.org\/{rel}","templated":true}]}}