{"id":22300,"date":"2020-08-07T10:40:19","date_gmt":"2020-08-07T10:40:19","guid":{"rendered":"https:\/\/www.spa-pools.eu\/si\/?post_type=product&#038;p=22300"},"modified":"2025-04-09T13:21:42","modified_gmt":"2025-04-09T13:21:42","slug":"kombinirana-savna-kotna-214-x-214-x-210-elite-aspen","status":"publish","type":"product","link":"https:\/\/www.spa-pools.eu\/si\/product\/kombinirana-savna-kotna-214-x-214-x-210-elite-aspen\/","title":{"rendered":"Kombinirana SAVNA kotna &#8211; 214 x 214 x 210 &#8211; ELITE &#8211; Aspen"},"content":{"rendered":"<p><strong>Dimenzije: 2140 x 2140 x 2100 mm<\/strong><\/p>\n<p><strong>STANDARDNA OPREMA:<\/strong><\/p>\n<p>\u2022 Les: razko\u0161en ameri\u0161ki Aspen s \u0161irokimi vodoravnimi letvami<br \/>\n\u2022 Debelina plo\u0161\u010de: 50 mm izolirana s kamnito volno v aluminijasto folijo<br \/>\n\u2022 Bluetooth in radio s dva zvo\u010dnika,<br \/>\n\u2022 linearna LED RGBW stropna razsvetljava<br \/>\n\u2022 linearna LED RGBW razsvetljava pod klopjo<br \/>\n\u2022 leseno vedro z \u017elico, termometrom in pe\u0161\u010dico<br \/>\n\u2022 Navodila za namestitev in vzdr\u017eevanje.<br \/>\n\u2022 digitalna barvna nadzorna plo\u0161\u010da za nadzor delovanja infrarde\u010dih grelcev 0-90C, nadzor zvoka in osvetlitve<br \/>\n\u2022 8 mm vrata iz kaljenega stekla z ro\u010dajem in te\u010daji<br \/>\n\u2022 Pe\u010d &#8211; 9kW \/ 400V -HARVIA Vega \u0160vedska z vulkanskim kamnom<br \/>\n\u2022 Infrarde\u010di grelci FullSpectrum: 4 x 400 W \/ 230V<br \/>\n\u2022 Temperaturno obmo\u010dje: Infra do 90 \u00b0 C, finsko do 90 \u00b0 C<\/p>\n<p><strong>Prednost uporabe savne:<\/strong><\/p>\n<p>\u2022 bolj\u0161i spanec<br \/>\n\u2022 sprostitev<br \/>\n\u2022 razstrupljanje<br \/>\n\u2022 izguba te\u017ee<br \/>\n\u2022 olaj\u0161anje vnetih mi\u0161ic<br \/>\n\u2022 laj\u0161anje bole\u010din v sklepih, kot je artritis<br \/>\n\u2022 \u010cista in bolj \u010dvrsta ko\u017ea<br \/>\n\u2022 izbolj\u0161ana cirkulacija<br \/>\n\u2022 pomo\u010d ljudem s sindromom kroni\u010dne utrujenosti<\/p>\n<p><strong>kromoterapijo<\/strong><\/p>\n<p>Kromoterapija, imenovana tudi barvna terapija, je uporaba barve in svetlobe za doseganje homeostaze.<\/p>\n<p><span style=\"color: #ff0000;\"><strong>RDE\u010c<\/strong><\/span>: prina\u0161a toplino, energijo in spodbudo; zato je dobra barva za energijo, utrujenost, prehlad, hladne in pasivne ljudi. Srcu in o\u017eilju daje energijo ter spodbuja \u010dute.<\/p>\n<p><span style=\"color: #ffcc00;\"><strong>RUMENA<\/strong><\/span>: Zvi\u0161a \u017eiv\u010dno-mi\u0161i\u010dni ton. Pre\u010disti kri, pomaga pri prebavi in \u200b\u200bima \u010distilni u\u010dinek. Mo\u010dno spodbuja veselje, prina\u0161a ob\u010dutek varnosti, pa tudi mo\u010dan ob\u010dutek dobrega po\u010dutja.<\/p>\n<p><span style=\"color: #3366ff;\"><strong>MODRA<\/strong><\/span>: Je hladna, pomirjujo\u010da barva. Stimulira parasimpati\u010dni sistem, zni\u017euje krvni tlak in pomirja dihanje in srce. Pomaga pri zdravljenju motenj spanja in glavobolov<\/p>\n<p><span style=\"color: #339966;\"><strong>ZELENA<\/strong><\/span>: je hladna, sede\u010da barva, ki pomaga zmanj\u0161ati otekanje sklepov in tkiv; pomirja \u017eiv\u010dni sistem telesa. Je barva spro\u0161\u010denega srca.<\/p>\n<p><span style=\"color: #333399;\"><strong>LJUBEZEN<\/strong><\/span>: Spodbuja zavedanje in vest. Pove\u010da u\u010dinek zdravil. Spodbuja pravilno delovanje limfnega sistema in je zelo koristna v menopavzi. Je barva za nevtralizacijo \u010dustvenih ran in duhovne rasti.<\/p>\n<p><span style=\"color: #00ccff;\"><strong>TIRKIZNA<\/strong><\/span>: Pove\u010da intuicijo in ob\u010dutljivost. Miselno se spro\u0161\u010da in se spopada z utele\u0161enimi psiholo\u0161kimi ovirami. Deluje kot tonik in lahko pomaga uravnavati neravnovesja v plju\u010dnem in debelem \u010drevesnem sistemu. Turkizna spodbudi duhovno rast.<\/p>\n<p><strong>POPOLNI GREJALCI SPEKTRA:<\/strong><\/p>\n<p>Infrarde\u010di \u017earki, ki so najbolj podobni naravni svetlobi, ker oddaja celoten spekter valov.<\/p>\n<p><strong>FIR<\/strong>\u00a0(oddaljena infrarde\u010da rde\u010da)<\/p>\n<p><strong>FAR<\/strong>\u00a0je najdalj\u0161a valovna dol\u017eina (100 \u00b5m), ki sega najgloblje v telo, kjer se zadr\u017eijo toksini.<\/p>\n<p>S pove\u010danjem telesne temperature FAR stimulira znojne \u017eleze, kar ima za posledico globok, detox znoj, ki vas pusti, da se po\u017eivite. Poleg tega potenje pove\u010da sr\u010dni utrip in presnovo, s \u010dimer porabite ve\u010d kalorij.<\/p>\n<p><strong>MIR<\/strong>\u00a0(srednje infrarde\u010de)<\/p>\n<p>Srednji infrarde\u010di (MIR) je valovna dol\u017eina, ki lahko prodre globlje v mehko tkivo telesa, kjer pride do vnetja. MIR pomaga raz\u0161iriti krvne \u017eile in pove\u010dati prekrvavitev, tako da ve\u010d kisika lahko dose\u017ee po\u0161kodovane dele telesa. To zmanj\u0161a bole\u010dino in pospe\u0161i proces celjenja.<\/p>\n<p><strong>NIR<\/strong>\u00a0(blizu infrarde\u010dega)<\/p>\n<p>(NIR) je najkraj\u0161a infrarde\u010da valovna dol\u017eina in prodre na povr\u0161ino ko\u017ee u\u010dinkoviteje kot druga dva. Znanstvene raziskave ka\u017eejo, da NIR, ko je dobavljen na vitalni valovni dol\u017eini 880nm brez ekstremne toplote ali svetlobe, spodbuja obnovo ko\u017ee, zdravje celic, celjenje ran in rast tkiv.<\/p>\n<p><strong>ZAKLJU\u010cEK<\/strong>:<\/p>\n<p>Celotni grelniki za spekter imajo dodatno prednost, da jih ni treba predgrevati.<\/p>\n<p>Uporaba savne je lahko v primerjavi s kerami\u010dnimi grelniki bistveno kraj\u0161a zahvaljujo\u010d visoki intenzivnosti tehnologije Full Spectrum. Praviloma se grelci s polnim spektrom uporabljajo za medicinsko in terapevtsko zdravljenje, medtem ko se grelniki FIR uporabljajo za sprostitev.<\/p>\n<table width=\"374\">\n<tbody>\n<tr>\n<td colspan=\"4\" width=\"374\"><strong>TERAPEVTSKE PREDNOSTI INFRARIRANIH FREKVENCIJ<\/strong><\/td>\n<\/tr>\n<tr>\n<td width=\"260\"><\/td>\n<td width=\"38\"><strong>NIR<\/strong><\/td>\n<td width=\"43\"><strong>MIR<\/strong><\/td>\n<td width=\"33\"><strong>FIR<\/strong><\/td>\n<\/tr>\n<tr>\n<td width=\"260\">Celjenje celic<\/td>\n<td width=\"38\">\u25cf<\/td>\n<td width=\"43\"><\/td>\n<td width=\"33\"><\/td>\n<\/tr>\n<tr>\n<td width=\"260\">Celjenje ran<\/td>\n<td width=\"38\">\u25cf<\/td>\n<td width=\"43\"><\/td>\n<td width=\"33\"><\/td>\n<\/tr>\n<tr>\n<td width=\"260\">Obnova ko\u017ee<\/td>\n<td width=\"38\">\u25cf<\/td>\n<td width=\"43\"><\/td>\n<td width=\"33\"><\/td>\n<\/tr>\n<tr>\n<td width=\"260\">Laj\u0161anje bole\u010din<\/td>\n<td width=\"38\">\u25cf<\/td>\n<td width=\"43\">\u25cf<\/td>\n<td width=\"33\"><\/td>\n<\/tr>\n<tr>\n<td width=\"260\">Izbolj\u0161ana mikrocirkulacija<\/td>\n<td width=\"38\"><\/td>\n<td width=\"43\">\u25cf<\/td>\n<td width=\"33\"><\/td>\n<\/tr>\n<tr>\n<td width=\"260\">Izguba te\u017ee<\/td>\n<td width=\"38\"><\/td>\n<td width=\"43\">\u25cf<\/td>\n<td width=\"33\">\u25cf<\/td>\n<\/tr>\n<tr>\n<td width=\"260\">razstrupljanje<\/td>\n<td width=\"38\"><\/td>\n<td width=\"43\"><\/td>\n<td width=\"33\">\u25cf<\/td>\n<\/tr>\n<tr>\n<td width=\"260\">Zni\u017eanje krvnega tlaka<\/td>\n<td width=\"38\"><\/td>\n<td width=\"43\"><\/td>\n<td width=\"33\">\u25cf<\/td>\n<\/tr>\n<tr>\n<td width=\"260\">sprostitev<\/td>\n<td width=\"38\"><\/td>\n<td width=\"43\"><\/td>\n<td width=\"33\">\u25cf<\/td>\n<\/tr>\n<\/tbody>\n<\/table>\n<p>&nbsp;<\/p>\n<p><strong>GARANCIJA: 2 leti<\/strong><\/p>\n","protected":false},"excerpt":{"rendered":"<p style=\"text-align: center;\"><strong>spa.hr vam predstavlja nove kombinirane savne iz luksuzne ameri\u0161ke aspena z vrhunskom zaklju\u010dnom obdelavom in najkakovostnej\u0161imi komponentami na trgu.<\/strong><\/p>\n<p style=\"text-align: center;\"><strong>Savne za tiste, ki \u017eelijo ve\u010d, \u017eelijo druga\u010de in ne \u017eelijo kompromisov.<\/strong><\/p>\n<p style=\"text-align: center;\">\n<p style=\"text-align: center;\"><strong>cene so za enkratno pla\u010dilo z\u00a0debetnimi in kreditnimi karticami\u00a0<\/strong><\/p>\n","protected":false},"featured_media":22303,"comment_status":"closed","ping_status":"closed","template":"","meta":{"_acf_changed":false},"product_brand":[],"product_cat":[538],"product_tag":[],"specifikacije":[],"pumpe__elektronika__mlaznice":[],"filtracija":[],"oprema":[],"yst_prominent_words":[386,878,877,876,324,470,468,173,327,326,472,469,837,836,833,325,178,471,182,179],"class_list":{"0":"post-22300","1":"product","2":"type-product","3":"status-publish","4":"has-post-thumbnail","6":"product_cat-kombinirane-savne","7":"tm-no-options","9":"first","10":"instock","11":"taxable","12":"shipping-taxable","13":"purchasable","14":"product-type-simple"},"acf":[],"yoast_head":"<!-- This site is optimized with the Yoast SEO Premium plugin v14.0.4 - https:\/\/yoast.com\/wordpress\/plugins\/seo\/ -->\n<title>FINSKA SAVNA - PREMIUM kotna do 4 osebe | NIVETO Bazeni<\/title>\n<meta name=\"description\" content=\"spa.hr vam predstavlja nove kombinirane savne iz luksuzne ameri\u0161ke aspena z vrhunskom zaklju\u010dnom obdelavom in najkakovostnej\u0161imi komponentami na trgu. Savne za tiste, ki \u017eelijo ve\u010d, \u017eelijo druga\u010de in ne \u017eelijo kompromisov.  cene so za enkratno pla\u010dilo z\u00a0debetnimi in kreditnimi karticami\u00a0\" \/>\n<meta name=\"robots\" content=\"index, follow\" \/>\n<meta name=\"googlebot\" content=\"index, follow, max-snippet:-1, max-image-preview:large, max-video-preview:-1\" \/>\n<meta name=\"bingbot\" content=\"index, follow, max-snippet:-1, max-image-preview:large, max-video-preview:-1\" \/>\n<link rel=\"canonical\" href=\"https:\/\/www.spa-pools.eu\/si\/product\/kombinirana-savna-kotna-214-x-214-x-210-elite-aspen\/\" \/>\n<meta property=\"og:locale\" content=\"en_US\" \/>\n<meta property=\"og:type\" content=\"article\" \/>\n<meta property=\"og:title\" content=\"FINSKA SAVNA - PREMIUM kotna do 4 osebe | NIVETO Bazeni\" \/>\n<meta property=\"og:description\" content=\"spa.hr vam predstavlja nove kombinirane savne iz luksuzne ameri\u0161ke aspena z vrhunskom zaklju\u010dnom obdelavom in najkakovostnej\u0161imi komponentami na trgu. Savne za tiste, ki \u017eelijo ve\u010d, \u017eelijo druga\u010de in ne \u017eelijo kompromisov.  cene so za enkratno pla\u010dilo z\u00a0debetnimi in kreditnimi karticami\u00a0\" \/>\n<meta property=\"og:url\" content=\"https:\/\/www.spa-pools.eu\/si\/product\/kombinirana-savna-kotna-214-x-214-x-210-elite-aspen\/\" \/>\n<meta property=\"og:site_name\" content=\"NIVETO Bazeni\" \/>\n<meta property=\"article:publisher\" content=\"https:\/\/www.facebook.com\/Nivetobazeniifontane\/\" \/>\n<meta property=\"article:modified_time\" content=\"2025-04-09T13:21:42+00:00\" \/>\n<meta property=\"og:image\" content=\"https:\/\/www.spa-pools.eu\/si\/wp-content\/uploads\/2020\/08\/spa.hr-kutna-kombinirana-sauna-aspen-3.jpg\" \/>\n\t<meta property=\"og:image:width\" content=\"1200\" \/>\n\t<meta property=\"og:image:height\" content=\"800\" \/>\n<meta name=\"twitter:card\" content=\"summary_large_image\" \/>\n<script type=\"application\/ld+json\" class=\"yoast-schema-graph\">{\"@context\":\"https:\/\/schema.org\",\"@graph\":[{\"@type\":\"Organization\",\"@id\":\"https:\/\/www.spa-pools.eu\/si\/#organization\",\"name\":\"Niveto d.o.o. - Spa bazeni\",\"url\":\"https:\/\/www.spa-pools.eu\/si\/\",\"sameAs\":[\"https:\/\/www.facebook.com\/Nivetobazeniifontane\/\"],\"logo\":{\"@type\":\"ImageObject\",\"@id\":\"https:\/\/www.spa-pools.eu\/si\/#logo\",\"inLanguage\":\"en-US\",\"url\":\"https:\/\/www.spa-pools.eu\/si\/wp-content\/uploads\/revslider\/home3-rs1\/logo.png\",\"width\":203,\"height\":60,\"caption\":\"Niveto d.o.o. - Spa bazeni\"},\"image\":{\"@id\":\"https:\/\/www.spa-pools.eu\/si\/#logo\"}},{\"@type\":\"WebSite\",\"@id\":\"https:\/\/www.spa-pools.eu\/si\/#website\",\"url\":\"https:\/\/www.spa-pools.eu\/si\/\",\"name\":\"NIVETO Bazeni\",\"description\":\"Spa masa\\u017eni bazeni\",\"publisher\":{\"@id\":\"https:\/\/www.spa-pools.eu\/si\/#organization\"},\"potentialAction\":[{\"@type\":\"SearchAction\",\"target\":\"https:\/\/www.spa-pools.eu\/si\/?s={search_term_string}\",\"query-input\":\"required name=search_term_string\"}],\"inLanguage\":\"en-US\"},{\"@type\":\"ImageObject\",\"@id\":\"https:\/\/www.spa-pools.eu\/si\/product\/kombinirana-savna-kotna-214-x-214-x-210-elite-aspen\/#primaryimage\",\"inLanguage\":\"en-US\",\"url\":\"https:\/\/www.spa-pools.eu\/si\/wp-content\/uploads\/2020\/08\/spa.hr-kutna-kombinirana-sauna-aspen-3.jpg\",\"width\":1200,\"height\":800},{\"@type\":\"WebPage\",\"@id\":\"https:\/\/www.spa-pools.eu\/si\/product\/kombinirana-savna-kotna-214-x-214-x-210-elite-aspen\/#webpage\",\"url\":\"https:\/\/www.spa-pools.eu\/si\/product\/kombinirana-savna-kotna-214-x-214-x-210-elite-aspen\/\",\"name\":\"FINSKA SAVNA - PREMIUM kotna do 4 osebe | NIVETO Bazeni\",\"isPartOf\":{\"@id\":\"https:\/\/www.spa-pools.eu\/si\/#website\"},\"primaryImageOfPage\":{\"@id\":\"https:\/\/www.spa-pools.eu\/si\/product\/kombinirana-savna-kotna-214-x-214-x-210-elite-aspen\/#primaryimage\"},\"datePublished\":\"2020-08-07T10:40:19+00:00\",\"dateModified\":\"2025-04-09T13:21:42+00:00\",\"description\":\"spa.hr vam predstavlja nove kombinirane savne iz luksuzne ameri\\u0161ke aspena z vrhunskom zaklju\\u010dnom obdelavom in najkakovostnej\\u0161imi komponentami na trgu. Savne za tiste, ki \\u017eelijo ve\\u010d, \\u017eelijo druga\\u010de in ne \\u017eelijo kompromisov. cene so za enkratno pla\\u010dilo z\\u00a0debetnimi in kreditnimi karticami\\u00a0\",\"inLanguage\":\"en-US\",\"potentialAction\":[{\"@type\":\"ReadAction\",\"target\":[\"https:\/\/www.spa-pools.eu\/si\/product\/kombinirana-savna-kotna-214-x-214-x-210-elite-aspen\/\"]}]}]}<\/script>\n<!-- \/ Yoast SEO Premium plugin. -->","_links":{"self":[{"href":"https:\/\/www.spa-pools.eu\/si\/wp-json\/wp\/v2\/product\/22300","targetHints":{"allow":["GET"]}}],"collection":[{"href":"https:\/\/www.spa-pools.eu\/si\/wp-json\/wp\/v2\/product"}],"about":[{"href":"https:\/\/www.spa-pools.eu\/si\/wp-json\/wp\/v2\/types\/product"}],"replies":[{"embeddable":true,"href":"https:\/\/www.spa-pools.eu\/si\/wp-json\/wp\/v2\/comments?post=22300"}],"wp:featuredmedia":[{"embeddable":true,"href":"https:\/\/www.spa-pools.eu\/si\/wp-json\/wp\/v2\/media\/22303"}],"wp:attachment":[{"href":"https:\/\/www.spa-pools.eu\/si\/wp-json\/wp\/v2\/media?parent=22300"}],"wp:term":[{"taxonomy":"product_brand","embeddable":true,"href":"https:\/\/www.spa-pools.eu\/si\/wp-json\/wp\/v2\/product_brand?post=22300"},{"taxonomy":"product_cat","embeddable":true,"href":"https:\/\/www.spa-pools.eu\/si\/wp-json\/wp\/v2\/product_cat?post=22300"},{"taxonomy":"product_tag","embeddable":true,"href":"https:\/\/www.spa-pools.eu\/si\/wp-json\/wp\/v2\/product_tag?post=22300"},{"taxonomy":"specifikacije","embeddable":true,"href":"https:\/\/www.spa-pools.eu\/si\/wp-json\/wp\/v2\/specifikacije?post=22300"},{"taxonomy":"pumpe__elektronika__mlaznice","embeddable":true,"href":"https:\/\/www.spa-pools.eu\/si\/wp-json\/wp\/v2\/pumpe__elektronika__mlaznice?post=22300"},{"taxonomy":"filtracija","embeddable":true,"href":"https:\/\/www.spa-pools.eu\/si\/wp-json\/wp\/v2\/filtracija?post=22300"},{"taxonomy":"oprema","embeddable":true,"href":"https:\/\/www.spa-pools.eu\/si\/wp-json\/wp\/v2\/oprema?post=22300"},{"taxonomy":"yst_prominent_words","embeddable":true,"href":"https:\/\/www.spa-pools.eu\/si\/wp-json\/wp\/v2\/yst_prominent_words?post=22300"}],"curies":[{"name":"wp","href":"https:\/\/api.w.org\/{rel}","templated":true}]}}