{"id":22323,"date":"2020-08-07T10:56:10","date_gmt":"2020-08-07T10:56:10","guid":{"rendered":"https:\/\/www.spa-pools.eu\/si\/?post_type=product&#038;p=22323"},"modified":"2024-11-28T07:31:20","modified_gmt":"2024-11-28T07:31:20","slug":"parna-savna-premium-dimenzije-2000-mm-x-1200-mm-x-2100-mm","status":"publish","type":"product","link":"https:\/\/www.spa-pools.eu\/si\/product\/parna-savna-premium-dimenzije-2000-mm-x-1200-mm-x-2100-mm\/","title":{"rendered":"Parna savna PREMIUM \u2013 200 x 120 x 210 cm"},"content":{"rendered":"<p><strong>Dimenzije: 2000 x 1200 x 2100 mm<\/strong><\/p>\n<p>Gradnja:<br \/>\nZunanjost: melamin plo\u0161\u010de<br \/>\nNotranjost: aluminijasta plasti\u010dna plo\u0161\u010da<br \/>\ndebelina plo\u0161\u010de 45 mm<br \/>\nsteklene stene: kaljeno steklo 10 mm<br \/>\nvrata: 8 mm kaljeno steklo z ro\u010dajem in te\u010daji<br \/>\nnadzorna plo\u0161\u010da z mikrotipi:<br \/>\nPRI\u017dGI \/ UGASNI<br \/>\nkoli\u010dina pare<br \/>\ntemperatura<br \/>\ndelovni \u010das<br \/>\nrazsvetljava<br \/>\nnadzor radia in MP3 predvajalnika<br \/>\nzaklepanje tipkovnice<br \/>\nkrmiljenje ventilatorja &#8211; ta model nima ventilatorja<br \/>\n1 zvo\u010dnik,<br \/>\nTemperaturni senzor<br \/>\nsenzor vla\u017enosti<br \/>\nionizator<br \/>\nprezra\u010devanje<br \/>\nnotranji stropni RGB razsvetljava<br \/>\n5kW \/ 230V generator pare<br \/>\nStropna tu\u0161 kabina z me\u0161alnikom<\/p>\n<p><strong>OPIS:<\/strong><br \/>\nParne savne so zaprti prostori, ki jih ogrevamo s paro.<br \/>\nTemperature se razlikujejo, vendar parne savne obi\u010dajno dr\u017eijo nekje okoli 45 \u00b0 C.<\/p>\n<p><strong>Razlika med paro in klasi\u010dno savno:<\/strong><br \/>\nParne savne so podobne savnam.<br \/>\nOba vas spodbujata, da sedite v majhni, ogrevani sobi in oboje vpliva na va\u0161e zdravje.<br \/>\nObstaja velika razlika v vrsti toplote, ki jo dajejo.<br \/>\nSavna Fisnka je v osnovi suha savna.<br \/>\nParna savna ustvarja ogrevano paro s pomo\u010djo generatorja pare.<\/p>\n<p>Na zdravje parne savne vplivata vlaga in para, ki ju ustvarjata.<\/p>\n<p><strong>Vpliv na zdravje parnih savn<\/strong><br \/>\nParna soba vam lahko izbolj\u0161a zdravje na ve\u010d na\u010dinov:<\/p>\n<p style=\"padding-left: 40px;\"><strong>Izbolj\u0161a cirkulacijo<\/strong><br \/>\nSedenje v parni sobi lahko znatno izbolj\u0161a va\u0161e zdravje srca in o\u017eilja. \u0160tudija pri starej\u0161ih je pokazala, da vla\u017ena toplota izbolj\u0161a prekrvavitev, zlasti v okon\u010dinah. Izbolj\u0161ana cirkulacija lahko privede do ni\u017ejega krvnega tlaka in bolj zdravega srca. Prav tako lahko spodbuja celjenje po\u0161kodovanega ko\u017enega tkiva.<\/p>\n<p style=\"padding-left: 40px;\"><strong>Zni\u017euje krvni tlak<\/strong><br \/>\n\u0160tudija vplivov na zdravje je dokazala, da v parni sobi telesa nekaterih ljudi spro\u0161\u010dajo hormone, ki spreminjajo delovanje srca. Eden od teh hormonov, imenovan aldosteron, uravnava va\u0161 krvni tlak. Ko se aldosteron sprosti, lahko pomaga zni\u017eati visok krvni tlak. To je del razloga, zakaj se v parni savni po\u010duti\u0161 spro\u0161\u010deno.<\/p>\n<p style=\"padding-left: 40px;\"><strong>Zmanj\u0161a stres<\/strong><br \/>\nUporaba parne savne lahko zmanj\u0161a proizvodnjo kortizola v telesu. Kortizol je hormon, ki uravnava raven stresa, ki ga \u010dutite. Ko vam raven kortizola pade, se po\u010dutite bolj nadzorovani in spro\u0161\u010deni. Nekaj \u200b\u200bminut v spro\u0161\u010denem stanju ne samo izbolj\u0161a va\u0161e zdravje, ampak tudi pomaga zdraviti um in izbolj\u0161ati fokus.<\/p>\n<p style=\"padding-left: 40px;\"><strong>\u010cisti preobremenjenost<\/strong><br \/>\nParne savne ustvarjajo okolje, ki segreje sluznico in spodbuja globoko dihanje. Posledi\u010dno lahko uporaba enega pomaga odstraniti zastoje znotraj sinusov in plju\u010d.<\/p>\n<p style=\"padding-left: 40px;\">Ena od raziskav, izvedenih na skupini otrok, je pokazala, da se otroci z oku\u017ebami dihal po terapiji s paro okrevajo hitreje kot otroci, ki terapije s paro niso uporabljali.<\/p>\n<p style=\"padding-left: 40px;\">Ne uporabljajte parne savne, \u010de imate vro\u010dino.<\/p>\n<p style=\"padding-left: 40px;\"><strong>Laj\u0161a vas toksinov in pomaga zdraviti ko\u017eo<\/strong><br \/>\nS\u010dasoma lahko toksini ostanejo ujeti pod va\u0161o ko\u017eo. Parne savne odpirajo pore, topla kondenzacija pa odpira umazanijo in odmrlo ko\u017eo. Posledi\u010dno boste imeli \u010disto in gladko ko\u017eo ter bolj enakomerno polt.<\/p>\n<p style=\"padding-left: 40px;\"><strong>Pomaga pri okrevanju od napornih naporov<\/strong><br \/>\nBole\u010dina, ki jo ob\u010dutite po vadbi, se imenuje bole\u010dina z zakasnitvijo, ki se za\u010dne (DOMS). Profesionalni \u0161portniki \u017ee desetletja vedo, da jim toplotna terapija lahko pomaga, da si opomorejo od napornih treningov. Vro\u010dina lahko prodre globoko v mi\u0161i\u010dno tkivo in pomaga sprostiti DOMS. Nedavne raziskave so dokazale, da vla\u017ena toplota deluje ravno tako u\u010dinkovito in celo hitreje kot suha toplota pri obnovi mi\u0161ic.<\/p>\n<p style=\"padding-left: 40px;\"><strong>Ohlapni sklepi so togi<\/strong><br \/>\nOgrevanje pred vadbo je klju\u010dnega pomena, da se izognete po\u0161kodbam. Uporaba parne savne kot dela ogrevanja vam lahko pomaga dose\u010di najve\u010djo gibljivost med aktivnostmi, kot so tek, pilates in joga. Ena \u0161tudija je preu\u010dila te u\u010dinke. Toploto je pred aktivnostjo nana\u0161al na kolenski sklep in posledi\u010dno je bil sklep veliko bolj gib\u010den in spro\u0161\u010den. Rezultati so pokazali, da vro\u010dina lahko pomaga prepre\u010diti po\u0161kodbe. Ugotovljeno je bilo tudi, da so \u017eenske zlasti izkoristile toplotno terapijo na kolenskem sklepu za prepre\u010devanje po\u0161kodb.<\/p>\n<p style=\"padding-left: 40px;\"><strong>Izgorevanje kalorij<\/strong><br \/>\nKo ste v parni savni, se va\u0161 sr\u010dni utrip pove\u010da. \u010ce po aerobni vadbi uporabljate parno savno, je va\u0161 sr\u010dni utrip \u017ee povi\u0161an, parna savna pa jo lahko podalj\u0161a. \u010ce se pravilno uporabljate, strokovnjaki potrjujejo, da savne in parne savne dodatno stimulirajo va\u0161e telo.<\/p>\n<p style=\"padding-left: 40px;\">Znojenje v parni sobi ni orodje za hitro huj\u0161anje. Vsaka te\u017ea, ki jo izgubite v parni sobi, je te\u017ea vode in jo boste morali nadomestiti z vodo, da se izognete dehidraciji. Toda uporaba parnih savn kot na\u010dina za kurjenje ve\u010d kalorij v telovadnici bi lahko pripomogla k ve\u010dji prehrani in vadbi.<\/p>\n<p style=\"padding-left: 40px;\"><strong>Krepi imunski sistem<\/strong><br \/>\nZnane so razli\u010dne oblike hidroterapije za pove\u010danje imunosti in parne savne niso izjema. Izpostavljenost telesa topli vodi spodbuja levkocite, to so celice, ki se borijo proti oku\u017ebi. Sedenje v parni sobi med prehladom ne bi smelo biti va\u0161a prva obramba, saj ni dokazov, da bi para lahko ubila oku\u017ebo, a redna uporaba parnih savnah bo okrepila imuniteto va\u0161ega krvnega obtoka, kar bi lahko privedlo do tega, da boste zbolevali manj pogosto.<\/p>\n<p><strong>Omejitve in tveganja uporabe parne sobe<\/strong><\/p>\n<p>Parne savne imajo sicer nekaj koristi za zdravje, vendar so lahko tudi \u0161kodljive, \u010de pretiravate. Bivanje v parni savni ve\u010d kot 15 minut vas lahko dehidrira.<\/p>\n<p>Parne savne so lahko gnezdi\u0161\u010de mikrobov in bakterij, ker para ni dovolj topla, da bi ubila nekatere vrste bakterij, vro\u010dina pa lahko celo pove\u010da \u0161tevilo bakterij. Zaradi tega se pred uporabo savne obvezno sperite z vodo.<\/p>\n<p>Parne savne ne morejo pozdraviti resnih zdravstvenih te\u017eav.<\/p>\n<p>Parne savne vam lahko pove\u010dajo sr\u010dni utrip in izbolj\u0161ajo vadbo, vendar niso nadomestilo za vadbo.<\/p>\n<p>\u010ce ste nose\u010di, imate oslabljen imunski sistem ali okrevate po operaciji, se izogibajte savnam, dokler se popolnoma ne pozdravite.<\/p>\n<p>Redna uporaba parne savne po delu lahko skraj\u0161a \u010das okrevanja in vam pomaga, da se po\u010dutite bolj zdravo, vendar ne morejo nadomestiti zdravljenja.<\/p>\n<p>V parni savni vedno izvajajte higieno tako, da nosite flip-flops, sedite na brisa\u010di in izperite povr\u0161ine z mla\u010dno vodo, da jih o\u010distite pred bakterijami.<\/p>\n<p><strong>Garancija: 2 leti<\/strong><\/p>\n<p>&nbsp;<\/p>\n","protected":false},"excerpt":{"rendered":"<p style=\"text-align: center;\"><strong>spa.hr predstavlja parne savne visoke kakovosti in u\u010dinkovitosti, ki so nepogre\u0161ljiva vsebina va\u0161ega doma. po\u010ditni\u0161ka hi\u0161a, wellness ali SPA center.<\/strong><\/p>\n<p style=\"text-align: center;\"><strong>Pove\u010dajte kakovost \u017eivljenja s spa.hr parnimi savnami<\/strong><\/p>\n<p style=\"text-align: center;\"><strong>Za ve\u010d vpra\u0161anj ali \u017eeljo po izdelavi savne po meri za zasebno ali javno uporabo, nas kontaktirajte.<\/strong><\/p>\n<p style=\"text-align: center;\"><strong>cene so za enkratno pla\u010dilo z\u00a0debetnimi in kreditnimi karticami\u00a0<\/strong><\/p>\n","protected":false},"featured_media":22330,"comment_status":"open","ping_status":"closed","template":"","meta":{"_acf_changed":false},"product_brand":[],"product_cat":[879,161],"product_tag":[],"specifikacije":[],"pumpe__elektronika__mlaznice":[],"filtracija":[],"oprema":[],"yst_prominent_words":[183,331,908,907,176,184,913,897,895,916,905,328,915,906,904,910,903,909,902,912],"class_list":{"0":"post-22323","1":"product","2":"type-product","3":"status-publish","4":"has-post-thumbnail","6":"product_cat-parne-savne","7":"product_cat-saune-infra-crvene-ir-karbon-finske-full-spectrum","8":"tm-no-options","10":"first","11":"outofstock","12":"taxable","13":"shipping-taxable","14":"purchasable","15":"product-type-simple"},"acf":[],"yoast_head":"<!-- This site is optimized with the Yoast SEO Premium plugin v14.0.4 - https:\/\/yoast.com\/wordpress\/plugins\/seo\/ -->\n<title>FINSKA SAVNA - PREMIUM kotna do 4 osebe | NIVETO Bazeni<\/title>\n<meta name=\"description\" content=\"spa.hr predstavlja parne savne visoke kakovosti in u\u010dinkovitosti, ki so nepogre\u0161ljiva vsebina va\u0161ega doma. po\u010ditni\u0161ka hi\u0161a, wellness ali SPA center. Pove\u010dajte kakovost \u017eivljenja s spa.hr parnimi savnami Za ve\u010d vpra\u0161anj ali \u017eeljo po izdelavi savne po meri za zasebno ali javno uporabo, nas kontaktirajte. cene so za enkratno pla\u010dilo z\u00a0debetnimi in kreditnimi karticami\u00a0\" \/>\n<meta name=\"robots\" content=\"index, follow\" \/>\n<meta name=\"googlebot\" content=\"index, follow, max-snippet:-1, max-image-preview:large, max-video-preview:-1\" \/>\n<meta name=\"bingbot\" content=\"index, follow, max-snippet:-1, max-image-preview:large, max-video-preview:-1\" \/>\n<link rel=\"canonical\" href=\"https:\/\/www.spa-pools.eu\/si\/product\/parna-savna-premium-dimenzije-2000-mm-x-1200-mm-x-2100-mm\/\" \/>\n<meta property=\"og:locale\" content=\"en_US\" \/>\n<meta property=\"og:type\" content=\"article\" \/>\n<meta property=\"og:title\" content=\"FINSKA SAVNA - PREMIUM kotna do 4 osebe | NIVETO Bazeni\" \/>\n<meta property=\"og:description\" content=\"spa.hr predstavlja parne savne visoke kakovosti in u\u010dinkovitosti, ki so nepogre\u0161ljiva vsebina va\u0161ega doma. po\u010ditni\u0161ka hi\u0161a, wellness ali SPA center. Pove\u010dajte kakovost \u017eivljenja s spa.hr parnimi savnami Za ve\u010d vpra\u0161anj ali \u017eeljo po izdelavi savne po meri za zasebno ali javno uporabo, nas kontaktirajte. cene so za enkratno pla\u010dilo z\u00a0debetnimi in kreditnimi karticami\u00a0\" \/>\n<meta property=\"og:url\" content=\"https:\/\/www.spa-pools.eu\/si\/product\/parna-savna-premium-dimenzije-2000-mm-x-1200-mm-x-2100-mm\/\" \/>\n<meta property=\"og:site_name\" content=\"NIVETO Bazeni\" \/>\n<meta property=\"article:publisher\" content=\"https:\/\/www.facebook.com\/Nivetobazeniifontane\/\" \/>\n<meta property=\"article:modified_time\" content=\"2024-11-28T07:31:20+00:00\" \/>\n<meta property=\"og:image\" content=\"https:\/\/www.spa-pools.eu\/si\/wp-content\/uploads\/2020\/08\/spa.hr-parna-sauna-premium-8-1.jpg\" \/>\n\t<meta property=\"og:image:width\" content=\"1200\" \/>\n\t<meta property=\"og:image:height\" content=\"800\" \/>\n<meta name=\"twitter:card\" content=\"summary_large_image\" \/>\n<script type=\"application\/ld+json\" class=\"yoast-schema-graph\">{\"@context\":\"https:\/\/schema.org\",\"@graph\":[{\"@type\":\"Organization\",\"@id\":\"https:\/\/www.spa-pools.eu\/si\/#organization\",\"name\":\"Niveto d.o.o. - Spa bazeni\",\"url\":\"https:\/\/www.spa-pools.eu\/si\/\",\"sameAs\":[\"https:\/\/www.facebook.com\/Nivetobazeniifontane\/\"],\"logo\":{\"@type\":\"ImageObject\",\"@id\":\"https:\/\/www.spa-pools.eu\/si\/#logo\",\"inLanguage\":\"en-US\",\"url\":\"https:\/\/www.spa-pools.eu\/si\/wp-content\/uploads\/revslider\/home3-rs1\/logo.png\",\"width\":203,\"height\":60,\"caption\":\"Niveto d.o.o. - Spa bazeni\"},\"image\":{\"@id\":\"https:\/\/www.spa-pools.eu\/si\/#logo\"}},{\"@type\":\"WebSite\",\"@id\":\"https:\/\/www.spa-pools.eu\/si\/#website\",\"url\":\"https:\/\/www.spa-pools.eu\/si\/\",\"name\":\"NIVETO Bazeni\",\"description\":\"Spa masa\\u017eni bazeni\",\"publisher\":{\"@id\":\"https:\/\/www.spa-pools.eu\/si\/#organization\"},\"potentialAction\":[{\"@type\":\"SearchAction\",\"target\":\"https:\/\/www.spa-pools.eu\/si\/?s={search_term_string}\",\"query-input\":\"required name=search_term_string\"}],\"inLanguage\":\"en-US\"},{\"@type\":\"ImageObject\",\"@id\":\"https:\/\/www.spa-pools.eu\/si\/product\/parna-savna-premium-dimenzije-2000-mm-x-1200-mm-x-2100-mm\/#primaryimage\",\"inLanguage\":\"en-US\",\"url\":\"https:\/\/www.spa-pools.eu\/si\/wp-content\/uploads\/2020\/08\/spa.hr-parna-sauna-premium-8-1.jpg\",\"width\":1200,\"height\":800},{\"@type\":\"WebPage\",\"@id\":\"https:\/\/www.spa-pools.eu\/si\/product\/parna-savna-premium-dimenzije-2000-mm-x-1200-mm-x-2100-mm\/#webpage\",\"url\":\"https:\/\/www.spa-pools.eu\/si\/product\/parna-savna-premium-dimenzije-2000-mm-x-1200-mm-x-2100-mm\/\",\"name\":\"FINSKA SAVNA - PREMIUM kotna do 4 osebe | NIVETO Bazeni\",\"isPartOf\":{\"@id\":\"https:\/\/www.spa-pools.eu\/si\/#website\"},\"primaryImageOfPage\":{\"@id\":\"https:\/\/www.spa-pools.eu\/si\/product\/parna-savna-premium-dimenzije-2000-mm-x-1200-mm-x-2100-mm\/#primaryimage\"},\"datePublished\":\"2020-08-07T10:56:10+00:00\",\"dateModified\":\"2024-11-28T07:31:20+00:00\",\"description\":\"spa.hr predstavlja parne savne visoke kakovosti in u\\u010dinkovitosti, ki so nepogre\\u0161ljiva vsebina va\\u0161ega doma. po\\u010ditni\\u0161ka hi\\u0161a, wellness ali SPA center. Pove\\u010dajte kakovost \\u017eivljenja s spa.hr parnimi savnami Za ve\\u010d vpra\\u0161anj ali \\u017eeljo po izdelavi savne po meri za zasebno ali javno uporabo, nas kontaktirajte. cene so za enkratno pla\\u010dilo z\\u00a0debetnimi in kreditnimi karticami\\u00a0\",\"inLanguage\":\"en-US\",\"potentialAction\":[{\"@type\":\"ReadAction\",\"target\":[\"https:\/\/www.spa-pools.eu\/si\/product\/parna-savna-premium-dimenzije-2000-mm-x-1200-mm-x-2100-mm\/\"]}]}]}<\/script>\n<!-- \/ Yoast SEO Premium plugin. -->","_links":{"self":[{"href":"https:\/\/www.spa-pools.eu\/si\/wp-json\/wp\/v2\/product\/22323","targetHints":{"allow":["GET"]}}],"collection":[{"href":"https:\/\/www.spa-pools.eu\/si\/wp-json\/wp\/v2\/product"}],"about":[{"href":"https:\/\/www.spa-pools.eu\/si\/wp-json\/wp\/v2\/types\/product"}],"replies":[{"embeddable":true,"href":"https:\/\/www.spa-pools.eu\/si\/wp-json\/wp\/v2\/comments?post=22323"}],"wp:featuredmedia":[{"embeddable":true,"href":"https:\/\/www.spa-pools.eu\/si\/wp-json\/wp\/v2\/media\/22330"}],"wp:attachment":[{"href":"https:\/\/www.spa-pools.eu\/si\/wp-json\/wp\/v2\/media?parent=22323"}],"wp:term":[{"taxonomy":"product_brand","embeddable":true,"href":"https:\/\/www.spa-pools.eu\/si\/wp-json\/wp\/v2\/product_brand?post=22323"},{"taxonomy":"product_cat","embeddable":true,"href":"https:\/\/www.spa-pools.eu\/si\/wp-json\/wp\/v2\/product_cat?post=22323"},{"taxonomy":"product_tag","embeddable":true,"href":"https:\/\/www.spa-pools.eu\/si\/wp-json\/wp\/v2\/product_tag?post=22323"},{"taxonomy":"specifikacije","embeddable":true,"href":"https:\/\/www.spa-pools.eu\/si\/wp-json\/wp\/v2\/specifikacije?post=22323"},{"taxonomy":"pumpe__elektronika__mlaznice","embeddable":true,"href":"https:\/\/www.spa-pools.eu\/si\/wp-json\/wp\/v2\/pumpe__elektronika__mlaznice?post=22323"},{"taxonomy":"filtracija","embeddable":true,"href":"https:\/\/www.spa-pools.eu\/si\/wp-json\/wp\/v2\/filtracija?post=22323"},{"taxonomy":"oprema","embeddable":true,"href":"https:\/\/www.spa-pools.eu\/si\/wp-json\/wp\/v2\/oprema?post=22323"},{"taxonomy":"yst_prominent_words","embeddable":true,"href":"https:\/\/www.spa-pools.eu\/si\/wp-json\/wp\/v2\/yst_prominent_words?post=22323"}],"curies":[{"name":"wp","href":"https:\/\/api.w.org\/{rel}","templated":true}]}}