{"id":22360,"date":"2020-08-07T12:39:48","date_gmt":"2020-08-07T12:39:48","guid":{"rendered":"https:\/\/www.spa-pools.eu\/si\/?post_type=product&#038;p=22360"},"modified":"2023-07-06T12:20:23","modified_gmt":"2023-07-06T12:20:23","slug":"potopna-crpalka-za-vodnjak-hj-600","status":"publish","type":"product","link":"https:\/\/www.spa-pools.eu\/si\/product\/potopna-crpalka-za-vodnjak-hj-600\/","title":{"rendered":"Potopna \u010drpalka za vodnjak HJ-600"},"content":{"rendered":"<p><strong>ZNA\u010cILNOSTI:<\/strong><br \/>\nMo\u010d: 8W<br \/>\nNapetost: 220-240V \/ 50Hz<br \/>\nNajvi\u0161ja vi\u0161ina dviga na vodni stolpec: 130 cm<br \/>\nNajve\u010dji pretok: 600 litrov na uro<br \/>\nregulacija pretoka<br \/>\nTe\u017ea: 350 gramov<br \/>\n3 m gumiran podvodni kabel s \u010depom Schuco<\/p>\n<p>\u010crpalka je zasnovana za neprekinjeno delovanje 24 ur.<br \/>\n\u010crpalko je treba nenehno potopiti v vodo.<\/p>\n<p><strong>\u010crpalka se lahko uporablja kot:<\/strong><br \/>\nPotopna \u010drpalka za vodnjak.<br \/>\nPotopna \u010drpalka za akvarij.<br \/>\nPopolna \u010drpalka za vino.<br \/>\nPotopna \u010drpalka za kro\u017enu \u017eagu.<\/p>\n<p>Sorodni izdelki:<\/p>\n<div class=\"video-shortcode\">\n<blockquote class=\"wp-embedded-content\" data-secret=\"j7BPgaqnRc\"><p><a href=\"https:\/\/www.spa-pools.eu\/si\/product\/sobe-za-vodnjak-hj600\/\">\u0160obe za vodnjak &#8211; HJ600<\/a><\/p><\/blockquote>\n<p><iframe class=\"wp-embedded-content\" sandbox=\"allow-scripts\" security=\"restricted\" style=\"position: absolute; clip: rect(1px, 1px, 1px, 1px);\" title=\"&#8220;\u0160obe za vodnjak &#8211; HJ600&#8221; &#8212; NIVETO Bazeni\" src=\"https:\/\/www.spa-pools.eu\/si\/product\/sobe-za-vodnjak-hj600\/embed\/#?secret=j7BPgaqnRc\" data-secret=\"j7BPgaqnRc\" width=\"600\" height=\"338\" frameborder=\"0\" marginwidth=\"0\" marginheight=\"0\" scrolling=\"no\"><\/iframe><\/div>\n<p><strong>Garancija: 1 let.<\/strong><br \/>\nGarancija ne zajema vrtljivih delov, fizi\u010dnih po\u0161kodb, suhega teka, \u010di\u0161\u010denja z agresivnimi kemikalijami in delovanja \u010drpalke pri temperaturah pod 5C in nad 35C.<\/p>\n<p><strong>OPOMBA: cena vklju\u010duje samo \u010drpalko, ne vklju\u010duje cene \u0161ob.<\/strong><\/p>\n","protected":false},"excerpt":{"rendered":"<p><strong>V ceno je vklju\u010dena brezpla\u010dna dostava na podro\u010dju Republike Slovenije.<\/strong><\/p>\n<p><strong>cene so za enkratno pla\u010dilo z\u00a0debetnimi in kreditnimi karticami\u00a0<\/strong><\/p>\n","protected":false},"featured_media":22364,"comment_status":"open","ping_status":"closed","template":"","meta":{"_acf_changed":false},"product_brand":[],"product_cat":[675],"product_tag":[],"specifikacije":[],"pumpe__elektronika__mlaznice":[],"filtracija":[],"oprema":[],"yst_prominent_words":[248,930,932,829,173,266,351,921,931,929,952,179],"class_list":{"0":"post-22360","1":"product","2":"type-product","3":"status-publish","4":"has-post-thumbnail","6":"product_cat-oprema-za-vodnjake","7":"tm-no-options","9":"first","10":"instock","11":"taxable","12":"shipping-taxable","13":"purchasable","14":"product-type-simple"},"acf":[],"yoast_head":"<!-- This site is optimized with the Yoast SEO Premium plugin v14.0.4 - https:\/\/yoast.com\/wordpress\/plugins\/seo\/ -->\n<title>Potopna \u010drpalka za vodnjak HJ-600 | NIVETO Bazeni<\/title>\n<meta name=\"description\" content=\"V ceno je vklju\u010dena brezpla\u010dna dostava na podro\u010dju Republike Slovenije.  cene so za enkratno pla\u010dilo z\u00a0debetnimi in kreditnimi karticami\u00a0\" \/>\n<meta name=\"robots\" content=\"index, follow\" \/>\n<meta name=\"googlebot\" content=\"index, follow, max-snippet:-1, max-image-preview:large, max-video-preview:-1\" \/>\n<meta name=\"bingbot\" content=\"index, follow, max-snippet:-1, max-image-preview:large, max-video-preview:-1\" \/>\n<link rel=\"canonical\" href=\"https:\/\/www.spa-pools.eu\/si\/product\/potopna-crpalka-za-vodnjak-hj-600\/\" \/>\n<meta property=\"og:locale\" content=\"en_US\" \/>\n<meta property=\"og:type\" content=\"article\" \/>\n<meta property=\"og:title\" content=\"Potopna \u010drpalka za vodnjak HJ-600 | NIVETO Bazeni\" \/>\n<meta property=\"og:description\" content=\"V ceno je vklju\u010dena brezpla\u010dna dostava na podro\u010dju Republike Slovenije.  cene so za enkratno pla\u010dilo z\u00a0debetnimi in kreditnimi karticami\u00a0\" \/>\n<meta property=\"og:url\" content=\"https:\/\/www.spa-pools.eu\/si\/product\/potopna-crpalka-za-vodnjak-hj-600\/\" \/>\n<meta property=\"og:site_name\" content=\"NIVETO Bazeni\" \/>\n<meta property=\"article:publisher\" content=\"https:\/\/www.facebook.com\/Nivetobazeniifontane\/\" \/>\n<meta property=\"article:modified_time\" content=\"2023-07-06T12:20:23+00:00\" \/>\n<meta property=\"og:image\" content=\"https:\/\/www.spa-pools.eu\/si\/wp-content\/uploads\/2020\/08\/spa.hr-potopna-pump-ahj600-1-Custom.jpg\" \/>\n\t<meta property=\"og:image:width\" content=\"863\" \/>\n\t<meta property=\"og:image:height\" content=\"800\" \/>\n<meta name=\"twitter:card\" content=\"summary_large_image\" \/>\n<script type=\"application\/ld+json\" class=\"yoast-schema-graph\">{\"@context\":\"https:\/\/schema.org\",\"@graph\":[{\"@type\":\"Organization\",\"@id\":\"https:\/\/www.spa-pools.eu\/si\/#organization\",\"name\":\"Niveto d.o.o. - Spa bazeni\",\"url\":\"https:\/\/www.spa-pools.eu\/si\/\",\"sameAs\":[\"https:\/\/www.facebook.com\/Nivetobazeniifontane\/\"],\"logo\":{\"@type\":\"ImageObject\",\"@id\":\"https:\/\/www.spa-pools.eu\/si\/#logo\",\"inLanguage\":\"en-US\",\"url\":\"https:\/\/www.spa-pools.eu\/si\/wp-content\/uploads\/revslider\/home3-rs1\/logo.png\",\"width\":203,\"height\":60,\"caption\":\"Niveto d.o.o. - Spa bazeni\"},\"image\":{\"@id\":\"https:\/\/www.spa-pools.eu\/si\/#logo\"}},{\"@type\":\"WebSite\",\"@id\":\"https:\/\/www.spa-pools.eu\/si\/#website\",\"url\":\"https:\/\/www.spa-pools.eu\/si\/\",\"name\":\"NIVETO Bazeni\",\"description\":\"Spa masa\\u017eni bazeni\",\"publisher\":{\"@id\":\"https:\/\/www.spa-pools.eu\/si\/#organization\"},\"potentialAction\":[{\"@type\":\"SearchAction\",\"target\":\"https:\/\/www.spa-pools.eu\/si\/?s={search_term_string}\",\"query-input\":\"required name=search_term_string\"}],\"inLanguage\":\"en-US\"},{\"@type\":\"ImageObject\",\"@id\":\"https:\/\/www.spa-pools.eu\/si\/product\/potopna-crpalka-za-vodnjak-hj-600\/#primaryimage\",\"inLanguage\":\"en-US\",\"url\":\"https:\/\/www.spa-pools.eu\/si\/wp-content\/uploads\/2020\/08\/spa.hr-potopna-pump-ahj600-1-Custom.jpg\",\"width\":863,\"height\":800},{\"@type\":\"WebPage\",\"@id\":\"https:\/\/www.spa-pools.eu\/si\/product\/potopna-crpalka-za-vodnjak-hj-600\/#webpage\",\"url\":\"https:\/\/www.spa-pools.eu\/si\/product\/potopna-crpalka-za-vodnjak-hj-600\/\",\"name\":\"Potopna \\u010drpalka za vodnjak HJ-600 | NIVETO Bazeni\",\"isPartOf\":{\"@id\":\"https:\/\/www.spa-pools.eu\/si\/#website\"},\"primaryImageOfPage\":{\"@id\":\"https:\/\/www.spa-pools.eu\/si\/product\/potopna-crpalka-za-vodnjak-hj-600\/#primaryimage\"},\"datePublished\":\"2020-08-07T12:39:48+00:00\",\"dateModified\":\"2023-07-06T12:20:23+00:00\",\"description\":\"V ceno je vklju\\u010dena brezpla\\u010dna dostava na podro\\u010dju Republike Slovenije. cene so za enkratno pla\\u010dilo z\\u00a0debetnimi in kreditnimi karticami\\u00a0\",\"inLanguage\":\"en-US\",\"potentialAction\":[{\"@type\":\"ReadAction\",\"target\":[\"https:\/\/www.spa-pools.eu\/si\/product\/potopna-crpalka-za-vodnjak-hj-600\/\"]}]}]}<\/script>\n<!-- \/ Yoast SEO Premium plugin. -->","_links":{"self":[{"href":"https:\/\/www.spa-pools.eu\/si\/wp-json\/wp\/v2\/product\/22360","targetHints":{"allow":["GET"]}}],"collection":[{"href":"https:\/\/www.spa-pools.eu\/si\/wp-json\/wp\/v2\/product"}],"about":[{"href":"https:\/\/www.spa-pools.eu\/si\/wp-json\/wp\/v2\/types\/product"}],"replies":[{"embeddable":true,"href":"https:\/\/www.spa-pools.eu\/si\/wp-json\/wp\/v2\/comments?post=22360"}],"wp:featuredmedia":[{"embeddable":true,"href":"https:\/\/www.spa-pools.eu\/si\/wp-json\/wp\/v2\/media\/22364"}],"wp:attachment":[{"href":"https:\/\/www.spa-pools.eu\/si\/wp-json\/wp\/v2\/media?parent=22360"}],"wp:term":[{"taxonomy":"product_brand","embeddable":true,"href":"https:\/\/www.spa-pools.eu\/si\/wp-json\/wp\/v2\/product_brand?post=22360"},{"taxonomy":"product_cat","embeddable":true,"href":"https:\/\/www.spa-pools.eu\/si\/wp-json\/wp\/v2\/product_cat?post=22360"},{"taxonomy":"product_tag","embeddable":true,"href":"https:\/\/www.spa-pools.eu\/si\/wp-json\/wp\/v2\/product_tag?post=22360"},{"taxonomy":"specifikacije","embeddable":true,"href":"https:\/\/www.spa-pools.eu\/si\/wp-json\/wp\/v2\/specifikacije?post=22360"},{"taxonomy":"pumpe__elektronika__mlaznice","embeddable":true,"href":"https:\/\/www.spa-pools.eu\/si\/wp-json\/wp\/v2\/pumpe__elektronika__mlaznice?post=22360"},{"taxonomy":"filtracija","embeddable":true,"href":"https:\/\/www.spa-pools.eu\/si\/wp-json\/wp\/v2\/filtracija?post=22360"},{"taxonomy":"oprema","embeddable":true,"href":"https:\/\/www.spa-pools.eu\/si\/wp-json\/wp\/v2\/oprema?post=22360"},{"taxonomy":"yst_prominent_words","embeddable":true,"href":"https:\/\/www.spa-pools.eu\/si\/wp-json\/wp\/v2\/yst_prominent_words?post=22360"}],"curies":[{"name":"wp","href":"https:\/\/api.w.org\/{rel}","templated":true}]}}