{"id":22386,"date":"2020-09-01T08:38:24","date_gmt":"2020-09-01T08:38:24","guid":{"rendered":"https:\/\/www.spa-pools.eu\/si\/?post_type=product&#038;p=22386"},"modified":"2026-01-30T08:16:34","modified_gmt":"2026-01-30T08:16:34","slug":"zunanja-kombinirana-savna-infra-finska-2000-1750-1970","status":"publish","type":"product","link":"https:\/\/www.spa-pools.eu\/si\/product\/zunanja-kombinirana-savna-infra-finska-2000-1750-1970\/","title":{"rendered":"Zunanja kombinirana savna &#8211; infra + finska &#8211; 200 x 175 x 197 cm"},"content":{"rendered":"<p><strong>Dimenzije: 2000 mm x 1750 mm x 1970 mm<\/strong><\/p>\n<p><strong>STANDARDNA OPREMA:<\/strong><\/p>\n<p>\u2022 Les: Ruski masivni bor<br \/>\n\u2022 Kanadska skodla streha<br \/>\n\u2022 Debelina plo\u0161\u010de: 38 mm<br \/>\n\u2022 nadzorna plo\u0161\u010da za nastavitev temperature i delovnog \u010dasa infrarde\u010dih panelov, nadzor osvetlitve in ozvo\u010denja<br \/>\n\u2022 steklene stene iz kaljenega stekla 8 mm<br \/>\n\u2022 Bluetooth radio in zvo\u010dnik<br \/>\n\u2022 notranja razsvetljava z vogala<br \/>\n\u2022 2 x LED RGB rasvijeta iz klupe<br \/>\n\u2022 Senzor temperature<br \/>\n\u2022 pe\u010d s kamnom &#8211; 6kW \/ 230V\/400V s termostatom in obratovalnimi urami pe\u010dice<br \/>\n\u2022 Infrarde\u010di grelci Full Spectrum: 1800W \/ 230V<br \/>\n\u2022 Zadaj: 4 x 400 W = 1200 W<br \/>\n\u2022 Listi: 2 x 300 W = 600 W<br \/>\n\u2022 leseno vedro z \u017elico, termometrom in pe\u0161\u010deno uro<br \/>\n\u2022 Navodila za namestitev in vzdr\u017eevanje.<br \/>\n\u2022 Temperaturno obmo\u010dje: Infra do 65C, Finki do 90 \u00b0<\/p>\n<p><strong>Prednost uporabe savne:<\/strong><\/p>\n<p>\u2022 bolj\u0161i spanec<br \/>\n\u2022 sprostitev<br \/>\n\u2022 razstrupljanje<br \/>\n\u2022 izguba te\u017ee<br \/>\n\u2022 olaj\u0161anje vnetih mi\u0161ic<br \/>\n\u2022 laj\u0161anje bole\u010din v sklepih, kot je artritis<br \/>\n\u2022 \u010cista in bolj \u010dvrsta ko\u017ea<br \/>\n\u2022 izbolj\u0161ana cirkulacija<br \/>\n\u2022 pomo\u010d ljudem s sindromom kroni\u010dne utrujenosti<\/p>\n<p><strong>Ljudje \u017ee stoletja uporabljajo savne za vse vrste zdravstvenih te\u017eav:<\/strong><\/p>\n<p>\u2022 Majhna raziskava 10 ljudi je pokazala, da je ljudem s sindromom kroni\u010dne utrujenosti koristila uporaba infrarde\u010de savne kot dela njihovega celotnega zdravljenja.<\/p>\n<p>\u2022 Druga raziskava 10 ljudi je pokazala, da infrarde\u010de savne pomagajo zmanj\u0161ati bole\u010dine v mi\u0161icah in pove\u010dati okrevanje po treningu.<\/p>\n<p>\u2022 Na podlagi ve\u010d \u0161tudij je bilo ugotovljeno, da lahko savne z infrarde\u010do terapijo zni\u017eujejo krvni tlak.,<\/p>\n<p><strong>VRSTE GRELIC:<\/strong><\/p>\n<p><strong>POPOLNI GREJALCI SPEKTRA:<\/strong><\/p>\n<p>Infrarde\u010di \u017earki, ki so najbolj podobni naravni svetlobi, ker oddaja celoten spekter valov.<\/p>\n<p><strong>FIR<\/strong>\u00a0(oddaljena infrarde\u010da rde\u010da)<\/p>\n<p><strong>FAR<\/strong>\u00a0je najdalj\u0161a valovna dol\u017eina (100 \u00b5m), ki sega najgloblje v telo, kjer se zadr\u017eijo toksini.<\/p>\n<p>S pove\u010danjem telesne temperature FAR stimulira znojne \u017eleze, kar ima za posledico globok, detox znoj, ki vas pusti, da se po\u017eivite. Poleg tega potenje pove\u010da sr\u010dni utrip in presnovo, s \u010dimer porabite ve\u010d kalorij.<\/p>\n<p><strong>MIR<\/strong>\u00a0(srednje infrarde\u010de)<\/p>\n<p>Srednji infrarde\u010di (MIR) je valovna dol\u017eina, ki lahko prodre globlje v mehko tkivo telesa, kjer pride do vnetja. MIR pomaga raz\u0161iriti krvne \u017eile in pove\u010dati prekrvavitev, tako da ve\u010d kisika lahko dose\u017ee po\u0161kodovane dele telesa. To zmanj\u0161a bole\u010dino in pospe\u0161i proces celjenja.<\/p>\n<p><strong>NIR<\/strong>\u00a0(blizu infrarde\u010dega)<\/p>\n<p>(NIR) je najkraj\u0161a infrarde\u010da valovna dol\u017eina in prodre na povr\u0161ino ko\u017ee u\u010dinkoviteje kot druga dva. Znanstvene raziskave ka\u017eejo, da NIR, ko je dobavljen na vitalni valovni dol\u017eini 880nm brez ekstremne toplote ali svetlobe, spodbuja obnovo ko\u017ee, zdravje celic, celjenje ran in rast tkiv.<\/p>\n<p><strong>ZAKLJU\u010cEK<\/strong>:<\/p>\n<p>Celotni grelniki za spekter imajo dodatno prednost, da jih ni treba predgrevati.<\/p>\n<p>Uporaba savne je lahko v primerjavi s kerami\u010dnimi grelniki bistveno kraj\u0161a zahvaljujo\u010d visoki intenzivnosti tehnologije Full Spectrum. Praviloma se grelci s polnim spektrom uporabljajo za medicinsko in terapevtsko zdravljenje, medtem ko se grelniki FIR uporabljajo za sprostitev.<\/p>\n<table width=\"374\">\n<tbody>\n<tr>\n<td colspan=\"4\" width=\"374\"><strong>TERAPEVTSKE PREDNOSTI INFRARIRANIH FREKVENCIJ<\/strong><\/td>\n<\/tr>\n<tr>\n<td width=\"260\"><\/td>\n<td width=\"38\"><strong>NIR<\/strong><\/td>\n<td width=\"43\"><strong>MIR<\/strong><\/td>\n<td width=\"33\"><strong>FIR<\/strong><\/td>\n<\/tr>\n<tr>\n<td width=\"260\">Celjenje celic<\/td>\n<td width=\"38\">\u25cf<\/td>\n<td width=\"43\"><\/td>\n<td width=\"33\"><\/td>\n<\/tr>\n<tr>\n<td width=\"260\">Celjenje ran<\/td>\n<td width=\"38\">\u25cf<\/td>\n<td width=\"43\"><\/td>\n<td width=\"33\"><\/td>\n<\/tr>\n<tr>\n<td width=\"260\">Obnova ko\u017ee<\/td>\n<td width=\"38\">\u25cf<\/td>\n<td width=\"43\"><\/td>\n<td width=\"33\"><\/td>\n<\/tr>\n<tr>\n<td width=\"260\">Laj\u0161anje bole\u010din<\/td>\n<td width=\"38\">\u25cf<\/td>\n<td width=\"43\">\u25cf<\/td>\n<td width=\"33\"><\/td>\n<\/tr>\n<tr>\n<td width=\"260\">Izbolj\u0161ana mikrocirkulacija<\/td>\n<td width=\"38\"><\/td>\n<td width=\"43\">\u25cf<\/td>\n<td width=\"33\"><\/td>\n<\/tr>\n<tr>\n<td width=\"260\">Izguba te\u017ee<\/td>\n<td width=\"38\"><\/td>\n<td width=\"43\">\u25cf<\/td>\n<td width=\"33\">\u25cf<\/td>\n<\/tr>\n<tr>\n<td width=\"260\">razstrupljanje<\/td>\n<td width=\"38\"><\/td>\n<td width=\"43\"><\/td>\n<td width=\"33\">\u25cf<\/td>\n<\/tr>\n<tr>\n<td width=\"260\">Zni\u017eanje krvnega tlaka<\/td>\n<td width=\"38\"><\/td>\n<td width=\"43\"><\/td>\n<td width=\"33\">\u25cf<\/td>\n<\/tr>\n<tr>\n<td width=\"260\">sprostitev<\/td>\n<td width=\"38\"><\/td>\n<td width=\"43\"><\/td>\n<td width=\"33\">\u25cf<\/td>\n<\/tr>\n<\/tbody>\n<\/table>\n<p>&nbsp;<\/p>\n<p><strong>GARANCIJA: 2 leti<\/strong><\/p>\n","protected":false},"excerpt":{"rendered":"<p style=\"text-align: center;\"><strong>cene so za enkratno pla\u010dilo z\u00a0debetnimi in kreditnimi karticami\u00a0<\/strong><\/p>\n<h3 id=\"tw-target-text\" class=\"tw-data-text tw-text-large tw-ta\" dir=\"ltr\" style=\"text-align: center;\" data-placeholder=\"Prijevod\"><span class=\"Y2IQFc\" lang=\"sl\" style=\"color: #ff0000;\">Dostava: 03\/2022 &#8211; omejeno \u0161tevilo izdelkov<\/span><\/h3>\n","protected":false},"featured_media":22396,"comment_status":"open","ping_status":"closed","template":"","meta":{"_acf_changed":false},"product_brand":[],"product_cat":[161,539],"product_tag":[],"specifikacije":[],"pumpe__elektronika__mlaznice":[],"filtracija":[],"oprema":[],"yst_prominent_words":[980,977,975,314,968,173,176,972,971,970,981,978,329,979,976,974,174,169,175,182],"class_list":{"0":"post-22386","1":"product","2":"type-product","3":"status-publish","4":"has-post-thumbnail","6":"product_cat-saune-infra-crvene-ir-karbon-finske-full-spectrum","7":"product_cat-zunanje-savne","8":"tm-no-options","10":"first","11":"instock","12":"sale","13":"taxable","14":"shipping-taxable","15":"purchasable","16":"product-type-simple"},"acf":[],"yoast_head":"<!-- This site is optimized with the Yoast SEO Premium plugin v14.0.4 - https:\/\/yoast.com\/wordpress\/plugins\/seo\/ -->\n<title>FINSKA SAVNA - PREMIUM kotna do 4 osebe | NIVETO Bazeni<\/title>\n<meta name=\"description\" content=\"cene so za enkratno pla\u010dilo z\u00a0debetnimi in kreditnimi karticami\u00a0  Dostava: 03\/2022 - omejeno \u0161tevilo izdelkov\" \/>\n<meta name=\"robots\" content=\"index, follow\" \/>\n<meta name=\"googlebot\" content=\"index, follow, max-snippet:-1, max-image-preview:large, max-video-preview:-1\" \/>\n<meta name=\"bingbot\" content=\"index, follow, max-snippet:-1, max-image-preview:large, max-video-preview:-1\" \/>\n<link rel=\"canonical\" href=\"https:\/\/www.spa-pools.eu\/si\/product\/zunanja-kombinirana-savna-infra-finska-2000-1750-1970\/\" \/>\n<meta property=\"og:locale\" content=\"en_US\" \/>\n<meta property=\"og:type\" content=\"article\" \/>\n<meta property=\"og:title\" content=\"FINSKA SAVNA - PREMIUM kotna do 4 osebe | NIVETO Bazeni\" \/>\n<meta property=\"og:description\" content=\"cene so za enkratno pla\u010dilo z\u00a0debetnimi in kreditnimi karticami\u00a0  Dostava: 03\/2022 - omejeno \u0161tevilo izdelkov\" \/>\n<meta property=\"og:url\" content=\"https:\/\/www.spa-pools.eu\/si\/product\/zunanja-kombinirana-savna-infra-finska-2000-1750-1970\/\" \/>\n<meta property=\"og:site_name\" content=\"NIVETO Bazeni\" \/>\n<meta property=\"article:publisher\" content=\"https:\/\/www.facebook.com\/Nivetobazeniifontane\/\" \/>\n<meta property=\"article:modified_time\" content=\"2026-01-30T08:16:34+00:00\" \/>\n<meta property=\"og:image\" content=\"https:\/\/www.spa-pools.eu\/si\/wp-content\/uploads\/2020\/09\/spa.hr-vanjska-sauna-kombinirana-9.jpg\" \/>\n\t<meta property=\"og:image:width\" content=\"800\" \/>\n\t<meta property=\"og:image:height\" content=\"600\" \/>\n<meta name=\"twitter:card\" content=\"summary_large_image\" \/>\n<script type=\"application\/ld+json\" class=\"yoast-schema-graph\">{\"@context\":\"https:\/\/schema.org\",\"@graph\":[{\"@type\":\"Organization\",\"@id\":\"https:\/\/www.spa-pools.eu\/si\/#organization\",\"name\":\"Niveto d.o.o. - Spa bazeni\",\"url\":\"https:\/\/www.spa-pools.eu\/si\/\",\"sameAs\":[\"https:\/\/www.facebook.com\/Nivetobazeniifontane\/\"],\"logo\":{\"@type\":\"ImageObject\",\"@id\":\"https:\/\/www.spa-pools.eu\/si\/#logo\",\"inLanguage\":\"en-US\",\"url\":\"https:\/\/www.spa-pools.eu\/si\/wp-content\/uploads\/revslider\/home3-rs1\/logo.png\",\"width\":203,\"height\":60,\"caption\":\"Niveto d.o.o. - Spa bazeni\"},\"image\":{\"@id\":\"https:\/\/www.spa-pools.eu\/si\/#logo\"}},{\"@type\":\"WebSite\",\"@id\":\"https:\/\/www.spa-pools.eu\/si\/#website\",\"url\":\"https:\/\/www.spa-pools.eu\/si\/\",\"name\":\"NIVETO Bazeni\",\"description\":\"Spa masa\\u017eni bazeni\",\"publisher\":{\"@id\":\"https:\/\/www.spa-pools.eu\/si\/#organization\"},\"potentialAction\":[{\"@type\":\"SearchAction\",\"target\":\"https:\/\/www.spa-pools.eu\/si\/?s={search_term_string}\",\"query-input\":\"required name=search_term_string\"}],\"inLanguage\":\"en-US\"},{\"@type\":\"ImageObject\",\"@id\":\"https:\/\/www.spa-pools.eu\/si\/product\/zunanja-kombinirana-savna-infra-finska-2000-1750-1970\/#primaryimage\",\"inLanguage\":\"en-US\",\"url\":\"https:\/\/www.spa-pools.eu\/si\/wp-content\/uploads\/2020\/09\/spa.hr-vanjska-sauna-kombinirana-9.jpg\",\"width\":800,\"height\":600},{\"@type\":\"WebPage\",\"@id\":\"https:\/\/www.spa-pools.eu\/si\/product\/zunanja-kombinirana-savna-infra-finska-2000-1750-1970\/#webpage\",\"url\":\"https:\/\/www.spa-pools.eu\/si\/product\/zunanja-kombinirana-savna-infra-finska-2000-1750-1970\/\",\"name\":\"FINSKA SAVNA - PREMIUM kotna do 4 osebe | NIVETO Bazeni\",\"isPartOf\":{\"@id\":\"https:\/\/www.spa-pools.eu\/si\/#website\"},\"primaryImageOfPage\":{\"@id\":\"https:\/\/www.spa-pools.eu\/si\/product\/zunanja-kombinirana-savna-infra-finska-2000-1750-1970\/#primaryimage\"},\"datePublished\":\"2020-09-01T08:38:24+00:00\",\"dateModified\":\"2026-01-30T08:16:34+00:00\",\"description\":\"cene so za enkratno pla\\u010dilo z\\u00a0debetnimi in kreditnimi karticami\\u00a0 Dostava: 03\/2022 - omejeno \\u0161tevilo izdelkov\",\"inLanguage\":\"en-US\",\"potentialAction\":[{\"@type\":\"ReadAction\",\"target\":[\"https:\/\/www.spa-pools.eu\/si\/product\/zunanja-kombinirana-savna-infra-finska-2000-1750-1970\/\"]}]}]}<\/script>\n<!-- \/ Yoast SEO Premium plugin. -->","_links":{"self":[{"href":"https:\/\/www.spa-pools.eu\/si\/wp-json\/wp\/v2\/product\/22386","targetHints":{"allow":["GET"]}}],"collection":[{"href":"https:\/\/www.spa-pools.eu\/si\/wp-json\/wp\/v2\/product"}],"about":[{"href":"https:\/\/www.spa-pools.eu\/si\/wp-json\/wp\/v2\/types\/product"}],"replies":[{"embeddable":true,"href":"https:\/\/www.spa-pools.eu\/si\/wp-json\/wp\/v2\/comments?post=22386"}],"wp:featuredmedia":[{"embeddable":true,"href":"https:\/\/www.spa-pools.eu\/si\/wp-json\/wp\/v2\/media\/22396"}],"wp:attachment":[{"href":"https:\/\/www.spa-pools.eu\/si\/wp-json\/wp\/v2\/media?parent=22386"}],"wp:term":[{"taxonomy":"product_brand","embeddable":true,"href":"https:\/\/www.spa-pools.eu\/si\/wp-json\/wp\/v2\/product_brand?post=22386"},{"taxonomy":"product_cat","embeddable":true,"href":"https:\/\/www.spa-pools.eu\/si\/wp-json\/wp\/v2\/product_cat?post=22386"},{"taxonomy":"product_tag","embeddable":true,"href":"https:\/\/www.spa-pools.eu\/si\/wp-json\/wp\/v2\/product_tag?post=22386"},{"taxonomy":"specifikacije","embeddable":true,"href":"https:\/\/www.spa-pools.eu\/si\/wp-json\/wp\/v2\/specifikacije?post=22386"},{"taxonomy":"pumpe__elektronika__mlaznice","embeddable":true,"href":"https:\/\/www.spa-pools.eu\/si\/wp-json\/wp\/v2\/pumpe__elektronika__mlaznice?post=22386"},{"taxonomy":"filtracija","embeddable":true,"href":"https:\/\/www.spa-pools.eu\/si\/wp-json\/wp\/v2\/filtracija?post=22386"},{"taxonomy":"oprema","embeddable":true,"href":"https:\/\/www.spa-pools.eu\/si\/wp-json\/wp\/v2\/oprema?post=22386"},{"taxonomy":"yst_prominent_words","embeddable":true,"href":"https:\/\/www.spa-pools.eu\/si\/wp-json\/wp\/v2\/yst_prominent_words?post=22386"}],"curies":[{"name":"wp","href":"https:\/\/api.w.org\/{rel}","templated":true}]}}