{"id":22430,"date":"2020-09-02T07:32:10","date_gmt":"2020-09-02T07:32:10","guid":{"rendered":"https:\/\/www.spa-pools.eu\/si\/?post_type=product&#038;p=22430"},"modified":"2024-11-28T08:16:42","modified_gmt":"2024-11-28T08:16:42","slug":"vrtna-kaskada-vodnjak-coral","status":"publish","type":"product","link":"https:\/\/www.spa-pools.eu\/si\/product\/vrtna-kaskada-vodnjak-coral\/","title":{"rendered":"Vrtna kaskada vodnjak Coral"},"content":{"rendered":"<p>spa.hr predstavlja vrtne kaskade.<\/p>\n<p>Konstrukcija iz poliestra s kamnitim zaklju\u010dkom<\/p>\n<p>Tridelna kaskada<br \/>\nSkupna dol\u017eina: 250 cm<br \/>\nSkupna \u0161irina: 140 cm<\/p>\n<p>v ceno je vklju\u010deno:<br \/>\nkaskada pakirana v dva paketa<br \/>\npotopna \u010drpalka 40W<br \/>\ncev<br \/>\nnamesto kamna za pokrivanje \u010drpalke<\/p>\n<p><strong>DOSTAVA na podru\u010dju Republike Slovenije<\/strong><\/p>\n<p>izberite dodatke:<\/p>\n<div class=\"video-shortcode\">\n<blockquote class=\"wp-embedded-content\" data-secret=\"4EzB3yGwfN\"><p><a href=\"https:\/\/www.spa-pools.eu\/si\/product\/potopna-crpalka-za-vodnjak-hj-600\/\">Potopna \u010drpalka za vodnjak HJ-600<\/a><\/p><\/blockquote>\n<p><iframe class=\"wp-embedded-content\" sandbox=\"allow-scripts\" security=\"restricted\" style=\"position: absolute; clip: rect(1px, 1px, 1px, 1px);\" title=\"&#8220;Potopna \u010drpalka za vodnjak HJ-600&#8221; &#8212; NIVETO Bazeni\" src=\"https:\/\/www.spa-pools.eu\/si\/product\/potopna-crpalka-za-vodnjak-hj-600\/embed\/#?secret=4EzB3yGwfN\" data-secret=\"4EzB3yGwfN\" width=\"600\" height=\"338\" frameborder=\"0\" marginwidth=\"0\" marginheight=\"0\" scrolling=\"no\"><\/iframe><\/div>\n<div class=\"video-shortcode\">\n<blockquote class=\"wp-embedded-content\" data-secret=\"R7VV2EUFdL\"><p><a href=\"https:\/\/www.spa-pools.eu\/si\/product\/sobe-za-vodnjak-hj600\/\">\u0160obe za vodnjak &#8211; HJ600<\/a><\/p><\/blockquote>\n<p><iframe class=\"wp-embedded-content\" sandbox=\"allow-scripts\" security=\"restricted\" style=\"position: absolute; clip: rect(1px, 1px, 1px, 1px);\" title=\"&#8220;\u0160obe za vodnjak &#8211; HJ600&#8221; &#8212; NIVETO Bazeni\" src=\"https:\/\/www.spa-pools.eu\/si\/product\/sobe-za-vodnjak-hj600\/embed\/#?secret=R7VV2EUFdL\" data-secret=\"R7VV2EUFdL\" width=\"600\" height=\"338\" frameborder=\"0\" marginwidth=\"0\" marginheight=\"0\" scrolling=\"no\"><\/iframe><\/div>\n<div class=\"video-shortcode\">\n<blockquote class=\"wp-embedded-content\" data-secret=\"FoRwwRSFZ1\"><p><a href=\"https:\/\/www.spa-pools.eu\/si\/product\/podvodni-reflektor-za-vodnjak\/\">Podvodni reflektor za vodnjak<\/a><\/p><\/blockquote>\n<p><iframe class=\"wp-embedded-content\" sandbox=\"allow-scripts\" security=\"restricted\" style=\"position: absolute; clip: rect(1px, 1px, 1px, 1px);\" title=\"&#8220;Podvodni reflektor za vodnjak&#8221; &#8212; NIVETO Bazeni\" src=\"https:\/\/www.spa-pools.eu\/si\/product\/podvodni-reflektor-za-vodnjak\/embed\/#?secret=FoRwwRSFZ1\" data-secret=\"FoRwwRSFZ1\" width=\"600\" height=\"338\" frameborder=\"0\" marginwidth=\"0\" marginheight=\"0\" scrolling=\"no\"><\/iframe><\/div>\n<p>&nbsp;<\/p>\n","protected":false},"excerpt":{"rendered":"<ul>\n<li><span style=\"color: #ff0000;\"><strong>V ceno je vklju\u010dena brezpla\u010dna dostava na podro\u010dju Republike Slovenije.<\/strong><\/span><\/li>\n<\/ul>\n<p>Polep\u0161ajte svoj vrt in u\u017eivajte v zvoku lastnih slapov Plitvice in Krke.<\/p>\n<p>https:\/\/youtu.be\/oAleTf73Uig<\/p>\n","protected":false},"featured_media":22440,"comment_status":"open","ping_status":"closed","template":"","meta":{"_acf_changed":false},"product_brand":[],"product_cat":[673],"product_tag":[],"specifikacije":[],"pumpe__elektronika__mlaznice":[],"filtracija":[],"oprema":[],"yst_prominent_words":[699,224,248,173,983,266,921,931,391,426,179],"class_list":{"0":"post-22430","1":"product","2":"type-product","3":"status-publish","4":"has-post-thumbnail","6":"product_cat-vrtni-vodnjaki","7":"tm-no-options","9":"first","10":"instock","11":"sale","12":"taxable","13":"shipping-taxable","14":"purchasable","15":"product-type-simple"},"acf":[],"yoast_head":"<!-- This site is optimized with the Yoast SEO Premium plugin v14.0.4 - https:\/\/yoast.com\/wordpress\/plugins\/seo\/ -->\n<title>Vrtna kaskada vodnjak Coral | NIVETO Bazeni<\/title>\n<meta name=\"description\" content=\"V ceno je vklju\u010dena brezpla\u010dna dostava na podro\u010dju Republike Slovenije.  Polep\u0161ajte svoj vrt in u\u017eivajte v zvoku lastnih slapov Plitvice in Krke.  https:\/\/youtu.be\/oAleTf73Uig\" \/>\n<meta name=\"robots\" content=\"index, follow\" \/>\n<meta name=\"googlebot\" content=\"index, follow, max-snippet:-1, max-image-preview:large, max-video-preview:-1\" \/>\n<meta name=\"bingbot\" content=\"index, follow, max-snippet:-1, max-image-preview:large, max-video-preview:-1\" \/>\n<link rel=\"canonical\" href=\"https:\/\/www.spa-pools.eu\/si\/product\/vrtna-kaskada-vodnjak-coral\/\" \/>\n<meta property=\"og:locale\" content=\"en_US\" \/>\n<meta property=\"og:type\" content=\"article\" \/>\n<meta property=\"og:title\" content=\"Vrtna kaskada vodnjak Coral | NIVETO Bazeni\" \/>\n<meta property=\"og:description\" content=\"V ceno je vklju\u010dena brezpla\u010dna dostava na podro\u010dju Republike Slovenije.  Polep\u0161ajte svoj vrt in u\u017eivajte v zvoku lastnih slapov Plitvice in Krke.  https:\/\/youtu.be\/oAleTf73Uig\" \/>\n<meta property=\"og:url\" content=\"https:\/\/www.spa-pools.eu\/si\/product\/vrtna-kaskada-vodnjak-coral\/\" \/>\n<meta property=\"og:site_name\" content=\"NIVETO Bazeni\" \/>\n<meta property=\"article:publisher\" content=\"https:\/\/www.facebook.com\/Nivetobazeniifontane\/\" \/>\n<meta property=\"article:modified_time\" content=\"2024-11-28T08:16:42+00:00\" \/>\n<meta property=\"og:image\" content=\"https:\/\/www.spa-pools.eu\/si\/wp-content\/uploads\/2020\/09\/vrtna-kaskada-Coral-1.jpg\" \/>\n\t<meta property=\"og:image:width\" content=\"775\" \/>\n\t<meta property=\"og:image:height\" content=\"516\" \/>\n<meta name=\"twitter:card\" content=\"summary_large_image\" \/>\n<script type=\"application\/ld+json\" class=\"yoast-schema-graph\">{\"@context\":\"https:\/\/schema.org\",\"@graph\":[{\"@type\":\"Organization\",\"@id\":\"https:\/\/www.spa-pools.eu\/si\/#organization\",\"name\":\"Niveto d.o.o. - Spa bazeni\",\"url\":\"https:\/\/www.spa-pools.eu\/si\/\",\"sameAs\":[\"https:\/\/www.facebook.com\/Nivetobazeniifontane\/\"],\"logo\":{\"@type\":\"ImageObject\",\"@id\":\"https:\/\/www.spa-pools.eu\/si\/#logo\",\"inLanguage\":\"en-US\",\"url\":\"https:\/\/www.spa-pools.eu\/si\/wp-content\/uploads\/revslider\/home3-rs1\/logo.png\",\"width\":203,\"height\":60,\"caption\":\"Niveto d.o.o. - Spa bazeni\"},\"image\":{\"@id\":\"https:\/\/www.spa-pools.eu\/si\/#logo\"}},{\"@type\":\"WebSite\",\"@id\":\"https:\/\/www.spa-pools.eu\/si\/#website\",\"url\":\"https:\/\/www.spa-pools.eu\/si\/\",\"name\":\"NIVETO Bazeni\",\"description\":\"Spa masa\\u017eni bazeni\",\"publisher\":{\"@id\":\"https:\/\/www.spa-pools.eu\/si\/#organization\"},\"potentialAction\":[{\"@type\":\"SearchAction\",\"target\":\"https:\/\/www.spa-pools.eu\/si\/?s={search_term_string}\",\"query-input\":\"required name=search_term_string\"}],\"inLanguage\":\"en-US\"},{\"@type\":\"ImageObject\",\"@id\":\"https:\/\/www.spa-pools.eu\/si\/product\/vrtna-kaskada-vodnjak-coral\/#primaryimage\",\"inLanguage\":\"en-US\",\"url\":\"https:\/\/www.spa-pools.eu\/si\/wp-content\/uploads\/2020\/09\/vrtna-kaskada-Coral-1.jpg\",\"width\":775,\"height\":516},{\"@type\":\"WebPage\",\"@id\":\"https:\/\/www.spa-pools.eu\/si\/product\/vrtna-kaskada-vodnjak-coral\/#webpage\",\"url\":\"https:\/\/www.spa-pools.eu\/si\/product\/vrtna-kaskada-vodnjak-coral\/\",\"name\":\"Vrtna kaskada vodnjak Coral | NIVETO Bazeni\",\"isPartOf\":{\"@id\":\"https:\/\/www.spa-pools.eu\/si\/#website\"},\"primaryImageOfPage\":{\"@id\":\"https:\/\/www.spa-pools.eu\/si\/product\/vrtna-kaskada-vodnjak-coral\/#primaryimage\"},\"datePublished\":\"2020-09-02T07:32:10+00:00\",\"dateModified\":\"2024-11-28T08:16:42+00:00\",\"description\":\"V ceno je vklju\\u010dena brezpla\\u010dna dostava na podro\\u010dju Republike Slovenije. Polep\\u0161ajte svoj vrt in u\\u017eivajte v zvoku lastnih slapov Plitvice in Krke. https:\/\/youtu.be\/oAleTf73Uig\",\"inLanguage\":\"en-US\",\"potentialAction\":[{\"@type\":\"ReadAction\",\"target\":[\"https:\/\/www.spa-pools.eu\/si\/product\/vrtna-kaskada-vodnjak-coral\/\"]}]}]}<\/script>\n<!-- \/ Yoast SEO Premium plugin. -->","_links":{"self":[{"href":"https:\/\/www.spa-pools.eu\/si\/wp-json\/wp\/v2\/product\/22430","targetHints":{"allow":["GET"]}}],"collection":[{"href":"https:\/\/www.spa-pools.eu\/si\/wp-json\/wp\/v2\/product"}],"about":[{"href":"https:\/\/www.spa-pools.eu\/si\/wp-json\/wp\/v2\/types\/product"}],"replies":[{"embeddable":true,"href":"https:\/\/www.spa-pools.eu\/si\/wp-json\/wp\/v2\/comments?post=22430"}],"wp:featuredmedia":[{"embeddable":true,"href":"https:\/\/www.spa-pools.eu\/si\/wp-json\/wp\/v2\/media\/22440"}],"wp:attachment":[{"href":"https:\/\/www.spa-pools.eu\/si\/wp-json\/wp\/v2\/media?parent=22430"}],"wp:term":[{"taxonomy":"product_brand","embeddable":true,"href":"https:\/\/www.spa-pools.eu\/si\/wp-json\/wp\/v2\/product_brand?post=22430"},{"taxonomy":"product_cat","embeddable":true,"href":"https:\/\/www.spa-pools.eu\/si\/wp-json\/wp\/v2\/product_cat?post=22430"},{"taxonomy":"product_tag","embeddable":true,"href":"https:\/\/www.spa-pools.eu\/si\/wp-json\/wp\/v2\/product_tag?post=22430"},{"taxonomy":"specifikacije","embeddable":true,"href":"https:\/\/www.spa-pools.eu\/si\/wp-json\/wp\/v2\/specifikacije?post=22430"},{"taxonomy":"pumpe__elektronika__mlaznice","embeddable":true,"href":"https:\/\/www.spa-pools.eu\/si\/wp-json\/wp\/v2\/pumpe__elektronika__mlaznice?post=22430"},{"taxonomy":"filtracija","embeddable":true,"href":"https:\/\/www.spa-pools.eu\/si\/wp-json\/wp\/v2\/filtracija?post=22430"},{"taxonomy":"oprema","embeddable":true,"href":"https:\/\/www.spa-pools.eu\/si\/wp-json\/wp\/v2\/oprema?post=22430"},{"taxonomy":"yst_prominent_words","embeddable":true,"href":"https:\/\/www.spa-pools.eu\/si\/wp-json\/wp\/v2\/yst_prominent_words?post=22430"}],"curies":[{"name":"wp","href":"https:\/\/api.w.org\/{rel}","templated":true}]}}