{"id":22445,"date":"2020-09-02T07:32:54","date_gmt":"2020-09-02T07:32:54","guid":{"rendered":"https:\/\/www.spa-pools.eu\/si\/?post_type=product&#038;p=22445"},"modified":"2024-11-28T08:17:04","modified_gmt":"2024-11-28T08:17:04","slug":"vrtna-kaskada-vodnjak-mini","status":"publish","type":"product","link":"https:\/\/www.spa-pools.eu\/si\/product\/vrtna-kaskada-vodnjak-mini\/","title":{"rendered":"Vrtna kaskada vodnjak Mini"},"content":{"rendered":"<p>spa.hr predstavlja vrtne kaskade.<\/p>\n<p>Konstrukcija iz poliestra s kamnitim zaklju\u010dkom<\/p>\n<p>dvodelna kaskada<br \/>\nSkupna dol\u017eina: 200 cm<br \/>\nSkupna \u0161irina: 130 cm<\/p>\n<p>v ceno je vklju\u010deno:<br \/>\nkaskada pakirana v dva paketa<br \/>\npotopna \u010drpalka 40W<br \/>\ncev<br \/>\nnamesto kamna za pokrivanje \u010drpalke<\/p>\n<p><strong>DOSTAVA na podru\u010dju Republike Slovenije<\/strong><\/p>\n<p>izberite dodatke:<\/p>\n<div class=\"video-shortcode\">\n<blockquote class=\"wp-embedded-content\" data-secret=\"t6UONcSH4K\"><p><a href=\"https:\/\/www.spa-pools.eu\/si\/product\/potopna-crpalka-za-vodnjak-hj-600\/\">Potopna \u010drpalka za vodnjak HJ-600<\/a><\/p><\/blockquote>\n<p><iframe class=\"wp-embedded-content\" sandbox=\"allow-scripts\" security=\"restricted\" style=\"position: absolute; clip: rect(1px, 1px, 1px, 1px);\" title=\"&#8220;Potopna \u010drpalka za vodnjak HJ-600&#8221; &#8212; NIVETO Bazeni\" src=\"https:\/\/www.spa-pools.eu\/si\/product\/potopna-crpalka-za-vodnjak-hj-600\/embed\/#?secret=t6UONcSH4K\" data-secret=\"t6UONcSH4K\" width=\"600\" height=\"338\" frameborder=\"0\" marginwidth=\"0\" marginheight=\"0\" scrolling=\"no\"><\/iframe><\/div>\n<div class=\"video-shortcode\">\n<blockquote class=\"wp-embedded-content\" data-secret=\"QLYwVheyKg\"><p><a href=\"https:\/\/www.spa-pools.eu\/si\/product\/sobe-za-vodnjak-hj600\/\">\u0160obe za vodnjak &#8211; HJ600<\/a><\/p><\/blockquote>\n<p><iframe class=\"wp-embedded-content\" sandbox=\"allow-scripts\" security=\"restricted\" style=\"position: absolute; clip: rect(1px, 1px, 1px, 1px);\" title=\"&#8220;\u0160obe za vodnjak &#8211; HJ600&#8221; &#8212; NIVETO Bazeni\" src=\"https:\/\/www.spa-pools.eu\/si\/product\/sobe-za-vodnjak-hj600\/embed\/#?secret=QLYwVheyKg\" data-secret=\"QLYwVheyKg\" width=\"600\" height=\"338\" frameborder=\"0\" marginwidth=\"0\" marginheight=\"0\" scrolling=\"no\"><\/iframe><\/div>\n<div class=\"video-shortcode\">\n<blockquote class=\"wp-embedded-content\" data-secret=\"TnYalPUdJu\"><p><a href=\"https:\/\/www.spa-pools.eu\/si\/product\/podvodni-reflektor-za-vodnjak\/\">Podvodni reflektor za vodnjak<\/a><\/p><\/blockquote>\n<p><iframe class=\"wp-embedded-content\" sandbox=\"allow-scripts\" security=\"restricted\" style=\"position: absolute; clip: rect(1px, 1px, 1px, 1px);\" title=\"&#8220;Podvodni reflektor za vodnjak&#8221; &#8212; NIVETO Bazeni\" src=\"https:\/\/www.spa-pools.eu\/si\/product\/podvodni-reflektor-za-vodnjak\/embed\/#?secret=TnYalPUdJu\" data-secret=\"TnYalPUdJu\" width=\"600\" height=\"338\" frameborder=\"0\" marginwidth=\"0\" marginheight=\"0\" scrolling=\"no\"><\/iframe><\/div>\n<p>&nbsp;<\/p>\n","protected":false},"excerpt":{"rendered":"<ul>\n<li><span style=\"color: #ff0000;\"><strong>V ceno je vklju\u010dena brezpla\u010dna dostava na podro\u010dju Republike Slovenije.<\/strong><\/span><\/li>\n<\/ul>\n<p>Polep\u0161ajte svoj vrt in u\u017eivajte v zvoku lastnih slapov Plitvice in Krke.<\/p>\n<p>https:\/\/youtu.be\/oAleTf73Uig<\/p>\n","protected":false},"featured_media":22452,"comment_status":"open","ping_status":"closed","template":"","meta":{"_acf_changed":false},"product_brand":[],"product_cat":[673],"product_tag":[],"specifikacije":[],"pumpe__elektronika__mlaznice":[],"filtracija":[],"oprema":[],"yst_prominent_words":[699,224,248,173,983,266,921,931,391,426,179],"class_list":{"0":"post-22445","1":"product","2":"type-product","3":"status-publish","4":"has-post-thumbnail","6":"product_cat-vrtni-vodnjaki","7":"tm-no-options","9":"first","10":"instock","11":"sale","12":"taxable","13":"shipping-taxable","14":"purchasable","15":"product-type-simple"},"acf":[],"yoast_head":"<!-- This site is optimized with the Yoast SEO Premium plugin v14.0.4 - https:\/\/yoast.com\/wordpress\/plugins\/seo\/ -->\n<title>Vrtna kaskada vodnjak Mini | NIVETO Bazeni<\/title>\n<meta name=\"description\" content=\"V ceno je vklju\u010dena brezpla\u010dna dostava na podro\u010dju Republike Slovenije.  Polep\u0161ajte svoj vrt in u\u017eivajte v zvoku lastnih slapov Plitvice in Krke.  https:\/\/youtu.be\/oAleTf73Uig\" \/>\n<meta name=\"robots\" content=\"index, follow\" \/>\n<meta name=\"googlebot\" content=\"index, follow, max-snippet:-1, max-image-preview:large, max-video-preview:-1\" \/>\n<meta name=\"bingbot\" content=\"index, follow, max-snippet:-1, max-image-preview:large, max-video-preview:-1\" \/>\n<link rel=\"canonical\" href=\"https:\/\/www.spa-pools.eu\/si\/product\/vrtna-kaskada-vodnjak-mini\/\" \/>\n<meta property=\"og:locale\" content=\"en_US\" \/>\n<meta property=\"og:type\" content=\"article\" \/>\n<meta property=\"og:title\" content=\"Vrtna kaskada vodnjak Mini | NIVETO Bazeni\" \/>\n<meta property=\"og:description\" content=\"V ceno je vklju\u010dena brezpla\u010dna dostava na podro\u010dju Republike Slovenije.  Polep\u0161ajte svoj vrt in u\u017eivajte v zvoku lastnih slapov Plitvice in Krke.  https:\/\/youtu.be\/oAleTf73Uig\" \/>\n<meta property=\"og:url\" content=\"https:\/\/www.spa-pools.eu\/si\/product\/vrtna-kaskada-vodnjak-mini\/\" \/>\n<meta property=\"og:site_name\" content=\"NIVETO Bazeni\" \/>\n<meta property=\"article:publisher\" content=\"https:\/\/www.facebook.com\/Nivetobazeniifontane\/\" \/>\n<meta property=\"article:modified_time\" content=\"2024-11-28T08:17:04+00:00\" \/>\n<meta property=\"og:image\" content=\"https:\/\/www.spa-pools.eu\/si\/wp-content\/uploads\/2020\/09\/vrtna-kaskada-mini-3.jpg\" \/>\n\t<meta property=\"og:image:width\" content=\"1200\" \/>\n\t<meta property=\"og:image:height\" content=\"800\" \/>\n<meta name=\"twitter:card\" content=\"summary_large_image\" \/>\n<script type=\"application\/ld+json\" class=\"yoast-schema-graph\">{\"@context\":\"https:\/\/schema.org\",\"@graph\":[{\"@type\":\"Organization\",\"@id\":\"https:\/\/www.spa-pools.eu\/si\/#organization\",\"name\":\"Niveto d.o.o. - Spa bazeni\",\"url\":\"https:\/\/www.spa-pools.eu\/si\/\",\"sameAs\":[\"https:\/\/www.facebook.com\/Nivetobazeniifontane\/\"],\"logo\":{\"@type\":\"ImageObject\",\"@id\":\"https:\/\/www.spa-pools.eu\/si\/#logo\",\"inLanguage\":\"en-US\",\"url\":\"https:\/\/www.spa-pools.eu\/si\/wp-content\/uploads\/revslider\/home3-rs1\/logo.png\",\"width\":203,\"height\":60,\"caption\":\"Niveto d.o.o. - Spa bazeni\"},\"image\":{\"@id\":\"https:\/\/www.spa-pools.eu\/si\/#logo\"}},{\"@type\":\"WebSite\",\"@id\":\"https:\/\/www.spa-pools.eu\/si\/#website\",\"url\":\"https:\/\/www.spa-pools.eu\/si\/\",\"name\":\"NIVETO Bazeni\",\"description\":\"Spa masa\\u017eni bazeni\",\"publisher\":{\"@id\":\"https:\/\/www.spa-pools.eu\/si\/#organization\"},\"potentialAction\":[{\"@type\":\"SearchAction\",\"target\":\"https:\/\/www.spa-pools.eu\/si\/?s={search_term_string}\",\"query-input\":\"required name=search_term_string\"}],\"inLanguage\":\"en-US\"},{\"@type\":\"ImageObject\",\"@id\":\"https:\/\/www.spa-pools.eu\/si\/product\/vrtna-kaskada-vodnjak-mini\/#primaryimage\",\"inLanguage\":\"en-US\",\"url\":\"https:\/\/www.spa-pools.eu\/si\/wp-content\/uploads\/2020\/09\/vrtna-kaskada-mini-3.jpg\",\"width\":1200,\"height\":800},{\"@type\":\"WebPage\",\"@id\":\"https:\/\/www.spa-pools.eu\/si\/product\/vrtna-kaskada-vodnjak-mini\/#webpage\",\"url\":\"https:\/\/www.spa-pools.eu\/si\/product\/vrtna-kaskada-vodnjak-mini\/\",\"name\":\"Vrtna kaskada vodnjak Mini | NIVETO Bazeni\",\"isPartOf\":{\"@id\":\"https:\/\/www.spa-pools.eu\/si\/#website\"},\"primaryImageOfPage\":{\"@id\":\"https:\/\/www.spa-pools.eu\/si\/product\/vrtna-kaskada-vodnjak-mini\/#primaryimage\"},\"datePublished\":\"2020-09-02T07:32:54+00:00\",\"dateModified\":\"2024-11-28T08:17:04+00:00\",\"description\":\"V ceno je vklju\\u010dena brezpla\\u010dna dostava na podro\\u010dju Republike Slovenije. Polep\\u0161ajte svoj vrt in u\\u017eivajte v zvoku lastnih slapov Plitvice in Krke. https:\/\/youtu.be\/oAleTf73Uig\",\"inLanguage\":\"en-US\",\"potentialAction\":[{\"@type\":\"ReadAction\",\"target\":[\"https:\/\/www.spa-pools.eu\/si\/product\/vrtna-kaskada-vodnjak-mini\/\"]}]}]}<\/script>\n<!-- \/ Yoast SEO Premium plugin. -->","_links":{"self":[{"href":"https:\/\/www.spa-pools.eu\/si\/wp-json\/wp\/v2\/product\/22445","targetHints":{"allow":["GET"]}}],"collection":[{"href":"https:\/\/www.spa-pools.eu\/si\/wp-json\/wp\/v2\/product"}],"about":[{"href":"https:\/\/www.spa-pools.eu\/si\/wp-json\/wp\/v2\/types\/product"}],"replies":[{"embeddable":true,"href":"https:\/\/www.spa-pools.eu\/si\/wp-json\/wp\/v2\/comments?post=22445"}],"wp:featuredmedia":[{"embeddable":true,"href":"https:\/\/www.spa-pools.eu\/si\/wp-json\/wp\/v2\/media\/22452"}],"wp:attachment":[{"href":"https:\/\/www.spa-pools.eu\/si\/wp-json\/wp\/v2\/media?parent=22445"}],"wp:term":[{"taxonomy":"product_brand","embeddable":true,"href":"https:\/\/www.spa-pools.eu\/si\/wp-json\/wp\/v2\/product_brand?post=22445"},{"taxonomy":"product_cat","embeddable":true,"href":"https:\/\/www.spa-pools.eu\/si\/wp-json\/wp\/v2\/product_cat?post=22445"},{"taxonomy":"product_tag","embeddable":true,"href":"https:\/\/www.spa-pools.eu\/si\/wp-json\/wp\/v2\/product_tag?post=22445"},{"taxonomy":"specifikacije","embeddable":true,"href":"https:\/\/www.spa-pools.eu\/si\/wp-json\/wp\/v2\/specifikacije?post=22445"},{"taxonomy":"pumpe__elektronika__mlaznice","embeddable":true,"href":"https:\/\/www.spa-pools.eu\/si\/wp-json\/wp\/v2\/pumpe__elektronika__mlaznice?post=22445"},{"taxonomy":"filtracija","embeddable":true,"href":"https:\/\/www.spa-pools.eu\/si\/wp-json\/wp\/v2\/filtracija?post=22445"},{"taxonomy":"oprema","embeddable":true,"href":"https:\/\/www.spa-pools.eu\/si\/wp-json\/wp\/v2\/oprema?post=22445"},{"taxonomy":"yst_prominent_words","embeddable":true,"href":"https:\/\/www.spa-pools.eu\/si\/wp-json\/wp\/v2\/yst_prominent_words?post=22445"}],"curies":[{"name":"wp","href":"https:\/\/api.w.org\/{rel}","templated":true}]}}