{"id":22494,"date":"2020-09-08T10:08:23","date_gmt":"2020-09-08T10:08:23","guid":{"rendered":"https:\/\/www.spa-pools.eu\/si\/?post_type=product&#038;p=22494"},"modified":"2025-03-06T13:24:44","modified_gmt":"2025-03-06T13:24:44","slug":"ph-plus-bazen-zrnca-5kg","status":"publish","type":"product","link":"https:\/\/www.spa-pools.eu\/si\/product\/ph-plus-bazen-zrnca-5kg\/","title":{"rendered":"Ph+ Plus Bazen zrnca 5kg"},"content":{"rendered":"<p>Namen:<br \/>\nPra\u0161ek za pove\u010danje vrednosti pH Primeren je za samodejno in ro\u010dno doziranje, vendar ga je treba najprej raztopiti v vodi. Pri ro\u010dnem doziranju je priporo\u010dljivo, da ga na ve\u010d mestih enakomerno vlijete v bazen.<\/p>\n<p>Navodila za uporabo in doziranje:<br \/>\nOdmerjanje:<br \/>\nNa 10 m\u00b3 vode dodajte 80-100 g pH zrnc in zrnca, da zni\u017eate pH vode za pribli\u017eno 0,2 pH<\/p>\n<p>Natan\u010dno koli\u010dino dolo\u010dite sami po nekaj postopkih, ker je odmerek odvisen tudi od kakovosti, sestave in trdote vode v bazenu.<\/p>\n<p>Vrednost pH je eden najpomembnej\u0161ih parametrov, ki vpliva na kakovost vode.<\/p>\n<p>Pove nam, kak\u0161na je voda: kisla, nevtralna ali alkalna (bazi\u010dna). Idealna vrednost pH je od 7,0 do 7,6. \u010ce je ta vrednost ni\u017eja od 7,0, re\u010demo, da je voda kisla (ima kislo reakcijo), kar povzro\u010di korozijo kovinskih delov, ki so v bazenu ali so v stiku z vodo bazena.<\/p>\n<p>\u010ce je vrednost pH nad 7,6, re\u010demo, da je voda alkalna (ima alkalno reakcijo), prihaja pa do pove\u010danega izlo\u010danja vodnega kamna na povr\u0161inah bazena, predvsem pa na kovinskih delih, grelnikih vode v bazenu in podobno.<\/p>\n<p>Najpogostej\u0161i vzroki za pove\u010dan pH so razli\u010dne ne\u010disto\u010de iz okolja, na primer kreme za son\u010denje, \u0161amponi itd., Voda pa dobi &#8220;mle\u010den&#8221; videz.<\/p>\n<p>Meritve vrednosti pH v bazenu najpogosteje izvajamo z ro\u010dnimi \u017eagami<\/p>\n<p>Pakiranje za 5 kilogram.<\/p>\n","protected":false},"excerpt":{"rendered":"<p>cene so za enkratno pla\u010dilo z\u00a0<strong>debetnimi in kreditnimi karticami<\/strong><\/p>\n","protected":false},"featured_media":22495,"comment_status":"open","ping_status":"closed","template":"","meta":{"_acf_changed":false},"product_brand":[],"product_cat":[93],"product_tag":[],"specifikacije":[],"pumpe__elektronika__mlaznice":[],"filtracija":[],"oprema":[],"yst_prominent_words":[1016,183,1018,1008,1010,1006,266,1015,1013,1017,1007,1003,780,1014,380,1012,1004,1009,1005,1011],"class_list":{"0":"post-22494","1":"product","2":"type-product","3":"status-publish","4":"has-post-thumbnail","6":"product_cat-bazenska-kemija","7":"tm-no-options","9":"first","10":"instock","11":"taxable","12":"shipping-taxable","13":"purchasable","14":"product-type-simple"},"acf":[],"yoast_head":"<!-- This site is optimized with the Yoast SEO Premium plugin v14.0.4 - https:\/\/yoast.com\/wordpress\/plugins\/seo\/ -->\n<title>Ph+ Plus Bazen zrnca 5kg - Pra\u0161ek za zni\u017eanje pH. | NIVETO Bazeni<\/title>\n<meta name=\"description\" content=\"Pra\u0161ek za zni\u017eanje pH.Uporablja se za zni\u017eanje Ph iz alkalnega obmo\u010dja pH nad 8 do optimalnega pH 7,2-7,6. rimerno za ro\u010dno in samodejno odmerjanje\" \/>\n<meta name=\"robots\" content=\"index, follow\" \/>\n<meta name=\"googlebot\" content=\"index, follow, max-snippet:-1, max-image-preview:large, max-video-preview:-1\" \/>\n<meta name=\"bingbot\" content=\"index, follow, max-snippet:-1, max-image-preview:large, max-video-preview:-1\" \/>\n<link rel=\"canonical\" href=\"https:\/\/www.spa-pools.eu\/si\/product\/ph-plus-bazen-zrnca-5kg\/\" \/>\n<meta property=\"og:locale\" content=\"en_US\" \/>\n<meta property=\"og:type\" content=\"article\" \/>\n<meta property=\"og:title\" content=\"Ph+ Plus Bazen zrnca 5kg - Pra\u0161ek za zni\u017eanje pH. | NIVETO Bazeni\" \/>\n<meta property=\"og:description\" content=\"Pra\u0161ek za zni\u017eanje pH.Uporablja se za zni\u017eanje Ph iz alkalnega obmo\u010dja pH nad 8 do optimalnega pH 7,2-7,6. rimerno za ro\u010dno in samodejno odmerjanje\" \/>\n<meta property=\"og:url\" content=\"https:\/\/www.spa-pools.eu\/si\/product\/ph-plus-bazen-zrnca-5kg\/\" \/>\n<meta property=\"og:site_name\" content=\"NIVETO Bazeni\" \/>\n<meta property=\"article:publisher\" content=\"https:\/\/www.facebook.com\/Nivetobazeniifontane\/\" \/>\n<meta property=\"article:modified_time\" content=\"2025-03-06T13:24:44+00:00\" \/>\n<meta property=\"og:image\" content=\"https:\/\/www.spa-pools.eu\/si\/wp-content\/uploads\/2020\/09\/big_ph-plus-granule-_5kg.jpg\" \/>\n\t<meta property=\"og:image:width\" content=\"800\" \/>\n\t<meta property=\"og:image:height\" content=\"817\" \/>\n<meta name=\"twitter:card\" content=\"summary_large_image\" \/>\n<script type=\"application\/ld+json\" class=\"yoast-schema-graph\">{\"@context\":\"https:\/\/schema.org\",\"@graph\":[{\"@type\":\"Organization\",\"@id\":\"https:\/\/www.spa-pools.eu\/si\/#organization\",\"name\":\"Niveto d.o.o. - Spa bazeni\",\"url\":\"https:\/\/www.spa-pools.eu\/si\/\",\"sameAs\":[\"https:\/\/www.facebook.com\/Nivetobazeniifontane\/\"],\"logo\":{\"@type\":\"ImageObject\",\"@id\":\"https:\/\/www.spa-pools.eu\/si\/#logo\",\"inLanguage\":\"en-US\",\"url\":\"https:\/\/www.spa-pools.eu\/si\/wp-content\/uploads\/revslider\/home3-rs1\/logo.png\",\"width\":203,\"height\":60,\"caption\":\"Niveto d.o.o. - Spa bazeni\"},\"image\":{\"@id\":\"https:\/\/www.spa-pools.eu\/si\/#logo\"}},{\"@type\":\"WebSite\",\"@id\":\"https:\/\/www.spa-pools.eu\/si\/#website\",\"url\":\"https:\/\/www.spa-pools.eu\/si\/\",\"name\":\"NIVETO Bazeni\",\"description\":\"Spa masa\\u017eni bazeni\",\"publisher\":{\"@id\":\"https:\/\/www.spa-pools.eu\/si\/#organization\"},\"potentialAction\":[{\"@type\":\"SearchAction\",\"target\":\"https:\/\/www.spa-pools.eu\/si\/?s={search_term_string}\",\"query-input\":\"required name=search_term_string\"}],\"inLanguage\":\"en-US\"},{\"@type\":\"ImageObject\",\"@id\":\"https:\/\/www.spa-pools.eu\/si\/product\/ph-plus-bazen-zrnca-5kg\/#primaryimage\",\"inLanguage\":\"en-US\",\"url\":\"https:\/\/www.spa-pools.eu\/si\/wp-content\/uploads\/2020\/09\/big_ph-plus-granule-_5kg.jpg\",\"width\":800,\"height\":817},{\"@type\":\"WebPage\",\"@id\":\"https:\/\/www.spa-pools.eu\/si\/product\/ph-plus-bazen-zrnca-5kg\/#webpage\",\"url\":\"https:\/\/www.spa-pools.eu\/si\/product\/ph-plus-bazen-zrnca-5kg\/\",\"name\":\"Ph+ Plus Bazen zrnca 5kg - Pra\\u0161ek za zni\\u017eanje pH. | NIVETO Bazeni\",\"isPartOf\":{\"@id\":\"https:\/\/www.spa-pools.eu\/si\/#website\"},\"primaryImageOfPage\":{\"@id\":\"https:\/\/www.spa-pools.eu\/si\/product\/ph-plus-bazen-zrnca-5kg\/#primaryimage\"},\"datePublished\":\"2020-09-08T10:08:23+00:00\",\"dateModified\":\"2025-03-06T13:24:44+00:00\",\"description\":\"Pra\\u0161ek za zni\\u017eanje pH.Uporablja se za zni\\u017eanje Ph iz alkalnega obmo\\u010dja pH nad 8 do optimalnega pH 7,2-7,6. rimerno za ro\\u010dno in samodejno odmerjanje\",\"inLanguage\":\"en-US\",\"potentialAction\":[{\"@type\":\"ReadAction\",\"target\":[\"https:\/\/www.spa-pools.eu\/si\/product\/ph-plus-bazen-zrnca-5kg\/\"]}]}]}<\/script>\n<!-- \/ Yoast SEO Premium plugin. -->","_links":{"self":[{"href":"https:\/\/www.spa-pools.eu\/si\/wp-json\/wp\/v2\/product\/22494","targetHints":{"allow":["GET"]}}],"collection":[{"href":"https:\/\/www.spa-pools.eu\/si\/wp-json\/wp\/v2\/product"}],"about":[{"href":"https:\/\/www.spa-pools.eu\/si\/wp-json\/wp\/v2\/types\/product"}],"replies":[{"embeddable":true,"href":"https:\/\/www.spa-pools.eu\/si\/wp-json\/wp\/v2\/comments?post=22494"}],"wp:featuredmedia":[{"embeddable":true,"href":"https:\/\/www.spa-pools.eu\/si\/wp-json\/wp\/v2\/media\/22495"}],"wp:attachment":[{"href":"https:\/\/www.spa-pools.eu\/si\/wp-json\/wp\/v2\/media?parent=22494"}],"wp:term":[{"taxonomy":"product_brand","embeddable":true,"href":"https:\/\/www.spa-pools.eu\/si\/wp-json\/wp\/v2\/product_brand?post=22494"},{"taxonomy":"product_cat","embeddable":true,"href":"https:\/\/www.spa-pools.eu\/si\/wp-json\/wp\/v2\/product_cat?post=22494"},{"taxonomy":"product_tag","embeddable":true,"href":"https:\/\/www.spa-pools.eu\/si\/wp-json\/wp\/v2\/product_tag?post=22494"},{"taxonomy":"specifikacije","embeddable":true,"href":"https:\/\/www.spa-pools.eu\/si\/wp-json\/wp\/v2\/specifikacije?post=22494"},{"taxonomy":"pumpe__elektronika__mlaznice","embeddable":true,"href":"https:\/\/www.spa-pools.eu\/si\/wp-json\/wp\/v2\/pumpe__elektronika__mlaznice?post=22494"},{"taxonomy":"filtracija","embeddable":true,"href":"https:\/\/www.spa-pools.eu\/si\/wp-json\/wp\/v2\/filtracija?post=22494"},{"taxonomy":"oprema","embeddable":true,"href":"https:\/\/www.spa-pools.eu\/si\/wp-json\/wp\/v2\/oprema?post=22494"},{"taxonomy":"yst_prominent_words","embeddable":true,"href":"https:\/\/www.spa-pools.eu\/si\/wp-json\/wp\/v2\/yst_prominent_words?post=22494"}],"curies":[{"name":"wp","href":"https:\/\/api.w.org\/{rel}","templated":true}]}}