{"id":22746,"date":"2021-01-27T13:21:26","date_gmt":"2021-01-27T13:21:26","guid":{"rendered":"https:\/\/www.spa-pools.eu\/si\/?post_type=product&#038;p=22746"},"modified":"2024-10-21T11:28:30","modified_gmt":"2024-10-21T11:28:30","slug":"masazni-bazen-spa-love-380-x-225-x-92-cm-9-oseba-superior","status":"publish","type":"product","link":"https:\/\/www.spa-pools.eu\/si\/product\/masazni-bazen-spa-love-380-x-225-x-92-cm-9-oseba-superior\/","title":{"rendered":"Masa\u017eni bazen SPA Love 380 x 225 x 92 cm &#8211; 9 oseba &#8211; Superior"},"content":{"rendered":"<p><strong>SPECIFIKACIJE<\/strong>:<br \/>\ndimenzije: 3800mm x 2250mm x 920mm<br \/>\ndimenzije pakirane: 3900mm x 2350mm x 1000mm<br \/>\nte\u017ea &#8211; brez vode \/ z vodo:\u00a0 kg\/ kg<br \/>\nkoli\u010dino vode: L<\/p>\n<p><strong>\u0160TEVILO MASA\u017dNIH MEST:<\/strong><br \/>\n\u0160tevilo oseb: 9<br \/>\nle\u017ealna mesta: 2<br \/>\nSede\u017ei: 7<\/p>\n<p><strong>KONSTRUKCIJA :\u00a0<\/strong><br \/>\n<span style=\"color: #008000;\">material lupine: akril US Aristech Acrylic \u2013 6 barvi\u00a0 \u2013 toplotno izoliran<\/span><\/p>\n<p><img decoding=\"async\" class=\"wp-image-20959 alignleft\" src=\"https:\/\/www.spa.hr\/wp-content\/uploads\/2018\/06\/Boje-Akrila-page-001.jpg\" sizes=\"(max-width: 559px) 100vw, 559px\" srcset=\"https:\/\/www.spa.hr\/wp-content\/uploads\/2018\/06\/Boje-Akrila-page-001-200x55.jpg 200w, https:\/\/www.spa.hr\/wp-content\/uploads\/2018\/06\/Boje-Akrila-page-001-300x83.jpg 300w, https:\/\/www.spa.hr\/wp-content\/uploads\/2018\/06\/Boje-Akrila-page-001-400x111.jpg 400w, https:\/\/www.spa.hr\/wp-content\/uploads\/2018\/06\/Boje-Akrila-page-001-500x139.jpg 500w, https:\/\/www.spa.hr\/wp-content\/uploads\/2018\/06\/Boje-Akrila-page-001-600x166.jpg 600w, https:\/\/www.spa.hr\/wp-content\/uploads\/2018\/06\/Boje-Akrila-page-001-700x194.jpg 700w, https:\/\/www.spa.hr\/wp-content\/uploads\/2018\/06\/Boje-Akrila-page-001-768x213.jpg 768w, https:\/\/www.spa.hr\/wp-content\/uploads\/2018\/06\/Boje-Akrila-page-001-800x222.jpg 800w, https:\/\/www.spa.hr\/wp-content\/uploads\/2018\/06\/Boje-Akrila-page-001-1024x284.jpg 1024w, https:\/\/www.spa.hr\/wp-content\/uploads\/2018\/06\/Boje-Akrila-page-001-1200x333.jpg 1200w, https:\/\/www.spa.hr\/wp-content\/uploads\/2018\/06\/Boje-Akrila-page-001.jpg 2175w\" alt=\"\" width=\"559\" height=\"155\" \/><\/p>\n<p>&nbsp;<\/p>\n<p>&nbsp;<\/p>\n<p>&nbsp;<\/p>\n<p>&nbsp;<\/p>\n<p>&nbsp;<\/p>\n<p>obloga:\u00a0aluminijasta obloga nove generacije &#8211; odporna na praske<\/p>\n<p><img decoding=\"async\" class=\"alignleft wp-image-22431\" src=\"https:\/\/www.spa.hr\/wp-content\/uploads\/2020\/05\/spa.hr-Bella-obloga-300x127.jpg\" alt=\"\" width=\"340\" height=\"144\" \/><\/p>\n<p>&nbsp;<\/p>\n<p>&nbsp;<\/p>\n<p>&nbsp;<\/p>\n<p>&nbsp;<\/p>\n<p>&nbsp;<\/p>\n<p>stojalo: Aluminijasta konstrukcija z ABS bazo in PVC plo\u0161\u010do ter toplotno izolacijo med plo\u0161\u010dami<\/p>\n<p><img decoding=\"async\" class=\"alignleft size-medium wp-image-22432\" src=\"https:\/\/www.spa.hr\/wp-content\/uploads\/2020\/05\/spa.hr-Bella-podnica-300x169.jpg\" alt=\"\" width=\"300\" height=\"169\" \/><\/p>\n<p>&nbsp;<\/p>\n<p>&nbsp;<\/p>\n<p>&nbsp;<\/p>\n<p>&nbsp;<\/p>\n<p>&nbsp;<\/p>\n<p><strong>\u010cRPALKE IN PUHALA: proizvajalec \u010drpalk vrhunskih svetovnih znamk\u00a0<\/strong><br \/>\nobto\u010dna \u010drpalka: 0,37 kW<br \/>\nmasa\u017ena vodna \u010drpalka: 3 x 2,2 kW<br \/>\nzra\u010dni turbo puhalec: 1,1 kw<\/p>\n<p><strong>ELEKTRONIKA &#8211; GECKO &#8211; Kanada<\/strong><br \/>\nkrmilna enota: in.Yj2<br \/>\nnadzorni zaslon: Gecko In.k 1000<br \/>\n<span style=\"color: #0000ff;\"><a style=\"color: #0000ff;\" href=\"https:\/\/gdeuro.com\/buykeypads\/ink1001-clear-ge1\">https:\/\/gdeuro.com\/buykeypads\/ink1001-clear-ge1<\/a><\/span><br \/>\ngrelec: INOX 3 kw\/230 VAC<br \/>\nTipkovnica za pomo\u017eno krmiljenje: in.k120<\/p>\n<div class=\"video-shortcode\">\n<blockquote class=\"wp-embedded-content\" data-secret=\"e0DMxo9b0w\"><p><a href=\"https:\/\/www.spa-pools.eu\/si\/product\/spa-dodatna-upravljacka-tipkovnica-gecko-in-k-120\/\">GECKO in.k 120 Spa dodatna tipkovnica<\/a><\/p><\/blockquote>\n<p><iframe class=\"wp-embedded-content\" sandbox=\"allow-scripts\" security=\"restricted\" style=\"position: absolute; clip: rect(1px, 1px, 1px, 1px);\" title=\"&#8220;GECKO in.k 120 Spa dodatna tipkovnica&#8221; &#8212; NIVETO Bazeni\" src=\"https:\/\/www.spa-pools.eu\/si\/product\/spa-dodatna-upravljacka-tipkovnica-gecko-in-k-120\/embed\/#?secret=e0DMxo9b0w\" data-secret=\"e0DMxo9b0w\" width=\"600\" height=\"338\" frameborder=\"0\" marginwidth=\"0\" marginheight=\"0\" scrolling=\"no\"><\/iframe><\/div>\n<p><strong>ELEKTRI\u010cNA POVEZAVA: Glede na dogovor<\/strong><\/p>\n<p><strong>KONFIGURACIJA \u0160OBE<\/strong> &#8211; skupaj \u0161obe: 119 kos INOX<br \/>\nVodene \u0161obe z regulacijo smeri in pretoka<br \/>\n\u00d8 95 mm: 8 kosov<br \/>\n\u00d8 67 mm: 11 kosov<br \/>\n\u00d8 46 mm: 19 kosov<br \/>\n\u00d8 41 mm: 11 kosov<br \/>\nRotacijske vodene \u0161obe z regulacijo pretoka<br \/>\n\u00d8 67 mm: 6 kosov<br \/>\n\u00d8 46 mm: 14 kosov<br \/>\n\u00d8 41 mm: 6 kosov<br \/>\ndruge vodne \u0161obe<br \/>\n\u00d8 30 mm: 28 kosov<br \/>\nzra\u010dne \u0161obe<br \/>\n\u00d8 22 mm: 16 kosov<\/p>\n<p><strong>SVETLOBA &#8211; 65 svetil<\/strong><br \/>\nLED RGB podvodna razsvetljava \u00d8 95 mm: 1 kos<br \/>\nLED RGB podvodna razsvetljava na vodno \u010drto: 20 kosov<br \/>\nLED RGB podvodna osvetlitev sede\u017enih klopi: 12 kosov<br \/>\nLED RGB osvetlitev za dr\u017eala za skodelice: 6 kosov<br \/>\nLED RGB osvetlitev vodnih \u0161obi: 25 kosov<br \/>\nLED RGB osvetlitev vodnjak: 1 kos<\/p>\n<p><strong>FILTRIRANJE IN VZDR\u017dEVANJE VODE<\/strong>:<br \/>\nkartridni filter: 2 kom<br \/>\nfiltracijsko povr\u0161ino: 20m2<br \/>\nOzone Generator: DA<br \/>\n<span style=\"color: #3366ff;\">U.V. sterilizator: da<\/span><\/p>\n<p><strong>DRUGA OPREMA:<\/strong><\/p>\n<p>Bluetooh z dvema pojavnima zvo\u010dnikoma in nizkotoncem<br \/>\nToplotna izolacija iz lupine iz PU pene 20 mm<br \/>\naromaterapija<br \/>\nRegulator za me\u0161anje zraka in vode: 6 kosov<br \/>\nanit-vakuumsko sesanje: 6 kosov<br \/>\nodto\u010dni ventil: 1 kos<br \/>\nVzglavniki EVA za glavo: 4 kos<br \/>\nvodnjak: 1 kos<\/p>\n<p>Termo prevleka &#8211; vklju\u010dena v ceno<\/p>\n<p>Vrhunske stopnice &#8211; vklju\u010dene v ceno<\/p>\n<p>KEMIJSKI SET: 2 kg PH minus, 2 kg tablete klora, 1 2 Ivekor, 2 l kalcijev zapor, 50 testnih listov za PH, brom, alkalnost in trdoto vode.<\/p>\n<p><strong>OSTALI DODATKI<\/strong>\u00a0\u2013 kupite po \u017eelji<\/p>\n<p><a href=\"https:\/\/www.spa-pools.eu\/si\/product-category\/dodatna-oprema\/\">https:\/\/www.spa-pools.eu\/si\/product-category\/dodatna-oprema\/<\/a><\/p>\n<p><strong>OPOMBA<\/strong>:<br \/>\nSlike so samo za ilustracijo in ne prikazujejo nujno identi\u010dnega bazena za prodajo.<br \/>\nVeljavni so samo opisi v prilogi.<br \/>\nBazen je kot Plug &amp; Play z navodili za namestitev, zagon, programiranje in vzdr\u017eevanje v sloven\u0161\u010dini.<\/p>\n<p><strong>GARANCIJA<\/strong>:<br \/>\ngradnja: 10 let<br \/>\npovr\u0161ina lupine &#8211; akril: 5 let<br \/>\nostala oprema: 2 leti<\/p>\n<ul>\n<li style=\"list-style-type: none;\">\n<ul>\n<li style=\"list-style-type: none;\">\n<ul>\n<li>cene so za enkratno pla\u010dilo z\u00a0<strong>debetnimi in kreditnimi karticami\u00a0<\/strong><\/li>\n<\/ul>\n<\/li>\n<\/ul>\n<\/li>\n<\/ul>\n","protected":false},"excerpt":{"rendered":"<p style=\"text-align: center;\">Predstavljamo vam na\u0161 najve\u010dji masa\u017eni bazen za 9 oseb LOVE<\/p>\n<p style=\"text-align: center;\">Besede so odve\u010dne, poglejte specifikacijo, ki pove ve\u010d kot besede<\/p>\n<p>&nbsp;<\/p>\n","protected":false},"featured_media":22771,"comment_status":"open","ping_status":"closed","template":"","meta":{"_acf_changed":false},"product_brand":[],"product_cat":[92,542],"product_tag":[],"specifikacije":[],"pumpe__elektronika__mlaznice":[],"filtracija":[],"oprema":[],"yst_prominent_words":[206,211,210,220,219,275,426],"class_list":{"0":"post-22746","1":"product","2":"type-product","3":"status-publish","4":"has-post-thumbnail","6":"product_cat-masazni-bazeni-spa","7":"product_cat-masazni-bazeni-za-6-in-vec-ljudi","8":"product_shipping_class-cena-na-povprasevanje","9":"tm-no-options","11":"first","12":"outofstock","13":"featured","14":"sold-individually","15":"taxable","16":"shipping-taxable","17":"purchasable","18":"product-type-simple"},"acf":[],"yoast_head":"<!-- This site is optimized with the Yoast SEO Premium plugin v14.0.4 - https:\/\/yoast.com\/wordpress\/plugins\/seo\/ -->\n<title>Masa\u017eni bazen SPA Love 380 x 225 x 92 cm - 9 oseba - Superior | NIVETO Bazeni<\/title>\n<meta name=\"description\" content=\"Masa\u017eni Bazen | Predstavljamo vam na\u0161 najve\u010dji masa\u017eni bazen za 9 oseb LOVE Besede so odve\u010dne, poglejte specifikacijo, ki pove ve\u010d kot besede &nbsp;\" \/>\n<meta name=\"robots\" content=\"index, follow\" \/>\n<meta name=\"googlebot\" content=\"index, follow, max-snippet:-1, max-image-preview:large, max-video-preview:-1\" \/>\n<meta name=\"bingbot\" content=\"index, follow, max-snippet:-1, max-image-preview:large, max-video-preview:-1\" \/>\n<link rel=\"canonical\" href=\"https:\/\/www.spa-pools.eu\/si\/product\/masazni-bazen-spa-love-380-x-225-x-92-cm-9-oseba-superior\/\" \/>\n<meta property=\"og:locale\" content=\"en_US\" \/>\n<meta property=\"og:type\" content=\"article\" \/>\n<meta property=\"og:title\" content=\"Masa\u017eni bazen SPA Love 380 x 225 x 92 cm - 9 oseba - Superior | NIVETO Bazeni\" \/>\n<meta property=\"og:description\" content=\"Masa\u017eni Bazen | Predstavljamo vam na\u0161 najve\u010dji masa\u017eni bazen za 9 oseb LOVE Besede so odve\u010dne, poglejte specifikacijo, ki pove ve\u010d kot besede &nbsp;\" \/>\n<meta property=\"og:url\" content=\"https:\/\/www.spa-pools.eu\/si\/product\/masazni-bazen-spa-love-380-x-225-x-92-cm-9-oseba-superior\/\" \/>\n<meta property=\"og:site_name\" content=\"NIVETO Bazeni\" \/>\n<meta property=\"article:publisher\" content=\"https:\/\/www.facebook.com\/Nivetobazeniifontane\/\" \/>\n<meta property=\"article:modified_time\" content=\"2024-10-21T11:28:30+00:00\" \/>\n<meta property=\"og:image\" content=\"https:\/\/www.spa-pools.eu\/si\/wp-content\/uploads\/2021\/01\/spa.hr-maszani-bazen-Love-10.jpg\" \/>\n\t<meta property=\"og:image:width\" content=\"1777\" \/>\n\t<meta property=\"og:image:height\" content=\"1333\" \/>\n<meta name=\"twitter:card\" content=\"summary_large_image\" \/>\n<script type=\"application\/ld+json\" class=\"yoast-schema-graph\">{\"@context\":\"https:\/\/schema.org\",\"@graph\":[{\"@type\":\"Organization\",\"@id\":\"https:\/\/www.spa-pools.eu\/si\/#organization\",\"name\":\"Niveto d.o.o. - Spa bazeni\",\"url\":\"https:\/\/www.spa-pools.eu\/si\/\",\"sameAs\":[\"https:\/\/www.facebook.com\/Nivetobazeniifontane\/\"],\"logo\":{\"@type\":\"ImageObject\",\"@id\":\"https:\/\/www.spa-pools.eu\/si\/#logo\",\"inLanguage\":\"en-US\",\"url\":\"https:\/\/www.spa-pools.eu\/si\/wp-content\/uploads\/revslider\/home3-rs1\/logo.png\",\"width\":203,\"height\":60,\"caption\":\"Niveto d.o.o. - Spa bazeni\"},\"image\":{\"@id\":\"https:\/\/www.spa-pools.eu\/si\/#logo\"}},{\"@type\":\"WebSite\",\"@id\":\"https:\/\/www.spa-pools.eu\/si\/#website\",\"url\":\"https:\/\/www.spa-pools.eu\/si\/\",\"name\":\"NIVETO Bazeni\",\"description\":\"Spa masa\\u017eni bazeni\",\"publisher\":{\"@id\":\"https:\/\/www.spa-pools.eu\/si\/#organization\"},\"potentialAction\":[{\"@type\":\"SearchAction\",\"target\":\"https:\/\/www.spa-pools.eu\/si\/?s={search_term_string}\",\"query-input\":\"required name=search_term_string\"}],\"inLanguage\":\"en-US\"},{\"@type\":\"ImageObject\",\"@id\":\"https:\/\/www.spa-pools.eu\/si\/product\/masazni-bazen-spa-love-380-x-225-x-92-cm-9-oseba-superior\/#primaryimage\",\"inLanguage\":\"en-US\",\"url\":\"https:\/\/www.spa-pools.eu\/si\/wp-content\/uploads\/2021\/01\/spa.hr-maszani-bazen-Love-10.jpg\",\"width\":1777,\"height\":1333},{\"@type\":\"WebPage\",\"@id\":\"https:\/\/www.spa-pools.eu\/si\/product\/masazni-bazen-spa-love-380-x-225-x-92-cm-9-oseba-superior\/#webpage\",\"url\":\"https:\/\/www.spa-pools.eu\/si\/product\/masazni-bazen-spa-love-380-x-225-x-92-cm-9-oseba-superior\/\",\"name\":\"Masa\\u017eni bazen SPA Love 380 x 225 x 92 cm - 9 oseba - Superior | NIVETO Bazeni\",\"isPartOf\":{\"@id\":\"https:\/\/www.spa-pools.eu\/si\/#website\"},\"primaryImageOfPage\":{\"@id\":\"https:\/\/www.spa-pools.eu\/si\/product\/masazni-bazen-spa-love-380-x-225-x-92-cm-9-oseba-superior\/#primaryimage\"},\"datePublished\":\"2021-01-27T13:21:26+00:00\",\"dateModified\":\"2024-10-21T11:28:30+00:00\",\"description\":\"Masa\\u017eni Bazen | Predstavljamo vam na\\u0161 najve\\u010dji masa\\u017eni bazen za 9 oseb LOVE Besede so odve\\u010dne, poglejte specifikacijo, ki pove ve\\u010d kot besede &nbsp;\",\"inLanguage\":\"en-US\",\"potentialAction\":[{\"@type\":\"ReadAction\",\"target\":[\"https:\/\/www.spa-pools.eu\/si\/product\/masazni-bazen-spa-love-380-x-225-x-92-cm-9-oseba-superior\/\"]}]}]}<\/script>\n<!-- \/ Yoast SEO Premium plugin. -->","_links":{"self":[{"href":"https:\/\/www.spa-pools.eu\/si\/wp-json\/wp\/v2\/product\/22746","targetHints":{"allow":["GET"]}}],"collection":[{"href":"https:\/\/www.spa-pools.eu\/si\/wp-json\/wp\/v2\/product"}],"about":[{"href":"https:\/\/www.spa-pools.eu\/si\/wp-json\/wp\/v2\/types\/product"}],"replies":[{"embeddable":true,"href":"https:\/\/www.spa-pools.eu\/si\/wp-json\/wp\/v2\/comments?post=22746"}],"wp:featuredmedia":[{"embeddable":true,"href":"https:\/\/www.spa-pools.eu\/si\/wp-json\/wp\/v2\/media\/22771"}],"wp:attachment":[{"href":"https:\/\/www.spa-pools.eu\/si\/wp-json\/wp\/v2\/media?parent=22746"}],"wp:term":[{"taxonomy":"product_brand","embeddable":true,"href":"https:\/\/www.spa-pools.eu\/si\/wp-json\/wp\/v2\/product_brand?post=22746"},{"taxonomy":"product_cat","embeddable":true,"href":"https:\/\/www.spa-pools.eu\/si\/wp-json\/wp\/v2\/product_cat?post=22746"},{"taxonomy":"product_tag","embeddable":true,"href":"https:\/\/www.spa-pools.eu\/si\/wp-json\/wp\/v2\/product_tag?post=22746"},{"taxonomy":"specifikacije","embeddable":true,"href":"https:\/\/www.spa-pools.eu\/si\/wp-json\/wp\/v2\/specifikacije?post=22746"},{"taxonomy":"pumpe__elektronika__mlaznice","embeddable":true,"href":"https:\/\/www.spa-pools.eu\/si\/wp-json\/wp\/v2\/pumpe__elektronika__mlaznice?post=22746"},{"taxonomy":"filtracija","embeddable":true,"href":"https:\/\/www.spa-pools.eu\/si\/wp-json\/wp\/v2\/filtracija?post=22746"},{"taxonomy":"oprema","embeddable":true,"href":"https:\/\/www.spa-pools.eu\/si\/wp-json\/wp\/v2\/oprema?post=22746"},{"taxonomy":"yst_prominent_words","embeddable":true,"href":"https:\/\/www.spa-pools.eu\/si\/wp-json\/wp\/v2\/yst_prominent_words?post=22746"}],"curies":[{"name":"wp","href":"https:\/\/api.w.org\/{rel}","templated":true}]}}