{"id":22747,"date":"2021-01-28T08:16:55","date_gmt":"2021-01-28T08:16:55","guid":{"rendered":"https:\/\/www.spa-pools.eu\/si\/?post_type=product&#038;p=22747"},"modified":"2026-02-18T14:46:39","modified_gmt":"2026-02-18T14:46:39","slug":"masazni-bazen-za-tri-3-osebe-spa-aurora-superior","status":"publish","type":"product","link":"https:\/\/www.spa-pools.eu\/si\/product\/masazni-bazen-za-tri-3-osebe-spa-aurora-superior\/","title":{"rendered":"Masa\u017eni bazen za tri 3 osebe, SPA Aurora 220 x 156 x 88 cm &#8211; SUPERIOR"},"content":{"rendered":"<p><strong><span style=\"vertical-align: inherit;\"><span style=\"vertical-align: inherit;\">SPECIFIKACIJE<\/span><\/span><\/strong><span style=\"vertical-align: inherit;\"><span style=\"vertical-align: inherit;\"> : <\/span><\/span><br \/>\n<span style=\"vertical-align: inherit;\"><span style=\"vertical-align: inherit;\">dimenzije: 2200mm x 1560mm x 880mm <\/span><\/span><br \/>\n<span style=\"vertical-align: inherit;\"><span style=\"vertical-align: inherit;\">dimenzije pakirana: 2300mm x 1660mm x 980mm <\/span><\/span><br \/>\n<span style=\"vertical-align: inherit;\"><span style=\"vertical-align: inherit;\">te\u017ea &#8211; bez vode \/ z vodo: 300 kg \/ 1500kg <\/span><\/span><br \/>\n<span style=\"vertical-align: inherit;\"><span style=\"vertical-align: inherit;\">koli\u010dina vode: 1200 L<\/span><\/span><\/p>\n<p><strong><span style=\"vertical-align: inherit;\"><span style=\"vertical-align: inherit;\">\u0160TEVILO MASA\u017dNIH MONT:<\/span><\/span><\/strong><br \/>\n<span style=\"vertical-align: inherit;\"><span style=\"vertical-align: inherit;\"> Broj osoba: 3 <\/span><\/span><br \/>\n<span style=\"vertical-align: inherit;\"><span style=\"vertical-align: inherit;\">Le\u017eajna mjesta: 2 <\/span><\/span><br \/>\n<span style=\"vertical-align: inherit;\"><span style=\"vertical-align: inherit;\">Sede\u017ei: 1<\/span><\/span><\/p>\n<p><strong><span style=\"vertical-align: inherit;\"><span style=\"vertical-align: inherit;\">KONSTRUKCIJA:\u00a0<\/span><\/span><\/strong><\/p>\n<p><span style=\"color: #008000;\"><span style=\"vertical-align: inherit;\"><span style=\"vertical-align: inherit;\">materijal lupin: akril US Aristech akril &#8211; na raspolaganju 6 barv &#8211; toplotno izoliran<\/span><\/span><\/span><\/p>\n<p><img decoding=\"async\" class=\"wp-image-20895 alignleft\" src=\"https:\/\/www.spa.hr\/wp-content\/uploads\/2019\/05\/Acrylic-White-Pearlescent.jpg\" alt=\"\" width=\"91\" height=\"100\" srcset=\"https:\/\/www.spa-pools.eu\/si\/wp-content\/uploads\/2019\/05\/Acrylic-White-Pearlescent-200x220.jpg 200w, https:\/\/www.spa-pools.eu\/si\/wp-content\/uploads\/2019\/05\/Acrylic-White-Pearlescent-273x300.jpg 273w, https:\/\/www.spa-pools.eu\/si\/wp-content\/uploads\/2019\/05\/Acrylic-White-Pearlescent-400x439.jpg 400w, https:\/\/www.spa-pools.eu\/si\/wp-content\/uploads\/2019\/05\/Acrylic-White-Pearlescent-500x549.jpg 500w, https:\/\/www.spa-pools.eu\/si\/wp-content\/uploads\/2019\/05\/Acrylic-White-Pearlescent-600x659.jpg 600w, https:\/\/www.spa-pools.eu\/si\/wp-content\/uploads\/2019\/05\/Acrylic-White-Pearlescent-700x769.jpg 700w, https:\/\/www.spa-pools.eu\/si\/wp-content\/uploads\/2019\/05\/Acrylic-White-Pearlescent-768x844.jpg 768w, https:\/\/www.spa-pools.eu\/si\/wp-content\/uploads\/2019\/05\/Acrylic-White-Pearlescent-800x879.jpg 800w, https:\/\/www.spa-pools.eu\/si\/wp-content\/uploads\/2019\/05\/Acrylic-White-Pearlescent.jpg 801w\" sizes=\"(max-width: 91px) 100vw, 91px\" \/> <img decoding=\"async\" class=\"wp-image-20894 alignleft\" src=\"https:\/\/www.spa.hr\/wp-content\/uploads\/2019\/05\/Acrylic-Silver-White-Marble.jpg\" alt=\"\" width=\"102\" height=\"112\" srcset=\"https:\/\/www.spa-pools.eu\/si\/wp-content\/uploads\/2019\/05\/Acrylic-Silver-White-Marble-200x220.jpg 200w, https:\/\/www.spa-pools.eu\/si\/wp-content\/uploads\/2019\/05\/Acrylic-Silver-White-Marble-273x300.jpg 273w, https:\/\/www.spa-pools.eu\/si\/wp-content\/uploads\/2019\/05\/Acrylic-Silver-White-Marble-400x439.jpg 400w, https:\/\/www.spa-pools.eu\/si\/wp-content\/uploads\/2019\/05\/Acrylic-Silver-White-Marble-500x549.jpg 500w, https:\/\/www.spa-pools.eu\/si\/wp-content\/uploads\/2019\/05\/Acrylic-Silver-White-Marble-600x659.jpg 600w, https:\/\/www.spa-pools.eu\/si\/wp-content\/uploads\/2019\/05\/Acrylic-Silver-White-Marble-700x769.jpg 700w, https:\/\/www.spa-pools.eu\/si\/wp-content\/uploads\/2019\/05\/Acrylic-Silver-White-Marble-768x844.jpg 768w, https:\/\/www.spa-pools.eu\/si\/wp-content\/uploads\/2019\/05\/Acrylic-Silver-White-Marble-800x879.jpg 800w, https:\/\/www.spa-pools.eu\/si\/wp-content\/uploads\/2019\/05\/Acrylic-Silver-White-Marble.jpg 801w\" sizes=\"(max-width: 102px) 100vw, 102px\" \/> <img decoding=\"async\" class=\"wp-image-20893 alignleft\" src=\"https:\/\/www.spa.hr\/wp-content\/uploads\/2019\/05\/Acrylic-Oyster-Opal.jpg\" alt=\"\" width=\"105\" height=\"116\" srcset=\"https:\/\/www.spa-pools.eu\/si\/wp-content\/uploads\/2019\/05\/Acrylic-Oyster-Opal-200x220.jpg 200w, https:\/\/www.spa-pools.eu\/si\/wp-content\/uploads\/2019\/05\/Acrylic-Oyster-Opal-273x300.jpg 273w, https:\/\/www.spa-pools.eu\/si\/wp-content\/uploads\/2019\/05\/Acrylic-Oyster-Opal-400x439.jpg 400w, https:\/\/www.spa-pools.eu\/si\/wp-content\/uploads\/2019\/05\/Acrylic-Oyster-Opal-500x549.jpg 500w, https:\/\/www.spa-pools.eu\/si\/wp-content\/uploads\/2019\/05\/Acrylic-Oyster-Opal-600x659.jpg 600w, https:\/\/www.spa-pools.eu\/si\/wp-content\/uploads\/2019\/05\/Acrylic-Oyster-Opal-700x769.jpg 700w, https:\/\/www.spa-pools.eu\/si\/wp-content\/uploads\/2019\/05\/Acrylic-Oyster-Opal-768x844.jpg 768w, https:\/\/www.spa-pools.eu\/si\/wp-content\/uploads\/2019\/05\/Acrylic-Oyster-Opal-800x879.jpg 800w, https:\/\/www.spa-pools.eu\/si\/wp-content\/uploads\/2019\/05\/Acrylic-Oyster-Opal.jpg 801w\" sizes=\"(max-width: 105px) 100vw, 105px\" \/> <img decoding=\"async\" class=\"wp-image-20892 alignleft\" src=\"https:\/\/www.spa.hr\/wp-content\/uploads\/2019\/05\/Acrylic-Ocean-Wave.jpg\" alt=\"\" width=\"101\" height=\"111\" srcset=\"https:\/\/www.spa-pools.eu\/si\/wp-content\/uploads\/2019\/05\/Acrylic-Ocean-Wave-200x220.jpg 200w, https:\/\/www.spa-pools.eu\/si\/wp-content\/uploads\/2019\/05\/Acrylic-Ocean-Wave-273x300.jpg 273w, https:\/\/www.spa-pools.eu\/si\/wp-content\/uploads\/2019\/05\/Acrylic-Ocean-Wave-400x439.jpg 400w, https:\/\/www.spa-pools.eu\/si\/wp-content\/uploads\/2019\/05\/Acrylic-Ocean-Wave-500x549.jpg 500w, https:\/\/www.spa-pools.eu\/si\/wp-content\/uploads\/2019\/05\/Acrylic-Ocean-Wave-600x659.jpg 600w, https:\/\/www.spa-pools.eu\/si\/wp-content\/uploads\/2019\/05\/Acrylic-Ocean-Wave-700x769.jpg 700w, https:\/\/www.spa-pools.eu\/si\/wp-content\/uploads\/2019\/05\/Acrylic-Ocean-Wave-768x844.jpg 768w, https:\/\/www.spa-pools.eu\/si\/wp-content\/uploads\/2019\/05\/Acrylic-Ocean-Wave-800x879.jpg 800w, https:\/\/www.spa-pools.eu\/si\/wp-content\/uploads\/2019\/05\/Acrylic-Ocean-Wave.jpg 801w\" sizes=\"(max-width: 101px) 100vw, 101px\" \/> <img decoding=\"async\" class=\"wp-image-20891 alignleft\" src=\"https:\/\/www.spa.hr\/wp-content\/uploads\/2019\/05\/Acrylic-Midnight-Opal.jpg\" alt=\"\" width=\"105\" height=\"115\" srcset=\"https:\/\/www.spa-pools.eu\/si\/wp-content\/uploads\/2019\/05\/Acrylic-Midnight-Opal-200x220.jpg 200w, https:\/\/www.spa-pools.eu\/si\/wp-content\/uploads\/2019\/05\/Acrylic-Midnight-Opal-273x300.jpg 273w, https:\/\/www.spa-pools.eu\/si\/wp-content\/uploads\/2019\/05\/Acrylic-Midnight-Opal-400x439.jpg 400w, https:\/\/www.spa-pools.eu\/si\/wp-content\/uploads\/2019\/05\/Acrylic-Midnight-Opal-500x549.jpg 500w, https:\/\/www.spa-pools.eu\/si\/wp-content\/uploads\/2019\/05\/Acrylic-Midnight-Opal-600x659.jpg 600w, https:\/\/www.spa-pools.eu\/si\/wp-content\/uploads\/2019\/05\/Acrylic-Midnight-Opal-700x769.jpg 700w, https:\/\/www.spa-pools.eu\/si\/wp-content\/uploads\/2019\/05\/Acrylic-Midnight-Opal-768x844.jpg 768w, https:\/\/www.spa-pools.eu\/si\/wp-content\/uploads\/2019\/05\/Acrylic-Midnight-Opal-800x879.jpg 800w, https:\/\/www.spa-pools.eu\/si\/wp-content\/uploads\/2019\/05\/Acrylic-Midnight-Opal.jpg 801w\" sizes=\"(max-width: 105px) 100vw, 105px\" \/><\/p>\n<p>&nbsp;<\/p>\n<p>&nbsp;<\/p>\n<p>&nbsp;<\/p>\n<p>&nbsp;<\/p>\n<p><span style=\"vertical-align: inherit;\"><span style=\"vertical-align: inherit;\">Gipsani bijeli mramor Ostrige Ocean Midnight Opal<\/span><\/span><\/p>\n<p><span style=\"color: #008000;\"><span style=\"vertical-align: inherit;\"><span style=\"vertical-align: inherit;\">obloga: <\/span><\/span><span style=\"color: #000000;\"><span style=\"vertical-align: inherit;\"><span style=\"vertical-align: inherit;\">ABS + PS + 20 mm izolacija<\/span><\/span><\/span><\/span><\/p>\n<p><img decoding=\"async\" class=\"wp-image-20897 alignleft\" src=\"https:\/\/www.spa.hr\/wp-content\/uploads\/2019\/05\/Coffee.jpg\" alt=\"\" width=\"100\" height=\"103\" \/><\/p>\n<p><img decoding=\"async\" class=\"wp-image-20899 alignleft\" src=\"https:\/\/www.spa.hr\/wp-content\/uploads\/2019\/05\/Light-Brown.jpg\" alt=\"\" width=\"92\" height=\"101\" \/><\/p>\n<p><img decoding=\"async\" class=\" wp-image-20898 alignleft\" src=\"https:\/\/www.spa.hr\/wp-content\/uploads\/2019\/05\/Grey.jpg\" alt=\"\" width=\"96\" height=\"105\" \/><\/p>\n<p><img decoding=\"async\" class=\"wp-image-20896 alignleft\" src=\"https:\/\/www.spa.hr\/wp-content\/uploads\/2019\/05\/Black.jpg\" alt=\"\" width=\"114\" height=\"104\" \/><\/p>\n<p><img decoding=\"async\" class=\" wp-image-20900 alignleft\" src=\"https:\/\/www.spa.hr\/wp-content\/uploads\/2019\/05\/Reddish-Brown.jpg\" alt=\"\" width=\"93\" height=\"102\" \/><\/p>\n<p>&nbsp;<\/p>\n<p>&nbsp;<\/p>\n<p>&nbsp;<\/p>\n<p>&nbsp;<\/p>\n<p style=\"text-align: left;\"><span style=\"vertical-align: inherit;\"><span style=\"vertical-align: inherit;\">\u00a0 \u00a0 Kava svijetlo sme\u0111a siva crna crvenkasto sme\u0111a<\/span><\/span><\/p>\n<p><span style=\"vertical-align: inherit;\"><span style=\"vertical-align: inherit;\">nosilni okvir: aluminij <\/span><\/span><br \/>\n<span style=\"vertical-align: inherit;\"><span style=\"vertical-align: inherit;\">Podstavak: ABS + PVC<\/span><\/span><\/p>\n<p><strong>\u010crpalke in puhala: Proizvajalec \u010drpalk vrhunskih svetovnih znamk<\/strong><br \/>\nobto\u010dna \u010drpalka: 0,37 kW<br \/>\nmasa\u017ena \u010drpalka: 2 x 2,2 kW<br \/>\nzra\u010dni turbo puhalec: 400 w<\/p>\n<p><strong>ELEKTRONIKA: Balboa &#8211; SAD<\/strong><br \/>\nkrmilna enota: \u00a0Balboa BP6013G2+Touch 2T<br \/>\ngrija\u010d: INOX 3 kw\/230 VAC<\/p>\n<p><strong>ELEKTRI\u010cNA POVEZAVA:<\/strong><br \/>\nStandardni priklju\u010dek 25A \/ 230V, 2,5 m 3 x 4 mm2 kabel<\/p>\n<p><strong><i>MOGO\u010cE RAZLIKE, PREVERJANJE Z DOBAVITELJEM.<\/i><\/strong><\/p>\n<p><strong>OPOMBA<\/strong>: \u010de \u017eelite druga\u010dno nastavitev, kot je trifazna povezava ali pove\u010danje omejitve na 35A, upo\u0161tevajte pri nakupu<\/p>\n<p><strong>KONFIGURACIJA \u0160OBE: skupno \u0161tevilo \u0161ob 73 kosov INOX<\/strong><br \/>\nVodne \u0161obe z regulacijo smeri in pretoka<br \/>\n\u00d8 95 mm: 3 kos<br \/>\n\u00d8 67 mm: 9 kosov<br \/>\n\u00d8 46 mm: 10 kosov<br \/>\nVodne \u0161obe z vrtljivim regulatorjem pretoka<br \/>\n\u00d8 46 mm: 20 kosov<br \/>\ndrugi vodni curki<br \/>\n\u00d8 41 mm: 12 kosov<br \/>\n\u00d8 30 mm: 14 kosov<br \/>\n\u00d8 22 mm: 6 kosov<br \/>\nzra\u010dne \u0161obe<br \/>\n6 kosov<\/p>\n<p><strong>SVETLOBA &#8211; 30 svetil<\/strong><br \/>\nLED RGB podvodna razsvetljava \u00d8 95 mm: 1 kos<br \/>\nLED RGB podvodna razsvetljava vodne linije: 14 kosov<br \/>\nLED RGB osvetlitev zunanjih vogalov: 1 kos x 4 vogali = 4 kos<br \/>\nLED RGB osvetlitev vodnih \u0161oba: 10 kosov<br \/>\nLED osvetlitev vodnjaka: 1 kos<\/p>\n<p><strong>FILTRACIJA IN VZDR\u017dEVANJE VODE<\/strong><br \/>\nkartridni filter: 2 kos<br \/>\npovr\u0161ina filtracije: 10m2<br \/>\nGenerator ozona: DA<br \/>\nU.V. sterilizator: DA<\/p>\n<p><strong>DRUGA OPREMA:<\/strong><\/p>\n<p>Bluetooh z dvema zvo\u010dnikoma in nizkotoncem<br \/>\nToplotna izolacija lupine iz PU pene 20 mm<br \/>\naromaterapija<br \/>\nprelivni ventil: 1 kos<br \/>\nRegulator za me\u0161anje zraka in vode: 2 kos<br \/>\nanit-vakuumsko sesanje: 3 kos<br \/>\nodto\u010dni ventil: 1 kos<br \/>\nVzglavniki EVA za glavo: 2 kos<br \/>\nvodnjak: 1 kos<\/p>\n<p>Termo prevleka &#8211; vklju\u010dena v ceno<\/p>\n<p>Vrhunske stopnice &#8211; vklju\u010dene v ceno<\/p>\n<p>KEMIJSKI SET: 1 kg PH minus, 1 kg tablete klora, 1 l Ivekor, 1 l kalcijev zapor, 50 testnih listov za PH, brom, alkalnost in trdoto vode.<\/p>\n<p>SPA zimska odeja &#8211; vklju\u010dena v ceno<\/p>\n<p><strong><span style=\"vertical-align: inherit;\"><span style=\"vertical-align: inherit;\">OSTALI DODATKI<\/span><\/span><\/strong><span style=\"vertical-align: inherit;\"><span style=\"vertical-align: inherit;\"> \u00a0&#8211; kupite po \u017eelji: <\/span><\/span><br \/>\n<a href=\"https:\/\/www.spa-pools.eu\/si\/product-category\/dodatna-oprema\/\"><span style=\"vertical-align: inherit;\"><span style=\"vertical-align: inherit;\">https:\/\/www.spa-pools.eu\/si\/product-category\/dodatna-oprema\/<\/span><\/span><\/a><\/p>\n<p><strong><span style=\"vertical-align: inherit;\"><span style=\"vertical-align: inherit;\">OPOMBA<\/span><\/span><\/strong><span style=\"vertical-align: inherit;\"><span style=\"vertical-align: inherit;\"> : <\/span><\/span><br \/>\n<span style=\"vertical-align: inherit;\"><span style=\"vertical-align: inherit;\">Slike samo za ilustraciju i ne prikazuju nu\u017eno identi\u010dne baze podataka za prodaju. <\/span><\/span><br \/>\n<span style=\"vertical-align: inherit;\"><span style=\"vertical-align: inherit;\">Veljavni so samo opisi v prilogi. <\/span><\/span><br \/>\n<span style=\"vertical-align: inherit;\"><span style=\"vertical-align: inherit;\">Bazen je kompletan kao Plug &amp; Play s navedenim imenima, zagonom, programiranjem i odr\u017eavanjem u sloven\u0161\u010dini.<\/span><\/span><\/p>\n<p><strong><span style=\"vertical-align: inherit;\"><span style=\"vertical-align: inherit;\">GARANCIJA<\/span><\/span><\/strong><span style=\"vertical-align: inherit;\"><span style=\"vertical-align: inherit;\"> : <\/span><\/span><br \/>\n<span style=\"vertical-align: inherit;\"><span style=\"vertical-align: inherit;\">gradnja: 10 let <\/span><\/span><br \/>\n<span style=\"vertical-align: inherit;\"><span style=\"vertical-align: inherit;\">povr\u0161ina lupine &#8211; akril: 5 let <\/span><\/span><br \/>\n<span style=\"vertical-align: inherit;\"><span style=\"vertical-align: inherit;\">ostala oprema: 2 leti<\/span><\/span><\/p>\n<ul>\n<li><span style=\"vertical-align: inherit;\"><span style=\"vertical-align: inherit;\">cijene tako za jednokratno pla\u010dilo s\u00a0 <\/span><\/span><strong><span style=\"vertical-align: inherit;\"><span style=\"vertical-align: inherit;\">debetnim i kreditnim karticama\u00a0<\/span><\/span><\/strong><\/li>\n<\/ul>\n","protected":false},"excerpt":{"rendered":"<p style=\"text-align: center;\"><span style=\"vertical-align: inherit;\"><span style=\"vertical-align: inherit;\">Predstavljamo novo serijo SUPERIOR u modelu Aurora.<\/span><\/span><\/p>\n<p style=\"text-align: center;\"><span style=\"vertical-align: inherit;\"><span style=\"vertical-align: inherit;\">Zasnova, kvaliteta i kvaliteta masa\u017ee, koja nema konkurenciju na trgu.<\/span><\/span><\/p>\n","protected":false},"featured_media":22759,"comment_status":"open","ping_status":"closed","template":"","meta":{"_acf_changed":false},"product_brand":[],"product_cat":[92,540],"product_tag":[],"specifikacije":[],"pumpe__elektronika__mlaznice":[],"filtracija":[],"oprema":[],"yst_prominent_words":[206,243,222,245,214,211,210,272,449,275,426,212,362],"class_list":{"0":"post-22747","1":"product","2":"type-product","3":"status-publish","4":"has-post-thumbnail","6":"product_cat-masazni-bazeni-spa","7":"product_cat-masazni-bazeni-za-2-3-osebi","8":"product_shipping_class-cena-na-povprasevanje","9":"tm-no-options","11":"first","12":"instock","13":"sale","14":"taxable","15":"shipping-taxable","16":"purchasable","17":"product-type-simple"},"acf":[],"yoast_head":"<!-- This site is optimized with the Yoast SEO Premium plugin v14.0.4 - https:\/\/yoast.com\/wordpress\/plugins\/seo\/ -->\n<title>Masa\u017eni bazen za tri 3 osebe, SPA Aurora 220 x 156 x 88 cm - SUPERIOR | NIVETO Bazeni<\/title>\n<meta name=\"description\" content=\"Predstavljamo novo serijo SUPERIOR u modelu Aurora. Zasnova, kvaliteta i kvaliteta masa\u017ee, koja nema konkurenciju na trgu.\" \/>\n<meta name=\"robots\" content=\"index, follow\" \/>\n<meta name=\"googlebot\" content=\"index, follow, max-snippet:-1, max-image-preview:large, max-video-preview:-1\" \/>\n<meta name=\"bingbot\" content=\"index, follow, max-snippet:-1, max-image-preview:large, max-video-preview:-1\" \/>\n<link rel=\"canonical\" href=\"https:\/\/www.spa-pools.eu\/si\/product\/masazni-bazen-za-tri-3-osebe-spa-aurora-superior\/\" \/>\n<meta property=\"og:locale\" content=\"en_US\" \/>\n<meta property=\"og:type\" content=\"article\" \/>\n<meta property=\"og:title\" content=\"Masa\u017eni bazen za tri 3 osebe, SPA Aurora 220 x 156 x 88 cm - SUPERIOR | NIVETO Bazeni\" \/>\n<meta property=\"og:description\" content=\"Predstavljamo novo serijo SUPERIOR u modelu Aurora. Zasnova, kvaliteta i kvaliteta masa\u017ee, koja nema konkurenciju na trgu.\" \/>\n<meta property=\"og:url\" content=\"https:\/\/www.spa-pools.eu\/si\/product\/masazni-bazen-za-tri-3-osebe-spa-aurora-superior\/\" \/>\n<meta property=\"og:site_name\" content=\"NIVETO Bazeni\" \/>\n<meta property=\"article:publisher\" content=\"https:\/\/www.facebook.com\/Nivetobazeniifontane\/\" \/>\n<meta property=\"article:modified_time\" content=\"2026-02-18T14:46:39+00:00\" \/>\n<meta property=\"og:image\" content=\"https:\/\/www.spa-pools.eu\/si\/wp-content\/uploads\/2021\/01\/spa.hr-Aurora-9.jpg\" \/>\n\t<meta property=\"og:image:width\" content=\"1666\" \/>\n\t<meta property=\"og:image:height\" content=\"1250\" \/>\n<meta name=\"twitter:card\" content=\"summary_large_image\" \/>\n<script type=\"application\/ld+json\" class=\"yoast-schema-graph\">{\"@context\":\"https:\/\/schema.org\",\"@graph\":[{\"@type\":\"Organization\",\"@id\":\"https:\/\/www.spa-pools.eu\/si\/#organization\",\"name\":\"Niveto d.o.o. - Spa bazeni\",\"url\":\"https:\/\/www.spa-pools.eu\/si\/\",\"sameAs\":[\"https:\/\/www.facebook.com\/Nivetobazeniifontane\/\"],\"logo\":{\"@type\":\"ImageObject\",\"@id\":\"https:\/\/www.spa-pools.eu\/si\/#logo\",\"inLanguage\":\"en-US\",\"url\":\"https:\/\/www.spa-pools.eu\/si\/wp-content\/uploads\/revslider\/home3-rs1\/logo.png\",\"width\":203,\"height\":60,\"caption\":\"Niveto d.o.o. - Spa bazeni\"},\"image\":{\"@id\":\"https:\/\/www.spa-pools.eu\/si\/#logo\"}},{\"@type\":\"WebSite\",\"@id\":\"https:\/\/www.spa-pools.eu\/si\/#website\",\"url\":\"https:\/\/www.spa-pools.eu\/si\/\",\"name\":\"NIVETO Bazeni\",\"description\":\"Spa masa\\u017eni bazeni\",\"publisher\":{\"@id\":\"https:\/\/www.spa-pools.eu\/si\/#organization\"},\"potentialAction\":[{\"@type\":\"SearchAction\",\"target\":\"https:\/\/www.spa-pools.eu\/si\/?s={search_term_string}\",\"query-input\":\"required name=search_term_string\"}],\"inLanguage\":\"en-US\"},{\"@type\":\"ImageObject\",\"@id\":\"https:\/\/www.spa-pools.eu\/si\/product\/masazni-bazen-za-tri-3-osebe-spa-aurora-superior\/#primaryimage\",\"inLanguage\":\"en-US\",\"url\":\"https:\/\/www.spa-pools.eu\/si\/wp-content\/uploads\/2021\/01\/spa.hr-Aurora-9.jpg\",\"width\":1666,\"height\":1250},{\"@type\":\"WebPage\",\"@id\":\"https:\/\/www.spa-pools.eu\/si\/product\/masazni-bazen-za-tri-3-osebe-spa-aurora-superior\/#webpage\",\"url\":\"https:\/\/www.spa-pools.eu\/si\/product\/masazni-bazen-za-tri-3-osebe-spa-aurora-superior\/\",\"name\":\"Masa\\u017eni bazen za tri 3 osebe, SPA Aurora 220 x 156 x 88 cm - SUPERIOR | NIVETO Bazeni\",\"isPartOf\":{\"@id\":\"https:\/\/www.spa-pools.eu\/si\/#website\"},\"primaryImageOfPage\":{\"@id\":\"https:\/\/www.spa-pools.eu\/si\/product\/masazni-bazen-za-tri-3-osebe-spa-aurora-superior\/#primaryimage\"},\"datePublished\":\"2021-01-28T08:16:55+00:00\",\"dateModified\":\"2026-02-18T14:46:39+00:00\",\"description\":\"Predstavljamo novo serijo SUPERIOR u modelu Aurora. Zasnova, kvaliteta i kvaliteta masa\\u017ee, koja nema konkurenciju na trgu.\",\"inLanguage\":\"en-US\",\"potentialAction\":[{\"@type\":\"ReadAction\",\"target\":[\"https:\/\/www.spa-pools.eu\/si\/product\/masazni-bazen-za-tri-3-osebe-spa-aurora-superior\/\"]}]}]}<\/script>\n<!-- \/ Yoast SEO Premium plugin. -->","_links":{"self":[{"href":"https:\/\/www.spa-pools.eu\/si\/wp-json\/wp\/v2\/product\/22747","targetHints":{"allow":["GET"]}}],"collection":[{"href":"https:\/\/www.spa-pools.eu\/si\/wp-json\/wp\/v2\/product"}],"about":[{"href":"https:\/\/www.spa-pools.eu\/si\/wp-json\/wp\/v2\/types\/product"}],"replies":[{"embeddable":true,"href":"https:\/\/www.spa-pools.eu\/si\/wp-json\/wp\/v2\/comments?post=22747"}],"wp:featuredmedia":[{"embeddable":true,"href":"https:\/\/www.spa-pools.eu\/si\/wp-json\/wp\/v2\/media\/22759"}],"wp:attachment":[{"href":"https:\/\/www.spa-pools.eu\/si\/wp-json\/wp\/v2\/media?parent=22747"}],"wp:term":[{"taxonomy":"product_brand","embeddable":true,"href":"https:\/\/www.spa-pools.eu\/si\/wp-json\/wp\/v2\/product_brand?post=22747"},{"taxonomy":"product_cat","embeddable":true,"href":"https:\/\/www.spa-pools.eu\/si\/wp-json\/wp\/v2\/product_cat?post=22747"},{"taxonomy":"product_tag","embeddable":true,"href":"https:\/\/www.spa-pools.eu\/si\/wp-json\/wp\/v2\/product_tag?post=22747"},{"taxonomy":"specifikacije","embeddable":true,"href":"https:\/\/www.spa-pools.eu\/si\/wp-json\/wp\/v2\/specifikacije?post=22747"},{"taxonomy":"pumpe__elektronika__mlaznice","embeddable":true,"href":"https:\/\/www.spa-pools.eu\/si\/wp-json\/wp\/v2\/pumpe__elektronika__mlaznice?post=22747"},{"taxonomy":"filtracija","embeddable":true,"href":"https:\/\/www.spa-pools.eu\/si\/wp-json\/wp\/v2\/filtracija?post=22747"},{"taxonomy":"oprema","embeddable":true,"href":"https:\/\/www.spa-pools.eu\/si\/wp-json\/wp\/v2\/oprema?post=22747"},{"taxonomy":"yst_prominent_words","embeddable":true,"href":"https:\/\/www.spa-pools.eu\/si\/wp-json\/wp\/v2\/yst_prominent_words?post=22747"}],"curies":[{"name":"wp","href":"https:\/\/api.w.org\/{rel}","templated":true}]}}