{"id":22773,"date":"2021-01-28T09:38:22","date_gmt":"2021-01-28T09:38:22","guid":{"rendered":"https:\/\/www.spa-pools.eu\/si\/?post_type=product&#038;p=22773"},"modified":"2025-11-06T12:57:59","modified_gmt":"2025-11-06T12:57:59","slug":"masazni-bazen-proti-tekoce-plavanje-swim-spa-wave-mini-premium","status":"publish","type":"product","link":"https:\/\/www.spa-pools.eu\/si\/product\/masazni-bazen-proti-tekoce-plavanje-swim-spa-wave-mini-premium\/","title":{"rendered":"Masa\u017eni bazen, Proti teko\u010de plavanje, Swim Spa Wave MINI &#8211; PREMIUM"},"content":{"rendered":"<p><strong>SPECIFIKACIJE<\/strong>:<br \/>\ndimenzije: 3900mm x 2280mm x 1350mm<br \/>\nPakirane dimenzije: 4000mm x 2380mm x 1500mm<br \/>\nte\u017ea &#8211; suha \/ z vodo: 880kg \/ 6280kg<br \/>\nprostornina vode:\u00a0 5400 litrov<\/p>\n<p><strong>konfiguracija<\/strong>:<br \/>\n2 x masa\u017ena mesta<br \/>\n1 x plavalna steza<\/p>\n<p><strong>KONSTRUKCIJA :\u00a0<\/strong><\/p>\n<p><span style=\"color: #008000;\">material lupine: akril US Aristech akril &#8211; na voljo 3 barve &#8211; toplotno izolirane<\/span><\/p>\n<p><img decoding=\"async\" class=\"wp-image-20894 alignnone\" src=\"https:\/\/www.spa.hr\/wp-content\/uploads\/2019\/05\/Acrylic-Silver-White-Marble.jpg\" alt=\"\" width=\"88\" height=\"96\" srcset=\"https:\/\/www.spa-pools.eu\/si\/wp-content\/uploads\/2019\/05\/Acrylic-Silver-White-Marble-200x220.jpg 200w, https:\/\/www.spa-pools.eu\/si\/wp-content\/uploads\/2019\/05\/Acrylic-Silver-White-Marble-273x300.jpg 273w, https:\/\/www.spa-pools.eu\/si\/wp-content\/uploads\/2019\/05\/Acrylic-Silver-White-Marble-400x439.jpg 400w, https:\/\/www.spa-pools.eu\/si\/wp-content\/uploads\/2019\/05\/Acrylic-Silver-White-Marble-500x549.jpg 500w, https:\/\/www.spa-pools.eu\/si\/wp-content\/uploads\/2019\/05\/Acrylic-Silver-White-Marble-600x659.jpg 600w, https:\/\/www.spa-pools.eu\/si\/wp-content\/uploads\/2019\/05\/Acrylic-Silver-White-Marble-700x769.jpg 700w, https:\/\/www.spa-pools.eu\/si\/wp-content\/uploads\/2019\/05\/Acrylic-Silver-White-Marble-768x844.jpg 768w, https:\/\/www.spa-pools.eu\/si\/wp-content\/uploads\/2019\/05\/Acrylic-Silver-White-Marble-800x879.jpg 800w, https:\/\/www.spa-pools.eu\/si\/wp-content\/uploads\/2019\/05\/Acrylic-Silver-White-Marble.jpg 801w\" sizes=\"(max-width: 88px) 100vw, 88px\" \/> <img decoding=\"async\" class=\"wp-image-20895 alignleft\" src=\"https:\/\/www.spa.hr\/wp-content\/uploads\/2019\/05\/Acrylic-White-Pearlescent.jpg\" alt=\"\" width=\"87\" height=\"96\" srcset=\"https:\/\/www.spa-pools.eu\/si\/wp-content\/uploads\/2019\/05\/Acrylic-White-Pearlescent-200x220.jpg 200w, https:\/\/www.spa-pools.eu\/si\/wp-content\/uploads\/2019\/05\/Acrylic-White-Pearlescent-273x300.jpg 273w, https:\/\/www.spa-pools.eu\/si\/wp-content\/uploads\/2019\/05\/Acrylic-White-Pearlescent-400x439.jpg 400w, https:\/\/www.spa-pools.eu\/si\/wp-content\/uploads\/2019\/05\/Acrylic-White-Pearlescent-500x549.jpg 500w, https:\/\/www.spa-pools.eu\/si\/wp-content\/uploads\/2019\/05\/Acrylic-White-Pearlescent-600x659.jpg 600w, https:\/\/www.spa-pools.eu\/si\/wp-content\/uploads\/2019\/05\/Acrylic-White-Pearlescent-700x769.jpg 700w, https:\/\/www.spa-pools.eu\/si\/wp-content\/uploads\/2019\/05\/Acrylic-White-Pearlescent-768x844.jpg 768w, https:\/\/www.spa-pools.eu\/si\/wp-content\/uploads\/2019\/05\/Acrylic-White-Pearlescent-800x879.jpg 800w, https:\/\/www.spa-pools.eu\/si\/wp-content\/uploads\/2019\/05\/Acrylic-White-Pearlescent.jpg 801w\" sizes=\"(max-width: 87px) 100vw, 87px\" \/><img decoding=\"async\" class=\"wp-image-20892 alignnone\" src=\"https:\/\/www.spa.hr\/wp-content\/uploads\/2019\/05\/Acrylic-Ocean-Wave.jpg\" alt=\"\" width=\"89\" height=\"97\" srcset=\"https:\/\/www.spa-pools.eu\/si\/wp-content\/uploads\/2019\/05\/Acrylic-Ocean-Wave-200x220.jpg 200w, https:\/\/www.spa-pools.eu\/si\/wp-content\/uploads\/2019\/05\/Acrylic-Ocean-Wave-273x300.jpg 273w, https:\/\/www.spa-pools.eu\/si\/wp-content\/uploads\/2019\/05\/Acrylic-Ocean-Wave-400x439.jpg 400w, https:\/\/www.spa-pools.eu\/si\/wp-content\/uploads\/2019\/05\/Acrylic-Ocean-Wave-500x549.jpg 500w, https:\/\/www.spa-pools.eu\/si\/wp-content\/uploads\/2019\/05\/Acrylic-Ocean-Wave-600x659.jpg 600w, https:\/\/www.spa-pools.eu\/si\/wp-content\/uploads\/2019\/05\/Acrylic-Ocean-Wave-700x769.jpg 700w, https:\/\/www.spa-pools.eu\/si\/wp-content\/uploads\/2019\/05\/Acrylic-Ocean-Wave-768x844.jpg 768w, https:\/\/www.spa-pools.eu\/si\/wp-content\/uploads\/2019\/05\/Acrylic-Ocean-Wave-800x879.jpg 800w, https:\/\/www.spa-pools.eu\/si\/wp-content\/uploads\/2019\/05\/Acrylic-Ocean-Wave.jpg 801w\" sizes=\"(max-width: 89px) 100vw, 89px\" \/><\/p>\n<p>Pearl\u00a0 \u00a0 \u00a0 \u00a0 \u00a0 \u00a0 \u00a0 \u00a0 \u00a0 \u00a0Marble\u00a0 \u00a0 \u00a0 \u00a0 \u00a0 \u00a0 \u00a0 \u00a0Ocean<br \/>\nT04\u00a0 \u00a0 \u00a0 \u00a0 \u00a0 \u00a0 \u00a0 \u00a0 \u00a0 \u00a0 \u00a0 T10\u00a0 \u00a0 \u00a0 \u00a0 \u00a0 \u00a0 \u00a0 \u00a0 \u00a0 \u00a0 \u00a0 \u00a0 T01<\/p>\n<div><span style=\"color: #339966;\">obloga in stopnice :\u00a0<\/span><\/div>\n<div><\/div>\n<div class=\"boximg\"><img decoding=\"async\" src=\"http:\/\/www.joyspa.com.cn\/Upfile\/2012413\/2012041334972813.jpg\" \/><img decoding=\"async\" class=\"\" src=\"http:\/\/www.joyspa.com.cn\/Upfile\/2012413\/2012041334239469.jpg\" width=\"114\" height=\"95\" \/><\/div>\n<p>Teak\u00a0 \u00a0 \u00a0 \u00a0 \u00a0 \u00a0 \u00a0 \u00a0 \u00a0 \u00a0 \u00a0 \u00a0Grey<\/p>\n<p><strong>\u010cRPALKA: proizvajalec \u010drpalk TOP svetovnih premium znamk<\/strong><br \/>\nobto\u010dna \u010drpalka: 1x 0,37 kW<br \/>\nmasa\u017ena \u010drpalka: 1 x 2,2 kW<br \/>\nprotivto\u010dne \u010drpalke: 2 \u00d7 2,2 kW<\/p>\n<p><strong>ELEKTRONIKA: GECKO &#8211; Kanada<\/strong><br \/>\nkrmilna enota: in.Ye5<br \/>\nkrmilna enota: Gecko In.k 500<br \/>\ngrelec: INOX 3 kw<\/p>\n<p><strong>ELEKTRI\u010cNA POVEZAVA:<\/strong><br \/>\nnajve\u010d: 9,35 kW \/ 16A \/ 400V<br \/>\nmin: 3,5 kW \/ 16A \/ 230V<br \/>\nStandardni konektor 27A \/ 230V, 2,5 m 3 x 4 mm2 kabel z industrijsko vti\u010dnico in vti\u010dem IP67<\/p>\n<p><img decoding=\"async\" class=\"wp-image-20962 alignleft\" src=\"https:\/\/www.spa.hr\/wp-content\/uploads\/2018\/06\/TICS-023P_watermark_portal_800x800.png\" alt=\"\" width=\"150\" height=\"100\" srcset=\"https:\/\/www.spa-pools.eu\/si\/wp-content\/uploads\/2018\/06\/TICS-023P_watermark_portal_800x800-200x134.png 200w, https:\/\/www.spa-pools.eu\/si\/wp-content\/uploads\/2018\/06\/TICS-023P_watermark_portal_800x800-300x201.png 300w, https:\/\/www.spa-pools.eu\/si\/wp-content\/uploads\/2018\/06\/TICS-023P_watermark_portal_800x800-400x268.png 400w, https:\/\/www.spa-pools.eu\/si\/wp-content\/uploads\/2018\/06\/TICS-023P_watermark_portal_800x800-500x334.png 500w, https:\/\/www.spa-pools.eu\/si\/wp-content\/uploads\/2018\/06\/TICS-023P_watermark_portal_800x800-600x401.png 600w, https:\/\/www.spa-pools.eu\/si\/wp-content\/uploads\/2018\/06\/TICS-023P_watermark_portal_800x800-700x468.png 700w, https:\/\/www.spa-pools.eu\/si\/wp-content\/uploads\/2018\/06\/TICS-023P_watermark_portal_800x800-768x514.png 768w, https:\/\/www.spa-pools.eu\/si\/wp-content\/uploads\/2018\/06\/TICS-023P_watermark_portal_800x800.png 800w\" sizes=\"(max-width: 150px) 100vw, 150px\" \/> <img decoding=\"async\" class=\"wp-image-20963 alignleft\" src=\"https:\/\/www.spa.hr\/wp-content\/uploads\/2018\/06\/TICS-223H_watermark_portal_800x800.png\" alt=\"\" width=\"182\" height=\"90\" srcset=\"https:\/\/www.spa-pools.eu\/si\/wp-content\/uploads\/2018\/06\/TICS-223H_watermark_portal_800x800-200x99.png 200w, https:\/\/www.spa-pools.eu\/si\/wp-content\/uploads\/2018\/06\/TICS-223H_watermark_portal_800x800-300x149.png 300w, https:\/\/www.spa-pools.eu\/si\/wp-content\/uploads\/2018\/06\/TICS-223H_watermark_portal_800x800-400x198.png 400w, https:\/\/www.spa-pools.eu\/si\/wp-content\/uploads\/2018\/06\/TICS-223H_watermark_portal_800x800-500x248.png 500w, https:\/\/www.spa-pools.eu\/si\/wp-content\/uploads\/2018\/06\/TICS-223H_watermark_portal_800x800-600x297.png 600w, https:\/\/www.spa-pools.eu\/si\/wp-content\/uploads\/2018\/06\/TICS-223H_watermark_portal_800x800-700x347.png 700w, https:\/\/www.spa-pools.eu\/si\/wp-content\/uploads\/2018\/06\/TICS-223H_watermark_portal_800x800-768x380.png 768w, https:\/\/www.spa-pools.eu\/si\/wp-content\/uploads\/2018\/06\/TICS-223H_watermark_portal_800x800.png 800w\" sizes=\"(max-width: 182px) 100vw, 182px\" \/><\/p>\n<p>&nbsp;<\/p>\n<p>&nbsp;<\/p>\n<p>&nbsp;<\/p>\n<p><em><strong>ODHODI LAHKO PROSIMO, PREVERJTE S PRODAVNIKOM.\u00a0<\/strong><\/em><\/p>\n<p><strong>OPOMBA<\/strong>: \u010de \u017eelite druga\u010dno nastavitev, kot je trifazna povezava ali zvi\u0161anje omejitve jakosti, upo\u0161tevajte pri nakupu<\/p>\n<p><strong>KONFIGURACIJA \u0161obe &#8211; skupaj 53 kosov INOX \/ ABS \u010drne barve<\/strong><br \/>\nPlavanje v nasprotnem toku: 3 kos SuperSwimJets z LED osvetlitvijo<br \/>\nmasa\u017ene \u0161obe : 44 kosov<br \/>\n&#8211; 4 kos x 4 \u201d(10 cm)<br \/>\n&#8211; 2 kos x 3 \u201d(7,5 cm)<br \/>\n&#8211; 22 kos x 2,5 \u201d(6,5 cm)<br \/>\n&#8211; 8 kos x 2 \u201d(5 cm)<br \/>\n&#8211; 8 kos x 1 \u201d(2,5 cm)<br \/>\nprotiobto\u010dne \u0161obe:<br \/>\n&#8211; 3 kos SuperSwimJets &#8211;<\/p>\n<p><strong>LED SVETLOBA: 25 kos<\/strong><br \/>\nLED RGB podvodna razsvetljava velika: 1 kos<br \/>\nLED RGB podvodna razsvetljava na vodno linijo: 16 kosov<br \/>\nLED RGB osvetlitev slap: 2 kos<br \/>\nLED RGB osvetlitev SuperSwimJets: 6 kos<\/p>\n<p><strong>FILTRIRANJE<\/strong>:<br \/>\nfilter kartu\u0161e: 2 kos<br \/>\nGenerator ozona: DA<br \/>\nU.V. sterilizator: DA<\/p>\n<p><strong>DRUGA OPREMA:<\/strong><\/p>\n<p>LED slap : 2 kos<br \/>\nToplotna izolacija iz PU pene: DA<br \/>\nOdtok: 1 kos<br \/>\nAnti vakuum Vnos : 4 kos<br \/>\nPreto\u010dni ventil: 4 kos<br \/>\nBlazinice za glavo: 2 kos<br \/>\nToplotna prevleka z zaponkami<br \/>\nStopnice s tremi tekalnimi plastmi<br \/>\nStojalo iz poliestra<\/p>\n<p><strong>OPOMBA<\/strong>:<br \/>\nSlike so samo za ilustracijo in ne prikazujejo nujno identi\u010dnega bazena za prodajo.<br \/>\nVeljavni so samo opisi v prilogi.<br \/>\nBazen je kompleksen kot Plug &amp; Play z navodili za namestitev, zagon, programiranje in vzdr\u017eevanje v sloven\u0161\u010dini.<\/p>\n<p><strong>GARANCIJA<\/strong>:<br \/>\ngradnja: 10 let<br \/>\npovr\u0161ina lupine &#8211; akril: 5 let<br \/>\nostala oprema: 2 leti<\/p>\n<ul>\n<li style=\"list-style-type: none;\">\n<ul>\n<li>cene so za enkratno pla\u010dilo z\u00a0<strong>debetnimi in kreditnimi karticami\u00a0<\/strong><\/li>\n<\/ul>\n<\/li>\n<\/ul>\n","protected":false},"excerpt":{"rendered":"<p>Ne bi radi imeli gradbenih del na vrtu z naboji? \u017delite zdaj bazen in SPA za po\u0161teno ceno?<br \/>\nNe \u017eelite samo kopeli z vodo, ampak bazen + mo\u010dna masa\u017ea + mo\u010dno plavanje proti toku + ogrevanje vode + termalna prevleka + moderna osvetlitev bazena RGB, stopnice in kakovostno \u010di\u0161\u010denje vode?<\/p>\n<p><strong>SwimSpa je najbolj\u0161a izbira za vas!<\/strong><\/p>\n<p>Odaberite ono \u0161to Vama najvi\u0161e odgovara<\/p>\n","protected":false},"featured_media":22823,"comment_status":"open","ping_status":"closed","template":"","meta":{"_acf_changed":false},"product_brand":[],"product_cat":[91],"product_tag":[],"specifikacije":[],"pumpe__elektronika__mlaznice":[],"filtracija":[],"oprema":[],"yst_prominent_words":[312,243,404,287,393,307,410,395,408,361,292,214,211,210,272,215,275,399,362,490],"class_list":{"0":"post-22773","1":"product","2":"type-product","3":"status-publish","4":"has-post-thumbnail","6":"product_cat-swim-spa-masazni-bazeni","7":"tm-no-options","9":"first","10":"onbackorder","11":"sold-individually","12":"taxable","13":"shipping-taxable","14":"product-type-simple"},"acf":[],"yoast_head":"<!-- This site is optimized with the Yoast SEO Premium plugin v14.0.4 - https:\/\/yoast.com\/wordpress\/plugins\/seo\/ -->\n<title>Masa\u017eni bazen, Proti teko\u010de plavanje, 6m | NIVETO Bazeni<\/title>\n<meta name=\"description\" content=\"Ne bi radi imeli gradbenih del na vrtu z naboji? \u017delite zdaj bazen in SPA za po\u0161teno ceno? Ne \u017eelite samo kopeli z vodo, ampak bazen + mo\u010dna masa\u017ea + mo\u010dno plavanje proti toku + ogrevanje vode + termalna prevleka + moderna osvetlitev bazena RGB, stopnice in kakovostno \u010di\u0161\u010denje vode?  SwimSpa je najbolj\u0161a izbira za vas!  Odaberite ono \u0161to Vama najvi\u0161e odgovara\" \/>\n<meta name=\"robots\" content=\"index, follow\" \/>\n<meta name=\"googlebot\" content=\"index, follow, max-snippet:-1, max-image-preview:large, max-video-preview:-1\" \/>\n<meta name=\"bingbot\" content=\"index, follow, max-snippet:-1, max-image-preview:large, max-video-preview:-1\" \/>\n<link rel=\"canonical\" href=\"https:\/\/www.spa-pools.eu\/si\/product\/masazni-bazen-proti-tekoce-plavanje-swim-spa-wave-mini-premium\/\" \/>\n<meta property=\"og:locale\" content=\"en_US\" \/>\n<meta property=\"og:type\" content=\"article\" \/>\n<meta property=\"og:title\" content=\"Masa\u017eni bazen, Proti teko\u010de plavanje, 6m | NIVETO Bazeni\" \/>\n<meta property=\"og:description\" content=\"Ne bi radi imeli gradbenih del na vrtu z naboji? \u017delite zdaj bazen in SPA za po\u0161teno ceno? Ne \u017eelite samo kopeli z vodo, ampak bazen + mo\u010dna masa\u017ea + mo\u010dno plavanje proti toku + ogrevanje vode + termalna prevleka + moderna osvetlitev bazena RGB, stopnice in kakovostno \u010di\u0161\u010denje vode?  SwimSpa je najbolj\u0161a izbira za vas!  Odaberite ono \u0161to Vama najvi\u0161e odgovara\" \/>\n<meta property=\"og:url\" content=\"https:\/\/www.spa-pools.eu\/si\/product\/masazni-bazen-proti-tekoce-plavanje-swim-spa-wave-mini-premium\/\" \/>\n<meta property=\"og:site_name\" content=\"NIVETO Bazeni\" \/>\n<meta property=\"article:publisher\" content=\"https:\/\/www.facebook.com\/Nivetobazeniifontane\/\" \/>\n<meta property=\"article:modified_time\" content=\"2025-11-06T12:57:59+00:00\" \/>\n<meta property=\"og:image\" content=\"https:\/\/www.spa-pools.eu\/si\/wp-content\/uploads\/2021\/01\/mini-Wave-3-scaled-1.jpg\" \/>\n\t<meta property=\"og:image:width\" content=\"2560\" \/>\n\t<meta property=\"og:image:height\" content=\"1707\" \/>\n<meta name=\"twitter:card\" content=\"summary_large_image\" \/>\n<script type=\"application\/ld+json\" class=\"yoast-schema-graph\">{\"@context\":\"https:\/\/schema.org\",\"@graph\":[{\"@type\":\"Organization\",\"@id\":\"https:\/\/www.spa-pools.eu\/si\/#organization\",\"name\":\"Niveto d.o.o. - Spa bazeni\",\"url\":\"https:\/\/www.spa-pools.eu\/si\/\",\"sameAs\":[\"https:\/\/www.facebook.com\/Nivetobazeniifontane\/\"],\"logo\":{\"@type\":\"ImageObject\",\"@id\":\"https:\/\/www.spa-pools.eu\/si\/#logo\",\"inLanguage\":\"en-US\",\"url\":\"https:\/\/www.spa-pools.eu\/si\/wp-content\/uploads\/revslider\/home3-rs1\/logo.png\",\"width\":203,\"height\":60,\"caption\":\"Niveto d.o.o. - Spa bazeni\"},\"image\":{\"@id\":\"https:\/\/www.spa-pools.eu\/si\/#logo\"}},{\"@type\":\"WebSite\",\"@id\":\"https:\/\/www.spa-pools.eu\/si\/#website\",\"url\":\"https:\/\/www.spa-pools.eu\/si\/\",\"name\":\"NIVETO Bazeni\",\"description\":\"Spa masa\\u017eni bazeni\",\"publisher\":{\"@id\":\"https:\/\/www.spa-pools.eu\/si\/#organization\"},\"potentialAction\":[{\"@type\":\"SearchAction\",\"target\":\"https:\/\/www.spa-pools.eu\/si\/?s={search_term_string}\",\"query-input\":\"required name=search_term_string\"}],\"inLanguage\":\"en-US\"},{\"@type\":\"ImageObject\",\"@id\":\"https:\/\/www.spa-pools.eu\/si\/product\/masazni-bazen-proti-tekoce-plavanje-swim-spa-wave-mini-premium\/#primaryimage\",\"inLanguage\":\"en-US\",\"url\":\"https:\/\/www.spa-pools.eu\/si\/wp-content\/uploads\/2021\/01\/mini-Wave-3-scaled-1.jpg\",\"width\":2560,\"height\":1707},{\"@type\":\"WebPage\",\"@id\":\"https:\/\/www.spa-pools.eu\/si\/product\/masazni-bazen-proti-tekoce-plavanje-swim-spa-wave-mini-premium\/#webpage\",\"url\":\"https:\/\/www.spa-pools.eu\/si\/product\/masazni-bazen-proti-tekoce-plavanje-swim-spa-wave-mini-premium\/\",\"name\":\"Masa\\u017eni bazen, Proti teko\\u010de plavanje, 6m | NIVETO Bazeni\",\"isPartOf\":{\"@id\":\"https:\/\/www.spa-pools.eu\/si\/#website\"},\"primaryImageOfPage\":{\"@id\":\"https:\/\/www.spa-pools.eu\/si\/product\/masazni-bazen-proti-tekoce-plavanje-swim-spa-wave-mini-premium\/#primaryimage\"},\"datePublished\":\"2021-01-28T09:38:22+00:00\",\"dateModified\":\"2025-11-06T12:57:59+00:00\",\"description\":\"Ne bi radi imeli gradbenih del na vrtu z naboji? \\u017delite zdaj bazen in SPA za po\\u0161teno ceno? Ne \\u017eelite samo kopeli z vodo, ampak bazen + mo\\u010dna masa\\u017ea + mo\\u010dno plavanje proti toku + ogrevanje vode + termalna prevleka + moderna osvetlitev bazena RGB, stopnice in kakovostno \\u010di\\u0161\\u010denje vode? SwimSpa je najbolj\\u0161a izbira za vas! Odaberite ono \\u0161to Vama najvi\\u0161e odgovara\",\"inLanguage\":\"en-US\",\"potentialAction\":[{\"@type\":\"ReadAction\",\"target\":[\"https:\/\/www.spa-pools.eu\/si\/product\/masazni-bazen-proti-tekoce-plavanje-swim-spa-wave-mini-premium\/\"]}]}]}<\/script>\n<!-- \/ Yoast SEO Premium plugin. -->","_links":{"self":[{"href":"https:\/\/www.spa-pools.eu\/si\/wp-json\/wp\/v2\/product\/22773","targetHints":{"allow":["GET"]}}],"collection":[{"href":"https:\/\/www.spa-pools.eu\/si\/wp-json\/wp\/v2\/product"}],"about":[{"href":"https:\/\/www.spa-pools.eu\/si\/wp-json\/wp\/v2\/types\/product"}],"replies":[{"embeddable":true,"href":"https:\/\/www.spa-pools.eu\/si\/wp-json\/wp\/v2\/comments?post=22773"}],"wp:featuredmedia":[{"embeddable":true,"href":"https:\/\/www.spa-pools.eu\/si\/wp-json\/wp\/v2\/media\/22823"}],"wp:attachment":[{"href":"https:\/\/www.spa-pools.eu\/si\/wp-json\/wp\/v2\/media?parent=22773"}],"wp:term":[{"taxonomy":"product_brand","embeddable":true,"href":"https:\/\/www.spa-pools.eu\/si\/wp-json\/wp\/v2\/product_brand?post=22773"},{"taxonomy":"product_cat","embeddable":true,"href":"https:\/\/www.spa-pools.eu\/si\/wp-json\/wp\/v2\/product_cat?post=22773"},{"taxonomy":"product_tag","embeddable":true,"href":"https:\/\/www.spa-pools.eu\/si\/wp-json\/wp\/v2\/product_tag?post=22773"},{"taxonomy":"specifikacije","embeddable":true,"href":"https:\/\/www.spa-pools.eu\/si\/wp-json\/wp\/v2\/specifikacije?post=22773"},{"taxonomy":"pumpe__elektronika__mlaznice","embeddable":true,"href":"https:\/\/www.spa-pools.eu\/si\/wp-json\/wp\/v2\/pumpe__elektronika__mlaznice?post=22773"},{"taxonomy":"filtracija","embeddable":true,"href":"https:\/\/www.spa-pools.eu\/si\/wp-json\/wp\/v2\/filtracija?post=22773"},{"taxonomy":"oprema","embeddable":true,"href":"https:\/\/www.spa-pools.eu\/si\/wp-json\/wp\/v2\/oprema?post=22773"},{"taxonomy":"yst_prominent_words","embeddable":true,"href":"https:\/\/www.spa-pools.eu\/si\/wp-json\/wp\/v2\/yst_prominent_words?post=22773"}],"curies":[{"name":"wp","href":"https:\/\/api.w.org\/{rel}","templated":true}]}}