{"id":22775,"date":"2021-01-29T14:38:51","date_gmt":"2021-01-29T14:38:51","guid":{"rendered":"https:\/\/www.spa-pools.eu\/si\/?post_type=product&#038;p=22775"},"modified":"2025-12-02T07:39:24","modified_gmt":"2025-12-02T07:39:24","slug":"finska-savna-premium-kotna-150-150-200-cm","status":"publish","type":"product","link":"https:\/\/www.spa-pools.eu\/si\/product\/finska-savna-premium-kotna-150-150-200-cm\/","title":{"rendered":"FINSKA SAVNA &#8211; PREMIUM kotna 150 x 150 x 200 cm"},"content":{"rendered":"<p><strong>Dimenzije: 1500 x 1500 x 2005 mm<\/strong><\/p>\n<p><strong>STANDARDNA OPREMA:<\/strong><\/p>\n<p style=\"padding-left: 40px;\">Les: kanadska konoplja (Tsuga canadensis)<br \/>\nDebelina plo\u0161\u010de: 48 mm, izolirana s kameno volno<br \/>\nzvo\u010dna nadzorna plo\u0161\u010da &#8211; dobavljena z vti\u010dem Schuko<br \/>\nsteklene stene iz kaljenega stekla 8 mm<br \/>\ndvojna vrata iz 8 mm kaljenega stekla z dvojnimi lesenimi ro\u010daji in te\u010daji INOX,<br \/>\nBluetooth, radio in dva zvo\u010dnika,<br \/>\nTemperaturni senzor,<br \/>\nodprtina za prezra\u010devanje,<br \/>\npe\u010d z vgrajenim termometrom in delovnim \u010dasom ter vulkanskim kamnom &#8211; 4,5kW \/230\/ 400V &#8211; pe\u010d NI dobavljena s kablom<\/p>\n<ul>\n<li>Potrebno je prinesti kabel zadostne dol\u017eine, da ga skozi streho, skozi stran, priklju\u010dite neposredno na pe\u010d.<\/li>\n<li><em><strong>Potrebna namestitev 230V:<\/strong><\/em><\/li>\n<li>Prerez napajalnega kabla : 3 \u00d7 4 mm2<\/li>\n<li>enofazna varovalka : 25A \/1P<\/li>\n<li>Napajalno stikalo za trifazno napajanje (FID) : 25A \/2P 30mA<\/li>\n<li><em><strong>Potrebna namestitev 400V:<\/strong><\/em><\/li>\n<li>Prerez trifaznega napajalnega kabla : 5 \u00d7 1,5 mm2<\/li>\n<li>Trifazna varovalka : 10A \/ 3P<\/li>\n<li>Napajalno stikalo za trifazno napajanje (FID) : 25A \/ 4P 30mA<br \/>\nleseno vedro z \u017elico, termohigrometer in pe\u0161\u010deno uro<br \/>\nNavodila za namestitev<br \/>\nTemperaturno obmo\u010dje: do 90 \u00b0<\/li>\n<li><strong>DODACI U PREMIUM OPREMI, ki so vklju\u010deni v ceni:<\/strong><br \/>\n<span class=\"VIiyi\" lang=\"sl\" style=\"color: #0000ff;\"><span class=\"JLqJ4b ChMk0b\" data-language-for-alternatives=\"sl\" data-language-to-translate-into=\"hr\" data-phrase-index=\"0\">stene oblo\u017eene s kamnitim mozaikom<\/span> <\/span><\/li>\n<li><span class=\"VIiyi\" lang=\"sl\" style=\"color: #0000ff;\"><span class=\"JLqJ4b ChMk0b\" data-language-for-alternatives=\"sl\" data-language-to-translate-into=\"hr\" data-phrase-index=\"2\">pe\u010d na dveh straneh oblo\u017eena s kamnitim mozaikom<\/span> <\/span><\/li>\n<li><span class=\"VIiyi\" lang=\"sl\" style=\"color: #0000ff;\"><span class=\"JLqJ4b ChMk0b\" data-language-for-alternatives=\"sl\" data-language-to-translate-into=\"hr\" data-phrase-index=\"4\">zvezdnato nebo z daljinskim upravljalnikom na stropu<\/span> <\/span><\/li>\n<li><span class=\"VIiyi\" lang=\"sl\" style=\"color: #0000ff;\"><span class=\"JLqJ4b ChMk0b\" data-language-for-alternatives=\"sl\" data-language-to-translate-into=\"hr\" data-phrase-index=\"6\">LED RGBW osvetlitev za naslonom<\/span> <\/span><\/li>\n<li><span class=\"VIiyi\" lang=\"sl\" style=\"color: #0000ff;\"><span class=\"JLqJ4b ChMk0b\" data-language-for-alternatives=\"sl\" data-language-to-translate-into=\"hr\" data-phrase-index=\"8\">RGBW linijska osvetlitev pod klopjo<\/span> <\/span><br \/>\n<span style=\"vertical-align: inherit;\"><span style=\"vertical-align: inherit;\">Prednost upotrebe savne:<\/span><\/span><span style=\"vertical-align: inherit;\"><span style=\"vertical-align: inherit;\">\u2022 bolji \u0161panec <\/span><\/span><br \/>\n<span style=\"vertical-align: inherit;\"><span style=\"vertical-align: inherit;\">\u2022 postavljanje <\/span><\/span><br \/>\n<span style=\"vertical-align: inherit;\"><span style=\"vertical-align: inherit;\">\u2022 razstrupljanje <\/span><\/span><br \/>\n<span style=\"vertical-align: inherit;\"><span style=\"vertical-align: inherit;\">\u2022 izgubiti te\u017ee <\/span><\/span><br \/>\n<span style=\"vertical-align: inherit;\"><span style=\"vertical-align: inherit;\">\u2022 smanjenje vnetih mi\u0161ica <\/span><\/span><br \/>\n<span style=\"vertical-align: inherit;\"><span style=\"vertical-align: inherit;\">\u2022 smanjenje bolova u sklepu, kao \u0161to je artritis <\/span><\/span><br \/>\n<span style=\"vertical-align: inherit;\"><span style=\"vertical-align: inherit;\">\u2022 \u010cista i bolja \u010dvrsta ko\u017ea <\/span><\/span><br \/>\n<span style=\"vertical-align: inherit;\"><span style=\"vertical-align: inherit;\">\u2022 pobolj\u0161ana cirkulacija <\/span><\/span><br \/>\n<span style=\"vertical-align: inherit;\"><span style=\"vertical-align: inherit;\">\u2022 podr\u0161ka ljudima sindromom kroni\u010dne utrujenosti<\/span><\/span><strong>Ljudje so \u017ee stoletja uporabljali savne za vse vrste zdravstvenih stanj:<\/strong>Majhna \u0161tudija 10 je pokazala, da so ljudje s sindromom kroni\u010dne utrujenosti imeli koristi od uporabe savne kot del njihovega celotnega zdravljenja.<br \/>\nDruga raziskava na 10 osebah je pokazala, da savne pomagajo zmanj\u0161ati bole\u010dine v mi\u0161icah in pove\u010dati okrevanje od treninga.<br \/>\nNa podlagi ve\u010d raziskav so ugotovili, da savne lahko zni\u017eajo krvni tlak.<span style=\"vertical-align: inherit;\"><span style=\"vertical-align: inherit;\">kromoterapijo<\/span><\/span>Kromoterapija, imenovana tudi barvna terapija, je uporaba barve in svetlobe za doseganje homeostaze.<\/p>\n<p><span style=\"color: #ff0000;\"><strong>RDE\u010c<\/strong><\/span>: prina\u0161a toplino, energijo in spodbudo; zato je dobra barva za energijo, utrujenost, prehlad, hladne in pasivne ljudi. Srcu in o\u017eilju daje energijo ter spodbuja \u010dute.<\/p>\n<p><span style=\"color: #ffcc00;\"><strong>RUMENA<\/strong><\/span>: Zvi\u0161a \u017eiv\u010dno-mi\u0161i\u010dni ton. Pre\u010disti kri, pomaga pri prebavi in \u200b\u200bima \u010distilni u\u010dinek. Mo\u010dno spodbuja veselje, prina\u0161a ob\u010dutek varnosti, pa tudi mo\u010dan ob\u010dutek dobrega po\u010dutja.<\/p>\n<p><span style=\"color: #3366ff;\"><strong>MODRA<\/strong><\/span>: Je hladna, pomirjujo\u010da barva. Stimulira parasimpati\u010dni sistem, zni\u017euje krvni tlak in pomirja dihanje in srce. Pomaga pri zdravljenju motenj spanja in glavobolov<\/p>\n<p><span style=\"color: #339966;\"><strong>ZELENA<\/strong><\/span>: je hladna, sede\u010da barva, ki pomaga zmanj\u0161ati otekanje sklepov in tkiv; pomirja \u017eiv\u010dni sistem telesa. Je barva spro\u0161\u010denega srca.<\/p>\n<p><span style=\"color: #333399;\"><strong><span style=\"vertical-align: inherit;\"><span style=\"vertical-align: inherit;\">LJUBEZEN<\/span><\/span><\/strong><\/span><span style=\"vertical-align: inherit;\"><span style=\"vertical-align: inherit;\"> : Spodbuja zavedanje u prsluku. <\/span><span style=\"vertical-align: inherit;\">Pove\u010da u\u010dinka ljekovitog. <\/span><span style=\"vertical-align: inherit;\">Spodbuja pravilno delovanje limfnog sistema i vrlo je korisna u menopavzi. <\/span><span style=\"vertical-align: inherit;\">Je barva za nevtraliziranje \u010dustvenih ran u duhovnim rastima.<\/span><\/span><\/p>\n<p><span style=\"color: #00ccff;\"><strong><span style=\"vertical-align: inherit;\"><span style=\"vertical-align: inherit;\">TIRKIZNA<\/span><\/span><\/strong><\/span><span style=\"vertical-align: inherit;\"><span style=\"vertical-align: inherit;\"> : Pove\u0107avanje<\/span><span style=\"color: #00ccff;\"><strong><span style=\"vertical-align: inherit;\"> intuicije i<\/span><\/strong><\/span><span style=\"vertical-align: inherit;\"> osjetljivosti. <\/span><span style=\"vertical-align: inherit;\">Miselno se raspr\u0161ava i spopada s utele\u0161enim psiholo\u0161kim oviramima. <\/span><span style=\"vertical-align: inherit;\">Prebacuje kotnik u pomo\u0107 za uravnavanje neravnovesja u plju\u010dnom i debelom sustavu. <\/span><span style=\"vertical-align: inherit;\">Turska poticati duhovno rast.<\/span><\/span><\/p>\n<p><strong><span style=\"vertical-align: inherit;\"><span style=\"vertical-align: inherit;\">GARANCIJA: 2 leti<\/span><\/span><\/strong><\/li>\n<\/ul>\n","protected":false},"excerpt":{"rendered":"<p>https:\/\/www.youtube.com\/watch?v=kP4XZOjLOrk&amp;t=64s<\/p>\n<p>&nbsp;<\/p>\n<p style=\"text-align: center;\">\n","protected":false},"featured_media":22778,"comment_status":"open","ping_status":"closed","template":"","meta":{"_acf_changed":false},"product_brand":[],"product_cat":[536,161],"product_tag":[],"specifikacije":[],"pumpe__elektronika__mlaznice":[],"filtracija":[],"oprema":[],"yst_prominent_words":[520,966,173,176,965,175,179],"class_list":{"0":"post-22775","1":"product","2":"type-product","3":"status-publish","4":"has-post-thumbnail","6":"product_cat-finske-savne","7":"product_cat-saune-infra-crvene-ir-karbon-finske-full-spectrum","8":"tm-no-options","10":"first","11":"outofstock","12":"taxable","13":"shipping-taxable","14":"purchasable","15":"product-type-simple"},"acf":[],"yoast_head":"<!-- This site is optimized with the Yoast SEO Premium plugin v14.0.4 - https:\/\/yoast.com\/wordpress\/plugins\/seo\/ -->\n<title>FINSKA SAVNA - PREMIUM kotna do 4 osebe | NIVETO Bazeni<\/title>\n<meta name=\"description\" content=\"https:\/\/www.youtube.com\/watch?v=kP4XZOjLOrk&amp;t=64s  &nbsp;\" \/>\n<meta name=\"robots\" content=\"index, follow\" \/>\n<meta name=\"googlebot\" content=\"index, follow, max-snippet:-1, max-image-preview:large, max-video-preview:-1\" \/>\n<meta name=\"bingbot\" content=\"index, follow, max-snippet:-1, max-image-preview:large, max-video-preview:-1\" \/>\n<link rel=\"canonical\" href=\"https:\/\/www.spa-pools.eu\/si\/product\/finska-savna-premium-kotna-150-150-200-cm\/\" \/>\n<meta property=\"og:locale\" content=\"en_US\" \/>\n<meta property=\"og:type\" content=\"article\" \/>\n<meta property=\"og:title\" content=\"FINSKA SAVNA - PREMIUM kotna do 4 osebe | NIVETO Bazeni\" \/>\n<meta property=\"og:description\" content=\"https:\/\/www.youtube.com\/watch?v=kP4XZOjLOrk&amp;t=64s  &nbsp;\" \/>\n<meta property=\"og:url\" content=\"https:\/\/www.spa-pools.eu\/si\/product\/finska-savna-premium-kotna-150-150-200-cm\/\" \/>\n<meta property=\"og:site_name\" content=\"NIVETO Bazeni\" \/>\n<meta property=\"article:publisher\" content=\"https:\/\/www.facebook.com\/Nivetobazeniifontane\/\" \/>\n<meta property=\"article:modified_time\" content=\"2025-12-02T07:39:24+00:00\" \/>\n<meta property=\"og:image\" content=\"https:\/\/www.spa-pools.eu\/si\/wp-content\/uploads\/2021\/01\/spa.hr-fisnka-sauna-PREMIUM-150x140x200-3.jpg\" \/>\n\t<meta property=\"og:image:width\" content=\"476\" \/>\n\t<meta property=\"og:image:height\" content=\"485\" \/>\n<meta name=\"twitter:card\" content=\"summary_large_image\" \/>\n<script type=\"application\/ld+json\" class=\"yoast-schema-graph\">{\"@context\":\"https:\/\/schema.org\",\"@graph\":[{\"@type\":\"Organization\",\"@id\":\"https:\/\/www.spa-pools.eu\/si\/#organization\",\"name\":\"Niveto d.o.o. - Spa bazeni\",\"url\":\"https:\/\/www.spa-pools.eu\/si\/\",\"sameAs\":[\"https:\/\/www.facebook.com\/Nivetobazeniifontane\/\"],\"logo\":{\"@type\":\"ImageObject\",\"@id\":\"https:\/\/www.spa-pools.eu\/si\/#logo\",\"inLanguage\":\"en-US\",\"url\":\"https:\/\/www.spa-pools.eu\/si\/wp-content\/uploads\/revslider\/home3-rs1\/logo.png\",\"width\":203,\"height\":60,\"caption\":\"Niveto d.o.o. - Spa bazeni\"},\"image\":{\"@id\":\"https:\/\/www.spa-pools.eu\/si\/#logo\"}},{\"@type\":\"WebSite\",\"@id\":\"https:\/\/www.spa-pools.eu\/si\/#website\",\"url\":\"https:\/\/www.spa-pools.eu\/si\/\",\"name\":\"NIVETO Bazeni\",\"description\":\"Spa masa\\u017eni bazeni\",\"publisher\":{\"@id\":\"https:\/\/www.spa-pools.eu\/si\/#organization\"},\"potentialAction\":[{\"@type\":\"SearchAction\",\"target\":\"https:\/\/www.spa-pools.eu\/si\/?s={search_term_string}\",\"query-input\":\"required name=search_term_string\"}],\"inLanguage\":\"en-US\"},{\"@type\":\"ImageObject\",\"@id\":\"https:\/\/www.spa-pools.eu\/si\/product\/finska-savna-premium-kotna-150-150-200-cm\/#primaryimage\",\"inLanguage\":\"en-US\",\"url\":\"https:\/\/www.spa-pools.eu\/si\/wp-content\/uploads\/2021\/01\/spa.hr-fisnka-sauna-PREMIUM-150x140x200-3.jpg\",\"width\":476,\"height\":485},{\"@type\":\"WebPage\",\"@id\":\"https:\/\/www.spa-pools.eu\/si\/product\/finska-savna-premium-kotna-150-150-200-cm\/#webpage\",\"url\":\"https:\/\/www.spa-pools.eu\/si\/product\/finska-savna-premium-kotna-150-150-200-cm\/\",\"name\":\"FINSKA SAVNA - PREMIUM kotna do 4 osebe | NIVETO Bazeni\",\"isPartOf\":{\"@id\":\"https:\/\/www.spa-pools.eu\/si\/#website\"},\"primaryImageOfPage\":{\"@id\":\"https:\/\/www.spa-pools.eu\/si\/product\/finska-savna-premium-kotna-150-150-200-cm\/#primaryimage\"},\"datePublished\":\"2021-01-29T14:38:51+00:00\",\"dateModified\":\"2025-12-02T07:39:24+00:00\",\"description\":\"https:\/\/www.youtube.com\/watch?v=kP4XZOjLOrk&amp;t=64s &nbsp;\",\"inLanguage\":\"en-US\",\"potentialAction\":[{\"@type\":\"ReadAction\",\"target\":[\"https:\/\/www.spa-pools.eu\/si\/product\/finska-savna-premium-kotna-150-150-200-cm\/\"]}]}]}<\/script>\n<!-- \/ Yoast SEO Premium plugin. -->","_links":{"self":[{"href":"https:\/\/www.spa-pools.eu\/si\/wp-json\/wp\/v2\/product\/22775","targetHints":{"allow":["GET"]}}],"collection":[{"href":"https:\/\/www.spa-pools.eu\/si\/wp-json\/wp\/v2\/product"}],"about":[{"href":"https:\/\/www.spa-pools.eu\/si\/wp-json\/wp\/v2\/types\/product"}],"replies":[{"embeddable":true,"href":"https:\/\/www.spa-pools.eu\/si\/wp-json\/wp\/v2\/comments?post=22775"}],"wp:featuredmedia":[{"embeddable":true,"href":"https:\/\/www.spa-pools.eu\/si\/wp-json\/wp\/v2\/media\/22778"}],"wp:attachment":[{"href":"https:\/\/www.spa-pools.eu\/si\/wp-json\/wp\/v2\/media?parent=22775"}],"wp:term":[{"taxonomy":"product_brand","embeddable":true,"href":"https:\/\/www.spa-pools.eu\/si\/wp-json\/wp\/v2\/product_brand?post=22775"},{"taxonomy":"product_cat","embeddable":true,"href":"https:\/\/www.spa-pools.eu\/si\/wp-json\/wp\/v2\/product_cat?post=22775"},{"taxonomy":"product_tag","embeddable":true,"href":"https:\/\/www.spa-pools.eu\/si\/wp-json\/wp\/v2\/product_tag?post=22775"},{"taxonomy":"specifikacije","embeddable":true,"href":"https:\/\/www.spa-pools.eu\/si\/wp-json\/wp\/v2\/specifikacije?post=22775"},{"taxonomy":"pumpe__elektronika__mlaznice","embeddable":true,"href":"https:\/\/www.spa-pools.eu\/si\/wp-json\/wp\/v2\/pumpe__elektronika__mlaznice?post=22775"},{"taxonomy":"filtracija","embeddable":true,"href":"https:\/\/www.spa-pools.eu\/si\/wp-json\/wp\/v2\/filtracija?post=22775"},{"taxonomy":"oprema","embeddable":true,"href":"https:\/\/www.spa-pools.eu\/si\/wp-json\/wp\/v2\/oprema?post=22775"},{"taxonomy":"yst_prominent_words","embeddable":true,"href":"https:\/\/www.spa-pools.eu\/si\/wp-json\/wp\/v2\/yst_prominent_words?post=22775"}],"curies":[{"name":"wp","href":"https:\/\/api.w.org\/{rel}","templated":true}]}}