{"id":22852,"date":"2021-03-04T23:01:51","date_gmt":"2021-03-04T23:01:51","guid":{"rendered":"https:\/\/www.spa-pools.eu\/si\/?post_type=product&#038;p=22852"},"modified":"2024-11-28T07:29:12","modified_gmt":"2024-11-28T07:29:12","slug":"finska-savna-eco-1200-x-1200-x-1905-mm-copy","status":"publish","type":"product","link":"https:\/\/www.spa-pools.eu\/si\/product\/finska-savna-eco-1200-x-1200-x-1905-mm-copy\/","title":{"rendered":"Finska savna \u2013 ECO 120 x 120 x 190 cm"},"content":{"rendered":"<p><strong>Dimenzija: 1200 x 1200 x 1905 mm<\/strong><\/p>\n<p><strong>STANDARDNA OPREMA:<\/strong><\/p>\n<p>\u2022 Les: kanadski je\u017eek (Tsuga canadensis)<br \/>\n\u2022 Debelina plo\u0161\u010de: 48 mm izolirana s kameno volno v aluminijasti foliji<br \/>\n\u2022 6 mm vrata iz kaljenega stekla z ro\u010dajem in te\u010daji,<br \/>\n\u2022 prezra\u010devanje<br \/>\n\u2022 notranja razsvetljava<br \/>\n\u2022 pe\u010d s kamnom &#8211; 4,5kW\/230V\/400V s termostatom in obratovalnimi urami pe\u010dice<br \/>\n\u2022 leseno vedro z \u017elico, termometrom in pe\u0161\u010dico<br \/>\n\u2022 Navodila za namestitev in vzdr\u017eevanje.<br \/>\n\u2022 Temperaturno obmo\u010dje: do 90 \u00b0<\/p>\n<p><strong>Prednost uporabe savne:<\/strong><\/p>\n<p>\u2022 bolj\u0161i spanec<br \/>\n\u2022 sprostitev<br \/>\n\u2022 razstrupljanje<br \/>\n\u2022 izguba te\u017ee<br \/>\n\u2022 olaj\u0161anje vnetih mi\u0161ic<br \/>\n\u2022 laj\u0161anje bole\u010din v sklepih, kot je artritis<br \/>\n\u2022 \u010cista in bolj \u010dvrsta ko\u017ea<br \/>\n\u2022 izbolj\u0161ana cirkulacija<br \/>\n\u2022 pomo\u010d ljudem s sindromom kroni\u010dne utrujenosti<\/p>\n<p><strong>Ljudje so \u017ee stoletja uporabljali savne za vse vrste zdravstvenih stanj:<\/strong><\/p>\n<p>Majhna \u0161tudija 10 je pokazala, da so ljudje s sindromom kroni\u010dne utrujenosti imeli koristi od uporabe savne kot del njihovega celotnega zdravljenja.<br \/>\nDruga raziskava na 10 osebah je pokazala, da savne pomagajo zmanj\u0161ati bole\u010dine v mi\u0161icah in pove\u010dati okrevanje od treninga.<br \/>\nNa podlagi ve\u010d raziskav so ugotovili, da savne lahko zni\u017eajo krvni tlak.<\/p>\n<p><strong>GARANCIJA: 2 leti<\/strong><\/p>\n","protected":false},"excerpt":{"rendered":"<p style=\"text-align: center;\"><span style=\"color: #0000ff;\"><strong>cene so za enkratno pla\u010dilo z\u00a0debetnimi in kreditnimi karticami\u00a0<\/strong><\/span><\/p>\n","protected":false},"featured_media":22853,"comment_status":"open","ping_status":"closed","template":"","meta":{"_acf_changed":false},"product_brand":[],"product_cat":[536,161],"product_tag":[],"specifikacije":[],"pumpe__elektronika__mlaznice":[],"filtracija":[],"oprema":[],"yst_prominent_words":[250,183,173,320,176,319,449,321,317,174,169,328,318,175,179],"class_list":{"0":"post-22852","1":"product","2":"type-product","3":"status-publish","4":"has-post-thumbnail","6":"product_cat-finske-savne","7":"product_cat-saune-infra-crvene-ir-karbon-finske-full-spectrum","8":"tm-no-options","10":"first","11":"outofstock","12":"taxable","13":"shipping-taxable","14":"purchasable","15":"product-type-simple"},"acf":[],"yoast_head":"<!-- This site is optimized with the Yoast SEO Premium plugin v14.0.4 - https:\/\/yoast.com\/wordpress\/plugins\/seo\/ -->\n<title>FINSKA SAUNA - ECO za \u0161tiri 4 osebe | NIVETO Bazeni<\/title>\n<meta name=\"description\" content=\"cene so za enkratno pla\u010dilo z\u00a0debetnimi in kreditnimi karticami\u00a0\" \/>\n<meta name=\"robots\" content=\"index, follow\" \/>\n<meta name=\"googlebot\" content=\"index, follow, max-snippet:-1, max-image-preview:large, max-video-preview:-1\" \/>\n<meta name=\"bingbot\" content=\"index, follow, max-snippet:-1, max-image-preview:large, max-video-preview:-1\" \/>\n<link rel=\"canonical\" href=\"https:\/\/www.spa-pools.eu\/si\/product\/finska-savna-eco-1200-x-1200-x-1905-mm-copy\/\" \/>\n<meta property=\"og:locale\" content=\"en_US\" \/>\n<meta property=\"og:type\" content=\"article\" \/>\n<meta property=\"og:title\" content=\"FINSKA SAUNA - ECO za \u0161tiri 4 osebe | NIVETO Bazeni\" \/>\n<meta property=\"og:description\" content=\"cene so za enkratno pla\u010dilo z\u00a0debetnimi in kreditnimi karticami\u00a0\" \/>\n<meta property=\"og:url\" content=\"https:\/\/www.spa-pools.eu\/si\/product\/finska-savna-eco-1200-x-1200-x-1905-mm-copy\/\" \/>\n<meta property=\"og:site_name\" content=\"NIVETO Bazeni\" \/>\n<meta property=\"article:publisher\" content=\"https:\/\/www.facebook.com\/Nivetobazeniifontane\/\" \/>\n<meta property=\"article:modified_time\" content=\"2024-11-28T07:29:12+00:00\" \/>\n<meta property=\"og:image\" content=\"https:\/\/www.spa-pools.eu\/si\/wp-content\/uploads\/2021\/03\/Finska-ECO-120x120_1.jpg\" \/>\n\t<meta property=\"og:image:width\" content=\"1200\" \/>\n\t<meta property=\"og:image:height\" content=\"800\" \/>\n<meta name=\"twitter:card\" content=\"summary_large_image\" \/>\n<script type=\"application\/ld+json\" class=\"yoast-schema-graph\">{\"@context\":\"https:\/\/schema.org\",\"@graph\":[{\"@type\":\"Organization\",\"@id\":\"https:\/\/www.spa-pools.eu\/si\/#organization\",\"name\":\"Niveto d.o.o. - Spa bazeni\",\"url\":\"https:\/\/www.spa-pools.eu\/si\/\",\"sameAs\":[\"https:\/\/www.facebook.com\/Nivetobazeniifontane\/\"],\"logo\":{\"@type\":\"ImageObject\",\"@id\":\"https:\/\/www.spa-pools.eu\/si\/#logo\",\"inLanguage\":\"en-US\",\"url\":\"https:\/\/www.spa-pools.eu\/si\/wp-content\/uploads\/revslider\/home3-rs1\/logo.png\",\"width\":203,\"height\":60,\"caption\":\"Niveto d.o.o. - Spa bazeni\"},\"image\":{\"@id\":\"https:\/\/www.spa-pools.eu\/si\/#logo\"}},{\"@type\":\"WebSite\",\"@id\":\"https:\/\/www.spa-pools.eu\/si\/#website\",\"url\":\"https:\/\/www.spa-pools.eu\/si\/\",\"name\":\"NIVETO Bazeni\",\"description\":\"Spa masa\\u017eni bazeni\",\"publisher\":{\"@id\":\"https:\/\/www.spa-pools.eu\/si\/#organization\"},\"potentialAction\":[{\"@type\":\"SearchAction\",\"target\":\"https:\/\/www.spa-pools.eu\/si\/?s={search_term_string}\",\"query-input\":\"required name=search_term_string\"}],\"inLanguage\":\"en-US\"},{\"@type\":\"ImageObject\",\"@id\":\"https:\/\/www.spa-pools.eu\/si\/product\/finska-savna-eco-1200-x-1200-x-1905-mm-copy\/#primaryimage\",\"inLanguage\":\"en-US\",\"url\":\"https:\/\/www.spa-pools.eu\/si\/wp-content\/uploads\/2021\/03\/Finska-ECO-120x120_1.jpg\",\"width\":1200,\"height\":800},{\"@type\":\"WebPage\",\"@id\":\"https:\/\/www.spa-pools.eu\/si\/product\/finska-savna-eco-1200-x-1200-x-1905-mm-copy\/#webpage\",\"url\":\"https:\/\/www.spa-pools.eu\/si\/product\/finska-savna-eco-1200-x-1200-x-1905-mm-copy\/\",\"name\":\"FINSKA SAUNA - ECO za \\u0161tiri 4 osebe | NIVETO Bazeni\",\"isPartOf\":{\"@id\":\"https:\/\/www.spa-pools.eu\/si\/#website\"},\"primaryImageOfPage\":{\"@id\":\"https:\/\/www.spa-pools.eu\/si\/product\/finska-savna-eco-1200-x-1200-x-1905-mm-copy\/#primaryimage\"},\"datePublished\":\"2021-03-04T23:01:51+00:00\",\"dateModified\":\"2024-11-28T07:29:12+00:00\",\"description\":\"cene so za enkratno pla\\u010dilo z\\u00a0debetnimi in kreditnimi karticami\\u00a0\",\"inLanguage\":\"en-US\",\"potentialAction\":[{\"@type\":\"ReadAction\",\"target\":[\"https:\/\/www.spa-pools.eu\/si\/product\/finska-savna-eco-1200-x-1200-x-1905-mm-copy\/\"]}]}]}<\/script>\n<!-- \/ Yoast SEO Premium plugin. -->","_links":{"self":[{"href":"https:\/\/www.spa-pools.eu\/si\/wp-json\/wp\/v2\/product\/22852","targetHints":{"allow":["GET"]}}],"collection":[{"href":"https:\/\/www.spa-pools.eu\/si\/wp-json\/wp\/v2\/product"}],"about":[{"href":"https:\/\/www.spa-pools.eu\/si\/wp-json\/wp\/v2\/types\/product"}],"replies":[{"embeddable":true,"href":"https:\/\/www.spa-pools.eu\/si\/wp-json\/wp\/v2\/comments?post=22852"}],"wp:featuredmedia":[{"embeddable":true,"href":"https:\/\/www.spa-pools.eu\/si\/wp-json\/wp\/v2\/media\/22853"}],"wp:attachment":[{"href":"https:\/\/www.spa-pools.eu\/si\/wp-json\/wp\/v2\/media?parent=22852"}],"wp:term":[{"taxonomy":"product_brand","embeddable":true,"href":"https:\/\/www.spa-pools.eu\/si\/wp-json\/wp\/v2\/product_brand?post=22852"},{"taxonomy":"product_cat","embeddable":true,"href":"https:\/\/www.spa-pools.eu\/si\/wp-json\/wp\/v2\/product_cat?post=22852"},{"taxonomy":"product_tag","embeddable":true,"href":"https:\/\/www.spa-pools.eu\/si\/wp-json\/wp\/v2\/product_tag?post=22852"},{"taxonomy":"specifikacije","embeddable":true,"href":"https:\/\/www.spa-pools.eu\/si\/wp-json\/wp\/v2\/specifikacije?post=22852"},{"taxonomy":"pumpe__elektronika__mlaznice","embeddable":true,"href":"https:\/\/www.spa-pools.eu\/si\/wp-json\/wp\/v2\/pumpe__elektronika__mlaznice?post=22852"},{"taxonomy":"filtracija","embeddable":true,"href":"https:\/\/www.spa-pools.eu\/si\/wp-json\/wp\/v2\/filtracija?post=22852"},{"taxonomy":"oprema","embeddable":true,"href":"https:\/\/www.spa-pools.eu\/si\/wp-json\/wp\/v2\/oprema?post=22852"},{"taxonomy":"yst_prominent_words","embeddable":true,"href":"https:\/\/www.spa-pools.eu\/si\/wp-json\/wp\/v2\/yst_prominent_words?post=22852"}],"curies":[{"name":"wp","href":"https:\/\/api.w.org\/{rel}","templated":true}]}}