{"id":23139,"date":"2021-04-13T21:44:53","date_gmt":"2021-04-13T21:44:53","guid":{"rendered":"https:\/\/www.spa-pools.eu\/si\/?post_type=product&#038;p=23139"},"modified":"2025-08-13T08:20:36","modified_gmt":"2025-08-13T08:20:36","slug":"masazna-kad-za-dve-osebi-premium-180-130-65","status":"publish","type":"product","link":"https:\/\/www.spa-pools.eu\/si\/product\/masazna-kad-za-dve-osebi-premium-180-130-65\/","title":{"rendered":"Masa\u017ena kad za dve osebi PREMIUM -180 x 130 x 65 cm"},"content":{"rendered":"<p><strong>SPECIFIKACIJA:<\/strong><br \/>\nmere: 1800x1300x650mm<br \/>\nmere paketa: 1910 x 1410x 760mm<br \/>\nte\u017ea \/ pakirano: 85 kg \/ 128 kg<br \/>\nprostornina vode: 600L<\/p>\n<p><strong>\u0160TEVILO MASA\u017dNIH MEST:<\/strong><br \/>\n\u0160tevilo oseb: 2<br \/>\nLe\u017ealniki: 2<br \/>\n\u0160tevilo sede\u017eev: 0<\/p>\n<p><strong>GRADNJA:<\/strong><br \/>\nmaterial lupine akrilno bela barva<br \/>\nnosilni okvir: nerjave\u010de jeklo AISI 304<\/p>\n<p>\u010cRPALKA : proizvajalec \u010drpalk TOP svetovnih vrhunskih blagovnih znamk<br \/>\nmasa\u017ena \u010drpalka: 750W<br \/>\nturbo puhalo: 200W<\/p>\n<p><strong>KONFIGURACIJA \u0160OB:<\/strong><br \/>\nskupno \u0161tevilo \u0161ob: 22 kosov<br \/>\nVodni curki: 10 kosov<br \/>\nZra\u010dne \u0161obe: 12 kosov<br \/>\nmaterial \u0161obe: INOX<\/p>\n<p><strong>DRUGA OPREMA:<\/strong><br \/>\nZunanja okrasna obloga na dveh straneh.<br \/>\nregulator + grelec 1,5 kW: 1 komplet<br \/>\nozonator: 1 kos<br \/>\nme\u0161alnik: 1 komplet<br \/>\ntu\u0161: 1 kos<br \/>\nPipa &#8211; 1 kos<br \/>\nPodvodna lu\u010d 1 kos<br \/>\nRGB osvetlitev v zra\u010dnih \u0161obah: 12 kosov<br \/>\nNaslon za glavo: 2 kos<br \/>\nMasa\u017eni sesalnik: 2 kos<br \/>\nOdtok: 1 kos<br \/>\npreliv: 1 kos<\/p>\n<p><strong>GARANCIJA:<\/strong><br \/>\ngradnja: 5 let<br \/>\npovr\u0161ina lupine &#8211; akril: 3 leta<br \/>\ndruga oprema: 1 leto<\/p>\n","protected":false},"excerpt":{"rendered":"<p><span style=\"color: #ff0000;\"><strong>V ceno je vklju\u010dena brezpla\u010dna dostava na podro\u010dju Republike Slovenije.<\/strong><\/span><\/p>\n<p id=\"tw-target-text\" class=\"tw-data-text tw-text-large tw-ta\" dir=\"ltr\" data-placeholder=\"Translation\"><span class=\"Y2IQFc\" lang=\"sl\">Pred nakupom izdelka je potrebno dolo\u010diti v kateri kot bo postavljena kad (levi ali desni)<\/span><\/p>\n<p>https:\/\/www.youtube.com\/watch?v=o95A9HF35nc<\/p>\n<p>&nbsp;<\/p>\n","protected":false},"featured_media":23167,"comment_status":"open","ping_status":"closed","template":"","meta":{"_acf_changed":false},"product_brand":[],"product_cat":[546],"product_tag":[],"specifikacije":[],"pumpe__elektronika__mlaznice":[],"filtracija":[],"oprema":[],"yst_prominent_words":[206,243,248,1052,222,245,246,505,266,547,244,502],"class_list":{"0":"post-23139","1":"product","2":"type-product","3":"status-publish","4":"has-post-thumbnail","6":"product_cat-masazna-kad","7":"tm-no-options","9":"first","10":"instock","11":"taxable","12":"shipping-taxable","13":"purchasable","14":"product-type-simple"},"acf":[],"yoast_head":"<!-- This site is optimized with the Yoast SEO Premium plugin v14.0.4 - https:\/\/yoast.com\/wordpress\/plugins\/seo\/ -->\n<title>Masa\u017ena kad za dve osebi PREMIUM -180 x 130 x 65 cm | NIVETO Bazeni<\/title>\n<meta name=\"description\" content=\"V ceno je vklju\u010dena brezpla\u010dna dostava na podro\u010dju Republike Slovenije. Pred nakupom izdelka je potrebno dolo\u010diti v kateri kot bo postavljena kad (levi ali desni) https:\/\/www.youtube.com\/watch?v=o95A9HF35nc  &nbsp;\" \/>\n<meta name=\"robots\" content=\"index, follow\" \/>\n<meta name=\"googlebot\" content=\"index, follow, max-snippet:-1, max-image-preview:large, max-video-preview:-1\" \/>\n<meta name=\"bingbot\" content=\"index, follow, max-snippet:-1, max-image-preview:large, max-video-preview:-1\" \/>\n<link rel=\"canonical\" href=\"https:\/\/www.spa-pools.eu\/si\/product\/masazna-kad-za-dve-osebi-premium-180-130-65\/\" \/>\n<meta property=\"og:locale\" content=\"en_US\" \/>\n<meta property=\"og:type\" content=\"article\" \/>\n<meta property=\"og:title\" content=\"Masa\u017ena kad za dve osebi PREMIUM -180 x 130 x 65 cm | NIVETO Bazeni\" \/>\n<meta property=\"og:description\" content=\"V ceno je vklju\u010dena brezpla\u010dna dostava na podro\u010dju Republike Slovenije. Pred nakupom izdelka je potrebno dolo\u010diti v kateri kot bo postavljena kad (levi ali desni) https:\/\/www.youtube.com\/watch?v=o95A9HF35nc  &nbsp;\" \/>\n<meta property=\"og:url\" content=\"https:\/\/www.spa-pools.eu\/si\/product\/masazna-kad-za-dve-osebi-premium-180-130-65\/\" \/>\n<meta property=\"og:site_name\" content=\"NIVETO Bazeni\" \/>\n<meta property=\"article:publisher\" content=\"https:\/\/www.facebook.com\/Nivetobazeniifontane\/\" \/>\n<meta property=\"article:modified_time\" content=\"2025-08-13T08:20:36+00:00\" \/>\n<meta property=\"og:image\" content=\"https:\/\/www.spa-pools.eu\/si\/wp-content\/uploads\/2021\/04\/PREMIUM-kada-za-dvoje.jpg\" \/>\n\t<meta property=\"og:image:width\" content=\"600\" \/>\n\t<meta property=\"og:image:height\" content=\"600\" \/>\n<meta name=\"twitter:card\" content=\"summary_large_image\" \/>\n<script type=\"application\/ld+json\" class=\"yoast-schema-graph\">{\"@context\":\"https:\/\/schema.org\",\"@graph\":[{\"@type\":\"Organization\",\"@id\":\"https:\/\/www.spa-pools.eu\/si\/#organization\",\"name\":\"Niveto d.o.o. - Spa bazeni\",\"url\":\"https:\/\/www.spa-pools.eu\/si\/\",\"sameAs\":[\"https:\/\/www.facebook.com\/Nivetobazeniifontane\/\"],\"logo\":{\"@type\":\"ImageObject\",\"@id\":\"https:\/\/www.spa-pools.eu\/si\/#logo\",\"inLanguage\":\"en-US\",\"url\":\"https:\/\/www.spa-pools.eu\/si\/wp-content\/uploads\/revslider\/home3-rs1\/logo.png\",\"width\":203,\"height\":60,\"caption\":\"Niveto d.o.o. - Spa bazeni\"},\"image\":{\"@id\":\"https:\/\/www.spa-pools.eu\/si\/#logo\"}},{\"@type\":\"WebSite\",\"@id\":\"https:\/\/www.spa-pools.eu\/si\/#website\",\"url\":\"https:\/\/www.spa-pools.eu\/si\/\",\"name\":\"NIVETO Bazeni\",\"description\":\"Spa masa\\u017eni bazeni\",\"publisher\":{\"@id\":\"https:\/\/www.spa-pools.eu\/si\/#organization\"},\"potentialAction\":[{\"@type\":\"SearchAction\",\"target\":\"https:\/\/www.spa-pools.eu\/si\/?s={search_term_string}\",\"query-input\":\"required name=search_term_string\"}],\"inLanguage\":\"en-US\"},{\"@type\":\"ImageObject\",\"@id\":\"https:\/\/www.spa-pools.eu\/si\/product\/masazna-kad-za-dve-osebi-premium-180-130-65\/#primaryimage\",\"inLanguage\":\"en-US\",\"url\":\"https:\/\/www.spa-pools.eu\/si\/wp-content\/uploads\/2021\/04\/PREMIUM-kada-za-dvoje.jpg\",\"width\":600,\"height\":600},{\"@type\":\"WebPage\",\"@id\":\"https:\/\/www.spa-pools.eu\/si\/product\/masazna-kad-za-dve-osebi-premium-180-130-65\/#webpage\",\"url\":\"https:\/\/www.spa-pools.eu\/si\/product\/masazna-kad-za-dve-osebi-premium-180-130-65\/\",\"name\":\"Masa\\u017ena kad za dve osebi PREMIUM -180 x 130 x 65 cm | NIVETO Bazeni\",\"isPartOf\":{\"@id\":\"https:\/\/www.spa-pools.eu\/si\/#website\"},\"primaryImageOfPage\":{\"@id\":\"https:\/\/www.spa-pools.eu\/si\/product\/masazna-kad-za-dve-osebi-premium-180-130-65\/#primaryimage\"},\"datePublished\":\"2021-04-13T21:44:53+00:00\",\"dateModified\":\"2025-08-13T08:20:36+00:00\",\"description\":\"V ceno je vklju\\u010dena brezpla\\u010dna dostava na podro\\u010dju Republike Slovenije. Pred nakupom izdelka je potrebno dolo\\u010diti v kateri kot bo postavljena kad (levi ali desni) https:\/\/www.youtube.com\/watch?v=o95A9HF35nc &nbsp;\",\"inLanguage\":\"en-US\",\"potentialAction\":[{\"@type\":\"ReadAction\",\"target\":[\"https:\/\/www.spa-pools.eu\/si\/product\/masazna-kad-za-dve-osebi-premium-180-130-65\/\"]}]}]}<\/script>\n<!-- \/ Yoast SEO Premium plugin. -->","_links":{"self":[{"href":"https:\/\/www.spa-pools.eu\/si\/wp-json\/wp\/v2\/product\/23139","targetHints":{"allow":["GET"]}}],"collection":[{"href":"https:\/\/www.spa-pools.eu\/si\/wp-json\/wp\/v2\/product"}],"about":[{"href":"https:\/\/www.spa-pools.eu\/si\/wp-json\/wp\/v2\/types\/product"}],"replies":[{"embeddable":true,"href":"https:\/\/www.spa-pools.eu\/si\/wp-json\/wp\/v2\/comments?post=23139"}],"wp:featuredmedia":[{"embeddable":true,"href":"https:\/\/www.spa-pools.eu\/si\/wp-json\/wp\/v2\/media\/23167"}],"wp:attachment":[{"href":"https:\/\/www.spa-pools.eu\/si\/wp-json\/wp\/v2\/media?parent=23139"}],"wp:term":[{"taxonomy":"product_brand","embeddable":true,"href":"https:\/\/www.spa-pools.eu\/si\/wp-json\/wp\/v2\/product_brand?post=23139"},{"taxonomy":"product_cat","embeddable":true,"href":"https:\/\/www.spa-pools.eu\/si\/wp-json\/wp\/v2\/product_cat?post=23139"},{"taxonomy":"product_tag","embeddable":true,"href":"https:\/\/www.spa-pools.eu\/si\/wp-json\/wp\/v2\/product_tag?post=23139"},{"taxonomy":"specifikacije","embeddable":true,"href":"https:\/\/www.spa-pools.eu\/si\/wp-json\/wp\/v2\/specifikacije?post=23139"},{"taxonomy":"pumpe__elektronika__mlaznice","embeddable":true,"href":"https:\/\/www.spa-pools.eu\/si\/wp-json\/wp\/v2\/pumpe__elektronika__mlaznice?post=23139"},{"taxonomy":"filtracija","embeddable":true,"href":"https:\/\/www.spa-pools.eu\/si\/wp-json\/wp\/v2\/filtracija?post=23139"},{"taxonomy":"oprema","embeddable":true,"href":"https:\/\/www.spa-pools.eu\/si\/wp-json\/wp\/v2\/oprema?post=23139"},{"taxonomy":"yst_prominent_words","embeddable":true,"href":"https:\/\/www.spa-pools.eu\/si\/wp-json\/wp\/v2\/yst_prominent_words?post=23139"}],"curies":[{"name":"wp","href":"https:\/\/api.w.org\/{rel}","templated":true}]}}