{"id":23368,"date":"2021-07-27T10:08:22","date_gmt":"2021-07-27T10:08:22","guid":{"rendered":"https:\/\/www.spa-pools.eu\/si\/?post_type=product&#038;p=23368"},"modified":"2023-12-15T13:33:42","modified_gmt":"2023-12-15T13:33:42","slug":"drzalo-za-termalni-pokrov-spa-masaznega-bazena","status":"publish","type":"product","link":"https:\/\/www.spa-pools.eu\/si\/product\/drzalo-za-termalni-pokrov-spa-masaznega-bazena\/","title":{"rendered":"Dr\u017ealo za Termalni pokrov SPA masa\u017enega bazena"},"content":{"rendered":"<p>Dr\u017ealo za Termalni pokrov SPA masa\u017enega bazena<\/p>\n<p><em>monta\u017ea na oblogu SPA<\/em><\/p>\n<ul>\n<li>namenjeni za kvadratne in pravokotne pokrove SPA, NI namenjeni za okrogle ali osmerokotne ali vdolbine SPA;<\/li>\n<li>enostavna namestitev na oblogu\u00a0 SPA<\/li>\n<li>konstrukcija iz nerjave\u010dega aluminija;<\/li>\n<li>gumirani ro\u010daji za udobno rokovanje<\/li>\n<li>za pokrove poljubne \u0161irine in debeline, zlo\u017eeni<\/li>\n<li>pokrov nikoli ne stoji na tleh in ga je enostavno odpirati in zapirati<\/li>\n<\/ul>\n<p><a href=\"https:\/\/www.spa.hr\/wp-content\/uploads\/2021\/07\/User-manual-SCL-03.pdf\">https:\/\/www.spa.hr\/wp-content\/uploads\/2021\/07\/User-manual-SCL-03.pdf<\/a><\/p>\n","protected":false},"excerpt":{"rendered":"<ul>\n<li>cene so za enkratno pla\u010dilo v skladu s transakcijskim ra\u010dunom<\/li>\n<li><strong>mo\u017enost pla\u010dila z debetnimi in kreditnimi karticami:<\/strong>\n<ul>\n<li>krat<\/li>\n<li>v obrokih 1-36 obrokov &#8211; odvisno od vrste kartice<\/li>\n<\/ul>\n<\/li>\n<li>upitajte za uvjete pla\u0107anja na rate<\/li>\n<li><strong>V ceno je vklju\u010dena brezpla\u010dna dostava na podro\u010dju Republike Slovenije.<\/strong><\/li>\n<\/ul>\n","protected":false},"featured_media":23374,"comment_status":"open","ping_status":"closed","template":"","meta":{"_acf_changed":false},"product_brand":[],"product_cat":[96],"product_tag":[],"specifikacije":[],"pumpe__elektronika__mlaznice":[],"filtracija":[],"oprema":[],"yst_prominent_words":[357,173,266,1042,1044,359,355,1043,1045,358,360,344,179],"class_list":{"0":"post-23368","1":"product","2":"type-product","3":"status-publish","4":"has-post-thumbnail","6":"product_cat-dodatna-oprema","7":"tm-no-options","9":"first","10":"instock","11":"taxable","12":"shipping-taxable","13":"purchasable","14":"product-type-simple"},"acf":[],"yoast_head":"<!-- This site is optimized with the Yoast SEO Premium plugin v14.0.4 - https:\/\/yoast.com\/wordpress\/plugins\/seo\/ -->\n<title>Dr\u017ealo za Termalni pokrov SPA masa\u017enega bazena | NIVETO Bazeni<\/title>\n<meta name=\"description\" content=\"Termalno dr\u017ealo za pokrov masa\u017enega bazena. Namenjeni za kvadratne in pravokotne pokrove SPA, NI namenjeni za okrogle ali osmerokotne ali vdolbine SPA;\" \/>\n<meta name=\"robots\" content=\"index, follow\" \/>\n<meta name=\"googlebot\" content=\"index, follow, max-snippet:-1, max-image-preview:large, max-video-preview:-1\" \/>\n<meta name=\"bingbot\" content=\"index, follow, max-snippet:-1, max-image-preview:large, max-video-preview:-1\" \/>\n<link rel=\"canonical\" href=\"https:\/\/www.spa-pools.eu\/si\/product\/drzalo-za-termalni-pokrov-spa-masaznega-bazena\/\" \/>\n<meta property=\"og:locale\" content=\"en_US\" \/>\n<meta property=\"og:type\" content=\"article\" \/>\n<meta property=\"og:title\" content=\"Dr\u017ealo za Termalni pokrov SPA masa\u017enega bazena | NIVETO Bazeni\" \/>\n<meta property=\"og:description\" content=\"Termalno dr\u017ealo za pokrov masa\u017enega bazena. Namenjeni za kvadratne in pravokotne pokrove SPA, NI namenjeni za okrogle ali osmerokotne ali vdolbine SPA;\" \/>\n<meta property=\"og:url\" content=\"https:\/\/www.spa-pools.eu\/si\/product\/drzalo-za-termalni-pokrov-spa-masaznega-bazena\/\" \/>\n<meta property=\"og:site_name\" content=\"NIVETO Bazeni\" \/>\n<meta property=\"article:publisher\" content=\"https:\/\/www.facebook.com\/Nivetobazeniifontane\/\" \/>\n<meta property=\"article:modified_time\" content=\"2023-12-15T13:33:42+00:00\" \/>\n<meta property=\"og:image\" content=\"https:\/\/www.spa-pools.eu\/si\/wp-content\/uploads\/2021\/07\/6-scaled.jpg\" \/>\n\t<meta property=\"og:image:width\" content=\"1920\" \/>\n\t<meta property=\"og:image:height\" content=\"2560\" \/>\n<meta name=\"twitter:card\" content=\"summary_large_image\" \/>\n<script type=\"application\/ld+json\" class=\"yoast-schema-graph\">{\"@context\":\"https:\/\/schema.org\",\"@graph\":[{\"@type\":\"Organization\",\"@id\":\"https:\/\/www.spa-pools.eu\/si\/#organization\",\"name\":\"Niveto d.o.o. - Spa bazeni\",\"url\":\"https:\/\/www.spa-pools.eu\/si\/\",\"sameAs\":[\"https:\/\/www.facebook.com\/Nivetobazeniifontane\/\"],\"logo\":{\"@type\":\"ImageObject\",\"@id\":\"https:\/\/www.spa-pools.eu\/si\/#logo\",\"inLanguage\":\"en-US\",\"url\":\"https:\/\/www.spa-pools.eu\/si\/wp-content\/uploads\/revslider\/home3-rs1\/logo.png\",\"width\":203,\"height\":60,\"caption\":\"Niveto d.o.o. - Spa bazeni\"},\"image\":{\"@id\":\"https:\/\/www.spa-pools.eu\/si\/#logo\"}},{\"@type\":\"WebSite\",\"@id\":\"https:\/\/www.spa-pools.eu\/si\/#website\",\"url\":\"https:\/\/www.spa-pools.eu\/si\/\",\"name\":\"NIVETO Bazeni\",\"description\":\"Spa masa\\u017eni bazeni\",\"publisher\":{\"@id\":\"https:\/\/www.spa-pools.eu\/si\/#organization\"},\"potentialAction\":[{\"@type\":\"SearchAction\",\"target\":\"https:\/\/www.spa-pools.eu\/si\/?s={search_term_string}\",\"query-input\":\"required name=search_term_string\"}],\"inLanguage\":\"en-US\"},{\"@type\":\"ImageObject\",\"@id\":\"https:\/\/www.spa-pools.eu\/si\/product\/drzalo-za-termalni-pokrov-spa-masaznega-bazena\/#primaryimage\",\"inLanguage\":\"en-US\",\"url\":\"https:\/\/www.spa-pools.eu\/si\/wp-content\/uploads\/2021\/07\/6-scaled.jpg\",\"width\":1920,\"height\":2560},{\"@type\":\"WebPage\",\"@id\":\"https:\/\/www.spa-pools.eu\/si\/product\/drzalo-za-termalni-pokrov-spa-masaznega-bazena\/#webpage\",\"url\":\"https:\/\/www.spa-pools.eu\/si\/product\/drzalo-za-termalni-pokrov-spa-masaznega-bazena\/\",\"name\":\"Dr\\u017ealo za Termalni pokrov SPA masa\\u017enega bazena | NIVETO Bazeni\",\"isPartOf\":{\"@id\":\"https:\/\/www.spa-pools.eu\/si\/#website\"},\"primaryImageOfPage\":{\"@id\":\"https:\/\/www.spa-pools.eu\/si\/product\/drzalo-za-termalni-pokrov-spa-masaznega-bazena\/#primaryimage\"},\"datePublished\":\"2021-07-27T10:08:22+00:00\",\"dateModified\":\"2023-12-15T13:33:42+00:00\",\"description\":\"Termalno dr\\u017ealo za pokrov masa\\u017enega bazena. Namenjeni za kvadratne in pravokotne pokrove SPA, NI namenjeni za okrogle ali osmerokotne ali vdolbine SPA;\",\"inLanguage\":\"en-US\",\"potentialAction\":[{\"@type\":\"ReadAction\",\"target\":[\"https:\/\/www.spa-pools.eu\/si\/product\/drzalo-za-termalni-pokrov-spa-masaznega-bazena\/\"]}]}]}<\/script>\n<!-- \/ Yoast SEO Premium plugin. -->","_links":{"self":[{"href":"https:\/\/www.spa-pools.eu\/si\/wp-json\/wp\/v2\/product\/23368","targetHints":{"allow":["GET"]}}],"collection":[{"href":"https:\/\/www.spa-pools.eu\/si\/wp-json\/wp\/v2\/product"}],"about":[{"href":"https:\/\/www.spa-pools.eu\/si\/wp-json\/wp\/v2\/types\/product"}],"replies":[{"embeddable":true,"href":"https:\/\/www.spa-pools.eu\/si\/wp-json\/wp\/v2\/comments?post=23368"}],"wp:featuredmedia":[{"embeddable":true,"href":"https:\/\/www.spa-pools.eu\/si\/wp-json\/wp\/v2\/media\/23374"}],"wp:attachment":[{"href":"https:\/\/www.spa-pools.eu\/si\/wp-json\/wp\/v2\/media?parent=23368"}],"wp:term":[{"taxonomy":"product_brand","embeddable":true,"href":"https:\/\/www.spa-pools.eu\/si\/wp-json\/wp\/v2\/product_brand?post=23368"},{"taxonomy":"product_cat","embeddable":true,"href":"https:\/\/www.spa-pools.eu\/si\/wp-json\/wp\/v2\/product_cat?post=23368"},{"taxonomy":"product_tag","embeddable":true,"href":"https:\/\/www.spa-pools.eu\/si\/wp-json\/wp\/v2\/product_tag?post=23368"},{"taxonomy":"specifikacije","embeddable":true,"href":"https:\/\/www.spa-pools.eu\/si\/wp-json\/wp\/v2\/specifikacije?post=23368"},{"taxonomy":"pumpe__elektronika__mlaznice","embeddable":true,"href":"https:\/\/www.spa-pools.eu\/si\/wp-json\/wp\/v2\/pumpe__elektronika__mlaznice?post=23368"},{"taxonomy":"filtracija","embeddable":true,"href":"https:\/\/www.spa-pools.eu\/si\/wp-json\/wp\/v2\/filtracija?post=23368"},{"taxonomy":"oprema","embeddable":true,"href":"https:\/\/www.spa-pools.eu\/si\/wp-json\/wp\/v2\/oprema?post=23368"},{"taxonomy":"yst_prominent_words","embeddable":true,"href":"https:\/\/www.spa-pools.eu\/si\/wp-json\/wp\/v2\/yst_prominent_words?post=23368"}],"curies":[{"name":"wp","href":"https:\/\/api.w.org\/{rel}","templated":true}]}}