{"id":23434,"date":"2021-10-21T13:07:33","date_gmt":"2021-10-21T13:07:33","guid":{"rendered":"https:\/\/www.spa-pools.eu\/si\/?post_type=product&#038;p=23434"},"modified":"2026-02-04T13:03:01","modified_gmt":"2026-02-04T13:03:01","slug":"bio-zeliscna-solna-savna-200-x-180-x-200-cm-premium","status":"publish","type":"product","link":"https:\/\/www.spa-pools.eu\/si\/product\/bio-zeliscna-solna-savna-200-x-180-x-200-cm-premium\/","title":{"rendered":"BIO zeli\u0161\u010dna solna savna &#8211; 220 x 180 x 200 cm &#8211; PREMIUM"},"content":{"rendered":"<p>Bio solna savna: 2200 x 1800 x 2000 mm<\/p>\n<p><strong>STANDARDNA OPREMA<\/strong><\/p>\n<p style=\"padding-left: 40px;\">Les: kanadski je\u017eek (Tsuga canadensis)<br \/>\nDebelina plo\u0161\u010de: 48 mm, izolirana s kameno volno<br \/>\nsteklene stene iz 10 mm kaljenega sivo obarvanega stekla<br \/>\nRadio Bluetooth in dva zvo\u010dnika<\/p>\n<p style=\"padding-left: 40px;\"><span style=\"color: #3366ff;\">LED RGBW <span class=\"Y2IQFc\" lang=\"sl\">zvezdnato nebo<\/span><\/span><\/p>\n<p style=\"padding-left: 40px;\">linearna LED RGBW stropna razsvetljava<br \/>\nlinearna LED RGBW osvetlitev za naslonom<br \/>\nleseno vedro z \u017elico, higrometermetrom in pe\u0161\u010deno uro<br \/>\nNavodila za namestitev in vzdr\u017eevanje<br \/>\nbarvna digitalna nadzorna plo\u0161\u010da za nadzor zvoka in osvetlitve<br \/>\nPe\u010d SCANDIA Combi &#8211; 8kW \/ 400V -SAWO \u0160vedska z vulkanskim kamnom<br \/>\nNadzor temperature in vla\u017enosti v savni SAWO Innova Classic 2.0<br \/>\nOptimalna temperatura za bio savno 40 &#8211; 50 \u00b0 C in vla\u017enost 50-55%<\/p>\n<p style=\"padding-left: 40px;\"><span class=\"Y2IQFc\" lang=\"sl\" style=\"color: #3366ff;\">Zgornja klop \u0161iroka 600 mm, spodnja 500 mm \u0161iroka &#8211; premi\u010dna<\/span><\/p>\n<p><strong>PREDNOSTI Solnih savn:<\/strong><br \/>\nHimalajska sol pomaga uravnote\u017eiti dotok pozitivnih ionov iz elektronskih naprav, ki jih uporabljamo vsak dan. To izbolj\u0161a va\u0161e splo\u0161no du\u0161evno in \u010dustveno zdravje ter vam pomaga, da se sprostite in razbremenite stresa.<br \/>\nPomo\u010d pri boleznih dihal. Ljudje z alergijami, astmo, alergijskim rinitisom, ka\u0161ljanjem kadilcev in vrsto drugih te\u017eav z dihali poro\u010dajo o pomembnem olaj\u0161anju terapije s solno sobo.<br \/>\nSolni tretmaji pomagajo pri ko\u017enih boleznih. Ljudje z ekcemom, luskavico, brazgotinami zaradi operacij in drugimi ko\u017enimi te\u017eavami pogosto najdejo olaj\u0161anje v solni sobi.<br \/>\nSprostitev \/ zmanj\u0161anje stresa. Negativni ioni izbolj\u0161ajo razpolo\u017eenje in spodbujajo sprostitev. Veliko ljudi obi\u0161\u010de slane sobe samo zato, da laj\u0161a stres.<br \/>\nMedtem ko se spro\u0161\u010dajo v slani jami, kupci globoko vdihnejo s soljo obogaten zrak, ki \u010disti plju\u010da, spodbuja bolj\u0161e dihanje, bolj zdravo ko\u017eo, dober spanec, izbolj\u0161uje kondicijo in splo\u0161no po\u010dutje.<\/p>\n<p><strong>HIMALAJSKA SOLNA SAVNA<\/strong><br \/>\nSolna savna je savna, ki je sestavljena iz kombinacije himalajske solne opeke in toplote, ki dose\u017ee 65 \u00b0 C.<br \/>\nNe\u017eno segrevanje himalajske kristalne soli aktivira higroskopske lastnosti soli (privla\u010di vlago), kar omogo\u010da naravni vlagi v zraku, da se kondenzira na povr\u0161ini solnih blokov, kar spro\u017ei naravni ionizacijski proces. Med tem postopkom sol spro\u0161\u010da negativne ione, ki slu\u017eijo za \u010di\u0161\u010denje zraka v obtoku in omogo\u010dajo na\u0161im telesom, da izkoristijo zdravstvene koristi, vklju\u010dno z zmanj\u0161anjem stresa, pove\u010danjem energije in dvigom razpolo\u017eenja na biokemijski ravni. Obse\u017ene prednosti tradicionalnih wellness savn so dobro znane, in ko dodamo u\u010dinek \u010diste himalajske soli, je rezultat resni\u010dno neprekosljivo do\u017eivetje savne.<\/p>\n<p><strong>PREDNOSTI OBDELAVE HIMALAJSKE SOLI:<\/strong><br \/>\nKoristi za ko\u017eo: Poleg tega, da sol vstopi v telo skozi dihala, se skozi ko\u017eo absorbira tudi sol. Toplota savne odpira pore ko\u017ee, kar omogo\u010da enostavno absorpcijo \u0161tevilnih od pribli\u017eno 80 koristnih mineralov, ki so prisotni v soli. Solne savne pove\u010dajo pretok krvi pod ko\u017eo, podobno kot obloga plju\u010d, s \u010dimer se zmanj\u0161a vnetje, rde\u010dina, oteklina, srbenje in suhost, kar lahko zmanj\u0161a tudi pogostost in resnost ekcemov.<br \/>\nDihalna pomo\u010d: himalajski slani zrak lahko pomaga spodbuditi naravno sposobnost dihal, da zmanj\u0161a vnetje, odstrani blokade, se bori proti oku\u017ebam in zmanj\u0161a nelagodje; zaradi \u010desar je s \u010di\u0161\u010denjem dihal izjemno koristen za tiste, ki trpijo zaradi astme, alergij, bronhitisa in ka\u0161lja.<br \/>\nPove\u010dana raven serotonina, ki naj bi pozitivno vplivala na prebavo, spomin, spanje, apetit in razpolo\u017eenje.<\/p>\n<p><strong>ZAKAJ HIMALAJSKA SOL?<\/strong><br \/>\nPred ve\u010d kot 300 milijoni let je bil ocean tam, kjer so danes himalajske gore. Ugotovljeno je bilo, da je ogromno nahajali\u0161\u010de mineralov ostalo, ko je ocean izhlapel in presahnil. Gore so tiste, ki \u0161\u010ditijo in zapirajo onesna\u017eevanje z ohranjanjem naravne \u010distosti soli.<\/p>\n<p>Barva himalajske soli se lahko dejansko razlikuje, od kristalno bele do razli\u010dnih odtenkov roza in celo temno rde\u010de. Odtenek je posledica visoke vsebnosti mineralov in \u017eeleza. To so edinstvene lastnosti, zaradi katerih je himalajska sol ena naj\u010distej\u0161ih oblik soli, ki je na voljo.<\/p>\n<p>Himalajska ro\u017enata sol se iskri kot diamanti, kar potrjuje njeno naravno \u010distost. Ta povsem naravna sol vsebuje ve\u010d kot 84 mineralov v sledovih, vklju\u010dno z vsemi, za katere je znano, da so bistvenega pomena za dobro zdravje in vitalnost.<\/p>\n<p><strong>KAJ JE BIO slana savna?<\/strong><\/p>\n<p>Biosavna je sodobna alternativa tradicionalni finski savni in je zasnovana tako, da v savno pripelje vse tiste, ki ne prena\u0161ajo visokih temperatur ali imajo te\u017eave z visokim krvnim tlakom.<\/p>\n<p>Biosavna je savna z vla\u017enim ozra\u010djem z najvi\u0161jo temperaturo pribli\u017eno 40\/50 \u00b0 C in vla\u017enostjo v obmo\u010dju od 50 do 55%.<\/p>\n<p>Razlika med parno \/ tur\u0161ko kopeljo (z nasi\u010denostjo blizu 100%) je v tem, da v bio savni sobivamo v ravnovesju temperature in vlage, in ravno ta temperatura in vlaga iz himalajske soli, ki jo damo na stene, izvle\u010de najbolj\u0161e.<\/p>\n<p><strong>V rezervoar lahko z vodo dodate poljubno aromo<\/strong><\/p>\n<p>Najbolj uporaben je za tiste, ki na splo\u0161no ne prena\u0161ajo visokih temperatur, in za tiste, ki trpijo zaradi nizkega krvnega tlaka, kr\u010dnih \u017eil in krhkih kapilar.<\/p>\n<p>Seveda lahko to savno uporabljate tudi kot tradicionalno finsko in suho savno do 90\u00b0C<\/p>\n<p><strong>AROMATERAPIJA:<\/strong><\/p>\n<p>V skladu s strokovno definicijo je aromaterapija opisana kot del fitoterapije, discipline, ki uporablja rastline in podobne pripravke z namenom ohranjanja zdravja, prepre\u010devanja in zdravljenja bolezni. Posebnost aromaterapije je, da za dosego cilja uporablja eteri\u010dna olja. Eteri\u010dna olja so me\u0161anice hlapnih, biolo\u0161ko aktivnih spojin, ki jih najpogosteje dobimo z destilacijo ali stiskanjem rastlinskega materiala.<\/p>\n<p>Glede na to, da se nam zdi ideja, kako lahko vonj eteri\u010dnih olj tako pomembno vpliva na na\u0161e telo, nekoliko abstraktna, je povsem normalno, da se vpra\u0161amo, kako to\u010dno ta olja delujejo. Kemikalije, ki jih ta olja vsebujejo, namre\u010d delujejo na na\u0161e organe, tkiva ter hormonski in \u017eiv\u010dni sistem. Vohalni receptorji se nahajajo v zgornji nosni votlini in jih aktivirajo molekule, ki se nahajajo v vdihanem zraku. Zanimivo je dejstvo, da ima voh najbolj neposredno povezavo z mo\u017egani od vseh \u010dutil. Dobro je tudi vedeti, da je najbolj\u0161a ob\u010dutljivost med 30. in 50. letom, \u017eenske pa so bolj ob\u010dutljive na vohalne dra\u017eljaje. Potem ko receptorske celice v nosu prejmejo dra\u017eljaj, se \u017eiv\u010dni impulz s senzori\u010dnimi \u017eiv\u010dnimi vlakni prenese v senzori\u010dni center v mo\u017eganski skorji, nato pa pride do ob\u010dutkov in zaznav. \u010cutno obmo\u010dje za voh se nahaja v \u010delnem re\u017enju velikega mozga. Mo\u017eganski sistem vsebuje tudi limbi\u010dni sistem, vrsto struktur, ki nadzorujejo mnoga instinktivna vedenja in igrajo pomembno vlogo pri razvoju jeze in strahu. Poleg tega, da vonji in arome vplivajo na pojav \u010dustev, je dokazana tudi njihova povezava s spominom, torej s spominom. Nekateri vonji lahko povzro\u010dijo val \u0161tevilnih spominov iz preteklosti in nam tako pomagajo, da se spomnimo dolo\u010denih dogodkov.<\/p>\n<p>Aromaterapija poleg tega, da pomaga pri spominu in \u010dustvih, izjemno pomirja na\u0161e telo. Uporabite ga lahko z di\u0161e\u010dimi sve\u010dami, difuzorji, kopelmi &#8230; Zdaj, ko ste seznanjeni s prednostmi aromaterapije, vam predlagamo, da si privo\u0161\u010dite enega od aromati\u010dnih tu\u0161ev iz na\u0161e \u0161iroke ponudbe in popolnoma sprostite svoj duh in telo.<\/p>\n<p><strong>KROMOTERAPIJA<\/strong><\/p>\n<p>Kromoterapija, imenovana tudi barvna terapija, je uporaba barve in svetlobe za ne\u017eno doseganje homeostaze.<\/p>\n<p><span style=\"color: #ff0000;\">RDE\u010cA:<\/span> Prina\u0161a toploto, energijo in stimulacijo; zato je dobra barva za energijo, utrujenost, prehlad, hladne in pasivne ljudi. Daje energijo srcu in krvnemu obtoku ter spodbuja \u010dute.<\/p>\n<p><span style=\"color: #ffff00;\">RUMENA:<\/span> Pove\u010da \u017eiv\u010dno-mi\u0161i\u010dni tonus. \u010cisti kri, pomaga pri prebavi in \u200b\u200bima \u010distilni u\u010dinek. Mo\u010dno spodbuja veselje, prina\u0161a ob\u010dutek varnosti, pa tudi mo\u010dan ob\u010dutek dobrega po\u010dutja.<\/p>\n<p><span style=\"color: #0000ff;\">MODRA:<\/span> Je hladna barva, ki pomirja. Spodbuja parasimpati\u010dni sistem, zni\u017euje krvni tlak in pomirja dihanje in srce. Pomaga pri zdravljenju motenj spanja in glavobola<\/p>\n<p><span style=\"color: #339966;\">ZELENA:<\/span> je hladna, pomirjevalna barva, ki pomaga zmanj\u0161ati otekanje sklepov in tkiv; pomirja \u017eiv\u010dni sistem telesa. Je barve spro\u0161\u010denega srca.<\/p>\n<p><span style=\"color: #993366;\">VIJOLI\u010cNA:<\/span> spodbuja zavest in vest. Pove\u010da u\u010dinek zdravil. Spodbuja pravilno delovanje limfnega sistema in je zelo koristen v menopavzi. Je barva za nevtralizacijo \u010dustvenih ran in duhovne rasti.<\/p>\n<p><span style=\"color: #00ffff;\">TURKIZ:<\/span> Pove\u010da intuicijo in ob\u010dutljivost. Mentalno se sprosti in spopade z utele\u0161enimi psiholo\u0161kimi ovirami. Deluje kot tonik in lahko pomaga uravnavati neravnovesja v plju\u010dnem in debelem sistemu. Turkizna spodbuja duhovno rast.<\/p>\n<p><strong>OPOMBA:<\/strong><br \/>\nSlike so ilustrativne in ne prikazujejo nujno enakih podrobnosti.<br \/>\nVeljaven je samo opis v priponki.<\/p>\n<p><strong>GARANCIJA: 2 leti<\/strong><\/p>\n<p>Podobni izdelki<\/p>\n<div class=\"video-shortcode\">\n<blockquote class=\"wp-embedded-content\" data-secret=\"jjj6BDxqGz\"><p><a href=\"https:\/\/www.spa-pools.eu\/si\/product\/bio-zeliscna-solna-savna-250-180-220-cedar\/\">BIO zeli\u0161\u010dna solna savna &#8211; 250 x 180 x 220 cm &#8211; ELITE &#8211; rde\u010da cedra<\/a><\/p><\/blockquote>\n<p><iframe class=\"wp-embedded-content\" sandbox=\"allow-scripts\" security=\"restricted\" style=\"position: absolute; clip: rect(1px, 1px, 1px, 1px);\" title=\"&#8220;BIO zeli\u0161\u010dna solna savna &#8211; 250 x 180 x 220 cm &#8211; ELITE &#8211; rde\u010da cedra&#8221; &#8212; NIVETO Bazeni\" src=\"https:\/\/www.spa-pools.eu\/si\/product\/bio-zeliscna-solna-savna-250-180-220-cedar\/embed\/#?secret=jjj6BDxqGz\" data-secret=\"jjj6BDxqGz\" width=\"600\" height=\"338\" frameborder=\"0\" marginwidth=\"0\" marginheight=\"0\" scrolling=\"no\"><\/iframe><\/div>\n<p>&nbsp;<\/p>\n<p>&nbsp;<\/p>\n","protected":false},"excerpt":{"rendered":"<p><strong>spa-pools.eu<\/strong> vam predstavlja visokokakovostno, razko\u0161no in najbolj vsestransko uporabljeno savno : BIO SALARIUM<\/p>\n<p>V eni savni imate na voljo:<br \/>\nFinske savne<br \/>\nParne savne<br \/>\nBio savna<br \/>\nSolne sobe<br \/>\nSolne terapije<br \/>\nAromaterapija<br \/>\nKromoterapija<\/p>\n<p>Savna z bio soljo je narejena iz luksuzne ameri\u0161ke trepetlike z vrhunskim zaklju\u010dkom in stenami, prekritimi s himalajsko soljo in najkakovostnej\u0161imi sestavnimi deli na trgu.<\/p>\n<p>Savne za tiste, ki \u017eelijo ve\u010d, \u017eelijo druga\u010de in ne \u017eelijo kompromisov.<\/p>\n<p style=\"text-align: center;\"><span style=\"color: #0000ff;\"><strong>cene so za enkratno pla\u010dilo.<\/strong><\/span><\/p>\n<p>https:\/\/www.youtube.com\/watch?v=kP4XZOjLOrk&amp;t=9s<\/p>\n","protected":false},"featured_media":23427,"comment_status":"open","ping_status":"closed","template":"","meta":{"_acf_changed":false},"product_brand":[],"product_cat":[1053,161],"product_tag":[],"specifikacije":[],"pumpe__elektronika__mlaznice":[],"filtracija":[],"oprema":[],"yst_prominent_words":[386,183,331,1066,1067,173,472,837,833,266,1118,178,1114,1059,1057,179,1065,1055,1056,1054],"class_list":{"0":"post-23434","1":"product","2":"type-product","3":"status-publish","4":"has-post-thumbnail","6":"product_cat-bio-solne-savne","7":"product_cat-saune-infra-crvene-ir-karbon-finske-full-spectrum","8":"tm-no-options","10":"first","11":"outofstock","12":"taxable","13":"shipping-taxable","14":"purchasable","15":"product-type-simple"},"acf":[],"yoast_head":"<!-- This site is optimized with the Yoast SEO Premium plugin v14.0.4 - https:\/\/yoast.com\/wordpress\/plugins\/seo\/ -->\n<title>FINSKA SAVNA - PREMIUM kotna do 4 osebe | NIVETO Bazeni<\/title>\n<meta name=\"description\" content=\"spa-pools.eu vam predstavlja visokokakovostno, razko\u0161no in najbolj vsestransko uporabljeno savno : BIO SALARIUM  V eni savni imate na voljo: Finske savne Parne savne Bio savna Solne sobe Solne terapije Aromaterapija Kromoterapija  Savna z bio soljo je narejena iz luksuzne ameri\u0161ke trepetlike z vrhunskim zaklju\u010dkom in stenami, prekritimi s himalajsko soljo in najkakovostnej\u0161imi sestavnimi deli na trgu.  Savne za tiste, ki \u017eelijo ve\u010d, \u017eelijo druga\u010de in ne \u017eelijo kompromisov. cene so za enkratno pla\u010dilo. https:\/\/www.youtube.com\/watch?v=kP4XZOjLOrk&amp;t=9s\" \/>\n<meta name=\"robots\" content=\"index, follow\" \/>\n<meta name=\"googlebot\" content=\"index, follow, max-snippet:-1, max-image-preview:large, max-video-preview:-1\" \/>\n<meta name=\"bingbot\" content=\"index, follow, max-snippet:-1, max-image-preview:large, max-video-preview:-1\" \/>\n<link rel=\"canonical\" href=\"https:\/\/www.spa-pools.eu\/si\/product\/bio-zeliscna-solna-savna-200-x-180-x-200-cm-premium\/\" \/>\n<meta property=\"og:locale\" content=\"en_US\" \/>\n<meta property=\"og:type\" content=\"article\" \/>\n<meta property=\"og:title\" content=\"FINSKA SAVNA - PREMIUM kotna do 4 osebe | NIVETO Bazeni\" \/>\n<meta property=\"og:description\" content=\"spa-pools.eu vam predstavlja visokokakovostno, razko\u0161no in najbolj vsestransko uporabljeno savno : BIO SALARIUM  V eni savni imate na voljo: Finske savne Parne savne Bio savna Solne sobe Solne terapije Aromaterapija Kromoterapija  Savna z bio soljo je narejena iz luksuzne ameri\u0161ke trepetlike z vrhunskim zaklju\u010dkom in stenami, prekritimi s himalajsko soljo in najkakovostnej\u0161imi sestavnimi deli na trgu.  Savne za tiste, ki \u017eelijo ve\u010d, \u017eelijo druga\u010de in ne \u017eelijo kompromisov. cene so za enkratno pla\u010dilo. https:\/\/www.youtube.com\/watch?v=kP4XZOjLOrk&amp;t=9s\" \/>\n<meta property=\"og:url\" content=\"https:\/\/www.spa-pools.eu\/si\/product\/bio-zeliscna-solna-savna-200-x-180-x-200-cm-premium\/\" \/>\n<meta property=\"og:site_name\" content=\"NIVETO Bazeni\" \/>\n<meta property=\"article:publisher\" content=\"https:\/\/www.facebook.com\/Nivetobazeniifontane\/\" \/>\n<meta property=\"article:modified_time\" content=\"2026-02-04T13:03:01+00:00\" \/>\n<meta property=\"og:image\" content=\"https:\/\/www.spa-pools.eu\/si\/wp-content\/uploads\/2021\/10\/spa-hr-BIO-Solna-sauna-180x140x200-3.jpg\" \/>\n\t<meta property=\"og:image:width\" content=\"1200\" \/>\n\t<meta property=\"og:image:height\" content=\"800\" \/>\n<meta name=\"twitter:card\" content=\"summary_large_image\" \/>\n<script type=\"application\/ld+json\" class=\"yoast-schema-graph\">{\"@context\":\"https:\/\/schema.org\",\"@graph\":[{\"@type\":\"Organization\",\"@id\":\"https:\/\/www.spa-pools.eu\/si\/#organization\",\"name\":\"Niveto d.o.o. - Spa bazeni\",\"url\":\"https:\/\/www.spa-pools.eu\/si\/\",\"sameAs\":[\"https:\/\/www.facebook.com\/Nivetobazeniifontane\/\"],\"logo\":{\"@type\":\"ImageObject\",\"@id\":\"https:\/\/www.spa-pools.eu\/si\/#logo\",\"inLanguage\":\"en-US\",\"url\":\"https:\/\/www.spa-pools.eu\/si\/wp-content\/uploads\/revslider\/home3-rs1\/logo.png\",\"width\":203,\"height\":60,\"caption\":\"Niveto d.o.o. - Spa bazeni\"},\"image\":{\"@id\":\"https:\/\/www.spa-pools.eu\/si\/#logo\"}},{\"@type\":\"WebSite\",\"@id\":\"https:\/\/www.spa-pools.eu\/si\/#website\",\"url\":\"https:\/\/www.spa-pools.eu\/si\/\",\"name\":\"NIVETO Bazeni\",\"description\":\"Spa masa\\u017eni bazeni\",\"publisher\":{\"@id\":\"https:\/\/www.spa-pools.eu\/si\/#organization\"},\"potentialAction\":[{\"@type\":\"SearchAction\",\"target\":\"https:\/\/www.spa-pools.eu\/si\/?s={search_term_string}\",\"query-input\":\"required name=search_term_string\"}],\"inLanguage\":\"en-US\"},{\"@type\":\"ImageObject\",\"@id\":\"https:\/\/www.spa-pools.eu\/si\/product\/bio-zeliscna-solna-savna-200-x-180-x-200-cm-premium\/#primaryimage\",\"inLanguage\":\"en-US\",\"url\":\"https:\/\/www.spa-pools.eu\/si\/wp-content\/uploads\/2021\/10\/spa-hr-BIO-Solna-sauna-180x140x200-3.jpg\",\"width\":1200,\"height\":800},{\"@type\":\"WebPage\",\"@id\":\"https:\/\/www.spa-pools.eu\/si\/product\/bio-zeliscna-solna-savna-200-x-180-x-200-cm-premium\/#webpage\",\"url\":\"https:\/\/www.spa-pools.eu\/si\/product\/bio-zeliscna-solna-savna-200-x-180-x-200-cm-premium\/\",\"name\":\"FINSKA SAVNA - PREMIUM kotna do 4 osebe | NIVETO Bazeni\",\"isPartOf\":{\"@id\":\"https:\/\/www.spa-pools.eu\/si\/#website\"},\"primaryImageOfPage\":{\"@id\":\"https:\/\/www.spa-pools.eu\/si\/product\/bio-zeliscna-solna-savna-200-x-180-x-200-cm-premium\/#primaryimage\"},\"datePublished\":\"2021-10-21T13:07:33+00:00\",\"dateModified\":\"2026-02-04T13:03:01+00:00\",\"description\":\"spa-pools.eu vam predstavlja visokokakovostno, razko\\u0161no in najbolj vsestransko uporabljeno savno : BIO SALARIUM V eni savni imate na voljo: Finske savne Parne savne Bio savna Solne sobe Solne terapije Aromaterapija Kromoterapija Savna z bio soljo je narejena iz luksuzne ameri\\u0161ke trepetlike z vrhunskim zaklju\\u010dkom in stenami, prekritimi s himalajsko soljo in najkakovostnej\\u0161imi sestavnimi deli na trgu. Savne za tiste, ki \\u017eelijo ve\\u010d, \\u017eelijo druga\\u010de in ne \\u017eelijo kompromisov. cene so za enkratno pla\\u010dilo. https:\/\/www.youtube.com\/watch?v=kP4XZOjLOrk&amp;t=9s\",\"inLanguage\":\"en-US\",\"potentialAction\":[{\"@type\":\"ReadAction\",\"target\":[\"https:\/\/www.spa-pools.eu\/si\/product\/bio-zeliscna-solna-savna-200-x-180-x-200-cm-premium\/\"]}]}]}<\/script>\n<!-- \/ Yoast SEO Premium plugin. -->","_links":{"self":[{"href":"https:\/\/www.spa-pools.eu\/si\/wp-json\/wp\/v2\/product\/23434","targetHints":{"allow":["GET"]}}],"collection":[{"href":"https:\/\/www.spa-pools.eu\/si\/wp-json\/wp\/v2\/product"}],"about":[{"href":"https:\/\/www.spa-pools.eu\/si\/wp-json\/wp\/v2\/types\/product"}],"replies":[{"embeddable":true,"href":"https:\/\/www.spa-pools.eu\/si\/wp-json\/wp\/v2\/comments?post=23434"}],"wp:featuredmedia":[{"embeddable":true,"href":"https:\/\/www.spa-pools.eu\/si\/wp-json\/wp\/v2\/media\/23427"}],"wp:attachment":[{"href":"https:\/\/www.spa-pools.eu\/si\/wp-json\/wp\/v2\/media?parent=23434"}],"wp:term":[{"taxonomy":"product_brand","embeddable":true,"href":"https:\/\/www.spa-pools.eu\/si\/wp-json\/wp\/v2\/product_brand?post=23434"},{"taxonomy":"product_cat","embeddable":true,"href":"https:\/\/www.spa-pools.eu\/si\/wp-json\/wp\/v2\/product_cat?post=23434"},{"taxonomy":"product_tag","embeddable":true,"href":"https:\/\/www.spa-pools.eu\/si\/wp-json\/wp\/v2\/product_tag?post=23434"},{"taxonomy":"specifikacije","embeddable":true,"href":"https:\/\/www.spa-pools.eu\/si\/wp-json\/wp\/v2\/specifikacije?post=23434"},{"taxonomy":"pumpe__elektronika__mlaznice","embeddable":true,"href":"https:\/\/www.spa-pools.eu\/si\/wp-json\/wp\/v2\/pumpe__elektronika__mlaznice?post=23434"},{"taxonomy":"filtracija","embeddable":true,"href":"https:\/\/www.spa-pools.eu\/si\/wp-json\/wp\/v2\/filtracija?post=23434"},{"taxonomy":"oprema","embeddable":true,"href":"https:\/\/www.spa-pools.eu\/si\/wp-json\/wp\/v2\/oprema?post=23434"},{"taxonomy":"yst_prominent_words","embeddable":true,"href":"https:\/\/www.spa-pools.eu\/si\/wp-json\/wp\/v2\/yst_prominent_words?post=23434"}],"curies":[{"name":"wp","href":"https:\/\/api.w.org\/{rel}","templated":true}]}}