{"id":23457,"date":"2021-11-22T12:25:21","date_gmt":"2021-11-22T12:25:21","guid":{"rendered":"https:\/\/www.spa-pools.eu\/si\/?post_type=product&#038;p=23457"},"modified":"2021-11-22T12:40:38","modified_gmt":"2021-11-22T12:40:38","slug":"drzalo-s-termo-pokrovom-za-masazni-bazen","status":"publish","type":"product","link":"https:\/\/www.spa-pools.eu\/si\/product\/drzalo-s-termo-pokrovom-za-masazni-bazen\/","title":{"rendered":"Dr\u017ealo s termo pokrovom za masa\u017eni bazen"},"content":{"rendered":"<pre id=\"tw-target-text\" class=\"tw-data-text tw-text-large tw-ta\" dir=\"ltr\" data-placeholder=\"Prijevod\"><span class=\"Y2IQFc\" lang=\"sl\"><strong>Termalno dr\u017ealo za SPA masa\u017eni bazen<\/strong>\r\n\r\n<em>namestitev POD SPA<\/em>\r\n\r\nnamenjeno za kvadratne in pravokotne SPA pokrove, NI namenjeno za okrogle ali osmerokotne ali vgradne SPA;\r\nenostavna namestitev brez vija\u010denja na opa\u017e SPA\r\nkonstrukcija iz nerjave\u010dega aluminija\r\nza pokrove poljubne \u0161irine in debeline, zlo\u017eene\r\npokrov nikoli ne stoji na tleh in ga je enostavno odpreti in zapreti<\/span><\/pre>\n","protected":false},"excerpt":{"rendered":"<ul>\n<li>cene so za enkratno pla\u010dilo v skladu s transakcijskim ra\u010dunom<\/li>\n<li><strong>mo\u017enost pla\u010dila z debetnimi in kreditnimi karticami:<\/strong>\n<ul>\n<li>krat<\/li>\n<li>v obrokih 1-36 obrokov &#8211; odvisno od vrste kartice<\/li>\n<\/ul>\n<\/li>\n<li>upitajte za uvjete pla\u0107anja na rate<\/li>\n<li><strong>V ceno je vklju\u010dena brezpla\u010dna dostava na podro\u010dju Republike Slovenije.<\/strong><\/li>\n<\/ul>\n","protected":false},"featured_media":23458,"comment_status":"open","ping_status":"closed","template":"","meta":{"_acf_changed":false},"product_brand":[],"product_cat":[96],"product_tag":[],"specifikacije":[],"pumpe__elektronika__mlaznice":[],"filtracija":[],"oprema":[],"yst_prominent_words":[266,179],"class_list":{"0":"post-23457","1":"product","2":"type-product","3":"status-publish","4":"has-post-thumbnail","6":"product_cat-dodatna-oprema","7":"tm-no-options","9":"first","10":"instock","11":"taxable","12":"shipping-taxable","13":"purchasable","14":"product-type-simple"},"acf":[],"yoast_head":"<!-- This site is optimized with the Yoast SEO Premium plugin v14.0.4 - https:\/\/yoast.com\/wordpress\/plugins\/seo\/ -->\n<title>Dr\u017ealo s termo pokrovom za masa\u017eni bazen | NIVETO Bazeni<\/title>\n<meta name=\"description\" content=\"Termalno dr\u017ealo za pokrov masa\u017enega bazena. Namenjeni za kvadratne in pravokotne pokrove SPA, NI namenjeni za okrogle ali osmerokotne ali vdolbine SPA;\" \/>\n<meta name=\"robots\" content=\"index, follow\" \/>\n<meta name=\"googlebot\" content=\"index, follow, max-snippet:-1, max-image-preview:large, max-video-preview:-1\" \/>\n<meta name=\"bingbot\" content=\"index, follow, max-snippet:-1, max-image-preview:large, max-video-preview:-1\" \/>\n<link rel=\"canonical\" href=\"https:\/\/www.spa-pools.eu\/si\/product\/drzalo-s-termo-pokrovom-za-masazni-bazen\/\" \/>\n<meta property=\"og:locale\" content=\"en_US\" \/>\n<meta property=\"og:type\" content=\"article\" \/>\n<meta property=\"og:title\" content=\"Dr\u017ealo s termo pokrovom za masa\u017eni bazen | NIVETO Bazeni\" \/>\n<meta property=\"og:description\" content=\"Termalno dr\u017ealo za pokrov masa\u017enega bazena. Namenjeni za kvadratne in pravokotne pokrove SPA, NI namenjeni za okrogle ali osmerokotne ali vdolbine SPA;\" \/>\n<meta property=\"og:url\" content=\"https:\/\/www.spa-pools.eu\/si\/product\/drzalo-s-termo-pokrovom-za-masazni-bazen\/\" \/>\n<meta property=\"og:site_name\" content=\"NIVETO Bazeni\" \/>\n<meta property=\"article:publisher\" content=\"https:\/\/www.facebook.com\/Nivetobazeniifontane\/\" \/>\n<meta property=\"article:modified_time\" content=\"2021-11-22T12:40:38+00:00\" \/>\n<meta property=\"og:image\" content=\"https:\/\/www.spa-pools.eu\/si\/wp-content\/uploads\/2021\/11\/spa.hr-nosac-pokrova-4.jpg\" \/>\n\t<meta property=\"og:image:width\" content=\"1200\" \/>\n\t<meta property=\"og:image:height\" content=\"800\" \/>\n<meta name=\"twitter:card\" content=\"summary_large_image\" \/>\n<script type=\"application\/ld+json\" class=\"yoast-schema-graph\">{\"@context\":\"https:\/\/schema.org\",\"@graph\":[{\"@type\":\"Organization\",\"@id\":\"https:\/\/www.spa-pools.eu\/si\/#organization\",\"name\":\"Niveto d.o.o. - Spa bazeni\",\"url\":\"https:\/\/www.spa-pools.eu\/si\/\",\"sameAs\":[\"https:\/\/www.facebook.com\/Nivetobazeniifontane\/\"],\"logo\":{\"@type\":\"ImageObject\",\"@id\":\"https:\/\/www.spa-pools.eu\/si\/#logo\",\"inLanguage\":\"en-US\",\"url\":\"https:\/\/www.spa-pools.eu\/si\/wp-content\/uploads\/revslider\/home3-rs1\/logo.png\",\"width\":203,\"height\":60,\"caption\":\"Niveto d.o.o. - Spa bazeni\"},\"image\":{\"@id\":\"https:\/\/www.spa-pools.eu\/si\/#logo\"}},{\"@type\":\"WebSite\",\"@id\":\"https:\/\/www.spa-pools.eu\/si\/#website\",\"url\":\"https:\/\/www.spa-pools.eu\/si\/\",\"name\":\"NIVETO Bazeni\",\"description\":\"Spa masa\\u017eni bazeni\",\"publisher\":{\"@id\":\"https:\/\/www.spa-pools.eu\/si\/#organization\"},\"potentialAction\":[{\"@type\":\"SearchAction\",\"target\":\"https:\/\/www.spa-pools.eu\/si\/?s={search_term_string}\",\"query-input\":\"required name=search_term_string\"}],\"inLanguage\":\"en-US\"},{\"@type\":\"ImageObject\",\"@id\":\"https:\/\/www.spa-pools.eu\/si\/product\/drzalo-s-termo-pokrovom-za-masazni-bazen\/#primaryimage\",\"inLanguage\":\"en-US\",\"url\":\"https:\/\/www.spa-pools.eu\/si\/wp-content\/uploads\/2021\/11\/spa.hr-nosac-pokrova-4.jpg\",\"width\":1200,\"height\":800},{\"@type\":\"WebPage\",\"@id\":\"https:\/\/www.spa-pools.eu\/si\/product\/drzalo-s-termo-pokrovom-za-masazni-bazen\/#webpage\",\"url\":\"https:\/\/www.spa-pools.eu\/si\/product\/drzalo-s-termo-pokrovom-za-masazni-bazen\/\",\"name\":\"Dr\\u017ealo s termo pokrovom za masa\\u017eni bazen | NIVETO Bazeni\",\"isPartOf\":{\"@id\":\"https:\/\/www.spa-pools.eu\/si\/#website\"},\"primaryImageOfPage\":{\"@id\":\"https:\/\/www.spa-pools.eu\/si\/product\/drzalo-s-termo-pokrovom-za-masazni-bazen\/#primaryimage\"},\"datePublished\":\"2021-11-22T12:25:21+00:00\",\"dateModified\":\"2021-11-22T12:40:38+00:00\",\"description\":\"Termalno dr\\u017ealo za pokrov masa\\u017enega bazena. Namenjeni za kvadratne in pravokotne pokrove SPA, NI namenjeni za okrogle ali osmerokotne ali vdolbine SPA;\",\"inLanguage\":\"en-US\",\"potentialAction\":[{\"@type\":\"ReadAction\",\"target\":[\"https:\/\/www.spa-pools.eu\/si\/product\/drzalo-s-termo-pokrovom-za-masazni-bazen\/\"]}]}]}<\/script>\n<!-- \/ Yoast SEO Premium plugin. -->","_links":{"self":[{"href":"https:\/\/www.spa-pools.eu\/si\/wp-json\/wp\/v2\/product\/23457","targetHints":{"allow":["GET"]}}],"collection":[{"href":"https:\/\/www.spa-pools.eu\/si\/wp-json\/wp\/v2\/product"}],"about":[{"href":"https:\/\/www.spa-pools.eu\/si\/wp-json\/wp\/v2\/types\/product"}],"replies":[{"embeddable":true,"href":"https:\/\/www.spa-pools.eu\/si\/wp-json\/wp\/v2\/comments?post=23457"}],"wp:featuredmedia":[{"embeddable":true,"href":"https:\/\/www.spa-pools.eu\/si\/wp-json\/wp\/v2\/media\/23458"}],"wp:attachment":[{"href":"https:\/\/www.spa-pools.eu\/si\/wp-json\/wp\/v2\/media?parent=23457"}],"wp:term":[{"taxonomy":"product_brand","embeddable":true,"href":"https:\/\/www.spa-pools.eu\/si\/wp-json\/wp\/v2\/product_brand?post=23457"},{"taxonomy":"product_cat","embeddable":true,"href":"https:\/\/www.spa-pools.eu\/si\/wp-json\/wp\/v2\/product_cat?post=23457"},{"taxonomy":"product_tag","embeddable":true,"href":"https:\/\/www.spa-pools.eu\/si\/wp-json\/wp\/v2\/product_tag?post=23457"},{"taxonomy":"specifikacije","embeddable":true,"href":"https:\/\/www.spa-pools.eu\/si\/wp-json\/wp\/v2\/specifikacije?post=23457"},{"taxonomy":"pumpe__elektronika__mlaznice","embeddable":true,"href":"https:\/\/www.spa-pools.eu\/si\/wp-json\/wp\/v2\/pumpe__elektronika__mlaznice?post=23457"},{"taxonomy":"filtracija","embeddable":true,"href":"https:\/\/www.spa-pools.eu\/si\/wp-json\/wp\/v2\/filtracija?post=23457"},{"taxonomy":"oprema","embeddable":true,"href":"https:\/\/www.spa-pools.eu\/si\/wp-json\/wp\/v2\/oprema?post=23457"},{"taxonomy":"yst_prominent_words","embeddable":true,"href":"https:\/\/www.spa-pools.eu\/si\/wp-json\/wp\/v2\/yst_prominent_words?post=23457"}],"curies":[{"name":"wp","href":"https:\/\/api.w.org\/{rel}","templated":true}]}}