{"id":23653,"date":"2022-07-13T09:37:50","date_gmt":"2022-07-13T09:37:50","guid":{"rendered":"https:\/\/www.spa-pools.eu\/si\/?post_type=product&#038;p=23653"},"modified":"2025-03-06T13:22:14","modified_gmt":"2025-03-06T13:22:14","slug":"flokulant-5l","status":"publish","type":"product","link":"https:\/\/www.spa-pools.eu\/si\/product\/flokulant-5l\/","title":{"rendered":"Flokulant 5L"},"content":{"rendered":"","protected":false},"excerpt":{"rendered":"<p>Namen: Teko\u010de sredstvo za bistrenje vode v bazenu.<br \/>\nPozitivno vpliva na izbolj\u0161anje filtracije in dezinfekcije vode ter je u\u010dinkovit v \u0161irokem obmo\u010dju pH in temperatur.<br \/>\nJe popolnoma topen v vodi ne glede na trdoto vode. Odstranjuje amoniak, \u017eelezo, mangan, nitrite in fosfate. Primeren je za avtomatsko in ro\u010dno doziranje. .<br \/>\nPri ro\u010dnem doziranju je priporo\u010dljivo enakomerno polivanje na ve\u010d mestih v bazenu.<\/p>\n<p>Dozira se v motno vodo. Navodila za uporabo in odmerjanje: Dozira se: 0,05 \u2013 0,10 l na 10 m\u00b3<\/p>\n","protected":false},"featured_media":23654,"comment_status":"open","ping_status":"closed","template":"","meta":{"_acf_changed":false},"product_brand":[],"product_cat":[93],"product_tag":[],"specifikacije":[],"pumpe__elektronika__mlaznice":[],"filtracija":[],"oprema":[],"yst_prominent_words":[256,173,266,178,780,380,179],"class_list":{"0":"post-23653","1":"product","2":"type-product","3":"status-publish","4":"has-post-thumbnail","6":"product_cat-bazenska-kemija","7":"tm-no-options","9":"first","10":"instock","11":"taxable","12":"shipping-taxable","13":"purchasable","14":"product-type-simple"},"acf":[],"yoast_head":"<!-- This site is optimized with the Yoast SEO Premium plugin v14.0.4 - https:\/\/yoast.com\/wordpress\/plugins\/seo\/ -->\n<title>Flokulant 5L | NIVETO Bazeni<\/title>\n<meta name=\"description\" content=\"Namen: Teko\u010de sredstvo za bistrenje vode v bazenu. Pozitivno vpliva na izbolj\u0161anje filtracije in dezinfekcije vode ter je u\u010dinkovit v \u0161irokem obmo\u010dju pH in temperatur. Je popolnoma topen v vodi ne glede na trdoto vode. Odstranjuje amoniak, \u017eelezo, mangan, nitrite in fosfate. Primeren je za avtomatsko in ro\u010dno doziranje. . Pri ro\u010dnem doziranju je priporo\u010dljivo enakomerno polivanje na ve\u010d mestih v bazenu.  Dozira se v motno vodo. Navodila za uporabo in odmerjanje: Dozira se: 0,05 \u2013 0,10 l na 10 m\u00b3\" \/>\n<meta name=\"robots\" content=\"index, follow\" \/>\n<meta name=\"googlebot\" content=\"index, follow, max-snippet:-1, max-image-preview:large, max-video-preview:-1\" \/>\n<meta name=\"bingbot\" content=\"index, follow, max-snippet:-1, max-image-preview:large, max-video-preview:-1\" \/>\n<link rel=\"canonical\" href=\"https:\/\/www.spa-pools.eu\/si\/product\/flokulant-5l\/\" \/>\n<meta property=\"og:locale\" content=\"en_US\" \/>\n<meta property=\"og:type\" content=\"article\" \/>\n<meta property=\"og:title\" content=\"Flokulant 5L | NIVETO Bazeni\" \/>\n<meta property=\"og:description\" content=\"Namen: Teko\u010de sredstvo za bistrenje vode v bazenu. Pozitivno vpliva na izbolj\u0161anje filtracije in dezinfekcije vode ter je u\u010dinkovit v \u0161irokem obmo\u010dju pH in temperatur. Je popolnoma topen v vodi ne glede na trdoto vode. Odstranjuje amoniak, \u017eelezo, mangan, nitrite in fosfate. Primeren je za avtomatsko in ro\u010dno doziranje. . Pri ro\u010dnem doziranju je priporo\u010dljivo enakomerno polivanje na ve\u010d mestih v bazenu.  Dozira se v motno vodo. Navodila za uporabo in odmerjanje: Dozira se: 0,05 \u2013 0,10 l na 10 m\u00b3\" \/>\n<meta property=\"og:url\" content=\"https:\/\/www.spa-pools.eu\/si\/product\/flokulant-5l\/\" \/>\n<meta property=\"og:site_name\" content=\"NIVETO Bazeni\" \/>\n<meta property=\"article:publisher\" content=\"https:\/\/www.facebook.com\/Nivetobazeniifontane\/\" \/>\n<meta property=\"article:modified_time\" content=\"2025-03-06T13:22:14+00:00\" \/>\n<meta property=\"og:image\" content=\"https:\/\/www.spa-pools.eu\/si\/wp-content\/uploads\/2022\/07\/ivero-flokulant_5l_kanister.jpg\" \/>\n\t<meta property=\"og:image:width\" content=\"500\" \/>\n\t<meta property=\"og:image:height\" content=\"500\" \/>\n<meta name=\"twitter:card\" content=\"summary_large_image\" \/>\n<script type=\"application\/ld+json\" class=\"yoast-schema-graph\">{\"@context\":\"https:\/\/schema.org\",\"@graph\":[{\"@type\":\"Organization\",\"@id\":\"https:\/\/www.spa-pools.eu\/si\/#organization\",\"name\":\"Niveto d.o.o. - Spa bazeni\",\"url\":\"https:\/\/www.spa-pools.eu\/si\/\",\"sameAs\":[\"https:\/\/www.facebook.com\/Nivetobazeniifontane\/\"],\"logo\":{\"@type\":\"ImageObject\",\"@id\":\"https:\/\/www.spa-pools.eu\/si\/#logo\",\"inLanguage\":\"en-US\",\"url\":\"https:\/\/www.spa-pools.eu\/si\/wp-content\/uploads\/revslider\/home3-rs1\/logo.png\",\"width\":203,\"height\":60,\"caption\":\"Niveto d.o.o. - Spa bazeni\"},\"image\":{\"@id\":\"https:\/\/www.spa-pools.eu\/si\/#logo\"}},{\"@type\":\"WebSite\",\"@id\":\"https:\/\/www.spa-pools.eu\/si\/#website\",\"url\":\"https:\/\/www.spa-pools.eu\/si\/\",\"name\":\"NIVETO Bazeni\",\"description\":\"Spa masa\\u017eni bazeni\",\"publisher\":{\"@id\":\"https:\/\/www.spa-pools.eu\/si\/#organization\"},\"potentialAction\":[{\"@type\":\"SearchAction\",\"target\":\"https:\/\/www.spa-pools.eu\/si\/?s={search_term_string}\",\"query-input\":\"required name=search_term_string\"}],\"inLanguage\":\"en-US\"},{\"@type\":\"ImageObject\",\"@id\":\"https:\/\/www.spa-pools.eu\/si\/product\/flokulant-5l\/#primaryimage\",\"inLanguage\":\"en-US\",\"url\":\"https:\/\/www.spa-pools.eu\/si\/wp-content\/uploads\/2022\/07\/ivero-flokulant_5l_kanister.jpg\",\"width\":500,\"height\":500},{\"@type\":\"WebPage\",\"@id\":\"https:\/\/www.spa-pools.eu\/si\/product\/flokulant-5l\/#webpage\",\"url\":\"https:\/\/www.spa-pools.eu\/si\/product\/flokulant-5l\/\",\"name\":\"Flokulant 5L | NIVETO Bazeni\",\"isPartOf\":{\"@id\":\"https:\/\/www.spa-pools.eu\/si\/#website\"},\"primaryImageOfPage\":{\"@id\":\"https:\/\/www.spa-pools.eu\/si\/product\/flokulant-5l\/#primaryimage\"},\"datePublished\":\"2022-07-13T09:37:50+00:00\",\"dateModified\":\"2025-03-06T13:22:14+00:00\",\"description\":\"Namen: Teko\\u010de sredstvo za bistrenje vode v bazenu. Pozitivno vpliva na izbolj\\u0161anje filtracije in dezinfekcije vode ter je u\\u010dinkovit v \\u0161irokem obmo\\u010dju pH in temperatur. Je popolnoma topen v vodi ne glede na trdoto vode. Odstranjuje amoniak, \\u017eelezo, mangan, nitrite in fosfate. Primeren je za avtomatsko in ro\\u010dno doziranje. . Pri ro\\u010dnem doziranju je priporo\\u010dljivo enakomerno polivanje na ve\\u010d mestih v bazenu. Dozira se v motno vodo. Navodila za uporabo in odmerjanje: Dozira se: 0,05 \\u2013 0,10 l na 10 m\\u00b3\",\"inLanguage\":\"en-US\",\"potentialAction\":[{\"@type\":\"ReadAction\",\"target\":[\"https:\/\/www.spa-pools.eu\/si\/product\/flokulant-5l\/\"]}]}]}<\/script>\n<!-- \/ Yoast SEO Premium plugin. -->","_links":{"self":[{"href":"https:\/\/www.spa-pools.eu\/si\/wp-json\/wp\/v2\/product\/23653","targetHints":{"allow":["GET"]}}],"collection":[{"href":"https:\/\/www.spa-pools.eu\/si\/wp-json\/wp\/v2\/product"}],"about":[{"href":"https:\/\/www.spa-pools.eu\/si\/wp-json\/wp\/v2\/types\/product"}],"replies":[{"embeddable":true,"href":"https:\/\/www.spa-pools.eu\/si\/wp-json\/wp\/v2\/comments?post=23653"}],"wp:featuredmedia":[{"embeddable":true,"href":"https:\/\/www.spa-pools.eu\/si\/wp-json\/wp\/v2\/media\/23654"}],"wp:attachment":[{"href":"https:\/\/www.spa-pools.eu\/si\/wp-json\/wp\/v2\/media?parent=23653"}],"wp:term":[{"taxonomy":"product_brand","embeddable":true,"href":"https:\/\/www.spa-pools.eu\/si\/wp-json\/wp\/v2\/product_brand?post=23653"},{"taxonomy":"product_cat","embeddable":true,"href":"https:\/\/www.spa-pools.eu\/si\/wp-json\/wp\/v2\/product_cat?post=23653"},{"taxonomy":"product_tag","embeddable":true,"href":"https:\/\/www.spa-pools.eu\/si\/wp-json\/wp\/v2\/product_tag?post=23653"},{"taxonomy":"specifikacije","embeddable":true,"href":"https:\/\/www.spa-pools.eu\/si\/wp-json\/wp\/v2\/specifikacije?post=23653"},{"taxonomy":"pumpe__elektronika__mlaznice","embeddable":true,"href":"https:\/\/www.spa-pools.eu\/si\/wp-json\/wp\/v2\/pumpe__elektronika__mlaznice?post=23653"},{"taxonomy":"filtracija","embeddable":true,"href":"https:\/\/www.spa-pools.eu\/si\/wp-json\/wp\/v2\/filtracija?post=23653"},{"taxonomy":"oprema","embeddable":true,"href":"https:\/\/www.spa-pools.eu\/si\/wp-json\/wp\/v2\/oprema?post=23653"},{"taxonomy":"yst_prominent_words","embeddable":true,"href":"https:\/\/www.spa-pools.eu\/si\/wp-json\/wp\/v2\/yst_prominent_words?post=23653"}],"curies":[{"name":"wp","href":"https:\/\/api.w.org\/{rel}","templated":true}]}}