{"id":23670,"date":"2022-07-13T10:08:31","date_gmt":"2022-07-13T10:08:31","guid":{"rendered":"https:\/\/www.spa-pools.eu\/si\/?post_type=product&#038;p=23670"},"modified":"2026-04-01T11:07:59","modified_gmt":"2026-04-01T11:07:59","slug":"inverterska-toplotna-crpalka-17-kw-za-bazene-do-75-m3","status":"publish","type":"product","link":"https:\/\/www.spa-pools.eu\/si\/product\/inverterska-toplotna-crpalka-17-kw-za-bazene-do-75-m3\/","title":{"rendered":"Inverterska toplotna \u010drpalka 17 kW za bazene do 75 m3"},"content":{"rendered":"<p>Kako izra\u010dunati toplotno \u010drpalko za bazen?<\/p>\n<p>Za pravilen izra\u010dun je potrebno dati odgovore na naslednja vpra\u0161anja:<\/p>\n<p>Kolik\u0161en je volumen vode?<br \/>\nKak\u0161na je vodna povr\u0161ina?<br \/>\nKak\u0161na je lokacija bazena: kraj, mesto?<br \/>\nKak\u0161na je najve\u010dja hitrost vetra? Ta podatek se pridobi z oceno glede na kraj, mesto v katerem se nahajate in je najpomembnej\u0161i podatek za izra\u010dun pregretja.<br \/>\nOd kdaj do kdaj predvidevate ogrevanje bazena?<br \/>\nObdobje v letu \u2013 od katerega do katerega datuma?<br \/>\nPri kak\u0161ni temperaturi \u017eelite vzdr\u017eevati vodo?<br \/>\nKoliko ur na dan je aktivna filtracija vode?<br \/>\nJe bazen poln ali prepoln?<\/p>\n<p>\u010ce prelivanje, kak\u0161na vrsta preliva?<\/p>\n<p>Finski preliv<br \/>\nInfinity preliv<br \/>\n\u010ce vtipkate neskon\u010dnost, kak\u0161na je vodna povr\u0161ina prelivne stene?<br \/>\nKak\u0161na je vodna povr\u0161ina prelivnega kanala?<br \/>\nAli je bazen pokrit s toplotno odejo?<br \/>\nPlavajo\u010da folija<br \/>\nAvtomatsko prekrivalo z \u017ealuzijami<br \/>\nDruga vrsta pokrova in katere<br \/>\nKak\u0161na je konstrukcija bazena?<br \/>\nBeton<br \/>\nstiropor<br \/>\nBetonski blok<br \/>\nMonta\u017eno vgradno in ali je kak\u0161na zunanja toplotna izolacija<br \/>\nMonta\u017ena nadzemna<br \/>\nPoliester in ali ima kak\u0161no zunanjo toplotno izolacijo<\/p>\n<p><img decoding=\"async\" class=\"size-full wp-image-23754 alignleft\" src=\"https:\/\/www.spa-pools.eu\/si\/wp-content\/uploads\/2022\/09\/SLO.jpg\" alt=\"\" width=\"1130\" height=\"701\" srcset=\"https:\/\/www.spa-pools.eu\/si\/wp-content\/uploads\/2022\/09\/SLO-200x124.jpg 200w, https:\/\/www.spa-pools.eu\/si\/wp-content\/uploads\/2022\/09\/SLO-300x186.jpg 300w, https:\/\/www.spa-pools.eu\/si\/wp-content\/uploads\/2022\/09\/SLO-400x248.jpg 400w, https:\/\/www.spa-pools.eu\/si\/wp-content\/uploads\/2022\/09\/SLO-500x310.jpg 500w, https:\/\/www.spa-pools.eu\/si\/wp-content\/uploads\/2022\/09\/SLO-600x372.jpg 600w, https:\/\/www.spa-pools.eu\/si\/wp-content\/uploads\/2022\/09\/SLO-700x434.jpg 700w, https:\/\/www.spa-pools.eu\/si\/wp-content\/uploads\/2022\/09\/SLO-768x476.jpg 768w, https:\/\/www.spa-pools.eu\/si\/wp-content\/uploads\/2022\/09\/SLO-800x496.jpg 800w, https:\/\/www.spa-pools.eu\/si\/wp-content\/uploads\/2022\/09\/SLO-1024x635.jpg 1024w, https:\/\/www.spa-pools.eu\/si\/wp-content\/uploads\/2022\/09\/SLO.jpg 1130w\" sizes=\"(max-width: 1130px) 100vw, 1130px\" \/><\/p>\n<p>&nbsp;<\/p>\n<p>GARANCIJA:<br \/>\nkompresor: 5 let<br \/>\ntoplotni izmenjevalec: 5 let<br \/>\nostala oprema: 3 leta<\/p>\n<p>Za vsa ostala vpra\u0161anja nas kontaktirajte.<\/p>\n","protected":false},"excerpt":{"rendered":"<p>Inverterska toplotna \u010drpalka nove generacije<br \/>\nKompresor Toshiba<br \/>\nNizko hrupni DC inverterski propeler<br \/>\nWIFI nadzor in upravljanje \u017eerjava preko va\u0161ega mobilnega telefona<br \/>\nSodoben dizajn<br \/>\nAluminijasto ohi\u0161je<br \/>\nDigitalni zaslon<br \/>\nR32 plin<br \/>\nVisok COP<\/p>\n<p>za bazene od 45 do 75 m3 \u2013 po pogojih iz tabele in s termalnim pokrovom za bazen.<\/p>\n","protected":false},"featured_media":23559,"comment_status":"open","ping_status":"closed","template":"","meta":{"_acf_changed":false},"product_brand":[],"product_cat":[1155],"product_tag":[],"specifikacije":[],"pumpe__elektronika__mlaznice":[],"filtracija":[],"oprema":[],"yst_prominent_words":[357,265,342,266,982,179],"class_list":{"0":"post-23670","1":"product","2":"type-product","3":"status-publish","4":"has-post-thumbnail","6":"product_cat-toplotne-crpalke","7":"tm-no-options","9":"first","10":"instock","11":"sale","12":"taxable","13":"shipping-taxable","14":"purchasable","15":"product-type-simple"},"acf":[],"yoast_head":"<!-- This site is optimized with the Yoast SEO Premium plugin v14.0.4 - https:\/\/yoast.com\/wordpress\/plugins\/seo\/ -->\n<title>Inverterska toplotna \u010drpalka 17 kW za bazene do 75 m3 | NIVETO Bazeni<\/title>\n<meta name=\"description\" content=\"Inverterska toplotna \u010drpalka nove generacije Kompresor Toshiba Nizko hrupni DC inverterski propeler WIFI nadzor in upravljanje \u017eerjava preko va\u0161ega mobilnega telefona Sodoben dizajn Aluminijasto ohi\u0161je Digitalni zaslon R32 plin Visok COP  za bazene od 45 do 75 m3 \u2013 po pogojih iz tabele in s termalnim pokrovom za bazen.\" \/>\n<meta name=\"robots\" content=\"index, follow\" \/>\n<meta name=\"googlebot\" content=\"index, follow, max-snippet:-1, max-image-preview:large, max-video-preview:-1\" \/>\n<meta name=\"bingbot\" content=\"index, follow, max-snippet:-1, max-image-preview:large, max-video-preview:-1\" \/>\n<link rel=\"canonical\" href=\"https:\/\/www.spa-pools.eu\/si\/product\/inverterska-toplotna-crpalka-17-kw-za-bazene-do-75-m3\/\" \/>\n<meta property=\"og:locale\" content=\"en_US\" \/>\n<meta property=\"og:type\" content=\"article\" \/>\n<meta property=\"og:title\" content=\"Inverterska toplotna \u010drpalka 17 kW za bazene do 75 m3 | NIVETO Bazeni\" \/>\n<meta property=\"og:description\" content=\"Inverterska toplotna \u010drpalka nove generacije Kompresor Toshiba Nizko hrupni DC inverterski propeler WIFI nadzor in upravljanje \u017eerjava preko va\u0161ega mobilnega telefona Sodoben dizajn Aluminijasto ohi\u0161je Digitalni zaslon R32 plin Visok COP  za bazene od 45 do 75 m3 \u2013 po pogojih iz tabele in s termalnim pokrovom za bazen.\" \/>\n<meta property=\"og:url\" content=\"https:\/\/www.spa-pools.eu\/si\/product\/inverterska-toplotna-crpalka-17-kw-za-bazene-do-75-m3\/\" \/>\n<meta property=\"og:site_name\" content=\"NIVETO Bazeni\" \/>\n<meta property=\"article:publisher\" content=\"https:\/\/www.facebook.com\/Nivetobazeniifontane\/\" \/>\n<meta property=\"article:modified_time\" content=\"2026-04-01T11:07:59+00:00\" \/>\n<meta property=\"og:image\" content=\"https:\/\/www.spa-pools.eu\/si\/wp-content\/uploads\/2022\/02\/spa.hr-inverterska-izalica-toplina-za-bazene-2-1.jpg\" \/>\n\t<meta property=\"og:image:width\" content=\"1295\" \/>\n\t<meta property=\"og:image:height\" content=\"864\" \/>\n<meta name=\"twitter:card\" content=\"summary_large_image\" \/>\n<script type=\"application\/ld+json\" class=\"yoast-schema-graph\">{\"@context\":\"https:\/\/schema.org\",\"@graph\":[{\"@type\":\"Organization\",\"@id\":\"https:\/\/www.spa-pools.eu\/si\/#organization\",\"name\":\"Niveto d.o.o. - Spa bazeni\",\"url\":\"https:\/\/www.spa-pools.eu\/si\/\",\"sameAs\":[\"https:\/\/www.facebook.com\/Nivetobazeniifontane\/\"],\"logo\":{\"@type\":\"ImageObject\",\"@id\":\"https:\/\/www.spa-pools.eu\/si\/#logo\",\"inLanguage\":\"en-US\",\"url\":\"https:\/\/www.spa-pools.eu\/si\/wp-content\/uploads\/revslider\/home3-rs1\/logo.png\",\"width\":203,\"height\":60,\"caption\":\"Niveto d.o.o. - Spa bazeni\"},\"image\":{\"@id\":\"https:\/\/www.spa-pools.eu\/si\/#logo\"}},{\"@type\":\"WebSite\",\"@id\":\"https:\/\/www.spa-pools.eu\/si\/#website\",\"url\":\"https:\/\/www.spa-pools.eu\/si\/\",\"name\":\"NIVETO Bazeni\",\"description\":\"Spa masa\\u017eni bazeni\",\"publisher\":{\"@id\":\"https:\/\/www.spa-pools.eu\/si\/#organization\"},\"potentialAction\":[{\"@type\":\"SearchAction\",\"target\":\"https:\/\/www.spa-pools.eu\/si\/?s={search_term_string}\",\"query-input\":\"required name=search_term_string\"}],\"inLanguage\":\"en-US\"},{\"@type\":\"ImageObject\",\"@id\":\"https:\/\/www.spa-pools.eu\/si\/product\/inverterska-toplotna-crpalka-17-kw-za-bazene-do-75-m3\/#primaryimage\",\"inLanguage\":\"en-US\",\"url\":\"https:\/\/www.spa-pools.eu\/si\/wp-content\/uploads\/2022\/02\/spa.hr-inverterska-izalica-toplina-za-bazene-2-1.jpg\",\"width\":1295,\"height\":864},{\"@type\":\"WebPage\",\"@id\":\"https:\/\/www.spa-pools.eu\/si\/product\/inverterska-toplotna-crpalka-17-kw-za-bazene-do-75-m3\/#webpage\",\"url\":\"https:\/\/www.spa-pools.eu\/si\/product\/inverterska-toplotna-crpalka-17-kw-za-bazene-do-75-m3\/\",\"name\":\"Inverterska toplotna \\u010drpalka 17 kW za bazene do 75 m3 | NIVETO Bazeni\",\"isPartOf\":{\"@id\":\"https:\/\/www.spa-pools.eu\/si\/#website\"},\"primaryImageOfPage\":{\"@id\":\"https:\/\/www.spa-pools.eu\/si\/product\/inverterska-toplotna-crpalka-17-kw-za-bazene-do-75-m3\/#primaryimage\"},\"datePublished\":\"2022-07-13T10:08:31+00:00\",\"dateModified\":\"2026-04-01T11:07:59+00:00\",\"description\":\"Inverterska toplotna \\u010drpalka nove generacije Kompresor Toshiba Nizko hrupni DC inverterski propeler WIFI nadzor in upravljanje \\u017eerjava preko va\\u0161ega mobilnega telefona Sodoben dizajn Aluminijasto ohi\\u0161je Digitalni zaslon R32 plin Visok COP za bazene od 45 do 75 m3 \\u2013 po pogojih iz tabele in s termalnim pokrovom za bazen.\",\"inLanguage\":\"en-US\",\"potentialAction\":[{\"@type\":\"ReadAction\",\"target\":[\"https:\/\/www.spa-pools.eu\/si\/product\/inverterska-toplotna-crpalka-17-kw-za-bazene-do-75-m3\/\"]}]}]}<\/script>\n<!-- \/ Yoast SEO Premium plugin. -->","_links":{"self":[{"href":"https:\/\/www.spa-pools.eu\/si\/wp-json\/wp\/v2\/product\/23670","targetHints":{"allow":["GET"]}}],"collection":[{"href":"https:\/\/www.spa-pools.eu\/si\/wp-json\/wp\/v2\/product"}],"about":[{"href":"https:\/\/www.spa-pools.eu\/si\/wp-json\/wp\/v2\/types\/product"}],"replies":[{"embeddable":true,"href":"https:\/\/www.spa-pools.eu\/si\/wp-json\/wp\/v2\/comments?post=23670"}],"wp:featuredmedia":[{"embeddable":true,"href":"https:\/\/www.spa-pools.eu\/si\/wp-json\/wp\/v2\/media\/23559"}],"wp:attachment":[{"href":"https:\/\/www.spa-pools.eu\/si\/wp-json\/wp\/v2\/media?parent=23670"}],"wp:term":[{"taxonomy":"product_brand","embeddable":true,"href":"https:\/\/www.spa-pools.eu\/si\/wp-json\/wp\/v2\/product_brand?post=23670"},{"taxonomy":"product_cat","embeddable":true,"href":"https:\/\/www.spa-pools.eu\/si\/wp-json\/wp\/v2\/product_cat?post=23670"},{"taxonomy":"product_tag","embeddable":true,"href":"https:\/\/www.spa-pools.eu\/si\/wp-json\/wp\/v2\/product_tag?post=23670"},{"taxonomy":"specifikacije","embeddable":true,"href":"https:\/\/www.spa-pools.eu\/si\/wp-json\/wp\/v2\/specifikacije?post=23670"},{"taxonomy":"pumpe__elektronika__mlaznice","embeddable":true,"href":"https:\/\/www.spa-pools.eu\/si\/wp-json\/wp\/v2\/pumpe__elektronika__mlaznice?post=23670"},{"taxonomy":"filtracija","embeddable":true,"href":"https:\/\/www.spa-pools.eu\/si\/wp-json\/wp\/v2\/filtracija?post=23670"},{"taxonomy":"oprema","embeddable":true,"href":"https:\/\/www.spa-pools.eu\/si\/wp-json\/wp\/v2\/oprema?post=23670"},{"taxonomy":"yst_prominent_words","embeddable":true,"href":"https:\/\/www.spa-pools.eu\/si\/wp-json\/wp\/v2\/yst_prominent_words?post=23670"}],"curies":[{"name":"wp","href":"https:\/\/api.w.org\/{rel}","templated":true}]}}