{"id":23743,"date":"2022-11-22T13:30:11","date_gmt":"2022-11-22T13:30:11","guid":{"rendered":"https:\/\/www.spa-pools.eu\/si\/?post_type=product&#038;p=23743"},"modified":"2022-11-22T13:30:12","modified_gmt":"2022-11-22T13:30:12","slug":"savna-kilt-145x200cm","status":"publish","type":"product","link":"https:\/\/www.spa-pools.eu\/si\/product\/savna-kilt-145x200cm\/","title":{"rendered":"Savna kilt 145x200cm"},"content":{"rendered":"<pre id=\"tw-target-text\" class=\"tw-data-text tw-text-large tw-ta\" dir=\"ltr\" data-placeholder=\"Translation\"><span class=\"Y2IQFc\" lang=\"sl\">Kilt za no\u0161enje v savni iz kakovostnega bomba\u017ea\r\n\r\nMaterial: vafelj bomba\u017e 100%\r\n\r\nTe\u017ea: 240g\r\n\r\nPri\u0161it logo spa.hr\r\n\r\nIdealen za no\u0161enje med savno spa.hr<\/span><\/pre>\n","protected":false},"excerpt":{"rendered":"<p>Kilt za no\u0161enje v savni iz kakovostnega bomba\u017ea Material: vafelj bomba\u017e 100% Te\u017ea: 240g Pri\u0161it logo spa.hr Idealen za no\u0161enje<\/p>\n","protected":false},"featured_media":23744,"comment_status":"open","ping_status":"closed","template":"","meta":{"_acf_changed":false},"product_brand":[],"product_cat":[96],"product_tag":[],"specifikacije":[],"pumpe__elektronika__mlaznice":[],"filtracija":[],"oprema":[],"yst_prominent_words":[],"class_list":{"0":"post-23743","1":"product","2":"type-product","3":"status-publish","4":"has-post-thumbnail","6":"product_cat-dodatna-oprema","7":"tm-no-options","9":"first","10":"instock","11":"taxable","12":"shipping-taxable","13":"purchasable","14":"product-type-simple"},"acf":[],"yoast_head":"<!-- This site is optimized with the Yoast SEO Premium plugin v14.0.4 - https:\/\/yoast.com\/wordpress\/plugins\/seo\/ -->\n<title>Savna kilt 145x200cm | NIVETO Bazeni<\/title>\n<meta name=\"description\" content=\"Kilt za no\u0161enje v savni iz kakovostnega bomba\u017ea  Material: vafelj bomba\u017e 100%  Te\u017ea: 240g  Pri\u0161it logo spa.hr  Idealen za no\u0161enje med savno spa.hr\" \/>\n<meta name=\"robots\" content=\"index, follow\" \/>\n<meta name=\"googlebot\" content=\"index, follow, max-snippet:-1, max-image-preview:large, max-video-preview:-1\" \/>\n<meta name=\"bingbot\" content=\"index, follow, max-snippet:-1, max-image-preview:large, max-video-preview:-1\" \/>\n<link rel=\"canonical\" href=\"https:\/\/www.spa-pools.eu\/si\/product\/savna-kilt-145x200cm\/\" \/>\n<meta property=\"og:locale\" content=\"en_US\" \/>\n<meta property=\"og:type\" content=\"article\" \/>\n<meta property=\"og:title\" content=\"Savna kilt 145x200cm | NIVETO Bazeni\" \/>\n<meta property=\"og:description\" content=\"Kilt za no\u0161enje v savni iz kakovostnega bomba\u017ea  Material: vafelj bomba\u017e 100%  Te\u017ea: 240g  Pri\u0161it logo spa.hr  Idealen za no\u0161enje med savno spa.hr\" \/>\n<meta property=\"og:url\" content=\"https:\/\/www.spa-pools.eu\/si\/product\/savna-kilt-145x200cm\/\" \/>\n<meta property=\"og:site_name\" content=\"NIVETO Bazeni\" \/>\n<meta property=\"article:publisher\" content=\"https:\/\/www.facebook.com\/Nivetobazeniifontane\/\" \/>\n<meta property=\"article:modified_time\" content=\"2022-11-22T13:30:12+00:00\" \/>\n<meta property=\"og:image\" content=\"https:\/\/www.spa-pools.eu\/si\/wp-content\/uploads\/2022\/11\/3_5fca1ee819d52-scaled-1.jpg\" \/>\n\t<meta property=\"og:image:width\" content=\"2560\" \/>\n\t<meta property=\"og:image:height\" content=\"1709\" \/>\n<meta name=\"twitter:card\" content=\"summary_large_image\" \/>\n<script type=\"application\/ld+json\" class=\"yoast-schema-graph\">{\"@context\":\"https:\/\/schema.org\",\"@graph\":[{\"@type\":\"Organization\",\"@id\":\"https:\/\/www.spa-pools.eu\/si\/#organization\",\"name\":\"Niveto d.o.o. - Spa bazeni\",\"url\":\"https:\/\/www.spa-pools.eu\/si\/\",\"sameAs\":[\"https:\/\/www.facebook.com\/Nivetobazeniifontane\/\"],\"logo\":{\"@type\":\"ImageObject\",\"@id\":\"https:\/\/www.spa-pools.eu\/si\/#logo\",\"inLanguage\":\"en-US\",\"url\":\"https:\/\/www.spa-pools.eu\/si\/wp-content\/uploads\/revslider\/home3-rs1\/logo.png\",\"width\":203,\"height\":60,\"caption\":\"Niveto d.o.o. - Spa bazeni\"},\"image\":{\"@id\":\"https:\/\/www.spa-pools.eu\/si\/#logo\"}},{\"@type\":\"WebSite\",\"@id\":\"https:\/\/www.spa-pools.eu\/si\/#website\",\"url\":\"https:\/\/www.spa-pools.eu\/si\/\",\"name\":\"NIVETO Bazeni\",\"description\":\"Spa masa\\u017eni bazeni\",\"publisher\":{\"@id\":\"https:\/\/www.spa-pools.eu\/si\/#organization\"},\"potentialAction\":[{\"@type\":\"SearchAction\",\"target\":\"https:\/\/www.spa-pools.eu\/si\/?s={search_term_string}\",\"query-input\":\"required name=search_term_string\"}],\"inLanguage\":\"en-US\"},{\"@type\":\"ImageObject\",\"@id\":\"https:\/\/www.spa-pools.eu\/si\/product\/savna-kilt-145x200cm\/#primaryimage\",\"inLanguage\":\"en-US\",\"url\":\"https:\/\/www.spa-pools.eu\/si\/wp-content\/uploads\/2022\/11\/3_5fca1ee819d52-scaled-1.jpg\",\"width\":2560,\"height\":1709},{\"@type\":\"WebPage\",\"@id\":\"https:\/\/www.spa-pools.eu\/si\/product\/savna-kilt-145x200cm\/#webpage\",\"url\":\"https:\/\/www.spa-pools.eu\/si\/product\/savna-kilt-145x200cm\/\",\"name\":\"Savna kilt 145x200cm | NIVETO Bazeni\",\"isPartOf\":{\"@id\":\"https:\/\/www.spa-pools.eu\/si\/#website\"},\"primaryImageOfPage\":{\"@id\":\"https:\/\/www.spa-pools.eu\/si\/product\/savna-kilt-145x200cm\/#primaryimage\"},\"datePublished\":\"2022-11-22T13:30:11+00:00\",\"dateModified\":\"2022-11-22T13:30:12+00:00\",\"description\":\"Kilt za no\\u0161enje v savni iz kakovostnega bomba\\u017ea Material: vafelj bomba\\u017e 100% Te\\u017ea: 240g Pri\\u0161it logo spa.hr Idealen za no\\u0161enje med savno spa.hr\",\"inLanguage\":\"en-US\",\"potentialAction\":[{\"@type\":\"ReadAction\",\"target\":[\"https:\/\/www.spa-pools.eu\/si\/product\/savna-kilt-145x200cm\/\"]}]}]}<\/script>\n<!-- \/ Yoast SEO Premium plugin. -->","_links":{"self":[{"href":"https:\/\/www.spa-pools.eu\/si\/wp-json\/wp\/v2\/product\/23743","targetHints":{"allow":["GET"]}}],"collection":[{"href":"https:\/\/www.spa-pools.eu\/si\/wp-json\/wp\/v2\/product"}],"about":[{"href":"https:\/\/www.spa-pools.eu\/si\/wp-json\/wp\/v2\/types\/product"}],"replies":[{"embeddable":true,"href":"https:\/\/www.spa-pools.eu\/si\/wp-json\/wp\/v2\/comments?post=23743"}],"wp:featuredmedia":[{"embeddable":true,"href":"https:\/\/www.spa-pools.eu\/si\/wp-json\/wp\/v2\/media\/23744"}],"wp:attachment":[{"href":"https:\/\/www.spa-pools.eu\/si\/wp-json\/wp\/v2\/media?parent=23743"}],"wp:term":[{"taxonomy":"product_brand","embeddable":true,"href":"https:\/\/www.spa-pools.eu\/si\/wp-json\/wp\/v2\/product_brand?post=23743"},{"taxonomy":"product_cat","embeddable":true,"href":"https:\/\/www.spa-pools.eu\/si\/wp-json\/wp\/v2\/product_cat?post=23743"},{"taxonomy":"product_tag","embeddable":true,"href":"https:\/\/www.spa-pools.eu\/si\/wp-json\/wp\/v2\/product_tag?post=23743"},{"taxonomy":"specifikacije","embeddable":true,"href":"https:\/\/www.spa-pools.eu\/si\/wp-json\/wp\/v2\/specifikacije?post=23743"},{"taxonomy":"pumpe__elektronika__mlaznice","embeddable":true,"href":"https:\/\/www.spa-pools.eu\/si\/wp-json\/wp\/v2\/pumpe__elektronika__mlaznice?post=23743"},{"taxonomy":"filtracija","embeddable":true,"href":"https:\/\/www.spa-pools.eu\/si\/wp-json\/wp\/v2\/filtracija?post=23743"},{"taxonomy":"oprema","embeddable":true,"href":"https:\/\/www.spa-pools.eu\/si\/wp-json\/wp\/v2\/oprema?post=23743"},{"taxonomy":"yst_prominent_words","embeddable":true,"href":"https:\/\/www.spa-pools.eu\/si\/wp-json\/wp\/v2\/yst_prominent_words?post=23743"}],"curies":[{"name":"wp","href":"https:\/\/api.w.org\/{rel}","templated":true}]}}