{"id":23749,"date":"2022-11-22T13:43:45","date_gmt":"2022-11-22T13:43:45","guid":{"rendered":"https:\/\/www.spa-pools.eu\/si\/?post_type=product&#038;p=23749"},"modified":"2022-11-22T14:23:38","modified_gmt":"2022-11-22T14:23:38","slug":"toplotna-crpalka-50-kw","status":"publish","type":"product","link":"https:\/\/www.spa-pools.eu\/si\/product\/toplotna-crpalka-50-kw\/","title":{"rendered":"Toplotna \u010drpalka 50 kW"},"content":{"rendered":"<pre id=\"tw-target-text\" class=\"tw-data-text tw-text-large tw-ta\" dir=\"ltr\" data-placeholder=\"Translation\"><span class=\"Y2IQFc\" lang=\"sl\">Toplotna \u010drpalka ali toplotna \u010drpalka? Pravilna hrva\u0161ka beseda za toplotno \u010drpalko je toplotna \u010drpalka.\r\n\r\nKako izra\u010dunati toplotno \u010drpalko za bazen?\r\n\r\nZa pravilen izra\u010dun je potrebno odgovoriti na naslednja vpra\u0161anja:\r\n\r\nKolik\u0161na je prostornina vode?\r\nKak\u0161na je vodna povr\u0161ina?\r\nKak\u0161na je lokacija bazena: mesto, mesto?\r\nKak\u0161na je najve\u010dja hitrost vetra? Ti podatki so pridobljeni z oceno glede na kraj, mesto v katerem se nahajate in so najpomembnej\u0161i podatek za izra\u010dun dodatnega ogrevanja.\r\nOd kdaj do kdaj nameravate ogrevati bazen?\r\nObdobje v letu - od katerega do katerega datuma?\r\nPri kateri temperaturi \u017eelite ohraniti vodo?\r\nKoliko ur na dan je aktivna filtracija vode?\r\nJe bazen skimmer ali preliv?\r\n\u010ce je preliv, kak\u0161en preliv?\r\n\r\nFinski preliv\r\nInfinity dressing\r\n\u010ce je tipa neskon\u010dnost, kak\u0161na je vodna povr\u0161ina prelivne stene?\r\nKak\u0161na je vodna povr\u0161ina preto\u010dnega kanala?\r\nAli je bazen pokrit s termo odejo?\r\nLebde\u010di film\r\nAvtomatski pokrov z \u017ealuzijami\r\nDruga vrsta ovitka in katera\r\nKak\u0161na je konstrukcija bazena?\r\nBeton\r\nStiropor\r\nBetonski blok\r\nMonta\u017ea vgradna in ali ima zunanjo toplotno izolacijo\r\nMonta\u017ea nad glavo\r\nPoliester in ali ima kak\u0161no zunanjo toplotno izolacijo\r\n\r\n\r\nKoliko stane toplotna \u010drpalka?\r\n\r\n\r\n<img decoding=\"async\" class=\"size-full wp-image-23754 alignleft\" src=\"https:\/\/www.spa-pools.eu\/si\/wp-content\/uploads\/2022\/09\/SLO.jpg\" alt=\"\" width=\"1130\" height=\"701\" srcset=\"https:\/\/www.spa-pools.eu\/si\/wp-content\/uploads\/2022\/09\/SLO-200x124.jpg 200w, https:\/\/www.spa-pools.eu\/si\/wp-content\/uploads\/2022\/09\/SLO-300x186.jpg 300w, https:\/\/www.spa-pools.eu\/si\/wp-content\/uploads\/2022\/09\/SLO-400x248.jpg 400w, https:\/\/www.spa-pools.eu\/si\/wp-content\/uploads\/2022\/09\/SLO-500x310.jpg 500w, https:\/\/www.spa-pools.eu\/si\/wp-content\/uploads\/2022\/09\/SLO-600x372.jpg 600w, https:\/\/www.spa-pools.eu\/si\/wp-content\/uploads\/2022\/09\/SLO-700x434.jpg 700w, https:\/\/www.spa-pools.eu\/si\/wp-content\/uploads\/2022\/09\/SLO-768x476.jpg 768w, https:\/\/www.spa-pools.eu\/si\/wp-content\/uploads\/2022\/09\/SLO-800x496.jpg 800w, https:\/\/www.spa-pools.eu\/si\/wp-content\/uploads\/2022\/09\/SLO-1024x635.jpg 1024w, https:\/\/www.spa-pools.eu\/si\/wp-content\/uploads\/2022\/09\/SLO.jpg 1130w\" sizes=\"(max-width: 1130px) 100vw, 1130px\" \/>GARANCIJA:\r\nkompresor: 5 let\r\ntoplotni izmenjevalnik: 5 let\r\nostala oprema: 3 leta\r\n\r\nNavodila za monta\u017eo:\r\n\r\n<a href=\"https:\/\/www.spa.hr\/wp-content\/uploads\/2022\/01\/Dizalice-topline-upute-za-montazu-HR.pdf\">Klikni ovdje za preuzimanje<\/a>\r\n<\/span><\/pre>\n","protected":false},"excerpt":{"rendered":"<pre id=\"tw-target-text\" class=\"tw-data-text tw-text-large tw-ta\" dir=\"ltr\" data-placeholder=\"Translation\"><span class=\"Y2IQFc\" lang=\"sl\">Toplotna \u010drpalka - toplotna \u010drpalka\r\n\r\nToplotna \u010drpalka nove generacije\r\nKompresor Toshiba\r\nNizko\u0161umni DC inverterski propeler\r\nWIFI nadzor in upravljanje \u017eerjava preko va\u0161ega mobilnega telefona\r\nSodoben dizajn\r\nAluminijasto ohi\u0161je\r\nDigitalni zaslon\r\nPlin R32\r\nVisok COP\r\nZa natan\u010den izra\u010dun prosimo, da po\u0161ljete odgovore na vsa vpra\u0161anja iz besedila.<\/span><\/pre>\n","protected":false},"featured_media":23750,"comment_status":"open","ping_status":"closed","template":"","meta":{"_acf_changed":false},"product_brand":[],"product_cat":[1155],"product_tag":[],"specifikacije":[],"pumpe__elektronika__mlaznice":[],"filtracija":[],"oprema":[],"yst_prominent_words":[],"class_list":{"0":"post-23749","1":"product","2":"type-product","3":"status-publish","4":"has-post-thumbnail","6":"product_cat-toplotne-crpalke","7":"tm-no-options","9":"first","10":"instock","11":"taxable","12":"shipping-taxable","13":"purchasable","14":"product-type-simple"},"acf":[],"yoast_head":"<!-- This site is optimized with the Yoast SEO Premium plugin v14.0.4 - https:\/\/yoast.com\/wordpress\/plugins\/seo\/ -->\n<title>Toplotna \u010drpalka 50 kW | NIVETO Bazeni<\/title>\n<meta name=\"description\" content=\"Toplotna \u010drpalka - toplotna \u010drpalka  Toplotna \u010drpalka nove generacije Kompresor Toshiba Nizko\u0161umni DC inverterski propeler WIFI nadzor in upravljanje \u017eerjava preko va\u0161ega mobilnega telefona Sodoben dizajn Aluminijasto ohi\u0161je Digitalni zaslon Plin R32 Visok COP Za natan\u010den izra\u010dun prosimo, da po\u0161ljete odgovore na vsa vpra\u0161anja iz besedila.\" \/>\n<meta name=\"robots\" content=\"index, follow\" \/>\n<meta name=\"googlebot\" content=\"index, follow, max-snippet:-1, max-image-preview:large, max-video-preview:-1\" \/>\n<meta name=\"bingbot\" content=\"index, follow, max-snippet:-1, max-image-preview:large, max-video-preview:-1\" \/>\n<link rel=\"canonical\" href=\"https:\/\/www.spa-pools.eu\/si\/product\/toplotna-crpalka-50-kw\/\" \/>\n<meta property=\"og:locale\" content=\"en_US\" \/>\n<meta property=\"og:type\" content=\"article\" \/>\n<meta property=\"og:title\" content=\"Toplotna \u010drpalka 50 kW | NIVETO Bazeni\" \/>\n<meta property=\"og:description\" content=\"Toplotna \u010drpalka - toplotna \u010drpalka  Toplotna \u010drpalka nove generacije Kompresor Toshiba Nizko\u0161umni DC inverterski propeler WIFI nadzor in upravljanje \u017eerjava preko va\u0161ega mobilnega telefona Sodoben dizajn Aluminijasto ohi\u0161je Digitalni zaslon Plin R32 Visok COP Za natan\u010den izra\u010dun prosimo, da po\u0161ljete odgovore na vsa vpra\u0161anja iz besedila.\" \/>\n<meta property=\"og:url\" content=\"https:\/\/www.spa-pools.eu\/si\/product\/toplotna-crpalka-50-kw\/\" \/>\n<meta property=\"og:site_name\" content=\"NIVETO Bazeni\" \/>\n<meta property=\"article:publisher\" content=\"https:\/\/www.facebook.com\/Nivetobazeniifontane\/\" \/>\n<meta property=\"article:modified_time\" content=\"2022-11-22T14:23:38+00:00\" \/>\n<meta property=\"og:image\" content=\"https:\/\/www.spa-pools.eu\/si\/wp-content\/uploads\/2022\/11\/H9f3751bc87014a9bb03e30250737d6754-1.jpg\" \/>\n\t<meta property=\"og:image:width\" content=\"1383\" \/>\n\t<meta property=\"og:image:height\" content=\"1383\" \/>\n<meta name=\"twitter:card\" content=\"summary_large_image\" \/>\n<script type=\"application\/ld+json\" class=\"yoast-schema-graph\">{\"@context\":\"https:\/\/schema.org\",\"@graph\":[{\"@type\":\"Organization\",\"@id\":\"https:\/\/www.spa-pools.eu\/si\/#organization\",\"name\":\"Niveto d.o.o. - Spa bazeni\",\"url\":\"https:\/\/www.spa-pools.eu\/si\/\",\"sameAs\":[\"https:\/\/www.facebook.com\/Nivetobazeniifontane\/\"],\"logo\":{\"@type\":\"ImageObject\",\"@id\":\"https:\/\/www.spa-pools.eu\/si\/#logo\",\"inLanguage\":\"en-US\",\"url\":\"https:\/\/www.spa-pools.eu\/si\/wp-content\/uploads\/revslider\/home3-rs1\/logo.png\",\"width\":203,\"height\":60,\"caption\":\"Niveto d.o.o. - Spa bazeni\"},\"image\":{\"@id\":\"https:\/\/www.spa-pools.eu\/si\/#logo\"}},{\"@type\":\"WebSite\",\"@id\":\"https:\/\/www.spa-pools.eu\/si\/#website\",\"url\":\"https:\/\/www.spa-pools.eu\/si\/\",\"name\":\"NIVETO Bazeni\",\"description\":\"Spa masa\\u017eni bazeni\",\"publisher\":{\"@id\":\"https:\/\/www.spa-pools.eu\/si\/#organization\"},\"potentialAction\":[{\"@type\":\"SearchAction\",\"target\":\"https:\/\/www.spa-pools.eu\/si\/?s={search_term_string}\",\"query-input\":\"required name=search_term_string\"}],\"inLanguage\":\"en-US\"},{\"@type\":\"ImageObject\",\"@id\":\"https:\/\/www.spa-pools.eu\/si\/product\/toplotna-crpalka-50-kw\/#primaryimage\",\"inLanguage\":\"en-US\",\"url\":\"https:\/\/www.spa-pools.eu\/si\/wp-content\/uploads\/2022\/11\/H9f3751bc87014a9bb03e30250737d6754-1.jpg\",\"width\":1383,\"height\":1383},{\"@type\":\"WebPage\",\"@id\":\"https:\/\/www.spa-pools.eu\/si\/product\/toplotna-crpalka-50-kw\/#webpage\",\"url\":\"https:\/\/www.spa-pools.eu\/si\/product\/toplotna-crpalka-50-kw\/\",\"name\":\"Toplotna \\u010drpalka 50 kW | NIVETO Bazeni\",\"isPartOf\":{\"@id\":\"https:\/\/www.spa-pools.eu\/si\/#website\"},\"primaryImageOfPage\":{\"@id\":\"https:\/\/www.spa-pools.eu\/si\/product\/toplotna-crpalka-50-kw\/#primaryimage\"},\"datePublished\":\"2022-11-22T13:43:45+00:00\",\"dateModified\":\"2022-11-22T14:23:38+00:00\",\"description\":\"Toplotna \\u010drpalka - toplotna \\u010drpalka Toplotna \\u010drpalka nove generacije Kompresor Toshiba Nizko\\u0161umni DC inverterski propeler WIFI nadzor in upravljanje \\u017eerjava preko va\\u0161ega mobilnega telefona Sodoben dizajn Aluminijasto ohi\\u0161je Digitalni zaslon Plin R32 Visok COP Za natan\\u010den izra\\u010dun prosimo, da po\\u0161ljete odgovore na vsa vpra\\u0161anja iz besedila.\",\"inLanguage\":\"en-US\",\"potentialAction\":[{\"@type\":\"ReadAction\",\"target\":[\"https:\/\/www.spa-pools.eu\/si\/product\/toplotna-crpalka-50-kw\/\"]}]}]}<\/script>\n<!-- \/ Yoast SEO Premium plugin. -->","_links":{"self":[{"href":"https:\/\/www.spa-pools.eu\/si\/wp-json\/wp\/v2\/product\/23749","targetHints":{"allow":["GET"]}}],"collection":[{"href":"https:\/\/www.spa-pools.eu\/si\/wp-json\/wp\/v2\/product"}],"about":[{"href":"https:\/\/www.spa-pools.eu\/si\/wp-json\/wp\/v2\/types\/product"}],"replies":[{"embeddable":true,"href":"https:\/\/www.spa-pools.eu\/si\/wp-json\/wp\/v2\/comments?post=23749"}],"wp:featuredmedia":[{"embeddable":true,"href":"https:\/\/www.spa-pools.eu\/si\/wp-json\/wp\/v2\/media\/23750"}],"wp:attachment":[{"href":"https:\/\/www.spa-pools.eu\/si\/wp-json\/wp\/v2\/media?parent=23749"}],"wp:term":[{"taxonomy":"product_brand","embeddable":true,"href":"https:\/\/www.spa-pools.eu\/si\/wp-json\/wp\/v2\/product_brand?post=23749"},{"taxonomy":"product_cat","embeddable":true,"href":"https:\/\/www.spa-pools.eu\/si\/wp-json\/wp\/v2\/product_cat?post=23749"},{"taxonomy":"product_tag","embeddable":true,"href":"https:\/\/www.spa-pools.eu\/si\/wp-json\/wp\/v2\/product_tag?post=23749"},{"taxonomy":"specifikacije","embeddable":true,"href":"https:\/\/www.spa-pools.eu\/si\/wp-json\/wp\/v2\/specifikacije?post=23749"},{"taxonomy":"pumpe__elektronika__mlaznice","embeddable":true,"href":"https:\/\/www.spa-pools.eu\/si\/wp-json\/wp\/v2\/pumpe__elektronika__mlaznice?post=23749"},{"taxonomy":"filtracija","embeddable":true,"href":"https:\/\/www.spa-pools.eu\/si\/wp-json\/wp\/v2\/filtracija?post=23749"},{"taxonomy":"oprema","embeddable":true,"href":"https:\/\/www.spa-pools.eu\/si\/wp-json\/wp\/v2\/oprema?post=23749"},{"taxonomy":"yst_prominent_words","embeddable":true,"href":"https:\/\/www.spa-pools.eu\/si\/wp-json\/wp\/v2\/yst_prominent_words?post=23749"}],"curies":[{"name":"wp","href":"https:\/\/api.w.org\/{rel}","templated":true}]}}