{"id":23763,"date":"2022-12-13T09:07:15","date_gmt":"2022-12-13T09:07:15","guid":{"rendered":"https:\/\/www.spa-pools.eu\/si\/?post_type=product&#038;p=23763"},"modified":"2025-03-06T13:18:05","modified_gmt":"2025-03-06T13:18:05","slug":"pool-lab-1-0-fotometer","status":"publish","type":"product","link":"https:\/\/www.spa-pools.eu\/si\/product\/pool-lab-1-0-fotometer\/","title":{"rendered":"PoolLab\u00ae 1.0 &#8211; Fotometer &#8211; profesionalni tester za vodo v bazenu in SPA"},"content":{"rendered":"<pre class=\"tw-data-text tw-text-large tw-ta\" dir=\"ltr\" data-placeholder=\"Prijevod\"><span class=\"Y2IQFc\" lang=\"sl\">Novi trivalovni fotometer PoolLab\u00ae 1.0 za profesionalno analizo vode v bazenih in toplicah.\r\nVgrajena, vendar zamenljiva kiveta, ki omogo\u010da hitro vzor\u010denje vode s potapljanjem v vodo. Za\u0161\u010dita IP68.\r\nPoolLab\u00ae s svojimi 6 gumbi je zasnovan za hiter dostop do od\u010ditanih parametrov, ki so\r\n\r\npH,\r\nklor (prosti \/ kombinirani \/ skupni),\r\nalkalnost (kapaciteta kisline),\r\ncianurna kislina (stabilizator).\r\naktivni kisik (MPS),\r\nbrom,\r\nklorov dioksid,\r\nozon,\r\nvodikov peroksid,\r\nskupna trdota,\r\ntrdota kalcija,\r\nse\u010dnina in\r\nPHMB (PolyHexaMethylene Biguanide) - biocid\r\n\r\nKer PoolLab\u00ae uporablja brez\u017ei\u010dno tehnologijo Bluetooth 4.0, ga je mogo\u010de enostavno povezati z brezpla\u010dno programsko opremo in aplikacijo za upravljanje rezultatov testiranja. Ko so rezultati testiranja sinhronizirani, programska oprema in aplikacija omogo\u010data priporo\u010dila za odmerjanje na podlagi posamezno vnesenih kemikalij za \u010di\u0161\u010denje vode.\r\n\r\nUporabnik lahko natisne poro\u010dila o rezultatih testiranja, izvede izra\u010dune indeksov, kot je LSI, in drugo.\r\n\r\nBrezpla\u010dni stre\u017enik v oblaku zagotavlja stalno sinhronizacijo podatkov aplikacije in programske opreme, \u010de se uporabnik odlo\u010di za uporabo te funkcije.\r\n\r\nKOMPLET VKLJU\u010cUJE:\r\n\r\nFotometer PoolLab 1.0\r\n\u010cep za vzor\u010denje\r\n3 x AAA baterije\r\nPlasti\u010dna palica za me\u0161anje\r\n20 tablet DPD \u0161t. 1 (prosti klor)\r\n10 tablet DPD \u0161t. 3 (kombinacija \/ skupni klor)\r\n20 tablet Phenol Red fenol rde\u010de (pH)\r\n10 tablet Alkalinost-M (zmogljivost alkalnosti \/ kisline)\r\n10 tablet CYA-test (cianurna kislina \/ stabilizator)\r\nTiskani priro\u010dnik\r\nPlasti\u010dna \u0161katla\r\nVse tablice so profesionalne kakovosti.\r\n<\/span><\/pre>\n<p><em><strong>Upute i aplikacije:<\/strong><\/em><\/p>\n<p><a href=\"https:\/\/www.spa.hr\/wp-content\/uploads\/2021\/05\/Poollab-Manual-HR-1.pdf\">https:\/\/www.spa.hr\/wp-content\/uploads\/2021\/05\/Poollab-Manual-HR-1.pdf<\/a><\/p>\n<p><a href=\"https:\/\/poollab.org\/en\/download\/\">https:\/\/poollab.org\/en\/download\/<\/a><\/p>\n<pre id=\"tw-target-text\" class=\"tw-data-text tw-text-large tw-ta\" dir=\"ltr\" data-placeholder=\"Translation\"><a href=\"https:\/\/www.youtube.com\/watch?v=RPjJASCLCe8\">https:\/\/www.youtube.com\/watch?v=RPjJASCLCe8<\/a>\r\n<a href=\"https:\/\/www.youtube.com\/watch?v=GhdcbArqz5s&amp;t=4s\">https:\/\/www.youtube.com\/watch?v=GhdcbArqz5s&amp;t=4s<\/a><\/pre>\n","protected":false},"excerpt":{"rendered":"<p><span style=\"color: #ff0000;\"><strong>V ceno je vklju\u010dena brezpla\u010dna dostava na podro\u010dju Republike Slovenije.<\/strong><\/span><\/p>\n","protected":false},"featured_media":23764,"comment_status":"open","ping_status":"closed","template":"","meta":{"_acf_changed":false},"product_brand":[],"product_cat":[93],"product_tag":[],"specifikacije":[],"pumpe__elektronika__mlaznice":[],"filtracija":[],"oprema":[],"yst_prominent_words":[],"class_list":{"0":"post-23763","1":"product","2":"type-product","3":"status-publish","4":"has-post-thumbnail","6":"product_cat-bazenska-kemija","7":"tm-no-options","9":"first","10":"instock","11":"taxable","12":"shipping-taxable","13":"purchasable","14":"product-type-simple"},"acf":[],"yoast_head":"<!-- This site is optimized with the Yoast SEO Premium plugin v14.0.4 - https:\/\/yoast.com\/wordpress\/plugins\/seo\/ -->\n<title>PoolLab\u00ae 1.0 - Fotometer - profesionalni tester za vodo v bazenu in SPA | NIVETO Bazeni<\/title>\n<meta name=\"description\" content=\"V ceno je vklju\u010dena brezpla\u010dna dostava na podro\u010dju Republike Slovenije.\" \/>\n<meta name=\"robots\" content=\"index, follow\" \/>\n<meta name=\"googlebot\" content=\"index, follow, max-snippet:-1, max-image-preview:large, max-video-preview:-1\" \/>\n<meta name=\"bingbot\" content=\"index, follow, max-snippet:-1, max-image-preview:large, max-video-preview:-1\" \/>\n<link rel=\"canonical\" href=\"https:\/\/www.spa-pools.eu\/si\/product\/pool-lab-1-0-fotometer\/\" \/>\n<meta property=\"og:locale\" content=\"en_US\" \/>\n<meta property=\"og:type\" content=\"article\" \/>\n<meta property=\"og:title\" content=\"PoolLab\u00ae 1.0 - Fotometer - profesionalni tester za vodo v bazenu in SPA | NIVETO Bazeni\" \/>\n<meta property=\"og:description\" content=\"V ceno je vklju\u010dena brezpla\u010dna dostava na podro\u010dju Republike Slovenije.\" \/>\n<meta property=\"og:url\" content=\"https:\/\/www.spa-pools.eu\/si\/product\/pool-lab-1-0-fotometer\/\" \/>\n<meta property=\"og:site_name\" content=\"NIVETO Bazeni\" \/>\n<meta property=\"article:publisher\" content=\"https:\/\/www.facebook.com\/Nivetobazeniifontane\/\" \/>\n<meta property=\"article:modified_time\" content=\"2025-03-06T13:18:05+00:00\" \/>\n<meta property=\"og:image\" content=\"https:\/\/www.spa-pools.eu\/si\/wp-content\/uploads\/2022\/12\/PoolLab-spa.hr_-300x269-1.png\" \/>\n\t<meta property=\"og:image:width\" content=\"300\" \/>\n\t<meta property=\"og:image:height\" content=\"269\" \/>\n<meta name=\"twitter:card\" content=\"summary_large_image\" \/>\n<script type=\"application\/ld+json\" class=\"yoast-schema-graph\">{\"@context\":\"https:\/\/schema.org\",\"@graph\":[{\"@type\":\"Organization\",\"@id\":\"https:\/\/www.spa-pools.eu\/si\/#organization\",\"name\":\"Niveto d.o.o. - Spa bazeni\",\"url\":\"https:\/\/www.spa-pools.eu\/si\/\",\"sameAs\":[\"https:\/\/www.facebook.com\/Nivetobazeniifontane\/\"],\"logo\":{\"@type\":\"ImageObject\",\"@id\":\"https:\/\/www.spa-pools.eu\/si\/#logo\",\"inLanguage\":\"en-US\",\"url\":\"https:\/\/www.spa-pools.eu\/si\/wp-content\/uploads\/revslider\/home3-rs1\/logo.png\",\"width\":203,\"height\":60,\"caption\":\"Niveto d.o.o. - Spa bazeni\"},\"image\":{\"@id\":\"https:\/\/www.spa-pools.eu\/si\/#logo\"}},{\"@type\":\"WebSite\",\"@id\":\"https:\/\/www.spa-pools.eu\/si\/#website\",\"url\":\"https:\/\/www.spa-pools.eu\/si\/\",\"name\":\"NIVETO Bazeni\",\"description\":\"Spa masa\\u017eni bazeni\",\"publisher\":{\"@id\":\"https:\/\/www.spa-pools.eu\/si\/#organization\"},\"potentialAction\":[{\"@type\":\"SearchAction\",\"target\":\"https:\/\/www.spa-pools.eu\/si\/?s={search_term_string}\",\"query-input\":\"required name=search_term_string\"}],\"inLanguage\":\"en-US\"},{\"@type\":\"ImageObject\",\"@id\":\"https:\/\/www.spa-pools.eu\/si\/product\/pool-lab-1-0-fotometer\/#primaryimage\",\"inLanguage\":\"en-US\",\"url\":\"https:\/\/www.spa-pools.eu\/si\/wp-content\/uploads\/2022\/12\/PoolLab-spa.hr_-300x269-1.png\",\"width\":300,\"height\":269},{\"@type\":\"WebPage\",\"@id\":\"https:\/\/www.spa-pools.eu\/si\/product\/pool-lab-1-0-fotometer\/#webpage\",\"url\":\"https:\/\/www.spa-pools.eu\/si\/product\/pool-lab-1-0-fotometer\/\",\"name\":\"PoolLab\\u00ae 1.0 - Fotometer - profesionalni tester za vodo v bazenu in SPA | NIVETO Bazeni\",\"isPartOf\":{\"@id\":\"https:\/\/www.spa-pools.eu\/si\/#website\"},\"primaryImageOfPage\":{\"@id\":\"https:\/\/www.spa-pools.eu\/si\/product\/pool-lab-1-0-fotometer\/#primaryimage\"},\"datePublished\":\"2022-12-13T09:07:15+00:00\",\"dateModified\":\"2025-03-06T13:18:05+00:00\",\"description\":\"V ceno je vklju\\u010dena brezpla\\u010dna dostava na podro\\u010dju Republike Slovenije.\",\"inLanguage\":\"en-US\",\"potentialAction\":[{\"@type\":\"ReadAction\",\"target\":[\"https:\/\/www.spa-pools.eu\/si\/product\/pool-lab-1-0-fotometer\/\"]}]}]}<\/script>\n<!-- \/ Yoast SEO Premium plugin. -->","_links":{"self":[{"href":"https:\/\/www.spa-pools.eu\/si\/wp-json\/wp\/v2\/product\/23763","targetHints":{"allow":["GET"]}}],"collection":[{"href":"https:\/\/www.spa-pools.eu\/si\/wp-json\/wp\/v2\/product"}],"about":[{"href":"https:\/\/www.spa-pools.eu\/si\/wp-json\/wp\/v2\/types\/product"}],"replies":[{"embeddable":true,"href":"https:\/\/www.spa-pools.eu\/si\/wp-json\/wp\/v2\/comments?post=23763"}],"wp:featuredmedia":[{"embeddable":true,"href":"https:\/\/www.spa-pools.eu\/si\/wp-json\/wp\/v2\/media\/23764"}],"wp:attachment":[{"href":"https:\/\/www.spa-pools.eu\/si\/wp-json\/wp\/v2\/media?parent=23763"}],"wp:term":[{"taxonomy":"product_brand","embeddable":true,"href":"https:\/\/www.spa-pools.eu\/si\/wp-json\/wp\/v2\/product_brand?post=23763"},{"taxonomy":"product_cat","embeddable":true,"href":"https:\/\/www.spa-pools.eu\/si\/wp-json\/wp\/v2\/product_cat?post=23763"},{"taxonomy":"product_tag","embeddable":true,"href":"https:\/\/www.spa-pools.eu\/si\/wp-json\/wp\/v2\/product_tag?post=23763"},{"taxonomy":"specifikacije","embeddable":true,"href":"https:\/\/www.spa-pools.eu\/si\/wp-json\/wp\/v2\/specifikacije?post=23763"},{"taxonomy":"pumpe__elektronika__mlaznice","embeddable":true,"href":"https:\/\/www.spa-pools.eu\/si\/wp-json\/wp\/v2\/pumpe__elektronika__mlaznice?post=23763"},{"taxonomy":"filtracija","embeddable":true,"href":"https:\/\/www.spa-pools.eu\/si\/wp-json\/wp\/v2\/filtracija?post=23763"},{"taxonomy":"oprema","embeddable":true,"href":"https:\/\/www.spa-pools.eu\/si\/wp-json\/wp\/v2\/oprema?post=23763"},{"taxonomy":"yst_prominent_words","embeddable":true,"href":"https:\/\/www.spa-pools.eu\/si\/wp-json\/wp\/v2\/yst_prominent_words?post=23763"}],"curies":[{"name":"wp","href":"https:\/\/api.w.org\/{rel}","templated":true}]}}