{"id":23931,"date":"2024-11-28T09:16:19","date_gmt":"2024-11-28T09:16:19","guid":{"rendered":"https:\/\/www.spa-pools.eu\/si\/?post_type=product&#038;p=23931"},"modified":"2025-07-29T09:32:25","modified_gmt":"2025-07-29T09:32:25","slug":"ledena-kopel-skadi","status":"publish","type":"product","link":"https:\/\/www.spa-pools.eu\/si\/product\/ledena-kopel-skadi\/","title":{"rendered":"Ledena kopel Skadi"},"content":{"rendered":"<p><span class=\"Y2IQFc\" lang=\"sl\">Ledena kopel poskrbi za osve\u017eilno in regenerativno izku\u0161njo, ki spodbuja okrevanje telesa po fizi\u010dnem naporu. Izpostavljanje telesa mrzli vodi zo\u017ei krvne \u017eile, kar zmanj\u0161a oteklino in vnetje mi\u0161ic. Kopel tudi pove\u010da cirkulacijo, kar lahko pomaga zmanj\u0161ati bole\u010dino in pospe\u0161i okrevanje. Idealen je za \u0161portnike, rekreativce, pa tudi za vse, ki si \u017eelijo izbolj\u0161ati svoje splo\u0161no po\u010dutje. Ledena kopel lahko zmanj\u0161a stres, izbolj\u0161a kakovost spanja in pove\u010da energijo \u010dez dan. Tretma je prava osve\u017eitev za telo in duha ter vas pripravi na nove izzive! <\/span><\/p>\n<p>&nbsp;<\/p>\n<ul>\n<li class=\"tw-data-text tw-text-large tw-ta\" dir=\"ltr\" data-placeholder=\"Translation\" data-ved=\"2ahUKEwjlsp6i1v6JAxX_LBAIHcMzGsYQ3ewLegQICxAU\" aria-label=\"Translated text: Ledena kopel poskrbi za osve\u017eilno in regenerativno izku\u0161njo, ki spodbuja okrevanje telesa po fizi\u010dnem naporu. Izpostavljanje telesa mrzli vodi zo\u017ei krvne \u017eile, kar zmanj\u0161a oteklino in vnetje mi\u0161ic. Kopel tudi pove\u010da cirkulacijo, kar lahko pomaga zmanj\u0161ati bole\u010dino in pospe\u0161i okrevanje. Idealen je za \u0161portnike, rekreativce, pa tudi za vse, ki si \u017eelijo izbolj\u0161ati svoje splo\u0161no po\u010dutje. Ledena kopel lahko zmanj\u0161a stres, izbolj\u0161a kakovost spanja in pove\u010da energijo \u010dez dan. Tretma je prava osve\u017eitev za telo in duha ter vas pripravi na nove izzive! Dimenzije: 167*88*86cm Konstrukcija iz nerjave\u010dega jekla Podloga iz rde\u010de cedre Enojni hladilnik z obto\u010dno \u010drpalko UV dezinfekcija in filtracija Nastavitev temperature: od 3\u00b0 do 40\u00b0 wifi nadzor Toplotnoizolacijski pokrov\"><span class=\"Y2IQFc\" lang=\"sl\">Dimenzije: 167*88*86cm <\/span><\/li>\n<li class=\"tw-data-text tw-text-large tw-ta\" dir=\"ltr\" data-placeholder=\"Translation\" data-ved=\"2ahUKEwjlsp6i1v6JAxX_LBAIHcMzGsYQ3ewLegQICxAU\" aria-label=\"Translated text: Ledena kopel poskrbi za osve\u017eilno in regenerativno izku\u0161njo, ki spodbuja okrevanje telesa po fizi\u010dnem naporu. Izpostavljanje telesa mrzli vodi zo\u017ei krvne \u017eile, kar zmanj\u0161a oteklino in vnetje mi\u0161ic. Kopel tudi pove\u010da cirkulacijo, kar lahko pomaga zmanj\u0161ati bole\u010dino in pospe\u0161i okrevanje. Idealen je za \u0161portnike, rekreativce, pa tudi za vse, ki si \u017eelijo izbolj\u0161ati svoje splo\u0161no po\u010dutje. Ledena kopel lahko zmanj\u0161a stres, izbolj\u0161a kakovost spanja in pove\u010da energijo \u010dez dan. Tretma je prava osve\u017eitev za telo in duha ter vas pripravi na nove izzive! Dimenzije: 167*88*86cm Konstrukcija iz nerjave\u010dega jekla Podloga iz rde\u010de cedre Enojni hladilnik z obto\u010dno \u010drpalko UV dezinfekcija in filtracija Nastavitev temperature: od 3\u00b0 do 40\u00b0 wifi nadzor Toplotnoizolacijski pokrov\"><span class=\"Y2IQFc\" lang=\"sl\">Konstrukcija iz nerjave\u010dega jekla <\/span><\/li>\n<li class=\"tw-data-text tw-text-large tw-ta\" dir=\"ltr\" data-placeholder=\"Translation\" data-ved=\"2ahUKEwjlsp6i1v6JAxX_LBAIHcMzGsYQ3ewLegQICxAU\" aria-label=\"Translated text: Ledena kopel poskrbi za osve\u017eilno in regenerativno izku\u0161njo, ki spodbuja okrevanje telesa po fizi\u010dnem naporu. Izpostavljanje telesa mrzli vodi zo\u017ei krvne \u017eile, kar zmanj\u0161a oteklino in vnetje mi\u0161ic. Kopel tudi pove\u010da cirkulacijo, kar lahko pomaga zmanj\u0161ati bole\u010dino in pospe\u0161i okrevanje. Idealen je za \u0161portnike, rekreativce, pa tudi za vse, ki si \u017eelijo izbolj\u0161ati svoje splo\u0161no po\u010dutje. Ledena kopel lahko zmanj\u0161a stres, izbolj\u0161a kakovost spanja in pove\u010da energijo \u010dez dan. Tretma je prava osve\u017eitev za telo in duha ter vas pripravi na nove izzive! Dimenzije: 167*88*86cm Konstrukcija iz nerjave\u010dega jekla Podloga iz rde\u010de cedre Enojni hladilnik z obto\u010dno \u010drpalko UV dezinfekcija in filtracija Nastavitev temperature: od 3\u00b0 do 40\u00b0 wifi nadzor Toplotnoizolacijski pokrov\"><span class=\"Y2IQFc\" lang=\"sl\">Podloga iz rde\u010de cedre <\/span><\/li>\n<li class=\"tw-data-text tw-text-large tw-ta\" dir=\"ltr\" data-placeholder=\"Translation\" data-ved=\"2ahUKEwjlsp6i1v6JAxX_LBAIHcMzGsYQ3ewLegQICxAU\" aria-label=\"Translated text: Ledena kopel poskrbi za osve\u017eilno in regenerativno izku\u0161njo, ki spodbuja okrevanje telesa po fizi\u010dnem naporu. Izpostavljanje telesa mrzli vodi zo\u017ei krvne \u017eile, kar zmanj\u0161a oteklino in vnetje mi\u0161ic. Kopel tudi pove\u010da cirkulacijo, kar lahko pomaga zmanj\u0161ati bole\u010dino in pospe\u0161i okrevanje. Idealen je za \u0161portnike, rekreativce, pa tudi za vse, ki si \u017eelijo izbolj\u0161ati svoje splo\u0161no po\u010dutje. Ledena kopel lahko zmanj\u0161a stres, izbolj\u0161a kakovost spanja in pove\u010da energijo \u010dez dan. Tretma je prava osve\u017eitev za telo in duha ter vas pripravi na nove izzive! Dimenzije: 167*88*86cm Konstrukcija iz nerjave\u010dega jekla Podloga iz rde\u010de cedre Enojni hladilnik z obto\u010dno \u010drpalko UV dezinfekcija in filtracija Nastavitev temperature: od 3\u00b0 do 40\u00b0 wifi nadzor Toplotnoizolacijski pokrov\"><span class=\"Y2IQFc\" lang=\"sl\">Enojni hladilnik z obto\u010dno \u010drpalko <\/span><\/li>\n<li class=\"tw-data-text tw-text-large tw-ta\" dir=\"ltr\" data-placeholder=\"Translation\" data-ved=\"2ahUKEwjlsp6i1v6JAxX_LBAIHcMzGsYQ3ewLegQICxAU\" aria-label=\"Translated text: Ledena kopel poskrbi za osve\u017eilno in regenerativno izku\u0161njo, ki spodbuja okrevanje telesa po fizi\u010dnem naporu. Izpostavljanje telesa mrzli vodi zo\u017ei krvne \u017eile, kar zmanj\u0161a oteklino in vnetje mi\u0161ic. Kopel tudi pove\u010da cirkulacijo, kar lahko pomaga zmanj\u0161ati bole\u010dino in pospe\u0161i okrevanje. Idealen je za \u0161portnike, rekreativce, pa tudi za vse, ki si \u017eelijo izbolj\u0161ati svoje splo\u0161no po\u010dutje. Ledena kopel lahko zmanj\u0161a stres, izbolj\u0161a kakovost spanja in pove\u010da energijo \u010dez dan. Tretma je prava osve\u017eitev za telo in duha ter vas pripravi na nove izzive! Dimenzije: 167*88*86cm Konstrukcija iz nerjave\u010dega jekla Podloga iz rde\u010de cedre Enojni hladilnik z obto\u010dno \u010drpalko UV dezinfekcija in filtracija Nastavitev temperature: od 3\u00b0 do 40\u00b0 wifi nadzor Toplotnoizolacijski pokrov\"><span class=\"Y2IQFc\" lang=\"sl\">UV dezinfekcija in filtracija <\/span><\/li>\n<li class=\"tw-data-text tw-text-large tw-ta\" dir=\"ltr\" data-placeholder=\"Translation\" data-ved=\"2ahUKEwjlsp6i1v6JAxX_LBAIHcMzGsYQ3ewLegQICxAU\" aria-label=\"Translated text: Ledena kopel poskrbi za osve\u017eilno in regenerativno izku\u0161njo, ki spodbuja okrevanje telesa po fizi\u010dnem naporu. Izpostavljanje telesa mrzli vodi zo\u017ei krvne \u017eile, kar zmanj\u0161a oteklino in vnetje mi\u0161ic. Kopel tudi pove\u010da cirkulacijo, kar lahko pomaga zmanj\u0161ati bole\u010dino in pospe\u0161i okrevanje. Idealen je za \u0161portnike, rekreativce, pa tudi za vse, ki si \u017eelijo izbolj\u0161ati svoje splo\u0161no po\u010dutje. Ledena kopel lahko zmanj\u0161a stres, izbolj\u0161a kakovost spanja in pove\u010da energijo \u010dez dan. Tretma je prava osve\u017eitev za telo in duha ter vas pripravi na nove izzive! Dimenzije: 167*88*86cm Konstrukcija iz nerjave\u010dega jekla Podloga iz rde\u010de cedre Enojni hladilnik z obto\u010dno \u010drpalko UV dezinfekcija in filtracija Nastavitev temperature: od 3\u00b0 do 40\u00b0 wifi nadzor Toplotnoizolacijski pokrov\"><span class=\"Y2IQFc\" lang=\"sl\">Nastavitev temperature: od 3\u00b0 do 40\u00b0 <\/span><\/li>\n<li class=\"tw-data-text tw-text-large tw-ta\" dir=\"ltr\" data-placeholder=\"Translation\" data-ved=\"2ahUKEwjlsp6i1v6JAxX_LBAIHcMzGsYQ3ewLegQICxAU\" aria-label=\"Translated text: Ledena kopel poskrbi za osve\u017eilno in regenerativno izku\u0161njo, ki spodbuja okrevanje telesa po fizi\u010dnem naporu. Izpostavljanje telesa mrzli vodi zo\u017ei krvne \u017eile, kar zmanj\u0161a oteklino in vnetje mi\u0161ic. Kopel tudi pove\u010da cirkulacijo, kar lahko pomaga zmanj\u0161ati bole\u010dino in pospe\u0161i okrevanje. Idealen je za \u0161portnike, rekreativce, pa tudi za vse, ki si \u017eelijo izbolj\u0161ati svoje splo\u0161no po\u010dutje. Ledena kopel lahko zmanj\u0161a stres, izbolj\u0161a kakovost spanja in pove\u010da energijo \u010dez dan. Tretma je prava osve\u017eitev za telo in duha ter vas pripravi na nove izzive! Dimenzije: 167*88*86cm Konstrukcija iz nerjave\u010dega jekla Podloga iz rde\u010de cedre Enojni hladilnik z obto\u010dno \u010drpalko UV dezinfekcija in filtracija Nastavitev temperature: od 3\u00b0 do 40\u00b0 wifi nadzor Toplotnoizolacijski pokrov\"><span class=\"Y2IQFc\" lang=\"sl\">wifi nadzor <\/span><\/li>\n<li class=\"tw-data-text tw-text-large tw-ta\" dir=\"ltr\" data-placeholder=\"Translation\" data-ved=\"2ahUKEwjlsp6i1v6JAxX_LBAIHcMzGsYQ3ewLegQICxAU\" aria-label=\"Translated text: Ledena kopel poskrbi za osve\u017eilno in regenerativno izku\u0161njo, ki spodbuja okrevanje telesa po fizi\u010dnem naporu. Izpostavljanje telesa mrzli vodi zo\u017ei krvne \u017eile, kar zmanj\u0161a oteklino in vnetje mi\u0161ic. Kopel tudi pove\u010da cirkulacijo, kar lahko pomaga zmanj\u0161ati bole\u010dino in pospe\u0161i okrevanje. Idealen je za \u0161portnike, rekreativce, pa tudi za vse, ki si \u017eelijo izbolj\u0161ati svoje splo\u0161no po\u010dutje. Ledena kopel lahko zmanj\u0161a stres, izbolj\u0161a kakovost spanja in pove\u010da energijo \u010dez dan. Tretma je prava osve\u017eitev za telo in duha ter vas pripravi na nove izzive! Dimenzije: 167*88*86cm Konstrukcija iz nerjave\u010dega jekla Podloga iz rde\u010de cedre Enojni hladilnik z obto\u010dno \u010drpalko UV dezinfekcija in filtracija Nastavitev temperature: od 3\u00b0 do 40\u00b0 wifi nadzor Toplotnoizolacijski pokrov\"><span class=\"Y2IQFc\" lang=\"sl\">Toplotnoizolacijski pokrov<\/span><\/li>\n<\/ul>\n<p><img decoding=\"async\" class=\"alignleft size-full wp-image-28179\" src=\"https:\/\/www.spa.hr\/wp-content\/uploads\/2024\/10\/wsc2.png\" alt=\"\" width=\"1102\" height=\"534\" \/><\/p>\n<p>&nbsp;<\/p>\n<p><span class=\"Y2IQFc\" lang=\"sl\">Tehni\u010dne podrobnosti: <\/span><\/p>\n<ul>\n<li class=\"tw-data-text tw-text-large tw-ta\" dir=\"ltr\" data-placeholder=\"Translation\" data-ved=\"2ahUKEwjlsp6i1v6JAxX_LBAIHcMzGsYQ3ewLegQICxAU\" aria-label=\"Translated text: Tehni\u010dne podrobnosti: Prostornina: 330L Te\u017ea z in brez vode: 295 kg\/675 kg Obto\u010dna \u010drpalka 80W Napajalni priklju\u010dek: 230V\"><span class=\"Y2IQFc\" lang=\"sl\">Prostornina: 330L <\/span><\/li>\n<li class=\"tw-data-text tw-text-large tw-ta\" dir=\"ltr\" data-placeholder=\"Translation\" data-ved=\"2ahUKEwjlsp6i1v6JAxX_LBAIHcMzGsYQ3ewLegQICxAU\" aria-label=\"Translated text: Tehni\u010dne podrobnosti: Prostornina: 330L Te\u017ea z in brez vode: 295 kg\/675 kg Obto\u010dna \u010drpalka 80W Napajalni priklju\u010dek: 230V\"><span class=\"Y2IQFc\" lang=\"sl\">Te\u017ea z in brez vode: 295 kg\/675 kg <\/span><\/li>\n<li class=\"tw-data-text tw-text-large tw-ta\" dir=\"ltr\" data-placeholder=\"Translation\" data-ved=\"2ahUKEwjlsp6i1v6JAxX_LBAIHcMzGsYQ3ewLegQICxAU\" aria-label=\"Translated text: Tehni\u010dne podrobnosti: Prostornina: 330L Te\u017ea z in brez vode: 295 kg\/675 kg Obto\u010dna \u010drpalka 80W Napajalni priklju\u010dek: 230V\"><span class=\"Y2IQFc\" lang=\"sl\">Obto\u010dna \u010drpalka 80W <\/span><\/li>\n<li class=\"tw-data-text tw-text-large tw-ta\" dir=\"ltr\" data-placeholder=\"Translation\" data-ved=\"2ahUKEwjlsp6i1v6JAxX_LBAIHcMzGsYQ3ewLegQICxAU\" aria-label=\"Translated text: Tehni\u010dne podrobnosti: Prostornina: 330L Te\u017ea z in brez vode: 295 kg\/675 kg Obto\u010dna \u010drpalka 80W Napajalni priklju\u010dek: 230V\"><span class=\"Y2IQFc\" lang=\"sl\">Napajalni priklju\u010dek: 230V<\/span><\/li>\n<\/ul>\n<p>&nbsp;<\/p>\n<p>Navodila:<\/p>\n<p><span style=\"text-decoration: underline;\"><span style=\"color: #3366ff;\"><a style=\"color: #3366ff; text-decoration: underline;\" href=\"https:\/\/www.spa-pools.eu\/si\/wp-content\/uploads\/2024\/11\/controller-panel-user-manual-SR-BT1003-WSC-B-and-D.pdf\">Navodilo za nadzornu plo\u0161\u010du<\/a><\/span><\/span><\/p>\n<p><span style=\"text-decoration: underline;\"><span style=\"color: #3366ff;\"><a style=\"color: #3366ff; text-decoration: underline;\" href=\"https:\/\/www.spa-pools.eu\/si\/wp-content\/uploads\/2024\/11\/single-cooling-machine-user-manual-SR-BT1003-WSC-B-and-D.pdf\">Navodilo za toplotnu \u010drpalku<\/a><\/span><\/span><\/p>\n<pre id=\"tw-target-text\" class=\"tw-data-text tw-text-large tw-ta\" dir=\"ltr\" data-placeholder=\"Translation\" data-ved=\"2ahUKEwjlsp6i1v6JAxX_LBAIHcMzGsYQ3ewLegQICxAU\" aria-label=\"Translated text: Garancija: 5 let za gradnjo, 2 leti za les, 1 leto za elektroniko\"><span class=\"Y2IQFc\" lang=\"sl\">Garancija: \r\n5 let za gradnjo, \r\n2 leti za les, \r\n1 leto za elektroniko<\/span><\/pre>\n","protected":false},"excerpt":{"rendered":"<p><span class=\"Y2IQFc\" lang=\"sl\">Ledena kopel <\/span><\/p>\n<p><strong><span class=\"Y2IQFc\" lang=\"sl\">Prednosti ledene kopeli: <\/span><\/strong><\/p>\n<ul>\n<li class=\"tw-data-text tw-text-large tw-ta\" dir=\"ltr\" data-placeholder=\"Translation\" data-ved=\"2ahUKEwjlsp6i1v6JAxX_LBAIHcMzGsYQ3ewLegQICxAU\" aria-label=\"Translated text: Ledena kopel Prednosti ledene kopeli: Zmanj\u0161uje vnetje in otekanje mi\u0161ic Pospe\u0161uje okrevanje po fizi\u010dnem naporu Izbolj\u0161uje cirkulacijo in zdravje krvo\u017eilnega sistema Pove\u010da raven energije in mentalno budnost Zmanj\u0161uje stres in izbolj\u0161uje kakovost spanja Podpira imunski sistem\"><span class=\"Y2IQFc\" lang=\"sl\">Zmanj\u0161uje vnetje in otekanje mi\u0161ic <\/span><\/li>\n<li class=\"tw-data-text tw-text-large tw-ta\" dir=\"ltr\" data-placeholder=\"Translation\" data-ved=\"2ahUKEwjlsp6i1v6JAxX_LBAIHcMzGsYQ3ewLegQICxAU\" aria-label=\"Translated text: Ledena kopel Prednosti ledene kopeli: Zmanj\u0161uje vnetje in otekanje mi\u0161ic Pospe\u0161uje okrevanje po fizi\u010dnem naporu Izbolj\u0161uje cirkulacijo in zdravje krvo\u017eilnega sistema Pove\u010da raven energije in mentalno budnost Zmanj\u0161uje stres in izbolj\u0161uje kakovost spanja Podpira imunski sistem\"><span class=\"Y2IQFc\" lang=\"sl\">P<\/span><span class=\"Y2IQFc\" lang=\"sl\">ospe\u0161uje okrevanje po fizi\u010dnem naporu <\/span><\/li>\n<li class=\"tw-data-text tw-text-large tw-ta\" dir=\"ltr\" data-placeholder=\"Translation\" data-ved=\"2ahUKEwjlsp6i1v6JAxX_LBAIHcMzGsYQ3ewLegQICxAU\" aria-label=\"Translated text: Ledena kopel Prednosti ledene kopeli: Zmanj\u0161uje vnetje in otekanje mi\u0161ic Pospe\u0161uje okrevanje po fizi\u010dnem naporu Izbolj\u0161uje cirkulacijo in zdravje krvo\u017eilnega sistema Pove\u010da raven energije in mentalno budnost Zmanj\u0161uje stres in izbolj\u0161uje kakovost spanja Podpira imunski sistem\"><span class=\"Y2IQFc\" lang=\"sl\">Izbolj\u0161uje cirkulacijo in zdravje krvo\u017eilnega sistema <\/span><\/li>\n<li class=\"tw-data-text tw-text-large tw-ta\" dir=\"ltr\" data-placeholder=\"Translation\" data-ved=\"2ahUKEwjlsp6i1v6JAxX_LBAIHcMzGsYQ3ewLegQICxAU\" aria-label=\"Translated text: Ledena kopel Prednosti ledene kopeli: Zmanj\u0161uje vnetje in otekanje mi\u0161ic Pospe\u0161uje okrevanje po fizi\u010dnem naporu Izbolj\u0161uje cirkulacijo in zdravje krvo\u017eilnega sistema Pove\u010da raven energije in mentalno budnost Zmanj\u0161uje stres in izbolj\u0161uje kakovost spanja Podpira imunski sistem\"><span class=\"Y2IQFc\" lang=\"sl\">Pove\u010da raven energije in mentalno budnost <\/span><\/li>\n<li class=\"tw-data-text tw-text-large tw-ta\" dir=\"ltr\" data-placeholder=\"Translation\" data-ved=\"2ahUKEwjlsp6i1v6JAxX_LBAIHcMzGsYQ3ewLegQICxAU\" aria-label=\"Translated text: Ledena kopel Prednosti ledene kopeli: Zmanj\u0161uje vnetje in otekanje mi\u0161ic Pospe\u0161uje okrevanje po fizi\u010dnem naporu Izbolj\u0161uje cirkulacijo in zdravje krvo\u017eilnega sistema Pove\u010da raven energije in mentalno budnost Zmanj\u0161uje stres in izbolj\u0161uje kakovost spanja Podpira imunski sistem\"><span class=\"Y2IQFc\" lang=\"sl\">Zmanj\u0161uje stres in izbolj\u0161uje kakovost spanja <\/span><\/li>\n<li class=\"tw-data-text tw-text-large tw-ta\" dir=\"ltr\" data-placeholder=\"Translation\" data-ved=\"2ahUKEwjlsp6i1v6JAxX_LBAIHcMzGsYQ3ewLegQICxAU\" aria-label=\"Translated text: Ledena kopel Prednosti ledene kopeli: Zmanj\u0161uje vnetje in otekanje mi\u0161ic Pospe\u0161uje okrevanje po fizi\u010dnem naporu Izbolj\u0161uje cirkulacijo in zdravje krvo\u017eilnega sistema Pove\u010da raven energije in mentalno budnost Zmanj\u0161uje stres in izbolj\u0161uje kakovost spanja Podpira imunski sistem\"><span class=\"Y2IQFc\" lang=\"sl\">Podpira imunski sistem<\/span><\/li>\n<\/ul>\n","protected":false},"featured_media":23932,"comment_status":"open","ping_status":"closed","template":"","meta":{"_acf_changed":false},"product_brand":[],"product_cat":[1159],"product_tag":[],"specifikacije":[],"pumpe__elektronika__mlaznice":[],"filtracija":[],"oprema":[],"yst_prominent_words":[472,487,179],"class_list":{"0":"post-23931","1":"product","2":"type-product","3":"status-publish","4":"has-post-thumbnail","6":"product_cat-ledena-kopel","7":"tm-no-options","9":"first","10":"instock","11":"taxable","12":"shipping-taxable","13":"purchasable","14":"product-type-simple"},"acf":[],"yoast_head":"<!-- This site is optimized with the Yoast SEO Premium plugin v14.0.4 - https:\/\/yoast.com\/wordpress\/plugins\/seo\/ -->\n<title>Ledena kopel Skadi | NIVETO Bazeni<\/title>\n<meta name=\"description\" content=\"Ledena kopel   Prednosti ledene kopeli:    Zmanj\u0161uje vnetje in otekanje mi\u0161ic   Pospe\u0161uje okrevanje po fizi\u010dnem naporu   Izbolj\u0161uje cirkulacijo in zdravje krvo\u017eilnega sistema   Pove\u010da raven energije in mentalno budnost   Zmanj\u0161uje stres in izbolj\u0161uje kakovost spanja   Podpira imunski sistem\" \/>\n<meta name=\"robots\" content=\"index, follow\" \/>\n<meta name=\"googlebot\" content=\"index, follow, max-snippet:-1, max-image-preview:large, max-video-preview:-1\" \/>\n<meta name=\"bingbot\" content=\"index, follow, max-snippet:-1, max-image-preview:large, max-video-preview:-1\" \/>\n<link rel=\"canonical\" href=\"https:\/\/www.spa-pools.eu\/si\/product\/ledena-kopel-skadi\/\" \/>\n<meta property=\"og:locale\" content=\"en_US\" \/>\n<meta property=\"og:type\" content=\"article\" \/>\n<meta property=\"og:title\" content=\"Ledena kopel Skadi | NIVETO Bazeni\" \/>\n<meta property=\"og:description\" content=\"Ledena kopel   Prednosti ledene kopeli:    Zmanj\u0161uje vnetje in otekanje mi\u0161ic   Pospe\u0161uje okrevanje po fizi\u010dnem naporu   Izbolj\u0161uje cirkulacijo in zdravje krvo\u017eilnega sistema   Pove\u010da raven energije in mentalno budnost   Zmanj\u0161uje stres in izbolj\u0161uje kakovost spanja   Podpira imunski sistem\" \/>\n<meta property=\"og:url\" content=\"https:\/\/www.spa-pools.eu\/si\/product\/ledena-kopel-skadi\/\" \/>\n<meta property=\"og:site_name\" content=\"NIVETO Bazeni\" \/>\n<meta property=\"article:publisher\" content=\"https:\/\/www.facebook.com\/Nivetobazeniifontane\/\" \/>\n<meta property=\"article:modified_time\" content=\"2025-07-29T09:32:25+00:00\" \/>\n<meta property=\"og:image\" content=\"https:\/\/www.spa-pools.eu\/si\/wp-content\/uploads\/2024\/11\/9-scaled.jpg\" \/>\n\t<meta property=\"og:image:width\" content=\"2560\" \/>\n\t<meta property=\"og:image:height\" content=\"2560\" \/>\n<meta name=\"twitter:card\" content=\"summary_large_image\" \/>\n<script type=\"application\/ld+json\" class=\"yoast-schema-graph\">{\"@context\":\"https:\/\/schema.org\",\"@graph\":[{\"@type\":\"Organization\",\"@id\":\"https:\/\/www.spa-pools.eu\/si\/#organization\",\"name\":\"Niveto d.o.o. - Spa bazeni\",\"url\":\"https:\/\/www.spa-pools.eu\/si\/\",\"sameAs\":[\"https:\/\/www.facebook.com\/Nivetobazeniifontane\/\"],\"logo\":{\"@type\":\"ImageObject\",\"@id\":\"https:\/\/www.spa-pools.eu\/si\/#logo\",\"inLanguage\":\"en-US\",\"url\":\"https:\/\/www.spa-pools.eu\/si\/wp-content\/uploads\/revslider\/home3-rs1\/logo.png\",\"width\":203,\"height\":60,\"caption\":\"Niveto d.o.o. - Spa bazeni\"},\"image\":{\"@id\":\"https:\/\/www.spa-pools.eu\/si\/#logo\"}},{\"@type\":\"WebSite\",\"@id\":\"https:\/\/www.spa-pools.eu\/si\/#website\",\"url\":\"https:\/\/www.spa-pools.eu\/si\/\",\"name\":\"NIVETO Bazeni\",\"description\":\"Spa masa\\u017eni bazeni\",\"publisher\":{\"@id\":\"https:\/\/www.spa-pools.eu\/si\/#organization\"},\"potentialAction\":[{\"@type\":\"SearchAction\",\"target\":\"https:\/\/www.spa-pools.eu\/si\/?s={search_term_string}\",\"query-input\":\"required name=search_term_string\"}],\"inLanguage\":\"en-US\"},{\"@type\":\"ImageObject\",\"@id\":\"https:\/\/www.spa-pools.eu\/si\/product\/ledena-kopel-skadi\/#primaryimage\",\"inLanguage\":\"en-US\",\"url\":\"https:\/\/www.spa-pools.eu\/si\/wp-content\/uploads\/2024\/11\/9-scaled.jpg\",\"width\":2560,\"height\":2560},{\"@type\":\"WebPage\",\"@id\":\"https:\/\/www.spa-pools.eu\/si\/product\/ledena-kopel-skadi\/#webpage\",\"url\":\"https:\/\/www.spa-pools.eu\/si\/product\/ledena-kopel-skadi\/\",\"name\":\"Ledena kopel Skadi | NIVETO Bazeni\",\"isPartOf\":{\"@id\":\"https:\/\/www.spa-pools.eu\/si\/#website\"},\"primaryImageOfPage\":{\"@id\":\"https:\/\/www.spa-pools.eu\/si\/product\/ledena-kopel-skadi\/#primaryimage\"},\"datePublished\":\"2024-11-28T09:16:19+00:00\",\"dateModified\":\"2025-07-29T09:32:25+00:00\",\"description\":\"Ledena kopel Prednosti ledene kopeli: Zmanj\\u0161uje vnetje in otekanje mi\\u0161ic Pospe\\u0161uje okrevanje po fizi\\u010dnem naporu Izbolj\\u0161uje cirkulacijo in zdravje krvo\\u017eilnega sistema Pove\\u010da raven energije in mentalno budnost Zmanj\\u0161uje stres in izbolj\\u0161uje kakovost spanja Podpira imunski sistem\",\"inLanguage\":\"en-US\",\"potentialAction\":[{\"@type\":\"ReadAction\",\"target\":[\"https:\/\/www.spa-pools.eu\/si\/product\/ledena-kopel-skadi\/\"]}]}]}<\/script>\n<!-- \/ Yoast SEO Premium plugin. -->","_links":{"self":[{"href":"https:\/\/www.spa-pools.eu\/si\/wp-json\/wp\/v2\/product\/23931","targetHints":{"allow":["GET"]}}],"collection":[{"href":"https:\/\/www.spa-pools.eu\/si\/wp-json\/wp\/v2\/product"}],"about":[{"href":"https:\/\/www.spa-pools.eu\/si\/wp-json\/wp\/v2\/types\/product"}],"replies":[{"embeddable":true,"href":"https:\/\/www.spa-pools.eu\/si\/wp-json\/wp\/v2\/comments?post=23931"}],"wp:featuredmedia":[{"embeddable":true,"href":"https:\/\/www.spa-pools.eu\/si\/wp-json\/wp\/v2\/media\/23932"}],"wp:attachment":[{"href":"https:\/\/www.spa-pools.eu\/si\/wp-json\/wp\/v2\/media?parent=23931"}],"wp:term":[{"taxonomy":"product_brand","embeddable":true,"href":"https:\/\/www.spa-pools.eu\/si\/wp-json\/wp\/v2\/product_brand?post=23931"},{"taxonomy":"product_cat","embeddable":true,"href":"https:\/\/www.spa-pools.eu\/si\/wp-json\/wp\/v2\/product_cat?post=23931"},{"taxonomy":"product_tag","embeddable":true,"href":"https:\/\/www.spa-pools.eu\/si\/wp-json\/wp\/v2\/product_tag?post=23931"},{"taxonomy":"specifikacije","embeddable":true,"href":"https:\/\/www.spa-pools.eu\/si\/wp-json\/wp\/v2\/specifikacije?post=23931"},{"taxonomy":"pumpe__elektronika__mlaznice","embeddable":true,"href":"https:\/\/www.spa-pools.eu\/si\/wp-json\/wp\/v2\/pumpe__elektronika__mlaznice?post=23931"},{"taxonomy":"filtracija","embeddable":true,"href":"https:\/\/www.spa-pools.eu\/si\/wp-json\/wp\/v2\/filtracija?post=23931"},{"taxonomy":"oprema","embeddable":true,"href":"https:\/\/www.spa-pools.eu\/si\/wp-json\/wp\/v2\/oprema?post=23931"},{"taxonomy":"yst_prominent_words","embeddable":true,"href":"https:\/\/www.spa-pools.eu\/si\/wp-json\/wp\/v2\/yst_prominent_words?post=23931"}],"curies":[{"name":"wp","href":"https:\/\/api.w.org\/{rel}","templated":true}]}}