{"id":23940,"date":"2024-11-28T09:28:01","date_gmt":"2024-11-28T09:28:01","guid":{"rendered":"https:\/\/www.spa-pools.eu\/si\/?post_type=product&#038;p=23940"},"modified":"2025-07-29T09:32:07","modified_gmt":"2025-07-29T09:32:07","slug":"ledena-kupka-morana","status":"publish","type":"product","link":"https:\/\/www.spa-pools.eu\/si\/product\/ledena-kupka-morana\/","title":{"rendered":"Ledena kopel Morana"},"content":{"rendered":"<p><span class=\"Y2IQFc\" lang=\"sl\">Ledena kopel poskrbi za osve\u017eilno in regenerativno izku\u0161njo, ki spodbuja okrevanje telesa po fizi\u010dnem naporu. Izpostavljanje telesa mrzli vodi zo\u017ei krvne \u017eile, kar zmanj\u0161a oteklino in vnetje mi\u0161ic. Kopel tudi pove\u010da cirkulacijo, kar lahko pomaga zmanj\u0161ati bole\u010dino in pospe\u0161i okrevanje. Idealen je za \u0161portnike, rekreativce, pa tudi za vse, ki si \u017eelijo izbolj\u0161ati svoje splo\u0161no po\u010dutje. Ledena kopel lahko zmanj\u0161a stres, izbolj\u0161a kakovost spanja in pove\u010da energijo \u010dez dan. Tretman je prava osve\u017eitev za telo in duha ter vas pripravi na nove izazive! <\/span><\/p>\n<p>&nbsp;<\/p>\n<ul>\n<li class=\"tw-data-text tw-text-large tw-ta\" dir=\"ltr\" data-placeholder=\"Translation\" data-ved=\"2ahUKEwjlsp6i1v6JAxX_LBAIHcMzGsYQ3ewLegQICxAU\" aria-label=\"Translated text: Ledena kopel poskrbi za osve\u017eilno in regenerativno izku\u0161njo, ki spodbuja okrevanje telesa po fizi\u010dnem naporu. Izpostavljanje telesa mrzli vodi zo\u017ei krvne \u017eile, kar zmanj\u0161a oteklino in vnetje mi\u0161ic. Kopel tudi pove\u010da cirkulacijo, kar lahko pomaga zmanj\u0161ati bole\u010dino in pospe\u0161i okrevanje. Idealen je za \u0161portnike, rekreativce, pa tudi za vse, ki si \u017eelijo izbolj\u0161ati svoje splo\u0161no po\u010dutje. Ledena kopel lahko zmanj\u0161a stres, izbolj\u0161a kakovost spanja in pove\u010da energijo \u010dez dan. Tretma je prava osve\u017eitev za telo in duha ter vas pripravi na nove izzive! Dimenzije: 207*89*97cm Akrilna lupina Leseno-plasti\u010dne obloge Mini inverterski hladilnik Krmilni sistem Balboa z nadzorno plo\u0161\u010do Nastavitev temperature: od 5\u00b0 do 40\u00b0 Ozon in filtracija Podstavek za kad iz ABS Toplotnoizolacijski pokrov\"><span class=\"Y2IQFc\" lang=\"sl\">Dimenzije: 207*89*97cm <\/span><\/li>\n<li class=\"tw-data-text tw-text-large tw-ta\" dir=\"ltr\" data-placeholder=\"Translation\" data-ved=\"2ahUKEwjlsp6i1v6JAxX_LBAIHcMzGsYQ3ewLegQICxAU\" aria-label=\"Translated text: Ledena kopel poskrbi za osve\u017eilno in regenerativno izku\u0161njo, ki spodbuja okrevanje telesa po fizi\u010dnem naporu. Izpostavljanje telesa mrzli vodi zo\u017ei krvne \u017eile, kar zmanj\u0161a oteklino in vnetje mi\u0161ic. Kopel tudi pove\u010da cirkulacijo, kar lahko pomaga zmanj\u0161ati bole\u010dino in pospe\u0161i okrevanje. Idealen je za \u0161portnike, rekreativce, pa tudi za vse, ki si \u017eelijo izbolj\u0161ati svoje splo\u0161no po\u010dutje. Ledena kopel lahko zmanj\u0161a stres, izbolj\u0161a kakovost spanja in pove\u010da energijo \u010dez dan. Tretma je prava osve\u017eitev za telo in duha ter vas pripravi na nove izzive! Dimenzije: 207*89*97cm Akrilna lupina Leseno-plasti\u010dne obloge Mini inverterski hladilnik Krmilni sistem Balboa z nadzorno plo\u0161\u010do Nastavitev temperature: od 5\u00b0 do 40\u00b0 Ozon in filtracija Podstavek za kad iz ABS Toplotnoizolacijski pokrov\"><span class=\"Y2IQFc\" lang=\"sl\">Akrilna lupina <\/span><\/li>\n<li class=\"tw-data-text tw-text-large tw-ta\" dir=\"ltr\" data-placeholder=\"Translation\" data-ved=\"2ahUKEwjlsp6i1v6JAxX_LBAIHcMzGsYQ3ewLegQICxAU\" aria-label=\"Translated text: Ledena kopel poskrbi za osve\u017eilno in regenerativno izku\u0161njo, ki spodbuja okrevanje telesa po fizi\u010dnem naporu. Izpostavljanje telesa mrzli vodi zo\u017ei krvne \u017eile, kar zmanj\u0161a oteklino in vnetje mi\u0161ic. Kopel tudi pove\u010da cirkulacijo, kar lahko pomaga zmanj\u0161ati bole\u010dino in pospe\u0161i okrevanje. Idealen je za \u0161portnike, rekreativce, pa tudi za vse, ki si \u017eelijo izbolj\u0161ati svoje splo\u0161no po\u010dutje. Ledena kopel lahko zmanj\u0161a stres, izbolj\u0161a kakovost spanja in pove\u010da energijo \u010dez dan. Tretma je prava osve\u017eitev za telo in duha ter vas pripravi na nove izzive! Dimenzije: 207*89*97cm Akrilna lupina Leseno-plasti\u010dne obloge Mini inverterski hladilnik Krmilni sistem Balboa z nadzorno plo\u0161\u010do Nastavitev temperature: od 5\u00b0 do 40\u00b0 Ozon in filtracija Podstavek za kad iz ABS Toplotnoizolacijski pokrov\"><span class=\"Y2IQFc\" lang=\"sl\">Leseno-plasti\u010dne obloge <\/span><\/li>\n<li class=\"tw-data-text tw-text-large tw-ta\" dir=\"ltr\" data-placeholder=\"Translation\" data-ved=\"2ahUKEwjlsp6i1v6JAxX_LBAIHcMzGsYQ3ewLegQICxAU\" aria-label=\"Translated text: Ledena kopel poskrbi za osve\u017eilno in regenerativno izku\u0161njo, ki spodbuja okrevanje telesa po fizi\u010dnem naporu. Izpostavljanje telesa mrzli vodi zo\u017ei krvne \u017eile, kar zmanj\u0161a oteklino in vnetje mi\u0161ic. Kopel tudi pove\u010da cirkulacijo, kar lahko pomaga zmanj\u0161ati bole\u010dino in pospe\u0161i okrevanje. Idealen je za \u0161portnike, rekreativce, pa tudi za vse, ki si \u017eelijo izbolj\u0161ati svoje splo\u0161no po\u010dutje. Ledena kopel lahko zmanj\u0161a stres, izbolj\u0161a kakovost spanja in pove\u010da energijo \u010dez dan. Tretma je prava osve\u017eitev za telo in duha ter vas pripravi na nove izzive! Dimenzije: 207*89*97cm Akrilna lupina Leseno-plasti\u010dne obloge Mini inverterski hladilnik Krmilni sistem Balboa z nadzorno plo\u0161\u010do Nastavitev temperature: od 5\u00b0 do 40\u00b0 Ozon in filtracija Podstavek za kad iz ABS Toplotnoizolacijski pokrov\"><span class=\"Y2IQFc\" lang=\"sl\">Mini inverterski hladilnik <\/span><\/li>\n<li class=\"tw-data-text tw-text-large tw-ta\" dir=\"ltr\" data-placeholder=\"Translation\" data-ved=\"2ahUKEwjlsp6i1v6JAxX_LBAIHcMzGsYQ3ewLegQICxAU\" aria-label=\"Translated text: Ledena kopel poskrbi za osve\u017eilno in regenerativno izku\u0161njo, ki spodbuja okrevanje telesa po fizi\u010dnem naporu. Izpostavljanje telesa mrzli vodi zo\u017ei krvne \u017eile, kar zmanj\u0161a oteklino in vnetje mi\u0161ic. Kopel tudi pove\u010da cirkulacijo, kar lahko pomaga zmanj\u0161ati bole\u010dino in pospe\u0161i okrevanje. Idealen je za \u0161portnike, rekreativce, pa tudi za vse, ki si \u017eelijo izbolj\u0161ati svoje splo\u0161no po\u010dutje. Ledena kopel lahko zmanj\u0161a stres, izbolj\u0161a kakovost spanja in pove\u010da energijo \u010dez dan. Tretma je prava osve\u017eitev za telo in duha ter vas pripravi na nove izzive! Dimenzije: 207*89*97cm Akrilna lupina Leseno-plasti\u010dne obloge Mini inverterski hladilnik Krmilni sistem Balboa z nadzorno plo\u0161\u010do Nastavitev temperature: od 5\u00b0 do 40\u00b0 Ozon in filtracija Podstavek za kad iz ABS Toplotnoizolacijski pokrov\"><span class=\"Y2IQFc\" lang=\"sl\">Krmilni sistem Balboa z nadzorno plo\u0161\u010do <\/span><\/li>\n<li class=\"tw-data-text tw-text-large tw-ta\" dir=\"ltr\" data-placeholder=\"Translation\" data-ved=\"2ahUKEwjlsp6i1v6JAxX_LBAIHcMzGsYQ3ewLegQICxAU\" aria-label=\"Translated text: Ledena kopel poskrbi za osve\u017eilno in regenerativno izku\u0161njo, ki spodbuja okrevanje telesa po fizi\u010dnem naporu. Izpostavljanje telesa mrzli vodi zo\u017ei krvne \u017eile, kar zmanj\u0161a oteklino in vnetje mi\u0161ic. Kopel tudi pove\u010da cirkulacijo, kar lahko pomaga zmanj\u0161ati bole\u010dino in pospe\u0161i okrevanje. Idealen je za \u0161portnike, rekreativce, pa tudi za vse, ki si \u017eelijo izbolj\u0161ati svoje splo\u0161no po\u010dutje. Ledena kopel lahko zmanj\u0161a stres, izbolj\u0161a kakovost spanja in pove\u010da energijo \u010dez dan. Tretma je prava osve\u017eitev za telo in duha ter vas pripravi na nove izzive! Dimenzije: 207*89*97cm Akrilna lupina Leseno-plasti\u010dne obloge Mini inverterski hladilnik Krmilni sistem Balboa z nadzorno plo\u0161\u010do Nastavitev temperature: od 5\u00b0 do 40\u00b0 Ozon in filtracija Podstavek za kad iz ABS Toplotnoizolacijski pokrov\"><span class=\"Y2IQFc\" lang=\"sl\">Nastavitev temperature: od 5\u00b0 do 40\u00b0 <\/span><\/li>\n<li class=\"tw-data-text tw-text-large tw-ta\" dir=\"ltr\" data-placeholder=\"Translation\" data-ved=\"2ahUKEwjlsp6i1v6JAxX_LBAIHcMzGsYQ3ewLegQICxAU\" aria-label=\"Translated text: Ledena kopel poskrbi za osve\u017eilno in regenerativno izku\u0161njo, ki spodbuja okrevanje telesa po fizi\u010dnem naporu. Izpostavljanje telesa mrzli vodi zo\u017ei krvne \u017eile, kar zmanj\u0161a oteklino in vnetje mi\u0161ic. Kopel tudi pove\u010da cirkulacijo, kar lahko pomaga zmanj\u0161ati bole\u010dino in pospe\u0161i okrevanje. Idealen je za \u0161portnike, rekreativce, pa tudi za vse, ki si \u017eelijo izbolj\u0161ati svoje splo\u0161no po\u010dutje. Ledena kopel lahko zmanj\u0161a stres, izbolj\u0161a kakovost spanja in pove\u010da energijo \u010dez dan. Tretma je prava osve\u017eitev za telo in duha ter vas pripravi na nove izzive! Dimenzije: 207*89*97cm Akrilna lupina Leseno-plasti\u010dne obloge Mini inverterski hladilnik Krmilni sistem Balboa z nadzorno plo\u0161\u010do Nastavitev temperature: od 5\u00b0 do 40\u00b0 Ozon in filtracija Podstavek za kad iz ABS Toplotnoizolacijski pokrov\"><span class=\"Y2IQFc\" lang=\"sl\">Ozon in filtracija <\/span><\/li>\n<li class=\"tw-data-text tw-text-large tw-ta\" dir=\"ltr\" data-placeholder=\"Translation\" data-ved=\"2ahUKEwjlsp6i1v6JAxX_LBAIHcMzGsYQ3ewLegQICxAU\" aria-label=\"Translated text: Ledena kopel poskrbi za osve\u017eilno in regenerativno izku\u0161njo, ki spodbuja okrevanje telesa po fizi\u010dnem naporu. Izpostavljanje telesa mrzli vodi zo\u017ei krvne \u017eile, kar zmanj\u0161a oteklino in vnetje mi\u0161ic. Kopel tudi pove\u010da cirkulacijo, kar lahko pomaga zmanj\u0161ati bole\u010dino in pospe\u0161i okrevanje. Idealen je za \u0161portnike, rekreativce, pa tudi za vse, ki si \u017eelijo izbolj\u0161ati svoje splo\u0161no po\u010dutje. Ledena kopel lahko zmanj\u0161a stres, izbolj\u0161a kakovost spanja in pove\u010da energijo \u010dez dan. Tretma je prava osve\u017eitev za telo in duha ter vas pripravi na nove izzive! Dimenzije: 207*89*97cm Akrilna lupina Leseno-plasti\u010dne obloge Mini inverterski hladilnik Krmilni sistem Balboa z nadzorno plo\u0161\u010do Nastavitev temperature: od 5\u00b0 do 40\u00b0 Ozon in filtracija Podstavek za kad iz ABS Toplotnoizolacijski pokrov\"><span class=\"Y2IQFc\" lang=\"sl\">Podstavek za kad iz ABS Toplotnoizolacijski pokrov<\/span><\/li>\n<\/ul>\n<p>&nbsp;<\/p>\n<p><img decoding=\"async\" class=\"alignleft size-full wp-image-28175\" src=\"https:\/\/www.spa.hr\/wp-content\/uploads\/2024\/10\/Bt1002.png\" alt=\"\" width=\"826\" height=\"397\" \/><\/p>\n<p><span class=\"Y2IQFc\" lang=\"sl\">Tehni\u010dne podrobnosti: <\/span><\/p>\n<ul>\n<li class=\"tw-data-text tw-text-large tw-ta\" dir=\"ltr\" data-placeholder=\"Translation\" data-ved=\"2ahUKEwjhpszS2f6JAxU-JxAIHXLoBNoQ3ewLegQICxAU\" aria-label=\"Translated text: Tehni\u010dne podrobnosti: Volumen vode: 330L Te\u017ea z in brez vode: 170 kg\/500 kg Obto\u010dna \u010drpalka 60W Napajalni priklju\u010dek 230V\"><span class=\"Y2IQFc\" lang=\"sl\">Volumen vode: 330L <\/span><\/li>\n<li class=\"tw-data-text tw-text-large tw-ta\" dir=\"ltr\" data-placeholder=\"Translation\" data-ved=\"2ahUKEwjhpszS2f6JAxU-JxAIHXLoBNoQ3ewLegQICxAU\" aria-label=\"Translated text: Tehni\u010dne podrobnosti: Volumen vode: 330L Te\u017ea z in brez vode: 170 kg\/500 kg Obto\u010dna \u010drpalka 60W Napajalni priklju\u010dek 230V\"><span class=\"Y2IQFc\" lang=\"sl\">Te\u017ea z in brez vode: 170 kg\/500 kg <\/span><\/li>\n<li class=\"tw-data-text tw-text-large tw-ta\" dir=\"ltr\" data-placeholder=\"Translation\" data-ved=\"2ahUKEwjhpszS2f6JAxU-JxAIHXLoBNoQ3ewLegQICxAU\" aria-label=\"Translated text: Tehni\u010dne podrobnosti: Volumen vode: 330L Te\u017ea z in brez vode: 170 kg\/500 kg Obto\u010dna \u010drpalka 60W Napajalni priklju\u010dek 230V\"><span class=\"Y2IQFc\" lang=\"sl\">Toplotna \u010drpalka 60W <\/span><\/li>\n<li class=\"tw-data-text tw-text-large tw-ta\" dir=\"ltr\" data-placeholder=\"Translation\" data-ved=\"2ahUKEwjhpszS2f6JAxU-JxAIHXLoBNoQ3ewLegQICxAU\" aria-label=\"Translated text: Tehni\u010dne podrobnosti: Volumen vode: 330L Te\u017ea z in brez vode: 170 kg\/500 kg Obto\u010dna \u010drpalka 60W Napajalni priklju\u010dek 230V\"><span class=\"Y2IQFc\" lang=\"sl\">Napajalni priklju\u010dek 230V<\/span><\/li>\n<\/ul>\n<p>&nbsp;<\/p>\n<p>Navodila:<\/p>\n<p><span style=\"text-decoration: underline; color: #3366ff;\"><a style=\"color: #3366ff; text-decoration: underline;\" href=\"https:\/\/www.spa-pools.eu\/si\/wp-content\/uploads\/2024\/11\/PB562-000-SPA-control-panel-manual.pdf\">Navodilo za nadzornu plo\u0161\u010du<\/a><\/span><\/p>\n<p><span style=\"text-decoration: underline; color: #3366ff;\"><a style=\"color: #3366ff; text-decoration: underline;\" href=\"https:\/\/www.spa-pools.eu\/si\/wp-content\/uploads\/2024\/11\/P16B162-PB557-02-heat-pump-controller-manual_5-40\u2103\uff0840-104\u2109\uff09.pdf\">Navodilo za toplotnu \u010drpalku<\/a><\/span><\/p>\n<p>&nbsp;<\/p>\n<p>&nbsp;<\/p>\n<div id=\"tw-target-text-container\" class=\"tw-ta-container F0azHf tw-nfl\" tabindex=\"0\" role=\"text\">\n<pre id=\"tw-target-text\" class=\"tw-data-text tw-text-large tw-ta\" dir=\"ltr\" data-placeholder=\"Translation\" data-ved=\"2ahUKEwjhpszS2f6JAxU-JxAIHXLoBNoQ3ewLegQICxAU\" aria-label=\"Translated text: Garancija: 5 let konstrukcije, 3 leta akrila, 1 leto elektronike\"><span class=\"Y2IQFc\" lang=\"sl\">Garancija: \r\n5 let konstrukcije, \r\n3 leta akrila, \r\n1 leto elektronike<\/span><\/pre>\n<\/div>\n<div id=\"tw-target-rmn-container\" class=\"tw-target-rmn tw-ta-container F0azHf tw-nfl\" tabindex=\"0\" role=\"text\">\n<pre id=\"tw-target-rmn\" class=\"tw-data-placeholder tw-text-small tw-ta\" dir=\"ltr\" data-placeholder=\"\"><\/pre>\n<\/div>\n<div class=\"iYB33c\">\n<div class=\"dlJLJe\">\n<div data-cviv=\"false\" data-ved=\"2ahUKEwjhpszS2f6JAxU-JxAIHXLoBNoQz_AEegQICxAV\">\n<div class=\"U9URNb\"><\/div>\n<\/div>\n<\/div>\n<\/div>\n","protected":false},"excerpt":{"rendered":"<p>Ledena kopel poskrbi za osve\u017eilno in regenerativno izku\u0161njo, ki spodbuja okrevanje telesa po fizi\u010dnem naporu. Izpostavljanje telesa mrzli vodi zo\u017ei<\/p>\n","protected":false},"featured_media":23944,"comment_status":"open","ping_status":"closed","template":"","meta":{"_acf_changed":false},"product_brand":[],"product_cat":[1159],"product_tag":[],"specifikacije":[],"pumpe__elektronika__mlaznice":[],"filtracija":[],"oprema":[],"yst_prominent_words":[173,472,184,269,380,179],"class_list":{"0":"post-23940","1":"product","2":"type-product","3":"status-publish","4":"has-post-thumbnail","6":"product_cat-ledena-kopel","7":"tm-no-options","9":"first","10":"instock","11":"sale","12":"taxable","13":"shipping-taxable","14":"purchasable","15":"product-type-simple"},"acf":[],"yoast_head":"<!-- This site is optimized with the Yoast SEO Premium plugin v14.0.4 - https:\/\/yoast.com\/wordpress\/plugins\/seo\/ -->\n<title>Ledena kopel Morana | NIVETO Bazeni<\/title>\n<meta name=\"description\" content=\"Ledena kopel poskrbi za osve\u017eilno in regenerativno izku\u0161njo, ki spodbuja okrevanje telesa po fizi\u010dnem naporu. Izpostavljanje telesa mrzli vodi zo\u017ei krvne\" \/>\n<meta name=\"robots\" content=\"index, follow\" \/>\n<meta name=\"googlebot\" content=\"index, follow, max-snippet:-1, max-image-preview:large, max-video-preview:-1\" \/>\n<meta name=\"bingbot\" content=\"index, follow, max-snippet:-1, max-image-preview:large, max-video-preview:-1\" \/>\n<link rel=\"canonical\" href=\"https:\/\/www.spa-pools.eu\/si\/product\/ledena-kupka-morana\/\" \/>\n<meta property=\"og:locale\" content=\"en_US\" \/>\n<meta property=\"og:type\" content=\"article\" \/>\n<meta property=\"og:title\" content=\"Ledena kopel Morana | NIVETO Bazeni\" \/>\n<meta property=\"og:description\" content=\"Ledena kopel poskrbi za osve\u017eilno in regenerativno izku\u0161njo, ki spodbuja okrevanje telesa po fizi\u010dnem naporu. Izpostavljanje telesa mrzli vodi zo\u017ei krvne\" \/>\n<meta property=\"og:url\" content=\"https:\/\/www.spa-pools.eu\/si\/product\/ledena-kupka-morana\/\" \/>\n<meta property=\"og:site_name\" content=\"NIVETO Bazeni\" \/>\n<meta property=\"article:publisher\" content=\"https:\/\/www.facebook.com\/Nivetobazeniifontane\/\" \/>\n<meta property=\"article:modified_time\" content=\"2025-07-29T09:32:07+00:00\" \/>\n<meta property=\"og:image\" content=\"https:\/\/www.spa-pools.eu\/si\/wp-content\/uploads\/2024\/11\/IMG_4626b.jpg\" \/>\n\t<meta property=\"og:image:width\" content=\"2500\" \/>\n\t<meta property=\"og:image:height\" content=\"1744\" \/>\n<meta name=\"twitter:card\" content=\"summary_large_image\" \/>\n<script type=\"application\/ld+json\" class=\"yoast-schema-graph\">{\"@context\":\"https:\/\/schema.org\",\"@graph\":[{\"@type\":\"Organization\",\"@id\":\"https:\/\/www.spa-pools.eu\/si\/#organization\",\"name\":\"Niveto d.o.o. - Spa bazeni\",\"url\":\"https:\/\/www.spa-pools.eu\/si\/\",\"sameAs\":[\"https:\/\/www.facebook.com\/Nivetobazeniifontane\/\"],\"logo\":{\"@type\":\"ImageObject\",\"@id\":\"https:\/\/www.spa-pools.eu\/si\/#logo\",\"inLanguage\":\"en-US\",\"url\":\"https:\/\/www.spa-pools.eu\/si\/wp-content\/uploads\/revslider\/home3-rs1\/logo.png\",\"width\":203,\"height\":60,\"caption\":\"Niveto d.o.o. - Spa bazeni\"},\"image\":{\"@id\":\"https:\/\/www.spa-pools.eu\/si\/#logo\"}},{\"@type\":\"WebSite\",\"@id\":\"https:\/\/www.spa-pools.eu\/si\/#website\",\"url\":\"https:\/\/www.spa-pools.eu\/si\/\",\"name\":\"NIVETO Bazeni\",\"description\":\"Spa masa\\u017eni bazeni\",\"publisher\":{\"@id\":\"https:\/\/www.spa-pools.eu\/si\/#organization\"},\"potentialAction\":[{\"@type\":\"SearchAction\",\"target\":\"https:\/\/www.spa-pools.eu\/si\/?s={search_term_string}\",\"query-input\":\"required name=search_term_string\"}],\"inLanguage\":\"en-US\"},{\"@type\":\"ImageObject\",\"@id\":\"https:\/\/www.spa-pools.eu\/si\/product\/ledena-kupka-morana\/#primaryimage\",\"inLanguage\":\"en-US\",\"url\":\"https:\/\/www.spa-pools.eu\/si\/wp-content\/uploads\/2024\/11\/IMG_4626b.jpg\",\"width\":2500,\"height\":1744},{\"@type\":\"WebPage\",\"@id\":\"https:\/\/www.spa-pools.eu\/si\/product\/ledena-kupka-morana\/#webpage\",\"url\":\"https:\/\/www.spa-pools.eu\/si\/product\/ledena-kupka-morana\/\",\"name\":\"Ledena kopel Morana | NIVETO Bazeni\",\"isPartOf\":{\"@id\":\"https:\/\/www.spa-pools.eu\/si\/#website\"},\"primaryImageOfPage\":{\"@id\":\"https:\/\/www.spa-pools.eu\/si\/product\/ledena-kupka-morana\/#primaryimage\"},\"datePublished\":\"2024-11-28T09:28:01+00:00\",\"dateModified\":\"2025-07-29T09:32:07+00:00\",\"description\":\"Ledena kopel poskrbi za osve\\u017eilno in regenerativno izku\\u0161njo, ki spodbuja okrevanje telesa po fizi\\u010dnem naporu. Izpostavljanje telesa mrzli vodi zo\\u017ei krvne\",\"inLanguage\":\"en-US\",\"potentialAction\":[{\"@type\":\"ReadAction\",\"target\":[\"https:\/\/www.spa-pools.eu\/si\/product\/ledena-kupka-morana\/\"]}]}]}<\/script>\n<!-- \/ Yoast SEO Premium plugin. -->","_links":{"self":[{"href":"https:\/\/www.spa-pools.eu\/si\/wp-json\/wp\/v2\/product\/23940","targetHints":{"allow":["GET"]}}],"collection":[{"href":"https:\/\/www.spa-pools.eu\/si\/wp-json\/wp\/v2\/product"}],"about":[{"href":"https:\/\/www.spa-pools.eu\/si\/wp-json\/wp\/v2\/types\/product"}],"replies":[{"embeddable":true,"href":"https:\/\/www.spa-pools.eu\/si\/wp-json\/wp\/v2\/comments?post=23940"}],"wp:featuredmedia":[{"embeddable":true,"href":"https:\/\/www.spa-pools.eu\/si\/wp-json\/wp\/v2\/media\/23944"}],"wp:attachment":[{"href":"https:\/\/www.spa-pools.eu\/si\/wp-json\/wp\/v2\/media?parent=23940"}],"wp:term":[{"taxonomy":"product_brand","embeddable":true,"href":"https:\/\/www.spa-pools.eu\/si\/wp-json\/wp\/v2\/product_brand?post=23940"},{"taxonomy":"product_cat","embeddable":true,"href":"https:\/\/www.spa-pools.eu\/si\/wp-json\/wp\/v2\/product_cat?post=23940"},{"taxonomy":"product_tag","embeddable":true,"href":"https:\/\/www.spa-pools.eu\/si\/wp-json\/wp\/v2\/product_tag?post=23940"},{"taxonomy":"specifikacije","embeddable":true,"href":"https:\/\/www.spa-pools.eu\/si\/wp-json\/wp\/v2\/specifikacije?post=23940"},{"taxonomy":"pumpe__elektronika__mlaznice","embeddable":true,"href":"https:\/\/www.spa-pools.eu\/si\/wp-json\/wp\/v2\/pumpe__elektronika__mlaznice?post=23940"},{"taxonomy":"filtracija","embeddable":true,"href":"https:\/\/www.spa-pools.eu\/si\/wp-json\/wp\/v2\/filtracija?post=23940"},{"taxonomy":"oprema","embeddable":true,"href":"https:\/\/www.spa-pools.eu\/si\/wp-json\/wp\/v2\/oprema?post=23940"},{"taxonomy":"yst_prominent_words","embeddable":true,"href":"https:\/\/www.spa-pools.eu\/si\/wp-json\/wp\/v2\/yst_prominent_words?post=23940"}],"curies":[{"name":"wp","href":"https:\/\/api.w.org\/{rel}","templated":true}]}}