{"id":24001,"date":"2025-03-14T12:22:59","date_gmt":"2025-03-14T12:22:59","guid":{"rendered":"https:\/\/www.spa-pools.eu\/si\/?post_type=product&#038;p=24001"},"modified":"2026-04-01T11:07:00","modified_gmt":"2026-04-01T11:07:00","slug":"bazenski-robot-dt-b","status":"publish","type":"product","link":"https:\/\/www.spa-pools.eu\/si\/product\/bazenski-robot-dt-b\/","title":{"rendered":"Bazenski robot DT B"},"content":{"rendered":"<p><img decoding=\"async\" class=\"alignright size-full wp-image-24002\" src=\"https:\/\/www.spa-pools.eu\/si\/wp-content\/uploads\/2025\/03\/Slide1.jpg\" alt=\"\" width=\"1280\" height=\"720\" srcset=\"https:\/\/www.spa-pools.eu\/si\/wp-content\/uploads\/2025\/03\/Slide1-200x113.jpg 200w, https:\/\/www.spa-pools.eu\/si\/wp-content\/uploads\/2025\/03\/Slide1-300x169.jpg 300w, https:\/\/www.spa-pools.eu\/si\/wp-content\/uploads\/2025\/03\/Slide1-400x225.jpg 400w, https:\/\/www.spa-pools.eu\/si\/wp-content\/uploads\/2025\/03\/Slide1-500x281.jpg 500w, https:\/\/www.spa-pools.eu\/si\/wp-content\/uploads\/2025\/03\/Slide1-600x338.jpg 600w, https:\/\/www.spa-pools.eu\/si\/wp-content\/uploads\/2025\/03\/Slide1-700x394.jpg 700w, https:\/\/www.spa-pools.eu\/si\/wp-content\/uploads\/2025\/03\/Slide1-768x432.jpg 768w, https:\/\/www.spa-pools.eu\/si\/wp-content\/uploads\/2025\/03\/Slide1-800x450.jpg 800w, https:\/\/www.spa-pools.eu\/si\/wp-content\/uploads\/2025\/03\/Slide1-1024x576.jpg 1024w, https:\/\/www.spa-pools.eu\/si\/wp-content\/uploads\/2025\/03\/Slide1-1200x675.jpg 1200w, https:\/\/www.spa-pools.eu\/si\/wp-content\/uploads\/2025\/03\/Slide1.jpg 1280w\" sizes=\"(max-width: 1280px) 100vw, 1280px\" \/> <img decoding=\"async\" class=\"alignright size-full wp-image-24003\" src=\"https:\/\/www.spa-pools.eu\/si\/wp-content\/uploads\/2025\/03\/Slide2.jpg\" alt=\"\" width=\"1280\" height=\"720\" srcset=\"https:\/\/www.spa-pools.eu\/si\/wp-content\/uploads\/2025\/03\/Slide2-200x113.jpg 200w, https:\/\/www.spa-pools.eu\/si\/wp-content\/uploads\/2025\/03\/Slide2-300x169.jpg 300w, https:\/\/www.spa-pools.eu\/si\/wp-content\/uploads\/2025\/03\/Slide2-400x225.jpg 400w, https:\/\/www.spa-pools.eu\/si\/wp-content\/uploads\/2025\/03\/Slide2-500x281.jpg 500w, https:\/\/www.spa-pools.eu\/si\/wp-content\/uploads\/2025\/03\/Slide2-600x338.jpg 600w, https:\/\/www.spa-pools.eu\/si\/wp-content\/uploads\/2025\/03\/Slide2-700x394.jpg 700w, https:\/\/www.spa-pools.eu\/si\/wp-content\/uploads\/2025\/03\/Slide2-768x432.jpg 768w, https:\/\/www.spa-pools.eu\/si\/wp-content\/uploads\/2025\/03\/Slide2-800x450.jpg 800w, https:\/\/www.spa-pools.eu\/si\/wp-content\/uploads\/2025\/03\/Slide2-1024x576.jpg 1024w, https:\/\/www.spa-pools.eu\/si\/wp-content\/uploads\/2025\/03\/Slide2-1200x675.jpg 1200w, https:\/\/www.spa-pools.eu\/si\/wp-content\/uploads\/2025\/03\/Slide2.jpg 1280w\" sizes=\"(max-width: 1280px) 100vw, 1280px\" \/> <img decoding=\"async\" class=\"alignright size-full wp-image-24004\" src=\"https:\/\/www.spa-pools.eu\/si\/wp-content\/uploads\/2025\/03\/Slide3.jpg\" alt=\"\" width=\"1280\" height=\"720\" srcset=\"https:\/\/www.spa-pools.eu\/si\/wp-content\/uploads\/2025\/03\/Slide3-200x113.jpg 200w, https:\/\/www.spa-pools.eu\/si\/wp-content\/uploads\/2025\/03\/Slide3-300x169.jpg 300w, https:\/\/www.spa-pools.eu\/si\/wp-content\/uploads\/2025\/03\/Slide3-400x225.jpg 400w, https:\/\/www.spa-pools.eu\/si\/wp-content\/uploads\/2025\/03\/Slide3-500x281.jpg 500w, https:\/\/www.spa-pools.eu\/si\/wp-content\/uploads\/2025\/03\/Slide3-600x338.jpg 600w, https:\/\/www.spa-pools.eu\/si\/wp-content\/uploads\/2025\/03\/Slide3-700x394.jpg 700w, https:\/\/www.spa-pools.eu\/si\/wp-content\/uploads\/2025\/03\/Slide3-768x432.jpg 768w, https:\/\/www.spa-pools.eu\/si\/wp-content\/uploads\/2025\/03\/Slide3-800x450.jpg 800w, https:\/\/www.spa-pools.eu\/si\/wp-content\/uploads\/2025\/03\/Slide3-1024x576.jpg 1024w, https:\/\/www.spa-pools.eu\/si\/wp-content\/uploads\/2025\/03\/Slide3-1200x675.jpg 1200w, https:\/\/www.spa-pools.eu\/si\/wp-content\/uploads\/2025\/03\/Slide3.jpg 1280w\" sizes=\"(max-width: 1280px) 100vw, 1280px\" \/> <img decoding=\"async\" class=\"alignright size-full wp-image-24005\" src=\"https:\/\/www.spa-pools.eu\/si\/wp-content\/uploads\/2025\/03\/Slide4.jpg\" alt=\"\" width=\"1280\" height=\"720\" srcset=\"https:\/\/www.spa-pools.eu\/si\/wp-content\/uploads\/2025\/03\/Slide4-200x113.jpg 200w, https:\/\/www.spa-pools.eu\/si\/wp-content\/uploads\/2025\/03\/Slide4-300x169.jpg 300w, https:\/\/www.spa-pools.eu\/si\/wp-content\/uploads\/2025\/03\/Slide4-400x225.jpg 400w, https:\/\/www.spa-pools.eu\/si\/wp-content\/uploads\/2025\/03\/Slide4-500x281.jpg 500w, https:\/\/www.spa-pools.eu\/si\/wp-content\/uploads\/2025\/03\/Slide4-600x338.jpg 600w, https:\/\/www.spa-pools.eu\/si\/wp-content\/uploads\/2025\/03\/Slide4-700x394.jpg 700w, https:\/\/www.spa-pools.eu\/si\/wp-content\/uploads\/2025\/03\/Slide4-768x432.jpg 768w, https:\/\/www.spa-pools.eu\/si\/wp-content\/uploads\/2025\/03\/Slide4-800x450.jpg 800w, https:\/\/www.spa-pools.eu\/si\/wp-content\/uploads\/2025\/03\/Slide4-1024x576.jpg 1024w, https:\/\/www.spa-pools.eu\/si\/wp-content\/uploads\/2025\/03\/Slide4-1200x675.jpg 1200w, https:\/\/www.spa-pools.eu\/si\/wp-content\/uploads\/2025\/03\/Slide4.jpg 1280w\" sizes=\"(max-width: 1280px) 100vw, 1280px\" \/> <img decoding=\"async\" class=\"alignright size-full wp-image-24006\" src=\"https:\/\/www.spa-pools.eu\/si\/wp-content\/uploads\/2025\/03\/Slide5.jpg\" alt=\"\" width=\"1280\" height=\"720\" srcset=\"https:\/\/www.spa-pools.eu\/si\/wp-content\/uploads\/2025\/03\/Slide5-200x113.jpg 200w, https:\/\/www.spa-pools.eu\/si\/wp-content\/uploads\/2025\/03\/Slide5-300x169.jpg 300w, https:\/\/www.spa-pools.eu\/si\/wp-content\/uploads\/2025\/03\/Slide5-400x225.jpg 400w, https:\/\/www.spa-pools.eu\/si\/wp-content\/uploads\/2025\/03\/Slide5-500x281.jpg 500w, https:\/\/www.spa-pools.eu\/si\/wp-content\/uploads\/2025\/03\/Slide5-600x338.jpg 600w, https:\/\/www.spa-pools.eu\/si\/wp-content\/uploads\/2025\/03\/Slide5-700x394.jpg 700w, https:\/\/www.spa-pools.eu\/si\/wp-content\/uploads\/2025\/03\/Slide5-768x432.jpg 768w, https:\/\/www.spa-pools.eu\/si\/wp-content\/uploads\/2025\/03\/Slide5-800x450.jpg 800w, https:\/\/www.spa-pools.eu\/si\/wp-content\/uploads\/2025\/03\/Slide5-1024x576.jpg 1024w, https:\/\/www.spa-pools.eu\/si\/wp-content\/uploads\/2025\/03\/Slide5-1200x675.jpg 1200w, https:\/\/www.spa-pools.eu\/si\/wp-content\/uploads\/2025\/03\/Slide5.jpg 1280w\" sizes=\"(max-width: 1280px) 100vw, 1280px\" \/> <img decoding=\"async\" class=\"alignright size-full wp-image-24007\" src=\"https:\/\/www.spa-pools.eu\/si\/wp-content\/uploads\/2025\/03\/Slide6.jpg\" alt=\"\" width=\"1280\" height=\"720\" srcset=\"https:\/\/www.spa-pools.eu\/si\/wp-content\/uploads\/2025\/03\/Slide6-200x113.jpg 200w, https:\/\/www.spa-pools.eu\/si\/wp-content\/uploads\/2025\/03\/Slide6-300x169.jpg 300w, https:\/\/www.spa-pools.eu\/si\/wp-content\/uploads\/2025\/03\/Slide6-400x225.jpg 400w, https:\/\/www.spa-pools.eu\/si\/wp-content\/uploads\/2025\/03\/Slide6-500x281.jpg 500w, https:\/\/www.spa-pools.eu\/si\/wp-content\/uploads\/2025\/03\/Slide6-600x338.jpg 600w, https:\/\/www.spa-pools.eu\/si\/wp-content\/uploads\/2025\/03\/Slide6-700x394.jpg 700w, https:\/\/www.spa-pools.eu\/si\/wp-content\/uploads\/2025\/03\/Slide6-768x432.jpg 768w, https:\/\/www.spa-pools.eu\/si\/wp-content\/uploads\/2025\/03\/Slide6-800x450.jpg 800w, https:\/\/www.spa-pools.eu\/si\/wp-content\/uploads\/2025\/03\/Slide6-1024x576.jpg 1024w, https:\/\/www.spa-pools.eu\/si\/wp-content\/uploads\/2025\/03\/Slide6-1200x675.jpg 1200w, https:\/\/www.spa-pools.eu\/si\/wp-content\/uploads\/2025\/03\/Slide6.jpg 1280w\" sizes=\"(max-width: 1280px) 100vw, 1280px\" \/> <img decoding=\"async\" class=\"alignright size-full wp-image-24008\" src=\"https:\/\/www.spa-pools.eu\/si\/wp-content\/uploads\/2025\/03\/Slide7.jpg\" alt=\"\" width=\"1280\" height=\"720\" srcset=\"https:\/\/www.spa-pools.eu\/si\/wp-content\/uploads\/2025\/03\/Slide7-200x113.jpg 200w, https:\/\/www.spa-pools.eu\/si\/wp-content\/uploads\/2025\/03\/Slide7-300x169.jpg 300w, https:\/\/www.spa-pools.eu\/si\/wp-content\/uploads\/2025\/03\/Slide7-400x225.jpg 400w, https:\/\/www.spa-pools.eu\/si\/wp-content\/uploads\/2025\/03\/Slide7-500x281.jpg 500w, https:\/\/www.spa-pools.eu\/si\/wp-content\/uploads\/2025\/03\/Slide7-600x338.jpg 600w, https:\/\/www.spa-pools.eu\/si\/wp-content\/uploads\/2025\/03\/Slide7-700x394.jpg 700w, https:\/\/www.spa-pools.eu\/si\/wp-content\/uploads\/2025\/03\/Slide7-768x432.jpg 768w, https:\/\/www.spa-pools.eu\/si\/wp-content\/uploads\/2025\/03\/Slide7-800x450.jpg 800w, https:\/\/www.spa-pools.eu\/si\/wp-content\/uploads\/2025\/03\/Slide7-1024x576.jpg 1024w, https:\/\/www.spa-pools.eu\/si\/wp-content\/uploads\/2025\/03\/Slide7-1200x675.jpg 1200w, https:\/\/www.spa-pools.eu\/si\/wp-content\/uploads\/2025\/03\/Slide7.jpg 1280w\" sizes=\"(max-width: 1280px) 100vw, 1280px\" \/> <img decoding=\"async\" class=\"alignright size-full wp-image-24009\" src=\"https:\/\/www.spa-pools.eu\/si\/wp-content\/uploads\/2025\/03\/Slide8.jpg\" alt=\"\" width=\"1280\" height=\"720\" srcset=\"https:\/\/www.spa-pools.eu\/si\/wp-content\/uploads\/2025\/03\/Slide8-200x113.jpg 200w, https:\/\/www.spa-pools.eu\/si\/wp-content\/uploads\/2025\/03\/Slide8-300x169.jpg 300w, https:\/\/www.spa-pools.eu\/si\/wp-content\/uploads\/2025\/03\/Slide8-400x225.jpg 400w, https:\/\/www.spa-pools.eu\/si\/wp-content\/uploads\/2025\/03\/Slide8-500x281.jpg 500w, https:\/\/www.spa-pools.eu\/si\/wp-content\/uploads\/2025\/03\/Slide8-600x338.jpg 600w, https:\/\/www.spa-pools.eu\/si\/wp-content\/uploads\/2025\/03\/Slide8-700x394.jpg 700w, https:\/\/www.spa-pools.eu\/si\/wp-content\/uploads\/2025\/03\/Slide8-768x432.jpg 768w, https:\/\/www.spa-pools.eu\/si\/wp-content\/uploads\/2025\/03\/Slide8-800x450.jpg 800w, https:\/\/www.spa-pools.eu\/si\/wp-content\/uploads\/2025\/03\/Slide8-1024x576.jpg 1024w, https:\/\/www.spa-pools.eu\/si\/wp-content\/uploads\/2025\/03\/Slide8-1200x675.jpg 1200w, https:\/\/www.spa-pools.eu\/si\/wp-content\/uploads\/2025\/03\/Slide8.jpg 1280w\" sizes=\"(max-width: 1280px) 100vw, 1280px\" \/> <img decoding=\"async\" class=\"alignright size-full wp-image-24010\" src=\"https:\/\/www.spa-pools.eu\/si\/wp-content\/uploads\/2025\/03\/Slide9.jpg\" alt=\"\" width=\"1280\" height=\"720\" srcset=\"https:\/\/www.spa-pools.eu\/si\/wp-content\/uploads\/2025\/03\/Slide9-200x113.jpg 200w, https:\/\/www.spa-pools.eu\/si\/wp-content\/uploads\/2025\/03\/Slide9-300x169.jpg 300w, https:\/\/www.spa-pools.eu\/si\/wp-content\/uploads\/2025\/03\/Slide9-400x225.jpg 400w, https:\/\/www.spa-pools.eu\/si\/wp-content\/uploads\/2025\/03\/Slide9-500x281.jpg 500w, https:\/\/www.spa-pools.eu\/si\/wp-content\/uploads\/2025\/03\/Slide9-600x338.jpg 600w, https:\/\/www.spa-pools.eu\/si\/wp-content\/uploads\/2025\/03\/Slide9-700x394.jpg 700w, https:\/\/www.spa-pools.eu\/si\/wp-content\/uploads\/2025\/03\/Slide9-768x432.jpg 768w, https:\/\/www.spa-pools.eu\/si\/wp-content\/uploads\/2025\/03\/Slide9-800x450.jpg 800w, https:\/\/www.spa-pools.eu\/si\/wp-content\/uploads\/2025\/03\/Slide9-1024x576.jpg 1024w, https:\/\/www.spa-pools.eu\/si\/wp-content\/uploads\/2025\/03\/Slide9-1200x675.jpg 1200w, https:\/\/www.spa-pools.eu\/si\/wp-content\/uploads\/2025\/03\/Slide9.jpg 1280w\" sizes=\"(max-width: 1280px) 100vw, 1280px\" \/> <img decoding=\"async\" class=\"alignright size-full wp-image-24011\" src=\"https:\/\/www.spa-pools.eu\/si\/wp-content\/uploads\/2025\/03\/Slide10.jpg\" alt=\"\" width=\"1280\" height=\"720\" srcset=\"https:\/\/www.spa-pools.eu\/si\/wp-content\/uploads\/2025\/03\/Slide10-200x113.jpg 200w, https:\/\/www.spa-pools.eu\/si\/wp-content\/uploads\/2025\/03\/Slide10-300x169.jpg 300w, https:\/\/www.spa-pools.eu\/si\/wp-content\/uploads\/2025\/03\/Slide10-400x225.jpg 400w, https:\/\/www.spa-pools.eu\/si\/wp-content\/uploads\/2025\/03\/Slide10-500x281.jpg 500w, https:\/\/www.spa-pools.eu\/si\/wp-content\/uploads\/2025\/03\/Slide10-600x338.jpg 600w, https:\/\/www.spa-pools.eu\/si\/wp-content\/uploads\/2025\/03\/Slide10-700x394.jpg 700w, https:\/\/www.spa-pools.eu\/si\/wp-content\/uploads\/2025\/03\/Slide10-768x432.jpg 768w, https:\/\/www.spa-pools.eu\/si\/wp-content\/uploads\/2025\/03\/Slide10-800x450.jpg 800w, https:\/\/www.spa-pools.eu\/si\/wp-content\/uploads\/2025\/03\/Slide10-1024x576.jpg 1024w, https:\/\/www.spa-pools.eu\/si\/wp-content\/uploads\/2025\/03\/Slide10-1200x675.jpg 1200w, https:\/\/www.spa-pools.eu\/si\/wp-content\/uploads\/2025\/03\/Slide10.jpg 1280w\" sizes=\"(max-width: 1280px) 100vw, 1280px\" \/> <img decoding=\"async\" class=\"alignright size-full wp-image-24012\" src=\"https:\/\/www.spa-pools.eu\/si\/wp-content\/uploads\/2025\/03\/Slide11.jpg\" alt=\"\" width=\"1280\" height=\"720\" srcset=\"https:\/\/www.spa-pools.eu\/si\/wp-content\/uploads\/2025\/03\/Slide11-200x113.jpg 200w, https:\/\/www.spa-pools.eu\/si\/wp-content\/uploads\/2025\/03\/Slide11-300x169.jpg 300w, https:\/\/www.spa-pools.eu\/si\/wp-content\/uploads\/2025\/03\/Slide11-400x225.jpg 400w, https:\/\/www.spa-pools.eu\/si\/wp-content\/uploads\/2025\/03\/Slide11-500x281.jpg 500w, https:\/\/www.spa-pools.eu\/si\/wp-content\/uploads\/2025\/03\/Slide11-600x338.jpg 600w, https:\/\/www.spa-pools.eu\/si\/wp-content\/uploads\/2025\/03\/Slide11-700x394.jpg 700w, https:\/\/www.spa-pools.eu\/si\/wp-content\/uploads\/2025\/03\/Slide11-768x432.jpg 768w, https:\/\/www.spa-pools.eu\/si\/wp-content\/uploads\/2025\/03\/Slide11-800x450.jpg 800w, https:\/\/www.spa-pools.eu\/si\/wp-content\/uploads\/2025\/03\/Slide11-1024x576.jpg 1024w, https:\/\/www.spa-pools.eu\/si\/wp-content\/uploads\/2025\/03\/Slide11-1200x675.jpg 1200w, https:\/\/www.spa-pools.eu\/si\/wp-content\/uploads\/2025\/03\/Slide11.jpg 1280w\" sizes=\"(max-width: 1280px) 100vw, 1280px\" \/> <img decoding=\"async\" class=\"alignright size-full wp-image-24013\" src=\"https:\/\/www.spa-pools.eu\/si\/wp-content\/uploads\/2025\/03\/Slide12.jpg\" alt=\"\" width=\"1280\" height=\"720\" srcset=\"https:\/\/www.spa-pools.eu\/si\/wp-content\/uploads\/2025\/03\/Slide12-200x113.jpg 200w, https:\/\/www.spa-pools.eu\/si\/wp-content\/uploads\/2025\/03\/Slide12-300x169.jpg 300w, https:\/\/www.spa-pools.eu\/si\/wp-content\/uploads\/2025\/03\/Slide12-400x225.jpg 400w, https:\/\/www.spa-pools.eu\/si\/wp-content\/uploads\/2025\/03\/Slide12-500x281.jpg 500w, https:\/\/www.spa-pools.eu\/si\/wp-content\/uploads\/2025\/03\/Slide12-600x338.jpg 600w, https:\/\/www.spa-pools.eu\/si\/wp-content\/uploads\/2025\/03\/Slide12-700x394.jpg 700w, https:\/\/www.spa-pools.eu\/si\/wp-content\/uploads\/2025\/03\/Slide12-768x432.jpg 768w, https:\/\/www.spa-pools.eu\/si\/wp-content\/uploads\/2025\/03\/Slide12-800x450.jpg 800w, https:\/\/www.spa-pools.eu\/si\/wp-content\/uploads\/2025\/03\/Slide12-1024x576.jpg 1024w, https:\/\/www.spa-pools.eu\/si\/wp-content\/uploads\/2025\/03\/Slide12-1200x675.jpg 1200w, https:\/\/www.spa-pools.eu\/si\/wp-content\/uploads\/2025\/03\/Slide12.jpg 1280w\" sizes=\"(max-width: 1280px) 100vw, 1280px\" \/> <img decoding=\"async\" class=\"alignright size-full wp-image-24014\" src=\"https:\/\/www.spa-pools.eu\/si\/wp-content\/uploads\/2025\/03\/Slide13.jpg\" alt=\"\" width=\"1280\" height=\"720\" srcset=\"https:\/\/www.spa-pools.eu\/si\/wp-content\/uploads\/2025\/03\/Slide13-200x113.jpg 200w, https:\/\/www.spa-pools.eu\/si\/wp-content\/uploads\/2025\/03\/Slide13-300x169.jpg 300w, https:\/\/www.spa-pools.eu\/si\/wp-content\/uploads\/2025\/03\/Slide13-400x225.jpg 400w, https:\/\/www.spa-pools.eu\/si\/wp-content\/uploads\/2025\/03\/Slide13-500x281.jpg 500w, https:\/\/www.spa-pools.eu\/si\/wp-content\/uploads\/2025\/03\/Slide13-600x338.jpg 600w, https:\/\/www.spa-pools.eu\/si\/wp-content\/uploads\/2025\/03\/Slide13-700x394.jpg 700w, https:\/\/www.spa-pools.eu\/si\/wp-content\/uploads\/2025\/03\/Slide13-768x432.jpg 768w, https:\/\/www.spa-pools.eu\/si\/wp-content\/uploads\/2025\/03\/Slide13-800x450.jpg 800w, https:\/\/www.spa-pools.eu\/si\/wp-content\/uploads\/2025\/03\/Slide13-1024x576.jpg 1024w, https:\/\/www.spa-pools.eu\/si\/wp-content\/uploads\/2025\/03\/Slide13-1200x675.jpg 1200w, https:\/\/www.spa-pools.eu\/si\/wp-content\/uploads\/2025\/03\/Slide13.jpg 1280w\" sizes=\"(max-width: 1280px) 100vw, 1280px\" \/> <img decoding=\"async\" class=\"alignright size-full wp-image-24015\" src=\"https:\/\/www.spa-pools.eu\/si\/wp-content\/uploads\/2025\/03\/Slide14.jpg\" alt=\"\" width=\"1280\" height=\"720\" srcset=\"https:\/\/www.spa-pools.eu\/si\/wp-content\/uploads\/2025\/03\/Slide14-200x113.jpg 200w, https:\/\/www.spa-pools.eu\/si\/wp-content\/uploads\/2025\/03\/Slide14-300x169.jpg 300w, https:\/\/www.spa-pools.eu\/si\/wp-content\/uploads\/2025\/03\/Slide14-400x225.jpg 400w, https:\/\/www.spa-pools.eu\/si\/wp-content\/uploads\/2025\/03\/Slide14-500x281.jpg 500w, https:\/\/www.spa-pools.eu\/si\/wp-content\/uploads\/2025\/03\/Slide14-600x338.jpg 600w, https:\/\/www.spa-pools.eu\/si\/wp-content\/uploads\/2025\/03\/Slide14-700x394.jpg 700w, https:\/\/www.spa-pools.eu\/si\/wp-content\/uploads\/2025\/03\/Slide14-768x432.jpg 768w, https:\/\/www.spa-pools.eu\/si\/wp-content\/uploads\/2025\/03\/Slide14-800x450.jpg 800w, https:\/\/www.spa-pools.eu\/si\/wp-content\/uploads\/2025\/03\/Slide14-1024x576.jpg 1024w, https:\/\/www.spa-pools.eu\/si\/wp-content\/uploads\/2025\/03\/Slide14-1200x675.jpg 1200w, https:\/\/www.spa-pools.eu\/si\/wp-content\/uploads\/2025\/03\/Slide14.jpg 1280w\" sizes=\"(max-width: 1280px) 100vw, 1280px\" \/> <img decoding=\"async\" class=\"alignright size-full wp-image-24016\" src=\"https:\/\/www.spa-pools.eu\/si\/wp-content\/uploads\/2025\/03\/Slide15.jpg\" alt=\"\" width=\"1280\" height=\"720\" srcset=\"https:\/\/www.spa-pools.eu\/si\/wp-content\/uploads\/2025\/03\/Slide15-200x113.jpg 200w, https:\/\/www.spa-pools.eu\/si\/wp-content\/uploads\/2025\/03\/Slide15-300x169.jpg 300w, https:\/\/www.spa-pools.eu\/si\/wp-content\/uploads\/2025\/03\/Slide15-400x225.jpg 400w, https:\/\/www.spa-pools.eu\/si\/wp-content\/uploads\/2025\/03\/Slide15-500x281.jpg 500w, https:\/\/www.spa-pools.eu\/si\/wp-content\/uploads\/2025\/03\/Slide15-600x338.jpg 600w, https:\/\/www.spa-pools.eu\/si\/wp-content\/uploads\/2025\/03\/Slide15-700x394.jpg 700w, https:\/\/www.spa-pools.eu\/si\/wp-content\/uploads\/2025\/03\/Slide15-768x432.jpg 768w, https:\/\/www.spa-pools.eu\/si\/wp-content\/uploads\/2025\/03\/Slide15-800x450.jpg 800w, https:\/\/www.spa-pools.eu\/si\/wp-content\/uploads\/2025\/03\/Slide15-1024x576.jpg 1024w, https:\/\/www.spa-pools.eu\/si\/wp-content\/uploads\/2025\/03\/Slide15-1200x675.jpg 1200w, https:\/\/www.spa-pools.eu\/si\/wp-content\/uploads\/2025\/03\/Slide15.jpg 1280w\" sizes=\"(max-width: 1280px) 100vw, 1280px\" \/><\/p>\n<h2><\/h2>\n<p>&nbsp;<\/p>\n<p>&nbsp;<\/p>\n<p>&nbsp;<\/p>\n","protected":false},"excerpt":{"rendered":"<p>Robot za bazen z dvema \u010drpalkama in dolgotrajno baterijo<\/p>\n<p>Dvojna centrifugalna \u010drpalka z dvojnim sesanjem<\/p>\n<p>Baterija zdr\u017ei 300 minut v ECO na\u010dinu<\/p>\n<p>Garancija: 2 godine<\/p>\n<h3 id=\"tw-target-text\" class=\"tw-data-text tw-text-large tw-ta\" dir=\"ltr\" data-placeholder=\"Translation\" data-ved=\"2ahUKEwjTosDa1ImMAxU2FBAIHTJJAQIQ3ewLegQICBAV\" aria-label=\"Translated text: Prvi bazenski robot z UV dezinfekcijo Sistem z dvojno \u010drpalko Hydro 6 UV izbolj\u0161a \u010di\u0161\u010denje, usklajen z napredno hidrodinamiko za gladko in globoko \u010di\u0161\u010denje vode. Potopite se v kristalno \u010disto vodo z 8600uW\/cm\u00b2 visoko intenzivna UV-C tehnologija. Z udarjanjem bakterij in virusov v njihovo jedro va\u0161 bazen spremeni v zato\u010di\u0161\u010de zdravja in \u010disto\u010de.\"><span class=\"Y2IQFc\" lang=\"sl\">CENA VKLJU\u010cUJE DOSTAVO PO REPUBLIKI SLOVENIJI<\/span><\/h3>\n","protected":false},"featured_media":24017,"comment_status":"open","ping_status":"closed","template":"","meta":{"_acf_changed":false},"product_brand":[],"product_cat":[1161,96],"product_tag":[],"specifikacije":[],"pumpe__elektronika__mlaznice":[],"filtracija":[],"oprema":[],"yst_prominent_words":[],"class_list":{"0":"post-24001","1":"product","2":"type-product","3":"status-publish","4":"has-post-thumbnail","6":"product_cat-bazenski-roboti","7":"product_cat-dodatna-oprema","8":"product_shipping_class-brezplacna-dostava","9":"tm-no-options","11":"first","12":"instock","13":"sale","14":"taxable","15":"shipping-taxable","16":"purchasable","17":"product-type-simple"},"acf":[],"yoast_head":"<!-- This site is optimized with the Yoast SEO Premium plugin v14.0.4 - https:\/\/yoast.com\/wordpress\/plugins\/seo\/ -->\n<title>Bazenski robot DT B | NIVETO Bazeni<\/title>\n<meta name=\"description\" content=\"Robot za bazen z dvema \u010drpalkama in dolgotrajno baterijo  Dvojna centrifugalna \u010drpalka z dvojnim sesanjem  Baterija zdr\u017ei 300 minut v ECO na\u010dinu  Garancija: 2 godine CENA VKLJU\u010cUJE DOSTAVO PO REPUBLIKI SLOVENIJI\" \/>\n<meta name=\"robots\" content=\"index, follow\" \/>\n<meta name=\"googlebot\" content=\"index, follow, max-snippet:-1, max-image-preview:large, max-video-preview:-1\" \/>\n<meta name=\"bingbot\" content=\"index, follow, max-snippet:-1, max-image-preview:large, max-video-preview:-1\" \/>\n<link rel=\"canonical\" href=\"https:\/\/www.spa-pools.eu\/si\/product\/bazenski-robot-dt-b\/\" \/>\n<meta property=\"og:locale\" content=\"en_US\" \/>\n<meta property=\"og:type\" content=\"article\" \/>\n<meta property=\"og:title\" content=\"Bazenski robot DT B | NIVETO Bazeni\" \/>\n<meta property=\"og:description\" content=\"Robot za bazen z dvema \u010drpalkama in dolgotrajno baterijo  Dvojna centrifugalna \u010drpalka z dvojnim sesanjem  Baterija zdr\u017ei 300 minut v ECO na\u010dinu  Garancija: 2 godine CENA VKLJU\u010cUJE DOSTAVO PO REPUBLIKI SLOVENIJI\" \/>\n<meta property=\"og:url\" content=\"https:\/\/www.spa-pools.eu\/si\/product\/bazenski-robot-dt-b\/\" \/>\n<meta property=\"og:site_name\" content=\"NIVETO Bazeni\" \/>\n<meta property=\"article:publisher\" content=\"https:\/\/www.facebook.com\/Nivetobazeniifontane\/\" \/>\n<meta property=\"article:modified_time\" content=\"2026-04-01T11:07:00+00:00\" \/>\n<meta property=\"og:image\" content=\"https:\/\/www.spa-pools.eu\/si\/wp-content\/uploads\/2025\/03\/DTb-1.jpg\" \/>\n\t<meta property=\"og:image:width\" content=\"800\" \/>\n\t<meta property=\"og:image:height\" content=\"800\" \/>\n<meta name=\"twitter:card\" content=\"summary_large_image\" \/>\n<script type=\"application\/ld+json\" class=\"yoast-schema-graph\">{\"@context\":\"https:\/\/schema.org\",\"@graph\":[{\"@type\":\"Organization\",\"@id\":\"https:\/\/www.spa-pools.eu\/si\/#organization\",\"name\":\"Niveto d.o.o. - Spa bazeni\",\"url\":\"https:\/\/www.spa-pools.eu\/si\/\",\"sameAs\":[\"https:\/\/www.facebook.com\/Nivetobazeniifontane\/\"],\"logo\":{\"@type\":\"ImageObject\",\"@id\":\"https:\/\/www.spa-pools.eu\/si\/#logo\",\"inLanguage\":\"en-US\",\"url\":\"https:\/\/www.spa-pools.eu\/si\/wp-content\/uploads\/revslider\/home3-rs1\/logo.png\",\"width\":203,\"height\":60,\"caption\":\"Niveto d.o.o. - Spa bazeni\"},\"image\":{\"@id\":\"https:\/\/www.spa-pools.eu\/si\/#logo\"}},{\"@type\":\"WebSite\",\"@id\":\"https:\/\/www.spa-pools.eu\/si\/#website\",\"url\":\"https:\/\/www.spa-pools.eu\/si\/\",\"name\":\"NIVETO Bazeni\",\"description\":\"Spa masa\\u017eni bazeni\",\"publisher\":{\"@id\":\"https:\/\/www.spa-pools.eu\/si\/#organization\"},\"potentialAction\":[{\"@type\":\"SearchAction\",\"target\":\"https:\/\/www.spa-pools.eu\/si\/?s={search_term_string}\",\"query-input\":\"required name=search_term_string\"}],\"inLanguage\":\"en-US\"},{\"@type\":\"ImageObject\",\"@id\":\"https:\/\/www.spa-pools.eu\/si\/product\/bazenski-robot-dt-b\/#primaryimage\",\"inLanguage\":\"en-US\",\"url\":\"https:\/\/www.spa-pools.eu\/si\/wp-content\/uploads\/2025\/03\/DTb-1.jpg\",\"width\":800,\"height\":800},{\"@type\":\"WebPage\",\"@id\":\"https:\/\/www.spa-pools.eu\/si\/product\/bazenski-robot-dt-b\/#webpage\",\"url\":\"https:\/\/www.spa-pools.eu\/si\/product\/bazenski-robot-dt-b\/\",\"name\":\"Bazenski robot DT B | NIVETO Bazeni\",\"isPartOf\":{\"@id\":\"https:\/\/www.spa-pools.eu\/si\/#website\"},\"primaryImageOfPage\":{\"@id\":\"https:\/\/www.spa-pools.eu\/si\/product\/bazenski-robot-dt-b\/#primaryimage\"},\"datePublished\":\"2025-03-14T12:22:59+00:00\",\"dateModified\":\"2026-04-01T11:07:00+00:00\",\"description\":\"Robot za bazen z dvema \\u010drpalkama in dolgotrajno baterijo Dvojna centrifugalna \\u010drpalka z dvojnim sesanjem Baterija zdr\\u017ei 300 minut v ECO na\\u010dinu Garancija: 2 godine CENA VKLJU\\u010cUJE DOSTAVO PO REPUBLIKI SLOVENIJI\",\"inLanguage\":\"en-US\",\"potentialAction\":[{\"@type\":\"ReadAction\",\"target\":[\"https:\/\/www.spa-pools.eu\/si\/product\/bazenski-robot-dt-b\/\"]}]}]}<\/script>\n<!-- \/ Yoast SEO Premium plugin. -->","_links":{"self":[{"href":"https:\/\/www.spa-pools.eu\/si\/wp-json\/wp\/v2\/product\/24001","targetHints":{"allow":["GET"]}}],"collection":[{"href":"https:\/\/www.spa-pools.eu\/si\/wp-json\/wp\/v2\/product"}],"about":[{"href":"https:\/\/www.spa-pools.eu\/si\/wp-json\/wp\/v2\/types\/product"}],"replies":[{"embeddable":true,"href":"https:\/\/www.spa-pools.eu\/si\/wp-json\/wp\/v2\/comments?post=24001"}],"wp:featuredmedia":[{"embeddable":true,"href":"https:\/\/www.spa-pools.eu\/si\/wp-json\/wp\/v2\/media\/24017"}],"wp:attachment":[{"href":"https:\/\/www.spa-pools.eu\/si\/wp-json\/wp\/v2\/media?parent=24001"}],"wp:term":[{"taxonomy":"product_brand","embeddable":true,"href":"https:\/\/www.spa-pools.eu\/si\/wp-json\/wp\/v2\/product_brand?post=24001"},{"taxonomy":"product_cat","embeddable":true,"href":"https:\/\/www.spa-pools.eu\/si\/wp-json\/wp\/v2\/product_cat?post=24001"},{"taxonomy":"product_tag","embeddable":true,"href":"https:\/\/www.spa-pools.eu\/si\/wp-json\/wp\/v2\/product_tag?post=24001"},{"taxonomy":"specifikacije","embeddable":true,"href":"https:\/\/www.spa-pools.eu\/si\/wp-json\/wp\/v2\/specifikacije?post=24001"},{"taxonomy":"pumpe__elektronika__mlaznice","embeddable":true,"href":"https:\/\/www.spa-pools.eu\/si\/wp-json\/wp\/v2\/pumpe__elektronika__mlaznice?post=24001"},{"taxonomy":"filtracija","embeddable":true,"href":"https:\/\/www.spa-pools.eu\/si\/wp-json\/wp\/v2\/filtracija?post=24001"},{"taxonomy":"oprema","embeddable":true,"href":"https:\/\/www.spa-pools.eu\/si\/wp-json\/wp\/v2\/oprema?post=24001"},{"taxonomy":"yst_prominent_words","embeddable":true,"href":"https:\/\/www.spa-pools.eu\/si\/wp-json\/wp\/v2\/yst_prominent_words?post=24001"}],"curies":[{"name":"wp","href":"https:\/\/api.w.org\/{rel}","templated":true}]}}